{"id":150264,"date":"2025-07-27T02:15:23","date_gmt":"2025-07-27T00:15:23","guid":{"rendered":"https:\/\/metal-badge.ch\/product\/150264\/tactical-foodpack-heater-bag-sac-a-rechauffer\/"},"modified":"2025-07-27T02:15:23","modified_gmt":"2025-07-27T00:15:23","slug":"tactical-foodpack-heater-bag-sac-a-rechauffer","status":"publish","type":"product","link":"https:\/\/metal-badge.ch\/fr\/product\/150264\/tactical-foodpack-heater-bag-sac-a-rechauffer\/","title":{"rendered":"Tactical Foodpack &#8211; Heater Bag (Sac \u00e0 r\u00e9chauffer)"},"content":{"rendered":"<p><span style=\"font-weight: 400;\">Le Tactical Heater Bag est con\u00e7u pour les situations o\u00f9 il n&rsquo;est pas possible de faire bouillir de l&rsquo;eau ou d&rsquo;allumer du feu. Versez environ 150 ml d&rsquo;eau dans le sac, et le Heater Element chauffera l&rsquo;eau \u00e0 environ 100\u00b0 C. L&rsquo;\u00e9l\u00e9ment chauffant fonctionne pendant environ 25 minutes, apr\u00e8s quoi il se refroidit. Le Tactical Heater Bag peut \u00eatre r\u00e9utilis\u00e9 au moins 10 fois.<\/span><\/p>\n<p><span style=\"font-weight: 400;\">Le paquet contient 1 \u00e9l\u00e9ment de chauffage.<\/span><\/p>\n<p><strong>MODE D&rsquo;EMPLOI&nbsp;:<\/strong><\/p>\n<ol>\n<li style=\"font-weight: 400;\" aria-level=\"1\"><span style=\"font-weight: 400;\">Retirez le pad chauffant du grand emballage.<\/span><\/li>\n<li style=\"font-weight: 400;\" aria-level=\"1\"><span style=\"font-weight: 400;\">Retirez le pad chauffant du petit sac en plastique et remettez-le au fond de l&#8217;emballage.<\/span><\/li>\n<li style=\"font-weight: 400;\" aria-level=\"1\"><span style=\"font-weight: 400;\">Placez le plat Tactical Foodpack dans l&#8217;emballage, avec la partie inf\u00e9rieure contre le pas chauffant.<\/span><\/li>\n<li style=\"font-weight: 400;\" aria-level=\"1\"><span style=\"font-weight: 400;\">Versez environ 150 ml d&rsquo;eau dans l&#8217;emballage, jusqu&rsquo;\u00e0 la ligne marqu\u00e9e.<\/span><\/li>\n<li style=\"font-weight: 400;\" aria-level=\"1\"><span style=\"font-weight: 400;\">Fermez rapidement la fermeture \u00e0 pression.<\/span><\/li>\n<li style=\"font-weight: 400;\" aria-level=\"1\"><span style=\"font-weight: 400;\">Le pad chauffant r\u00e9agit dans un d\u00e9lai de 30 secondes \u00e0 3 minutes. Plus l&rsquo;eau est froide, plus la r\u00e9action est lente.<\/span><\/li>\n<li style=\"font-weight: 400;\" aria-level=\"1\"><span style=\"font-weight: 400;\">Laissez reposer l&rsquo;aliment pendant 15 \u00e0 20 minutes. Nous recommandons de remuer l&rsquo;aliment une fois apr\u00e8s 10 minutes.<\/span><\/li>\n<\/ol>\n<p><strong>REGARDEZ COMMENT L\u2019UTILISER&nbsp;:<\/strong><iframe src=\"\/\/www.youtube.com\/embed\/D5bWv8BERpE\" width=\"560\" height=\"314\" allowfullscreen=\"allowfullscreen\"><\/iframe><\/p>\n<p><span style=\"font-weight: 400;\">ATTENTION&nbsp;! L&rsquo;ACTIVATION DU PAD CHAUFFANT PRODUIT UNE FORTE CHALEUR&nbsp;! NE METTEZ PAS VOS MAINS DEVANT LES OUVERTURES DE SORTIE DE LA VAPEUR CHAUDE&nbsp;! L&rsquo;EAU QUI ENTRE EN CONTACT AVEC LE PAS CHAUFFANT N&rsquo;EST PAS APTE \u00c0 LA CONSOMMATION&nbsp;!<\/span><\/p>\n<ul>\n<li><span style=\"font-weight: 400;\">L&#8217;emballage est r\u00e9utilisable plusieurs fois (au moins 10 fois)&nbsp;; remplacez simplement le pad chauffant.<\/span><\/li>\n<li><span style=\"font-weight: 400;\">Dimensions du sac&nbsp;: 30 cm x 30 cm.&nbsp;<\/span><\/li>\n<li><span style=\"font-weight: 400;\">Sac zip pliable<\/span><\/li>\n<li><span style=\"font-weight: 400;\">Poids&nbsp;: 99 g.<\/span><\/li>\n<\/ul>\n","protected":false},"excerpt":{"rendered":"<p><span style=\"font-weight: 400;\">Le Tactical Heater Bag est con\u00e7u pour les situations o\u00f9 il n&rsquo;est pas possible de faire bouillir de l&rsquo;eau ou d&rsquo;allumer du feu. Versez environ 150 ml d&rsquo;eau dans le sac, et le Heater Element chauffera l&rsquo;eau \u00e0 environ 100\u00b0 C. L&rsquo;\u00e9l\u00e9ment chauffant fonctionne pendant environ 25 minutes, apr\u00e8s quoi il se refroidit. Le Tactical Heater Bag peut \u00eatre r\u00e9utilis\u00e9 au moins 10 fois.<\/span><\/p>\n","protected":false},"featured_media":150249,"comment_status":"closed","ping_status":"closed","template":"","meta":{"inline_featured_image":false},"product_brand":[],"product_cat":[2550,887,1347,1435],"product_tag":[1773],"class_list":{"0":"post-150264","1":"product","2":"type-product","3":"status-publish","4":"has-post-thumbnail","6":"product_cat-tactical-foodpack-fr","7":"product_cat-accessoires","8":"product_cat-accessoires-militaires-de-chasse","9":"product_cat-camping-voyage","10":"product_tag-chasse-peche","12":"first","13":"instock","14":"taxable","15":"shipping-taxable","16":"purchasable","17":"product-type-simple"},"_links":{"self":[{"href":"https:\/\/metal-badge.ch\/fr\/wp-json\/wp\/v2\/product\/150264","targetHints":{"allow":["GET"]}}],"collection":[{"href":"https:\/\/metal-badge.ch\/fr\/wp-json\/wp\/v2\/product"}],"about":[{"href":"https:\/\/metal-badge.ch\/fr\/wp-json\/wp\/v2\/types\/product"}],"replies":[{"embeddable":true,"href":"https:\/\/metal-badge.ch\/fr\/wp-json\/wp\/v2\/comments?post=150264"}],"wp:featuredmedia":[{"embeddable":true,"href":"https:\/\/metal-badge.ch\/fr\/wp-json\/wp\/v2\/media\/150249"}],"wp:attachment":[{"href":"https:\/\/metal-badge.ch\/fr\/wp-json\/wp\/v2\/media?parent=150264"}],"wp:term":[{"taxonomy":"product_brand","embeddable":true,"href":"https:\/\/metal-badge.ch\/fr\/wp-json\/wp\/v2\/product_brand?post=150264"},{"taxonomy":"product_cat","embeddable":true,"href":"https:\/\/metal-badge.ch\/fr\/wp-json\/wp\/v2\/product_cat?post=150264"},{"taxonomy":"product_tag","embeddable":true,"href":"https:\/\/metal-badge.ch\/fr\/wp-json\/wp\/v2\/product_tag?post=150264"}],"curies":[{"name":"wp","href":"https:\/\/api.w.org\/{rel}","templated":true}]}}