{"id":150236,"date":"2025-07-27T01:34:01","date_gmt":"2025-07-26T23:34:01","guid":{"rendered":"https:\/\/metal-badge.ch\/?post_type=product&#038;p=150236"},"modified":"2025-12-04T02:42:45","modified_gmt":"2025-12-04T01:42:45","slug":"tactical-foodpack-curry-de-poulet-epice","status":"publish","type":"product","link":"https:\/\/metal-badge.ch\/fr\/product\/150236\/tactical-foodpack-curry-de-poulet-epice\/","title":{"rendered":"Tactical Foodpack &#8211; Curry de poulet \u00e9pic\u00e9"},"content":{"rendered":"<p><b>\u00c0 propos des produits Tactical Foodpack<\/b><span style=\"font-weight: 400;\"><br \/>\n<\/span><span style=\"font-weight: 400;\">Les plats de Tactical Foodpack ont initialement \u00e9t\u00e9 con\u00e7us pour les forces sp\u00e9ciales. Leurs valeurs nutritives \u00e9lev\u00e9es et leur grande facilit\u00e9 de pr\u00e9paration font des Foodpack des repas complets, m\u00eame dans des conditions extr\u00eames. Les plats sont lyophilis\u00e9s \u00e0 l&rsquo;aide d&rsquo;un processus de production sp\u00e9cial et peuvent \u00eatre conserv\u00e9s pendant plusieurs ann\u00e9es. Le processus de s\u00e9chage permet d&rsquo;extraire toute l&rsquo;eau des ingr\u00e9dients sans d\u00e9truire les vitamines et les nutriments qu&rsquo;ils contiennent. \u00c9tant donn\u00e9 qu&rsquo;aucun agent conservateur, exhausteur de go\u00fbt ou r\u00e9gulateur n&rsquo;est ajout\u00e9, les Tactical Foodpack convainquent par leur go\u00fbt authentique.<\/span><\/p>\n<p><span style=\"font-weight: 400;\">Si vous aimez pimenter un peu votre quotidien, vous allez adorer cette exp\u00e9rience gourmande pr\u00e9vue pour l&rsquo;ext\u00e9rieur. Nous avons ajout\u00e9 une d\u00e9licieuse touche d&rsquo;\u00e9pices \u00e0 notre curry de poulet et l&rsquo;avons rendu plus relev\u00e9 que jamais&nbsp;! Notre curry de poulet \u00e9pic\u00e9 associe du poulet juteux \u00e0 du riz parfum\u00e9 et \u00e0 une base riche au lait de coco qui \u00e9quilibre parfaitement le go\u00fbt \u00e9pic\u00e9. Les ar\u00f4mes vifs de la p\u00e2te de curry vert, des tomates et d&rsquo;un m\u00e9lange d&rsquo;\u00e9pices cr\u00e9ent un plat vraiment savoureux.<\/span><\/p>\n<p><span style=\"font-weight: 400;\">Id\u00e9al pour ceux qui souhaitent ajouter un peu de piment \u00e0 leur menu de randonn\u00e9e, ce repas d&rsquo;ext\u00e9rieur est soigneusement pr\u00e9par\u00e9 pour offrir des saveurs puissantes dans un emballage pratique. L\u00e9ger et lyophilis\u00e9 pour conserver toute la saveur et les nutriments, il suffit d&rsquo;ajouter de l&rsquo;eau chaude pour pouvoir savourer un repas rassasiant en quelques minutes, o\u00f9 que votre aventure vous m\u00e8ne. Profitez de la combinaison parfaite entre \u00e9pices et confort pour un repas en plein air digne d&rsquo;un restaurant&nbsp;!<\/span><\/p>\n<p><span style=\"font-weight: 400;\">Parfait quel que soit l&rsquo;\u00e2ge et pr\u00eat en quelques minutes, ce repas d&rsquo;ext\u00e9rieur est con\u00e7u pour votre confort, sans renoncer aux qualit\u00e9s gustatives. Que vous en ayez besoin pour reprendre des forces au cours d&rsquo;une aventure ou pour savourer un repas rapide chez vous, ce best-seller vous offre une exp\u00e9rience gourmande et nutritive. Disponible en grande portion pour les gros app\u00e9tits. Il suffit d&rsquo;ajouter de l&rsquo;eau chaude, et vous pourrez d\u00e9guster ce plat lyophilis\u00e9 partout&nbsp;!<\/span><\/p>\n<ul>\n<li style=\"font-weight: 400;\" aria-level=\"1\"><span style=\"font-weight: 400;\">Curry \u00e9pic\u00e9 avec du poulet tendre et du riz parfum\u00e9.<\/span><\/li>\n<li style=\"font-weight: 400;\" aria-level=\"1\"><span style=\"font-weight: 400;\">La base au lait de coco \u00e9quilibre parfaitement le go\u00fbt \u00e9pic\u00e9 fort.<\/span><\/li>\n<li style=\"font-weight: 400;\" aria-level=\"1\"><span style=\"font-weight: 400;\">Agr\u00e9ment\u00e9 de p\u00e2te de curry vert, de tomates et d&rsquo;un m\u00e9lange d&rsquo;\u00e9pices.<\/span><\/li>\n<li style=\"font-weight: 400;\" aria-level=\"1\"><span style=\"font-weight: 400;\">Lyophilis\u00e9 : l\u00e9ger, pratique et facile \u00e0 pr\u00e9parer.<\/span><\/li>\n<\/ul>\n<p><b>Ingr\u00e9dients<\/b><span style=\"font-weight: 400;\"><br \/>\n<\/span><span style=\"font-weight: 400;\">Riz (40&nbsp;%), poulet (17&nbsp;%), lait de coco (extrait de noix de coco, eau), poivrons, eau, tomates, huile de colza, p\u00e2te de curry vert (6&nbsp;%), persil, poudre de curry, sel iod\u00e9, poudre de piment. Peut contenir des traces de&nbsp;: Gluten, poisson, lactose, soja, fruits \u00e0 coque, c\u00e9leri, crustac\u00e9s, \u0153ufs, sulfites et moutarde.<\/span><span style=\"font-weight: 400;\"><br \/>\n<\/span><span style=\"font-weight: 400;\"><br \/>\n<\/span><b>Valeurs nutritionnelles moyennes pour 100 g<\/b><span style=\"font-weight: 400;\"><br \/>\n<\/span><span style=\"font-weight: 400;\">\u00c9nergie pour 100&nbsp;g: 1802kJ \/ 429 kcal<\/span><span style=\"font-weight: 400;\"><br \/>\n<\/span><span style=\"font-weight: 400;\">Mati\u00e8res grasses pour 100 g&nbsp;: env. 13 g<\/span><span style=\"font-weight: 400;\"><br \/>\n<\/span><span style=\"font-weight: 400;\">Mati\u00e8res grasses satur\u00e9es pour 100&nbsp;g&nbsp;: env. 6 g &nbsp;<\/span><span style=\"font-weight: 400;\"><br \/>\n<\/span><span style=\"font-weight: 400;\">Glucides pour 100&nbsp;g: env. 50 g<\/span><span style=\"font-weight: 400;\"><br \/>\n<\/span><span style=\"font-weight: 400;\">Dont sucres pour 100&nbsp;g&nbsp;: env. 4 g<\/span><span style=\"font-weight: 400;\"><br \/>\n<\/span><span style=\"font-weight: 400;\">Fibres pour 100&nbsp;g&nbsp;: env. 4 g<\/span><span style=\"font-weight: 400;\"><br \/>\n<\/span><span style=\"font-weight: 400;\">Prot\u00e9ines pour 100&nbsp;g&nbsp;: env. 27 g<\/span><span style=\"font-weight: 400;\"><br \/>\n<\/span><span style=\"font-weight: 400;\">Sel pour 100&nbsp;g&nbsp;: env. 2 g<\/span><span style=\"font-weight: 400;\"><br \/>\n<\/span><span style=\"font-weight: 400;\"><br \/>\n<\/span><b>Contenu<\/b><span style=\"font-weight: 400;\"><br \/>\n<\/span><span style=\"font-weight: 400;\">Poids net&nbsp;: env. 120&nbsp;g<\/span><span style=\"font-weight: 400;\"><br \/>\n<\/span><span style=\"font-weight: 400;\"><br \/>\n<\/span><b>Quantit\u00e9 d\u2019eau n\u00e9cessaire<\/b><b><br \/>\n<\/b><span style=\"font-weight: 400;\">280 ml<\/span><span style=\"font-weight: 400;\"><br \/>\n<\/span><span style=\"font-weight: 400;\"><br \/>\n<\/span><b>Dur\u00e9e de conservation<\/b><span style=\"font-weight: 400;\"><br \/>\n<\/span><span style=\"font-weight: 400;\">Jusqu\u2019\u00e0 8 ans \u00e0 partir de la date de fabrication.<\/span><\/p>\n<ul>\n<li><span style=\"font-weight: 400;\">Marque&nbsp;: Tactical Foodpack<\/span><\/li>\n<li><span style=\"font-weight: 400;\">Longue dur\u00e9e de conservation, jusqu&rsquo;\u00e0 8 ans&nbsp;; id\u00e9al pour les aventures en plein air.<\/span><\/li>\n<li><span style=\"font-weight: 400;\">Lyophilis\u00e9&nbsp;; facile \u00e0 transporter, plein de saveur.<\/span><\/li>\n<li><span style=\"font-weight: 400;\">Pr\u00e9paration rapide&nbsp;: pr\u00eat en quelques minutes apr\u00e8s avoir ajout\u00e9 de l&rsquo;eau chaude.<\/span><\/li>\n<li><span style=\"font-weight: 400;\">Poids de la portion NET&nbsp;: 120 g <\/span><\/li>\n<\/ul>\n<p><b>Pr\u00e9paration&nbsp;:<br \/>\n<\/b><\/p>\n<p><strong>1. Eau chaude<br \/>\n<iframe title=\"YouTube video player\" src=\"\/\/www.youtube.com\/embed\/SIVwDZYKpV8?si=v3xeIMX9IkBgPO3J\" width=\"560\" height=\"315\" frameborder=\"0\" allowfullscreen=\"allowfullscreen\"><\/iframe><\/strong><\/p>\n<p><strong>2. Sac chauffant<\/strong><br \/>\n<iframe title=\"YouTube video player\" src=\"\/\/www.youtube.com\/embed\/akxvkGHLa30?si=JlqYH5g2fY4mAOMB\" width=\"560\" height=\"315\" frameborder=\"0\" allowfullscreen=\"allowfullscreen\"><\/iframe><\/p>\n<p><strong>3. Pot \u00e0 feu<\/strong><br \/>\n<iframe title=\"YouTube video player\" src=\"\/\/www.youtube.com\/embed\/DmALqo4QGCQ?si=4yhB9Q2vAK1D5Cp9\" width=\"560\" height=\"315\" frameborder=\"0\" allowfullscreen=\"allowfullscreen\"><\/iframe>&nbsp;<\/p>\n<p><strong>TOUT TOURNE AUTOUR DU GO\u00dbT<\/strong><\/p>\n<p>Pour \u00eatre performant, vous avez besoin de vraie nourriture et pas d&rsquo;additifs, de conservateurs ou de produits chimiques qui font grimper le nombre de calories. Tactical Foodpack, ce sont des plats faits maison qui vous donnent une \u00e9nergie durable, pour que vous puissiez continuer sans perdre vos forces.<\/p>\n<p>Nous avons donn\u00e9 la priorit\u00e9 aux go\u00fbts de nos pr\u00e9parations, et cela d\u00e8s le d\u00e9but. Comme notre fondateur et ses camarades des forces sp\u00e9ciales avaient l&rsquo;habitude de dire : \u00ab Don\u2019t f\u2026 with the food! \u00bb<\/p>\n","protected":false},"excerpt":{"rendered":"<p><b>\u00c0 propos des produits Tactical Foodpack<\/b><span style=\"font-weight: 400;\"><br \/>\n<\/span><span style=\"font-weight: 400;\">Les plats de Tactical Foodpack ont initialement \u00e9t\u00e9 con\u00e7us pour les forces sp\u00e9ciales. Leurs valeurs nutritives \u00e9lev\u00e9es et leur grande facilit\u00e9 de pr\u00e9paration font des Foodpack des repas complets, m\u00eame dans des conditions extr\u00eames. Les plats sont lyophilis\u00e9s \u00e0 l&rsquo;aide d&rsquo;un processus de production sp\u00e9cial et peuvent \u00eatre conserv\u00e9s pendant plusieurs ann\u00e9es. Le processus de s\u00e9chage permet d&rsquo;extraire toute l&rsquo;eau des ingr\u00e9dients sans d\u00e9truire les vitamines et les nutriments qu&rsquo;ils contiennent. \u00c9tant donn\u00e9 qu&rsquo;aucun agent conservateur, exhausteur de go\u00fbt ou r\u00e9gulateur n&rsquo;est ajout\u00e9, les Tactical Foodpack convainquent par leur go\u00fbt authentique.<\/span><\/p>\n","protected":false},"featured_media":150240,"comment_status":"closed","ping_status":"closed","template":"","meta":{"inline_featured_image":false},"product_brand":[],"product_cat":[2550,887,1347,1435],"product_tag":[1773],"class_list":{"0":"post-150236","1":"product","2":"type-product","3":"status-publish","4":"has-post-thumbnail","6":"product_cat-tactical-foodpack-fr","7":"product_cat-accessoires","8":"product_cat-accessoires-militaires-de-chasse","9":"product_cat-camping-voyage","10":"product_tag-chasse-peche","12":"first","13":"instock","14":"taxable","15":"shipping-taxable","16":"purchasable","17":"product-type-simple"},"_links":{"self":[{"href":"https:\/\/metal-badge.ch\/fr\/wp-json\/wp\/v2\/product\/150236","targetHints":{"allow":["GET"]}}],"collection":[{"href":"https:\/\/metal-badge.ch\/fr\/wp-json\/wp\/v2\/product"}],"about":[{"href":"https:\/\/metal-badge.ch\/fr\/wp-json\/wp\/v2\/types\/product"}],"replies":[{"embeddable":true,"href":"https:\/\/metal-badge.ch\/fr\/wp-json\/wp\/v2\/comments?post=150236"}],"wp:featuredmedia":[{"embeddable":true,"href":"https:\/\/metal-badge.ch\/fr\/wp-json\/wp\/v2\/media\/150240"}],"wp:attachment":[{"href":"https:\/\/metal-badge.ch\/fr\/wp-json\/wp\/v2\/media?parent=150236"}],"wp:term":[{"taxonomy":"product_brand","embeddable":true,"href":"https:\/\/metal-badge.ch\/fr\/wp-json\/wp\/v2\/product_brand?post=150236"},{"taxonomy":"product_cat","embeddable":true,"href":"https:\/\/metal-badge.ch\/fr\/wp-json\/wp\/v2\/product_cat?post=150236"},{"taxonomy":"product_tag","embeddable":true,"href":"https:\/\/metal-badge.ch\/fr\/wp-json\/wp\/v2\/product_tag?post=150236"}],"curies":[{"name":"wp","href":"https:\/\/api.w.org\/{rel}","templated":true}]}}