{"id":150176,"date":"2025-07-26T22:27:51","date_gmt":"2025-07-26T20:27:52","guid":{"rendered":"https:\/\/metal-badge.ch\/?post_type=product&#038;p=150176"},"modified":"2025-07-26T22:37:34","modified_gmt":"2025-07-26T20:37:34","slug":"tactical-foodpack-sixpack-big-papa-6-repas","status":"publish","type":"product","link":"https:\/\/metal-badge.ch\/fr\/product\/150176\/tactical-foodpack-sixpack-big-papa-6-repas\/","title":{"rendered":"Tactical Foodpack &#8211; Sixpack Big Papa (6 repas)"},"content":{"rendered":"<p><b>\u00c0 propos des produits Tactical Foodpack<\/b><span style=\"font-weight: 400;\"><br \/>\n<\/span><span style=\"font-weight: 400;\">Les plats de Tactical Foodpack ont initialement \u00e9t\u00e9 con\u00e7us pour les forces sp\u00e9ciales. Leurs valeurs nutritives \u00e9lev\u00e9es et leur grande facilit\u00e9 de pr\u00e9paration font des Foodpack des repas complets, m\u00eame dans des conditions extr\u00eames. Les plats sont lyophilis\u00e9s \u00e0 l&rsquo;aide d&rsquo;un processus de production sp\u00e9cial et peuvent \u00eatre conserv\u00e9s pendant plusieurs ann\u00e9es. Le processus de s\u00e9chage permet d&rsquo;extraire toute l&rsquo;eau des ingr\u00e9dients sans d\u00e9truire les vitamines et les nutriments qu&rsquo;ils contiennent. \u00c9tant donn\u00e9 qu&rsquo;aucun agent conservateur, exhausteur de go\u00fbt ou r\u00e9gulateur n&rsquo;est ajout\u00e9, les Tactical Foodpack convainquent par leur go\u00fbt authentique.<\/span><\/p>\n<p><span style=\"font-weight: 400;\">Les aliments lyophilis\u00e9s ne sont pas seulement l\u00e9gers et compacts, mais \u00e9galement rapides \u00e0 pr\u00e9parer : il vous suffit d&rsquo;ajouter de l&rsquo;eau chaude, d&rsquo;attendre quelques instants et de les d\u00e9guster ! Gr\u00e2ce \u00e0 la longue dur\u00e9e de conservation allant jusqu&rsquo;\u00e0 8 ans, vous \u00eates parfaitement \u00e9quip\u00e9 pour toutes les situations.<\/span><span style=\"font-weight: 400;\"><br \/>\n<\/span><\/p>\n<p><span style=\"font-weight: 400;\">Qu&rsquo;il s&rsquo;agisse de trekking de plusieurs jours, d&rsquo;exp\u00e9ditions ardues ou d&rsquo;activit\u00e9s intensives en plein air, le lot BIG Papa de Tactical Foodpack vous propose six repas XL particuli\u00e8rement rassasiants et qui vous fournissent toute l&rsquo;\u00e9nergie n\u00e9cessaire. Les plats lyophilis\u00e9s sont faciles et rapides \u00e0 pr\u00e9parer : Il suffit d&rsquo;ajouter de l&rsquo;eau chaude, d\u2019attendre quelques instants et de savourer !<\/span><span style=\"font-weight: 400;\"><br \/>\n<\/span><span style=\"font-weight: 400;\"><br \/>\n<\/span><b>Le lot contient ce qui suit&nbsp;:<\/b><span style=\"font-weight: 400;\"><br \/>\n<\/span><span style=\"font-weight: 400;\">1. Risotto aux champignons (140&nbsp;g)<\/span><span style=\"font-weight: 400;\"><br \/>\n<\/span><span style=\"font-weight: 400;\">2. Pot\u00e9e de b\u0153uf et de pommes de terre (140&nbsp;g)<\/span><span style=\"font-weight: 400;\"><br \/>\n<\/span><span style=\"font-weight: 400;\">3. P\u00e2tes au poulet (150&nbsp;g)<\/span><span style=\"font-weight: 400;\"><br \/>\n<\/span><span style=\"font-weight: 400;\">4. Pur\u00e9e de pommes de terre au poulet (160&nbsp;g)<\/span><span style=\"font-weight: 400;\"><br \/>\n<\/span><span style=\"font-weight: 400;\">5. P\u00e2tes bolognaise (160&nbsp;g)<\/span><span style=\"font-weight: 400;\"><br \/>\n<\/span><span style=\"font-weight: 400;\">6. Curry de patates douces (160&nbsp;g)<\/span><\/p>\n<p><b>Le lot contient de ce qui suit<\/b><span style=\"font-weight: 400;\"><br \/>\n<\/span><span style=\"font-weight: 400;\"><br \/>\n<\/span><b>BIG Mushroom Risotto 140 g<\/b><\/p>\n<p><span style=\"font-weight: 400;\">\u00ab&nbsp;Risotto aux champignons&nbsp;: riz \u00e0 risotto (50&nbsp;%), bouillon de l\u00e9gumes (poireau, oignon, c\u00e9leri, carotte, chou-fleur, sel iod\u00e9, \u00e9pices), champignons (20&nbsp;%), cr\u00e8me, vin blanc, eau, oignon, fromage \u00e0 p\u00e2te dure, beurre, ail, sel de cuisine iod\u00e9. Peut contenir des traces de&nbsp;: Gluten, poisson, soja, fruits \u00e0 coque, crustac\u00e9s, \u0153uf, sulfites et moutarde. \u00bb<\/span><\/p>\n<p><b>BIG Beef and Potato Pot 140 g<\/b><\/p>\n<p><span style=\"font-weight: 400;\">\u00ab Pot\u00e9e de b\u0153uf aux pommes de terre&nbsp;: pommes de terre (28&nbsp;%), viande de b\u0153uf (24&nbsp;%), carottes, cr\u00e8me, oignons, tomates, poivrons, c\u00e9leri, tomates concass\u00e9es, huile de colza, \u00e9pices, ail, sel. Peut contenir des traces de&nbsp;: Gluten, poisson, soja, fruits \u00e0 coque, crustac\u00e9s, \u0153uf, sulfites et moutarde. \u00bb<\/span><\/p>\n<p><b>BIG Chicken and Noodles 150&nbsp;g<\/b><\/p>\n<p><span style=\"font-weight: 400;\">\u00ab&nbsp;P\u00e2tes au poulet&nbsp;: nouilles (45&nbsp;%) (semoule de bl\u00e9 dur, eau), poulet (15&nbsp;%), carottes, cr\u00e8me fra\u00eeche, boisson \u00e0 la noix de coco (extrait de noix de coco, eau),<\/span><span style=\"font-weight: 400;\"><br \/>\n<\/span><span style=\"font-weight: 400;\">pousses de haricots mungo, poivrons, pois gourmands, poireaux, petits pois, champignons, persil, sel, \u00e9pices. Peut contenir des traces de&nbsp;: Poisson, soja, fruits \u00e0 coque, c\u00e9leri, crustac\u00e9s, \u0153uf, sulfites et moutarde. \u00bb<\/span><\/p>\n<p><b>BIG Mashed Potatoes with Chicken 160 g<\/b><\/p>\n<p><span style=\"font-weight: 400;\">\u00ab&nbsp;Pur\u00e9e de pommes de terre au poulet&nbsp;: pommes de terre (66&nbsp;%), viande de poulet (20&nbsp;%), lait, oignon, carottes, beurre, huile de colza, sel iod\u00e9, persil. Peut contenir des traces de&nbsp;: Gluten, poisson, soja, fruits \u00e0 coque, c\u00e9leri, crustac\u00e9s, \u0153uf, sulfites et moutarde. \u00bb<\/span><\/p>\n<p><b>BIG Beef Pasta Bolognese 160 g<\/b><\/p>\n<p><span style=\"font-weight: 400;\">\u00ab&nbsp;P\u00e2tes bolognaise au b\u0153uf&nbsp;: p\u00e2tes (41&nbsp;%) (semoule de bl\u00e9 dur, eau), tomates concass\u00e9es, viande de b\u0153uf hach\u00e9e (13&nbsp;%), oignons, c\u00e9leri, huile de colza, \u00e9pices, ail, sel. Peut contenir des traces de lait, de poisson, d\u2019\u0153uf et de moutarde.&nbsp;\u00bb<\/span><\/p>\n<p><b>BIG Sweet Potato Curry 160&nbsp;g<\/b><\/p>\n<p><span style=\"font-weight: 400;\">\u00ab&nbsp;Curry de patate douce&nbsp;: riz, patate douce (15&nbsp;%), oignon, boisson de noix de coco (extrait de noix de coco, eau), pois chiches, eau, tomates, huile de colza, citron vert, concentr\u00e9 de tomates, sel iod\u00e9, sucre, ail, curry en poudre (2,5&nbsp;%), gingembre, curcuma, piment en poudre, cumin. Peut contenir des traces de&nbsp;: Gluten, poisson, lait, soja, fruits \u00e0 coque, c\u00e9leri, crustac\u00e9s, \u0153uf, sulfites et moutarde. \u00bb<\/span><\/p>\n<p><span style=\"font-weight: 400;\">Signaler les donn\u00e9es erron\u00e9es<\/span><\/p>\n<p><b>Teneur en \u00e9nergie du Tactical Foodpack BIG Papa<\/b><span style=\"font-weight: 400;\"><br \/>\n<\/span><span style=\"font-weight: 400;\">env. 4249 kcal<\/span><span style=\"font-weight: 400;\"><br \/>\n<\/span><span style=\"font-weight: 400;\"><br \/>\n<\/span><b>Poids net<\/b><span style=\"font-weight: 400;\"><br \/>\n<\/span><span style=\"font-weight: 400;\">env. 910 g<\/span><span style=\"font-weight: 400;\"><br \/>\n<\/span><b><br \/>\n<\/b><b>Dur\u00e9e de conservation<\/b><span style=\"font-weight: 400;\"><br \/>\n<\/span><span style=\"font-weight: 400;\">jusqu\u2019\u00e0 8 ans pour les repas<\/span><\/p>\n<p><b>Pr\u00e9paration&nbsp;:<br \/>\n<\/b><\/p>\n<p><strong>1. Eau chaude<br \/>\n<iframe title=\"YouTube video player\" src=\"\/\/www.youtube.com\/embed\/SIVwDZYKpV8?si=v3xeIMX9IkBgPO3J\" width=\"560\" height=\"315\" frameborder=\"0\" allowfullscreen=\"allowfullscreen\"><\/iframe><\/strong><\/p>\n<p><strong>2. Sac chauffant<\/strong><br \/>\n<iframe title=\"YouTube video player\" src=\"\/\/www.youtube.com\/embed\/akxvkGHLa30?si=JlqYH5g2fY4mAOMB\" width=\"560\" height=\"315\" frameborder=\"0\" allowfullscreen=\"allowfullscreen\"><\/iframe><\/p>\n<p><strong>3. Pot \u00e0 feu<\/strong><br \/>\n<iframe title=\"YouTube video player\" src=\"\/\/www.youtube.com\/embed\/DmALqo4QGCQ?si=4yhB9Q2vAK1D5Cp9\" width=\"560\" height=\"315\" frameborder=\"0\" allowfullscreen=\"allowfullscreen\"><\/iframe>&nbsp;<\/p>\n<p><strong>TOUT TOURNE AUTOUR DU GO\u00dbT<\/strong><\/p>\n<p>Pour \u00eatre performant, vous avez besoin de vraie nourriture et pas d&rsquo;additifs, de conservateurs ou de produits chimiques qui font grimper le nombre de calories. Tactical Foodpack, ce sont des plats faits maison qui vous donnent une \u00e9nergie durable, pour que vous puissiez continuer sans perdre vos forces.<\/p>\n<p>Nous avons donn\u00e9 la priorit\u00e9 aux go\u00fbts de nos pr\u00e9parations, et cela d\u00e8s le d\u00e9but. Comme notre fondateur et ses camarades des forces sp\u00e9ciales avaient l&rsquo;habitude de dire : \u00ab Don\u2019t f\u2026 with the food! \u00bb<\/p>\n","protected":false},"excerpt":{"rendered":"<p><b>\u00c0 propos des produits Tactical Foodpack<\/b><span style=\"font-weight: 400;\"><br \/>\n<\/span><span style=\"font-weight: 400;\">Les plats de Tactical Foodpack ont initialement \u00e9t\u00e9 con\u00e7us pour les forces sp\u00e9ciales. Leurs valeurs nutritives \u00e9lev\u00e9es et leur grande facilit\u00e9 de pr\u00e9paration font des Foodpack des repas complets, m\u00eame dans des conditions extr\u00eames. Les plats sont lyophilis\u00e9s \u00e0 l&rsquo;aide d&rsquo;un processus de production sp\u00e9cial et peuvent \u00eatre conserv\u00e9s pendant plusieurs ann\u00e9es. Le processus de s\u00e9chage permet d&rsquo;extraire toute l&rsquo;eau des ingr\u00e9dients sans d\u00e9truire les vitamines et les nutriments qu&rsquo;ils contiennent. \u00c9tant donn\u00e9 qu&rsquo;aucun agent conservateur, exhausteur de go\u00fbt ou r\u00e9gulateur n&rsquo;est ajout\u00e9, les Tactical Foodpack convainquent par leur go\u00fbt authentique.<\/span><\/p>\n","protected":false},"featured_media":150180,"comment_status":"closed","ping_status":"closed","template":"","meta":{"inline_featured_image":false},"product_brand":[],"product_cat":[2550,887,1347,1435],"product_tag":[1773],"class_list":{"0":"post-150176","1":"product","2":"type-product","3":"status-publish","4":"has-post-thumbnail","6":"product_cat-tactical-foodpack-fr","7":"product_cat-accessoires","8":"product_cat-accessoires-militaires-de-chasse","9":"product_cat-camping-voyage","10":"product_tag-chasse-peche","12":"first","13":"instock","14":"taxable","15":"shipping-taxable","16":"purchasable","17":"product-type-simple"},"_links":{"self":[{"href":"https:\/\/metal-badge.ch\/fr\/wp-json\/wp\/v2\/product\/150176","targetHints":{"allow":["GET"]}}],"collection":[{"href":"https:\/\/metal-badge.ch\/fr\/wp-json\/wp\/v2\/product"}],"about":[{"href":"https:\/\/metal-badge.ch\/fr\/wp-json\/wp\/v2\/types\/product"}],"replies":[{"embeddable":true,"href":"https:\/\/metal-badge.ch\/fr\/wp-json\/wp\/v2\/comments?post=150176"}],"wp:featuredmedia":[{"embeddable":true,"href":"https:\/\/metal-badge.ch\/fr\/wp-json\/wp\/v2\/media\/150180"}],"wp:attachment":[{"href":"https:\/\/metal-badge.ch\/fr\/wp-json\/wp\/v2\/media?parent=150176"}],"wp:term":[{"taxonomy":"product_brand","embeddable":true,"href":"https:\/\/metal-badge.ch\/fr\/wp-json\/wp\/v2\/product_brand?post=150176"},{"taxonomy":"product_cat","embeddable":true,"href":"https:\/\/metal-badge.ch\/fr\/wp-json\/wp\/v2\/product_cat?post=150176"},{"taxonomy":"product_tag","embeddable":true,"href":"https:\/\/metal-badge.ch\/fr\/wp-json\/wp\/v2\/product_tag?post=150176"}],"curies":[{"name":"wp","href":"https:\/\/api.w.org\/{rel}","templated":true}]}}