{"id":150164,"date":"2025-07-26T22:08:01","date_gmt":"2025-07-26T20:08:01","guid":{"rendered":"https:\/\/metal-badge.ch\/?post_type=product&#038;p=150164"},"modified":"2025-12-04T03:06:11","modified_gmt":"2025-12-04T02:06:11","slug":"tactical-foodpack-porridge-aux-pommes","status":"publish","type":"product","link":"https:\/\/metal-badge.ch\/fr\/product\/150164\/tactical-foodpack-porridge-aux-pommes\/","title":{"rendered":"Tactical Foodpack \u2013 Porridge aux pommes"},"content":{"rendered":"<p><b>\u00c0 propos des produits Tactical Foodpack<\/b><span style=\"font-weight: 400;\"><br \/>\n<\/span><span style=\"font-weight: 400;\">Les plats de Tactical Foodpack ont initialement \u00e9t\u00e9 con\u00e7us pour les forces sp\u00e9ciales. Leurs valeurs nutritives \u00e9lev\u00e9es et leur grande facilit\u00e9 de pr\u00e9paration font des Foodpack des repas complets, m\u00eame dans des conditions extr\u00eames. Les plats sont lyophilis\u00e9s \u00e0 l&rsquo;aide d&rsquo;un processus de production sp\u00e9cial et peuvent \u00eatre conserv\u00e9s pendant plusieurs ann\u00e9es. Le processus de s\u00e9chage permet d&rsquo;extraire toute l&rsquo;eau des ingr\u00e9dients sans d\u00e9truire les vitamines et les nutriments qu&rsquo;ils contiennent. \u00c9tant donn\u00e9 qu&rsquo;aucun agent conservateur, exhausteur de go\u00fbt ou r\u00e9gulateur n&rsquo;est ajout\u00e9, les Tactical Foodpack convainquent par leur go\u00fbt authentique.<\/span><\/p>\n<p><span style=\"font-weight: 400;\">Commencez la journ\u00e9e du bon pied avec notre porridge aux pommes, une option de petit-d\u00e9jeuner nutritive qui combine les saveurs classiques des flocons d&rsquo;avoine et des pommes lyophilis\u00e9es avec une pinc\u00e9e de cannelle parfum\u00e9e. Parfait pour les v\u00e9g\u00e9tariens et les v\u00e9gans, ce porridge est con\u00e7u pour que vous commenciez votre journ\u00e9e rassasi\u00e9 et plein d&rsquo;\u00e9nergie.<\/span><\/p>\n<p><span style=\"font-weight: 400;\">Fabriqu\u00e9 avec de la cr\u00e8me d&rsquo;avoine pour une consistance cr\u00e9meuse, notre porridge compte des ingr\u00e9dients naturels comme la prot\u00e9ine de petit pois pour assurer une sensation agr\u00e9able en bouche. Il suffit d&rsquo;ajouter de l&rsquo;eau chaude, de remuer et de savourer un porridge chaud et r\u00e9confortant, pr\u00eat en quelques minutes. Id\u00e9al pour les matins agit\u00e9s ou pour un repas nourrissant quand vous \u00eates en d\u00e9placement&nbsp;: ce plat rend l&rsquo;alimentation saine simple et d\u00e9licieuse&nbsp;!<\/span><\/p>\n<p><span style=\"font-weight: 400;\">Se garde 8 ans \u00e0 partir de la date de production.<\/span><\/p>\n<p><span style=\"font-weight: 400;\">Parfait quel que soit l&rsquo;\u00e2ge et pr\u00eat en quelques minutes, ce repas d&rsquo;ext\u00e9rieur est con\u00e7u pour votre confort, sans renoncer aux qualit\u00e9s gustatives. Que vous en ayez besoin pour reprendre des forces au cours d&rsquo;une aventure ou pour savourer un repas rapide chez vous, ce best-seller vous offre une exp\u00e9rience gourmande et nutritive. Disponible en grande portion pour les gros app\u00e9tits. Il suffit d&rsquo;ajouter de l&rsquo;eau chaude, et vous pourrez d\u00e9guster ce plat lyophilis\u00e9 partout&nbsp;!<\/span><\/p>\n<ul>\n<li style=\"font-weight: 400;\" aria-level=\"1\"><span style=\"font-weight: 400;\">Des pommes lyophilis\u00e9es pour leur fra\u00eecheur et leur jus.<\/span><\/li>\n<li style=\"font-weight: 400;\" aria-level=\"1\"><span style=\"font-weight: 400;\">De la cannelle pour un go\u00fbt classique et agr\u00e9able.<\/span><\/li>\n<li style=\"font-weight: 400;\" aria-level=\"1\"><span style=\"font-weight: 400;\">Avec 82&nbsp;% de beurre pour des nutriments suppl\u00e9mentaires et une plus grande onctuosit\u00e9.<\/span><\/li>\n<li style=\"font-weight: 400;\" aria-level=\"1\"><span style=\"font-weight: 400;\">100&nbsp;% naturel, sans conservateurs ni additifs.<\/span><\/li>\n<li style=\"font-weight: 400;\" aria-level=\"1\"><span style=\"font-weight: 400;\">Longue dur\u00e9e de conservation, jusqu&rsquo;\u00e0 8 ans&nbsp;; id\u00e9al pour les aventures en plein air.<\/span><\/li>\n<\/ul>\n<p><b>Ingr\u00e9dients<\/b><span style=\"font-weight: 400;\"><br \/>\n<\/span><span style=\"font-weight: 400;\">Flocons d&rsquo;avoine (70&nbsp;%), cr\u00e8me d&rsquo;avoine (eau, huile de colza, avoine (7&nbsp;%), amidon modifi\u00e9, prot\u00e9ines de petits pois, sel, \u00e9paississants.<\/span><span style=\"font-weight: 400;\"><br \/>\n<\/span><span style=\"font-weight: 400;\">(carragh\u00e9nanes, farine de graines de caroube, farine de graines de guar), \u00e9mulsifiant (l\u00e9cithine)), pommes (10&nbsp;%), sucre, sel, cannelle.<\/span><span style=\"font-weight: 400;\"><br \/>\n<\/span><span style=\"font-weight: 400;\">Peut contenir des traces de&nbsp;: Poisson, lactose, soja, fruits \u00e0 coque, c\u00e9leri, crustac\u00e9s, \u0153ufs, sulfites et moutarde.<\/span><\/p>\n<p><b>Valeurs nutritionnelles moyennes pour 100 g<\/b><\/p>\n<ul>\n<li><span style=\"font-weight: 400;\">\u00c9nergie pour 100 g: 2051kJ \/ 491 kcal<\/span><span style=\"font-weight: 400;\"><br \/>\n<\/span><\/li>\n<li><span style=\"font-weight: 400;\">Mati\u00e8res grasses pour 100 g&nbsp;: env. 24,2 g<\/span><span style=\"font-weight: 400;\"><br \/>\n<\/span><\/li>\n<li><span style=\"font-weight: 400;\">Mati\u00e8res grasses satur\u00e9es pour 100&nbsp;g&nbsp;: env. 2 g &nbsp;<\/span><span style=\"font-weight: 400;\"><br \/>\n<\/span><\/li>\n<li><span style=\"font-weight: 400;\">Glucides pour 100&nbsp;g: env. 55 g<\/span><span style=\"font-weight: 400;\"><br \/>\n<\/span><\/li>\n<li><span style=\"font-weight: 400;\">Dont sucres pour 100&nbsp;g&nbsp;: env. 12 g<\/span><span style=\"font-weight: 400;\"><br \/>\n<\/span><\/li>\n<li><span style=\"font-weight: 400;\">Fibres pour 100&nbsp;g&nbsp;: env. 6,3 g<\/span><span style=\"font-weight: 400;\"><br \/>\n<\/span><\/li>\n<li><span style=\"font-weight: 400;\">Prot\u00e9ines pour 100&nbsp;g&nbsp;: env. 9,8 g<\/span><span style=\"font-weight: 400;\"><br \/>\n<\/span><\/li>\n<li><span style=\"font-weight: 400;\">Sel pour 100 g : env. 1,2 g<\/span><\/li>\n<\/ul>\n<p><b>Contenu<\/b><span style=\"font-weight: 400;\"><br \/>\n<\/span><span style=\"font-weight: 400;\">Poids net&nbsp;: env. 90&nbsp;g<\/span><span style=\"font-weight: 400;\"><br \/>\n<\/span><span style=\"font-weight: 400;\"><br \/>\n<\/span><b>Quantit\u00e9 d\u2019eau n\u00e9cessaire<\/b><b><br \/>\n<\/b><span style=\"font-weight: 400;\">300 ml<\/span><span style=\"font-weight: 400;\"><br \/>\n<\/span><span style=\"font-weight: 400;\"><br \/>\n<\/span><b>Dur\u00e9e de conservation<\/b><span style=\"font-weight: 400;\"><br \/>\n<\/span><span style=\"font-weight: 400;\">Jusqu\u2019\u00e0 8 ans \u00e0 partir de la date de fabrication.<\/span><\/p>\n<ul>\n<li><span style=\"font-weight: 400;\">Marque&nbsp;: Tactical Foodpack<\/span><\/li>\n<li><span style=\"font-weight: 400;\">Longue dur\u00e9e de conservation, jusqu&rsquo;\u00e0 8 ans&nbsp;; id\u00e9al pour les aventures en plein air.<\/span><\/li>\n<li><span style=\"font-weight: 400;\">Lyophilis\u00e9&nbsp;; facile \u00e0 transporter, plein de saveur.<\/span><\/li>\n<li><span style=\"font-weight: 400;\">Pr\u00e9paration rapide&nbsp;: pr\u00eat en quelques minutes apr\u00e8s avoir ajout\u00e9 de l&rsquo;eau chaude.<\/span><\/li>\n<li><span style=\"font-weight: 400;\">Poids de la portion NET&nbsp;: 110 g <\/span><\/li>\n<\/ul>\n<p><b>Pr\u00e9paration&nbsp;:<br \/>\n<\/b><\/p>\n<p><strong>1. Eau chaude<br \/>\n<iframe title=\"YouTube video player\" src=\"\/\/www.youtube.com\/embed\/SIVwDZYKpV8?si=v3xeIMX9IkBgPO3J\" width=\"560\" height=\"315\" frameborder=\"0\" allowfullscreen=\"allowfullscreen\"><\/iframe><\/strong><\/p>\n<p><strong>2. Sac chauffant<\/strong><br \/>\n<iframe title=\"YouTube video player\" src=\"\/\/www.youtube.com\/embed\/akxvkGHLa30?si=JlqYH5g2fY4mAOMB\" width=\"560\" height=\"315\" frameborder=\"0\" allowfullscreen=\"allowfullscreen\"><\/iframe><\/p>\n<p><strong>3. Pot \u00e0 feu<\/strong><br \/>\n<iframe title=\"YouTube video player\" src=\"\/\/www.youtube.com\/embed\/DmALqo4QGCQ?si=4yhB9Q2vAK1D5Cp9\" width=\"560\" height=\"315\" frameborder=\"0\" allowfullscreen=\"allowfullscreen\"><\/iframe>&nbsp;<\/p>\n<p><strong>TOUT TOURNE AUTOUR DU GO\u00dbT<\/strong><\/p>\n<p>Pour \u00eatre performant, vous avez besoin de vraie nourriture et pas d&rsquo;additifs, de conservateurs ou de produits chimiques qui font grimper le nombre de calories. Tactical Foodpack, ce sont des plats faits maison qui vous donnent une \u00e9nergie durable, pour que vous puissiez continuer sans perdre vos forces.<\/p>\n<p>Nous avons donn\u00e9 la priorit\u00e9 aux go\u00fbts de nos pr\u00e9parations, et cela d\u00e8s le d\u00e9but. Comme notre fondateur et ses camarades des forces sp\u00e9ciales avaient l&rsquo;habitude de dire : \u00ab Don\u2019t f\u2026 with the food! \u00bb<\/p>\n","protected":false},"excerpt":{"rendered":"<p><b>\u00c0 propos des produits Tactical Foodpack<\/b><span style=\"font-weight: 400;\"><br \/>\n<\/span><span style=\"font-weight: 400;\">Les plats de Tactical Foodpack ont initialement \u00e9t\u00e9 con\u00e7us pour les forces sp\u00e9ciales. Leurs valeurs nutritives \u00e9lev\u00e9es et leur grande facilit\u00e9 de pr\u00e9paration font des Foodpack des repas complets, m\u00eame dans des conditions extr\u00eames. Les plats sont lyophilis\u00e9s \u00e0 l&rsquo;aide d&rsquo;un processus de production sp\u00e9cial et peuvent \u00eatre conserv\u00e9s pendant plusieurs ann\u00e9es. Le processus de s\u00e9chage permet d&rsquo;extraire toute l&rsquo;eau des ingr\u00e9dients sans d\u00e9truire les vitamines et les nutriments qu&rsquo;ils contiennent. \u00c9tant donn\u00e9 qu&rsquo;aucun agent conservateur, exhausteur de go\u00fbt ou r\u00e9gulateur n&rsquo;est ajout\u00e9, les Tactical Foodpack convainquent par leur go\u00fbt authentique.<\/span><\/p>\n","protected":false},"featured_media":150168,"comment_status":"closed","ping_status":"closed","template":"","meta":{"inline_featured_image":false},"product_brand":[],"product_cat":[2550,887,1347,1435],"product_tag":[1773],"class_list":{"0":"post-150164","1":"product","2":"type-product","3":"status-publish","4":"has-post-thumbnail","6":"product_cat-tactical-foodpack-fr","7":"product_cat-accessoires","8":"product_cat-accessoires-militaires-de-chasse","9":"product_cat-camping-voyage","10":"product_tag-chasse-peche","12":"first","13":"instock","14":"taxable","15":"shipping-taxable","16":"purchasable","17":"product-type-simple"},"_links":{"self":[{"href":"https:\/\/metal-badge.ch\/fr\/wp-json\/wp\/v2\/product\/150164","targetHints":{"allow":["GET"]}}],"collection":[{"href":"https:\/\/metal-badge.ch\/fr\/wp-json\/wp\/v2\/product"}],"about":[{"href":"https:\/\/metal-badge.ch\/fr\/wp-json\/wp\/v2\/types\/product"}],"replies":[{"embeddable":true,"href":"https:\/\/metal-badge.ch\/fr\/wp-json\/wp\/v2\/comments?post=150164"}],"wp:featuredmedia":[{"embeddable":true,"href":"https:\/\/metal-badge.ch\/fr\/wp-json\/wp\/v2\/media\/150168"}],"wp:attachment":[{"href":"https:\/\/metal-badge.ch\/fr\/wp-json\/wp\/v2\/media?parent=150164"}],"wp:term":[{"taxonomy":"product_brand","embeddable":true,"href":"https:\/\/metal-badge.ch\/fr\/wp-json\/wp\/v2\/product_brand?post=150164"},{"taxonomy":"product_cat","embeddable":true,"href":"https:\/\/metal-badge.ch\/fr\/wp-json\/wp\/v2\/product_cat?post=150164"},{"taxonomy":"product_tag","embeddable":true,"href":"https:\/\/metal-badge.ch\/fr\/wp-json\/wp\/v2\/product_tag?post=150164"}],"curies":[{"name":"wp","href":"https:\/\/api.w.org\/{rel}","templated":true}]}}