{"id":150152,"date":"2025-07-26T21:53:28","date_gmt":"2025-07-26T19:53:28","guid":{"rendered":"https:\/\/metal-badge.ch\/?post_type=product&#038;p=150152"},"modified":"2025-12-04T02:15:42","modified_gmt":"2025-12-04T01:15:42","slug":"tactical-foodpack-risotto-aux-champignons","status":"publish","type":"product","link":"https:\/\/metal-badge.ch\/fr\/product\/150152\/tactical-foodpack-risotto-aux-champignons\/","title":{"rendered":"Tactical Foodpack &#8211; Risotto aux champignons"},"content":{"rendered":"<p><b>\u00c0 propos des produits Tactical Foodpack<\/b><span style=\"font-weight: 400;\"><br \/>\n<\/span><span style=\"font-weight: 400;\">Les plats de Tactical Foodpack ont initialement \u00e9t\u00e9 con\u00e7us pour les forces sp\u00e9ciales. Leurs valeurs nutritives \u00e9lev\u00e9es et leur grande facilit\u00e9 de pr\u00e9paration font des Foodpack des repas complets, m\u00eame dans des conditions extr\u00eames. Les plats sont lyophilis\u00e9s \u00e0 l&rsquo;aide d&rsquo;un processus de production sp\u00e9cial et peuvent \u00eatre conserv\u00e9s pendant plusieurs ann\u00e9es. Le processus de s\u00e9chage permet d&rsquo;extraire toute l&rsquo;eau des ingr\u00e9dients sans d\u00e9truire les vitamines et les nutriments qu&rsquo;ils contiennent. \u00c9tant donn\u00e9 qu&rsquo;aucun agent conservateur, exhausteur de go\u00fbt ou r\u00e9gulateur n&rsquo;est ajout\u00e9, les Tactical Foodpack convainquent par leur go\u00fbt authentique.<\/span><\/p>\n<p><span style=\"font-weight: 400;\">Savourez les saveurs r\u00e9confortantes d&rsquo;un risotto aux champignons cr\u00e9meux, o\u00f9 que vous soyez, gr\u00e2ce \u00e0 cette recette prim\u00e9e. Pr\u00e9par\u00e9 avec du riz Arborio et des champignons tendres, puis agr\u00e9ment\u00e9 de vin blanc, de beurre et de parmesan, ce plat offre un go\u00fbt riche et raffin\u00e9 qui donne une sensation de v\u00e9ritable gastronomie en plein air. Le bouillon de l\u00e9gumes et un soup\u00e7on de cr\u00e8me assurent une texture lisse, tandis que l&rsquo;ail et les oignons compl\u00e8tent parfaitement le profil gustatif.<\/span><\/p>\n<p><span style=\"font-weight: 400;\">Ce risotto est lyophilis\u00e9 et pr\u00eat en quelques minutes pour permettre un repas copieux en plein air&nbsp;; vous n&rsquo;avez qu&rsquo;\u00e0 ajouter de l&rsquo;eau chaude. Que vous vous trouviez sur un sentier de randonn\u00e9e ou que vous vouliez simplement un plat gourmet \u00e0 emmener avec vous, le risotto aux champignons apporte confort et saveur \u00e0 chaque bouch\u00e9e. Et en cas de grosses faims, la grande portion garantit que vous aurez assez de force pour vos aventures.<\/span><\/p>\n<p><span style=\"font-weight: 400;\">Se garde 8 ans \u00e0 partir de la date de production.<\/span><\/p>\n<p><span style=\"font-weight: 400;\">Parfait quel que soit l&rsquo;\u00e2ge et pr\u00eat en quelques minutes, ce repas d&rsquo;ext\u00e9rieur est con\u00e7u pour votre confort, sans renoncer aux qualit\u00e9s gustatives. Que vous en ayez besoin pour reprendre des forces au cours d&rsquo;une aventure ou pour savourer un repas rapide chez vous, ce best-seller vous offre une exp\u00e9rience gourmande et nutritive. Disponible en grande portion pour les gros app\u00e9tits. Il suffit d&rsquo;ajouter de l&rsquo;eau chaude, et vous pourrez d\u00e9guster ce plat lyophilis\u00e9 partout&nbsp;!<\/span><\/p>\n<ul>\n<li style=\"font-weight: 400;\" aria-level=\"1\"><span style=\"font-weight: 400;\">Go\u00fbt onctueux gr\u00e2ce \u00e0 la cr\u00e8me, au beurre et au parmesan.<\/span><\/li>\n<li style=\"font-weight: 400;\" aria-level=\"1\"><span style=\"font-weight: 400;\">\u00c9labor\u00e9 avec des champignons savoureux et du riz Arborio.<\/span><\/li>\n<li style=\"font-weight: 400;\" aria-level=\"1\"><span style=\"font-weight: 400;\">Pr\u00e9paration facile&nbsp;: il vous suffit d&rsquo;ajouter de l&rsquo;eau chaude pour d\u00e9guster le plat.<\/span><\/li>\n<li style=\"font-weight: 400;\" aria-level=\"1\"><span style=\"font-weight: 400;\">Grande portion pour manger \u00e0 votre faim et pur plus de plaisir.<\/span><\/li>\n<li style=\"font-weight: 400;\" aria-level=\"1\"><span style=\"font-weight: 400;\">Parfait pour les aventures en plein air ou un d\u00e9jeuner rapide.<\/span><\/li>\n<\/ul>\n<p><b>Ingr\u00e9dients<\/b><span style=\"font-weight: 400;\"><br \/>\n<\/span><span style=\"font-weight: 400;\">Riz \u00e0 risotto (50&nbsp;%), bouillon de l\u00e9gumes (poireau, oignon, c\u00e9leri, carotte, chou-fleur, sel iod\u00e9, \u00e9pices), champignons (20&nbsp;%), cr\u00e8me, vin blanc, eau, oignon, fromage \u00e0 p\u00e2te dure, beurre, ail, sel de cuisine iod\u00e9. Peut contenir des traces de&nbsp;: Gluten, poisson, soja, fruits \u00e0 coque, crustac\u00e9s, \u0153ufs, sulfites et moutarde.<\/span><span style=\"font-weight: 400;\"><br \/>\n<\/span><span style=\"font-weight: 400;\"><br \/>\n<\/span><b>Valeurs nutritionnelles moyennes pour 100 g<\/b><\/p>\n<ul>\n<li><span style=\"font-weight: 400;\"><br \/>\n<\/span><span style=\"font-weight: 400;\">\u00c9nergie pour 100&nbsp;g: 2159kJ \/ 517 kcal<\/span><span style=\"font-weight: 400;\"><br \/>\n<\/span><\/li>\n<li><span style=\"font-weight: 400;\">Mati\u00e8res grasses pour 100 g&nbsp;: env. 29 g<\/span><span style=\"font-weight: 400;\"><br \/>\n<\/span><\/li>\n<li><span style=\"font-weight: 400;\">Mati\u00e8res grasses satur\u00e9es pour 100&nbsp;g&nbsp;: env. 19 g &nbsp;<\/span><span style=\"font-weight: 400;\"><br \/>\n<\/span><\/li>\n<li><span style=\"font-weight: 400;\">Glucides pour 100&nbsp;g: env. 51 g<\/span><span style=\"font-weight: 400;\"><br \/>\n<\/span><\/li>\n<li><span style=\"font-weight: 400;\">Dont sucres pour 100&nbsp;g&nbsp;: env. 2,3 g<\/span><span style=\"font-weight: 400;\"><br \/>\n<\/span><\/li>\n<li><span style=\"font-weight: 400;\">Fibres pour 100&nbsp;g&nbsp;: env. 3,7 g<\/span><span style=\"font-weight: 400;\"><br \/>\n<\/span><\/li>\n<li><span style=\"font-weight: 400;\">Prot\u00e9ines pour 100&nbsp;g&nbsp;: env. 11 g<\/span><span style=\"font-weight: 400;\"><br \/>\n<\/span><\/li>\n<li><span style=\"font-weight: 400;\">Sel pour 100 g : env. 2,5 g<\/span><\/li>\n<\/ul>\n<p><b>Contenu<\/b><span style=\"font-weight: 400;\"><br \/>\n<\/span><span style=\"font-weight: 400;\">Poids net&nbsp;: env. 110&nbsp;g<\/span><span style=\"font-weight: 400;\"><br \/>\n<\/span><span style=\"font-weight: 400;\"><br \/>\n<\/span><b>Quantit\u00e9 d\u2019eau n\u00e9cessaire<\/b><b><br \/>\n<\/b><span style=\"font-weight: 400;\">320 ml<\/span><span style=\"font-weight: 400;\"><br \/>\n<\/span><span style=\"font-weight: 400;\"><br \/>\n<\/span><b>Dur\u00e9e de conservation<\/b><span style=\"font-weight: 400;\"><br \/>\n<\/span><span style=\"font-weight: 400;\">Jusqu\u2019\u00e0 8 ans \u00e0 partir de la date de fabrication.<\/span><\/p>\n<ul>\n<li><span style=\"font-weight: 400;\">Marque&nbsp;: Tactical Foodpack<\/span><\/li>\n<li><span style=\"font-weight: 400;\">Longue dur\u00e9e de conservation, jusqu&rsquo;\u00e0 8 ans&nbsp;; id\u00e9al pour les aventures en plein air.<\/span><\/li>\n<li><span style=\"font-weight: 400;\">Lyophilis\u00e9&nbsp;; facile \u00e0 transporter, plein de saveur.<\/span><\/li>\n<li><span style=\"font-weight: 400;\">Pr\u00e9paration rapide&nbsp;: pr\u00eat en quelques minutes apr\u00e8s avoir ajout\u00e9 de l&rsquo;eau chaude.<\/span><\/li>\n<li><span style=\"font-weight: 400;\">Poids de la portion NET&nbsp;: 110 g <\/span><\/li>\n<\/ul>\n<p><b>Pr\u00e9paration&nbsp;:<br \/>\n<\/b><\/p>\n<p><strong>1. Eau chaude<br \/>\n<iframe title=\"YouTube video player\" src=\"\/\/www.youtube.com\/embed\/SIVwDZYKpV8?si=v3xeIMX9IkBgPO3J\" width=\"560\" height=\"315\" frameborder=\"0\" allowfullscreen=\"allowfullscreen\"><\/iframe><\/strong><\/p>\n<p><strong>2. Sac chauffant<\/strong><br \/>\n<iframe title=\"YouTube video player\" src=\"\/\/www.youtube.com\/embed\/akxvkGHLa30?si=JlqYH5g2fY4mAOMB\" width=\"560\" height=\"315\" frameborder=\"0\" allowfullscreen=\"allowfullscreen\"><\/iframe><\/p>\n<p><strong>3. Pot \u00e0 feu<\/strong><br \/>\n<iframe title=\"YouTube video player\" src=\"\/\/www.youtube.com\/embed\/DmALqo4QGCQ?si=4yhB9Q2vAK1D5Cp9\" width=\"560\" height=\"315\" frameborder=\"0\" allowfullscreen=\"allowfullscreen\"><\/iframe>&nbsp;<\/p>\n<p><strong>TOUT TOURNE AUTOUR DU GO\u00dbT<\/strong><\/p>\n<p>Pour \u00eatre performant, vous avez besoin de vraie nourriture et pas d&rsquo;additifs, de conservateurs ou de produits chimiques qui font grimper le nombre de calories. Tactical Foodpack, ce sont des plats faits maison qui vous donnent une \u00e9nergie durable, pour que vous puissiez continuer sans perdre vos forces.<\/p>\n<p>Nous avons donn\u00e9 la priorit\u00e9 aux go\u00fbts de nos pr\u00e9parations, et cela d\u00e8s le d\u00e9but. Comme notre fondateur et ses camarades des forces sp\u00e9ciales avaient l&rsquo;habitude de dire : \u00ab Don\u2019t f\u2026 with the food! \u00bb<\/p>\n","protected":false},"excerpt":{"rendered":"<p><b>\u00c0 propos des produits Tactical Foodpack<\/b><span style=\"font-weight: 400;\"><br \/>\n<\/span><span style=\"font-weight: 400;\">Les plats de Tactical Foodpack ont initialement \u00e9t\u00e9 con\u00e7us pour les forces sp\u00e9ciales. Leurs valeurs nutritives \u00e9lev\u00e9es et leur grande facilit\u00e9 de pr\u00e9paration font des Foodpack des repas complets, m\u00eame dans des conditions extr\u00eames. Les plats sont lyophilis\u00e9s \u00e0 l&rsquo;aide d&rsquo;un processus de production sp\u00e9cial et peuvent \u00eatre conserv\u00e9s pendant plusieurs ann\u00e9es. Le processus de s\u00e9chage permet d&rsquo;extraire toute l&rsquo;eau des ingr\u00e9dients sans d\u00e9truire les vitamines et les nutriments qu&rsquo;ils contiennent. \u00c9tant donn\u00e9 qu&rsquo;aucun agent conservateur, exhausteur de go\u00fbt ou r\u00e9gulateur n&rsquo;est ajout\u00e9, les Tactical Foodpack convainquent par leur go\u00fbt authentique.<\/span><\/p>\n","protected":false},"featured_media":150156,"comment_status":"closed","ping_status":"closed","template":"","meta":{"inline_featured_image":false},"product_brand":[],"product_cat":[2550,887,1347,1435],"product_tag":[1773],"class_list":{"0":"post-150152","1":"product","2":"type-product","3":"status-publish","4":"has-post-thumbnail","6":"product_cat-tactical-foodpack-fr","7":"product_cat-accessoires","8":"product_cat-accessoires-militaires-de-chasse","9":"product_cat-camping-voyage","10":"product_tag-chasse-peche","12":"first","13":"instock","14":"taxable","15":"shipping-taxable","16":"purchasable","17":"product-type-simple"},"_links":{"self":[{"href":"https:\/\/metal-badge.ch\/fr\/wp-json\/wp\/v2\/product\/150152","targetHints":{"allow":["GET"]}}],"collection":[{"href":"https:\/\/metal-badge.ch\/fr\/wp-json\/wp\/v2\/product"}],"about":[{"href":"https:\/\/metal-badge.ch\/fr\/wp-json\/wp\/v2\/types\/product"}],"replies":[{"embeddable":true,"href":"https:\/\/metal-badge.ch\/fr\/wp-json\/wp\/v2\/comments?post=150152"}],"wp:featuredmedia":[{"embeddable":true,"href":"https:\/\/metal-badge.ch\/fr\/wp-json\/wp\/v2\/media\/150156"}],"wp:attachment":[{"href":"https:\/\/metal-badge.ch\/fr\/wp-json\/wp\/v2\/media?parent=150152"}],"wp:term":[{"taxonomy":"product_brand","embeddable":true,"href":"https:\/\/metal-badge.ch\/fr\/wp-json\/wp\/v2\/product_brand?post=150152"},{"taxonomy":"product_cat","embeddable":true,"href":"https:\/\/metal-badge.ch\/fr\/wp-json\/wp\/v2\/product_cat?post=150152"},{"taxonomy":"product_tag","embeddable":true,"href":"https:\/\/metal-badge.ch\/fr\/wp-json\/wp\/v2\/product_tag?post=150152"}],"curies":[{"name":"wp","href":"https:\/\/api.w.org\/{rel}","templated":true}]}}