{"id":150140,"date":"2025-07-26T21:27:29","date_gmt":"2025-07-26T19:27:29","guid":{"rendered":"https:\/\/metal-badge.ch\/?post_type=product&#038;p=150140"},"modified":"2025-12-04T01:59:23","modified_gmt":"2025-12-04T00:59:23","slug":"tactical-foodpack-puree-de-pommes-de-terre-au-poulet","status":"publish","type":"product","link":"https:\/\/metal-badge.ch\/fr\/product\/150140\/tactical-foodpack-puree-de-pommes-de-terre-au-poulet\/","title":{"rendered":"Tactical Foodpack &#8211; Pur\u00e9e de pommes de terre au poulet"},"content":{"rendered":"<p><b>\u00c0 propos des produits Tactical Foodpack<\/b><span style=\"font-weight: 400;\"><br \/>\n<\/span><span style=\"font-weight: 400;\">Les plats de Tactical Foodpack ont initialement \u00e9t\u00e9 con\u00e7us pour les forces sp\u00e9ciales. Leurs valeurs nutritives \u00e9lev\u00e9es et leur grande facilit\u00e9 de pr\u00e9paration font des Foodpack des repas complets, m\u00eame dans des conditions extr\u00eames. Les plats sont lyophilis\u00e9s \u00e0 l&rsquo;aide d&rsquo;un processus de production sp\u00e9cial et peuvent \u00eatre conserv\u00e9s pendant plusieurs ann\u00e9es. Le processus de s\u00e9chage permet d&rsquo;extraire toute l&rsquo;eau des ingr\u00e9dients sans d\u00e9truire les vitamines et les nutriments qu&rsquo;ils contiennent. \u00c9tant donn\u00e9 qu&rsquo;aucun agent conservateur, exhausteur de go\u00fbt ou r\u00e9gulateur n&rsquo;est ajout\u00e9, les Tactical Foodpack convainquent par leur go\u00fbt authentique.<\/span><\/p>\n<p><span style=\"font-weight: 400;\">Offrez-vous le go\u00fbt r\u00e9confortant de notre pur\u00e9e de pommes de terre au poulet, un plat classique garantissant chaleur et satisfaction lors de vos aventures en plein air. \u00c9labor\u00e9e avec du vrai beurre pour une texture onctueuse et un go\u00fbt riche, notre pur\u00e9e de pommes de terre velout\u00e9e vous redonne une \u00e9nergie durable. Combin\u00e9 \u00e0 un filet de poulet juteux, ce repas offre constitue une offre \u00e9quilibr\u00e9e et nourrissante.<\/span><\/p>\n<p><span style=\"font-weight: 400;\">Le persil frais renforce le go\u00fbt, tandis que les oignons et les carottes donnent plus de profondeur \u00e0 ce plat simple mais d\u00e9licieux. En randonn\u00e9e, en camping ou pour un repas sur le pouce, ce repas d&rsquo;ext\u00e9rieur fera bient\u00f4t partie de vos options pr\u00e9f\u00e9r\u00e9es. Disponible en grande portion pour vous revigorer au mieux lors de vos aventures. Il suffit d&rsquo;ajouter de l&rsquo;eau chaude et de le savourer&nbsp;!<\/span><\/p>\n<p><span style=\"font-weight: 400;\">Se garde 8 ans \u00e0 partir de la date de production.<\/span><\/p>\n<p><span style=\"font-weight: 400;\">Parfait quel que soit l&rsquo;\u00e2ge et pr\u00eat en quelques minutes, ce repas d&rsquo;ext\u00e9rieur est con\u00e7u pour votre confort, sans renoncer aux qualit\u00e9s gustatives. Que vous en ayez besoin pour reprendre des forces au cours d&rsquo;une aventure ou pour savourer un repas rapide chez-vous, ce best-seller vous offre une exp\u00e9rience gourmande et nutritive. Disponible en grande portion pour les gros app\u00e9tits. Il suffit d&rsquo;ajouter de l&rsquo;eau chaude, et vous pourrez d\u00e9guster ce plat lyophilis\u00e9 partout&nbsp;!<\/span><\/p>\n<p><b>Ingr\u00e9dients<\/b><span style=\"font-weight: 400;\"><br \/>\n<\/span><span style=\"font-weight: 400;\">Pommes de terre (66&nbsp;%), viande de poulet (20&nbsp;%), lait, oignon, carottes, beurre, huile de colza, sel iod\u00e9, persil.<\/span><span style=\"font-weight: 400;\"><br \/>\n<\/span><span style=\"font-weight: 400;\">Peut contenir des traces de&nbsp;: Gluten, poisson, soja, fruits \u00e0 coque, c\u00e9leri, crustac\u00e9s, \u0153ufs, sulfites et moutarde.<\/span><span style=\"font-weight: 400;\"><br \/>\n<\/span><span style=\"font-weight: 400;\"><br \/>\n<\/span><b>Valeurs nutritionnelles moyennes pour 100 g<\/b><span style=\"font-weight: 400;\"><br \/>\n<\/span><\/p>\n<ul>\n<li><span style=\"font-weight: 400;\">\u00c9nergie pour 100&nbsp;g: 1829kJ \/ 440 kcal<\/span><span style=\"font-weight: 400;\"><br \/>\n<\/span><\/li>\n<li><span style=\"font-weight: 400;\">Mati\u00e8res grasses pour 100 g&nbsp;: env. 18 g<\/span><span style=\"font-weight: 400;\"><br \/>\n<\/span><\/li>\n<li><span style=\"font-weight: 400;\">Mati\u00e8res grasses satur\u00e9es pour 100&nbsp;g&nbsp;: env. 8,1 g &nbsp;<\/span><span style=\"font-weight: 400;\"><br \/>\n<\/span><\/li>\n<li><span style=\"font-weight: 400;\">Glucides pour 100&nbsp;g: env. 40 g<\/span><span style=\"font-weight: 400;\"><br \/>\n<\/span><\/li>\n<li><span style=\"font-weight: 400;\">Dont sucres pour 100&nbsp;g&nbsp;: env. 4,6 g<\/span><span style=\"font-weight: 400;\"><br \/>\n<\/span><\/li>\n<li><span style=\"font-weight: 400;\">Fibres pour 100&nbsp;g&nbsp;: env. 5,3 g<\/span><span style=\"font-weight: 400;\"><br \/>\n<\/span><\/li>\n<li><span style=\"font-weight: 400;\">Prot\u00e9ines pour 100&nbsp;g&nbsp;: env. 26 g<\/span><span style=\"font-weight: 400;\"><br \/>\n<\/span><\/li>\n<li><span style=\"font-weight: 400;\">Sel pour 100 g : env. 3,3 g<\/span><\/li>\n<\/ul>\n<p><b>Contenu<\/b><span style=\"font-weight: 400;\"><br \/>\n<\/span><span style=\"font-weight: 400;\">Poids net&nbsp;: env. 100&nbsp;g<\/span><span style=\"font-weight: 400;\"><br \/>\n<\/span><span style=\"font-weight: 400;\"><br \/>\n<\/span><b>Quantit\u00e9 d\u2019eau n\u00e9cessaire<\/b><b><br \/>\n<\/b><span style=\"font-weight: 400;\">380 ml<\/span><\/p>\n<p><b>Dur\u00e9e de conservation<\/b><span style=\"font-weight: 400;\"><br \/>\n<\/span><span style=\"font-weight: 400;\">Jusqu\u2019\u00e0 8 ans \u00e0 partir de la date de fabrication.<\/span><\/p>\n<ul>\n<li><span style=\"font-weight: 400;\">Marque&nbsp;: Tactical Foodpack<\/span><\/li>\n<li><span style=\"font-weight: 400;\">Pur\u00e9e de pommes de terre cr\u00e9meuse avec du vrai beurre et un filet de poulet juteux.<\/span><\/li>\n<li><span style=\"font-weight: 400;\">Longue dur\u00e9e de conservation, jusqu&rsquo;\u00e0 8 ans&nbsp;; id\u00e9al pour les aventures en plein air.<\/span><\/li>\n<li><span style=\"font-weight: 400;\">Lyophilis\u00e9&nbsp;; facile \u00e0 transporter, plein de saveur.<\/span><\/li>\n<li><span style=\"font-weight: 400;\">Pr\u00e9paration rapide&nbsp;: pr\u00eat en quelques minutes apr\u00e8s avoir ajout\u00e9 de l&rsquo;eau chaude.<\/span><\/li>\n<li><span style=\"font-weight: 400;\">Poids de la portion NET&nbsp;: 100 g <\/span><\/li>\n<\/ul>\n<p><b>Pr\u00e9paration&nbsp;:<br \/>\n<\/b><\/p>\n<p><strong>1. Eau chaude<br \/>\n<iframe title=\"YouTube video player\" src=\"\/\/www.youtube.com\/embed\/SIVwDZYKpV8?si=v3xeIMX9IkBgPO3J\" width=\"560\" height=\"315\" frameborder=\"0\" allowfullscreen=\"allowfullscreen\"><\/iframe><\/strong><\/p>\n<p><strong>2. Sac chauffant<\/strong><br \/>\n<iframe title=\"YouTube video player\" src=\"\/\/www.youtube.com\/embed\/akxvkGHLa30?si=JlqYH5g2fY4mAOMB\" width=\"560\" height=\"315\" frameborder=\"0\" allowfullscreen=\"allowfullscreen\"><\/iframe><\/p>\n<p><strong>3. Pot \u00e0 feu<\/strong><br \/>\n<iframe title=\"YouTube video player\" src=\"\/\/www.youtube.com\/embed\/DmALqo4QGCQ?si=4yhB9Q2vAK1D5Cp9\" width=\"560\" height=\"315\" frameborder=\"0\" allowfullscreen=\"allowfullscreen\"><\/iframe>&nbsp;<\/p>\n<p><strong>TOUT TOURNE AUTOUR DU GO\u00dbT<\/strong><\/p>\n<p>Pour \u00eatre performant, vous avez besoin de vraie nourriture et pas d&rsquo;additifs, de conservateurs ou de produits chimiques qui font grimper le nombre de calories. Tactical Foodpack, ce sont des plats faits maison qui vous donnent une \u00e9nergie durable, pour que vous puissiez continuer sans perdre vos forces.<\/p>\n<p>Nous avons donn\u00e9 la priorit\u00e9 aux go\u00fbts de nos pr\u00e9parations, et cela d\u00e8s le d\u00e9but. Comme notre fondateur et ses camarades des forces sp\u00e9ciales avaient l&rsquo;habitude de dire : \u00ab Don\u2019t f\u2026 with the food! \u00bb<\/p>\n","protected":false},"excerpt":{"rendered":"<p><b>\u00c0 propos des produits Tactical Foodpack<\/b><span style=\"font-weight: 400;\"><br \/>\n<\/span><span style=\"font-weight: 400;\">Les plats de Tactical Foodpack ont initialement \u00e9t\u00e9 con\u00e7us pour les forces sp\u00e9ciales. Leurs valeurs nutritives \u00e9lev\u00e9es et leur grande facilit\u00e9 de pr\u00e9paration font des Foodpack des repas complets, m\u00eame dans des conditions extr\u00eames. Les plats sont lyophilis\u00e9s \u00e0 l&rsquo;aide d&rsquo;un processus de production sp\u00e9cial et peuvent \u00eatre conserv\u00e9s pendant plusieurs ann\u00e9es. Le processus de s\u00e9chage permet d&rsquo;extraire toute l&rsquo;eau des ingr\u00e9dients sans d\u00e9truire les vitamines et les nutriments qu&rsquo;ils contiennent. \u00c9tant donn\u00e9 qu&rsquo;aucun agent conservateur, exhausteur de go\u00fbt ou r\u00e9gulateur n&rsquo;est ajout\u00e9, les Tactical Foodpack convainquent par leur go\u00fbt authentique.<\/span><\/p>\n","protected":false},"featured_media":150144,"comment_status":"closed","ping_status":"closed","template":"","meta":{"inline_featured_image":false},"product_brand":[],"product_cat":[2550,887,1347,1435],"product_tag":[1773],"class_list":{"0":"post-150140","1":"product","2":"type-product","3":"status-publish","4":"has-post-thumbnail","6":"product_cat-tactical-foodpack-fr","7":"product_cat-accessoires","8":"product_cat-accessoires-militaires-de-chasse","9":"product_cat-camping-voyage","10":"product_tag-chasse-peche","12":"first","13":"instock","14":"taxable","15":"shipping-taxable","16":"purchasable","17":"product-type-simple"},"_links":{"self":[{"href":"https:\/\/metal-badge.ch\/fr\/wp-json\/wp\/v2\/product\/150140","targetHints":{"allow":["GET"]}}],"collection":[{"href":"https:\/\/metal-badge.ch\/fr\/wp-json\/wp\/v2\/product"}],"about":[{"href":"https:\/\/metal-badge.ch\/fr\/wp-json\/wp\/v2\/types\/product"}],"replies":[{"embeddable":true,"href":"https:\/\/metal-badge.ch\/fr\/wp-json\/wp\/v2\/comments?post=150140"}],"wp:featuredmedia":[{"embeddable":true,"href":"https:\/\/metal-badge.ch\/fr\/wp-json\/wp\/v2\/media\/150144"}],"wp:attachment":[{"href":"https:\/\/metal-badge.ch\/fr\/wp-json\/wp\/v2\/media?parent=150140"}],"wp:term":[{"taxonomy":"product_brand","embeddable":true,"href":"https:\/\/metal-badge.ch\/fr\/wp-json\/wp\/v2\/product_brand?post=150140"},{"taxonomy":"product_cat","embeddable":true,"href":"https:\/\/metal-badge.ch\/fr\/wp-json\/wp\/v2\/product_cat?post=150140"},{"taxonomy":"product_tag","embeddable":true,"href":"https:\/\/metal-badge.ch\/fr\/wp-json\/wp\/v2\/product_tag?post=150140"}],"curies":[{"name":"wp","href":"https:\/\/api.w.org\/{rel}","templated":true}]}}