{"id":150116,"date":"2025-07-24T05:09:52","date_gmt":"2025-07-24T03:09:52","guid":{"rendered":"https:\/\/metal-badge.ch\/product\/150116\/tactical-foodpack-pates-arrabiata-au-poulet\/"},"modified":"2025-07-24T05:09:52","modified_gmt":"2025-07-24T03:09:52","slug":"tactical-foodpack-pates-arrabiata-au-poulet","status":"publish","type":"product","link":"https:\/\/metal-badge.ch\/fr\/product\/150116\/tactical-foodpack-pates-arrabiata-au-poulet\/","title":{"rendered":"Tactical Foodpack &#8211; P\u00e2tes arrabiata au poulet"},"content":{"rendered":"<p><b>\u00c0 propos des produits Tactical Foodpack<\/b><span style=\"font-weight: 400;\"><br \/>\n<\/span><span style=\"font-weight: 400;\">Les plats de Tactical Foodpack ont initialement \u00e9t\u00e9 con\u00e7us pour les forces sp\u00e9ciales. Leurs valeurs nutritives \u00e9lev\u00e9es et leur grande facilit\u00e9 de pr\u00e9paration font des Foodpack des repas complets, m\u00eame dans des conditions extr\u00eames. Les plats sont lyophilis\u00e9s \u00e0 l&rsquo;aide d&rsquo;un processus de production sp\u00e9cial et peuvent \u00eatre conserv\u00e9s pendant plusieurs ann\u00e9es. Le processus de s\u00e9chage permet d&rsquo;extraire toute l&rsquo;eau des ingr\u00e9dients sans d\u00e9truire les vitamines et les nutriments qu&rsquo;ils contiennent. \u00c9tant donn\u00e9 qu&rsquo;aucun agent conservateur, exhausteur de go\u00fbt ou r\u00e9gulateur n&rsquo;est ajout\u00e9, les Tactical Foodpack convainquent par leur go\u00fbt authentique.<\/span><\/p>\n<p><span style=\"font-weight: 400;\">D\u00e9gustez les saveurs puissantes et authentiques de l&rsquo;Italie avec nos p\u00e2tes arrabiata au poulet. Ce repas est compos\u00e9 de penne de bl\u00e9 dur et d&rsquo;un filet de poulet tendre cuits dans une riche sauce tomate avec du piment, de l&rsquo;ail et un m\u00e9lange d&rsquo;herbes aromatiques italiennes comme le basilic et l&rsquo;origan. L&rsquo;ajout d&rsquo;olives et d&rsquo;\u00e9pinards rehausse le go\u00fbt et fait de ce plat un repas pleinement satisfaisant.<\/span><\/p>\n<p><span style=\"font-weight: 400;\">Qu&rsquo;il soit d\u00e9gust\u00e9 apr\u00e8s une longue randonn\u00e9e ou lors d&rsquo;une soir\u00e9e o\u00f9 les temp\u00e9ratures sont descendues, ce repas d&rsquo;ext\u00e9rieur apporte \u00e0 votre table la chaleur et les \u00e9pices de la cuisine italienne traditionnelle. Il est facile \u00e0 pr\u00e9parer et plein de saveurs: il vous suffit d&rsquo;ajouter de l&rsquo;eau chaude pour profiter d&rsquo;une exp\u00e9rience culinaire italienne authentique, o\u00f9 que vous soyez. Disponible en grande portion pour les gros app\u00e9tits.<\/span><\/p>\n<p><span style=\"font-weight: 400;\">Parfait quel que soit l&rsquo;\u00e2ge et pr\u00eat en quelques minutes, ce repas d&rsquo;ext\u00e9rieur est con\u00e7u pour votre confort, sans renoncer aux qualit\u00e9s gustatives. Que vous en ayez besoin pour reprendre des forces au cours d&rsquo;une aventure ou pour savourer un repas rapide chez vous, ce best-seller vous offre une exp\u00e9rience gourmande et nutritive. Disponible en grande portion pour les gros app\u00e9tits. Il suffit d&rsquo;ajouter de l&rsquo;eau chaude, et vous pourrez d\u00e9guster ce plat lyophilis\u00e9 partout&nbsp;!<\/span><\/p>\n<p>&nbsp;<\/p>\n<ul>\n<li style=\"font-weight: 400;\" aria-level=\"1\"><span style=\"font-weight: 400;\">Un go\u00fbt authentique et relev\u00e9 gr\u00e2ce au piment et aux herbes aromatiques.<\/span><\/li>\n<li style=\"font-weight: 400;\" aria-level=\"1\"><span style=\"font-weight: 400;\">Des morceaux de poulet tendres et des p\u00e2tes au bl\u00e9 dur de qualit\u00e9 sup\u00e9rieure.<\/span><\/li>\n<li style=\"font-weight: 400;\" aria-level=\"1\"><span style=\"font-weight: 400;\">Pr\u00e9paration facile et rapide \u00e0 l&rsquo;eau chaude.<\/span><\/li>\n<li style=\"font-weight: 400;\" aria-level=\"1\"><span style=\"font-weight: 400;\">Pratique \u00e0 emporter&nbsp;; se conserve jusqu&rsquo;\u00e0 8 ans.<\/span><\/li>\n<\/ul>\n<p><b>Ingr\u00e9dients<\/b><span style=\"font-weight: 400;\"><br \/>\n<\/span><\/p>\n<p><span style=\"font-weight: 400;\">P\u00e2tes (60&nbsp;%) (semoule de bl\u00e9 dur, eau), bouillon (poulet, dinde, carottes, baies de gen\u00e9vrier, feuilles de laurier, poireau), viande de poulet (12&nbsp;%), tomates, oignons, eau, \u00e9pinards, huile de colza, ail, sel, sucre, piment en poudre, basilic, origan, poivre.&nbsp;<\/span><span style=\"font-weight: 400;\"><br \/>\n<\/span><span style=\"font-weight: 400;\">Peut contenir des traces de&nbsp;: Poisson, lactose, soja, fruits \u00e0 coque, c\u00e9leri, crustac\u00e9s, \u0153ufs, sulfites et moutarde.<\/span><\/p>\n<ul>\n<li><span style=\"font-weight: 400;\">\u00c9nergie par portion&nbsp; &nbsp;2133 kJ \/ 511 kcal<\/span><\/li>\n<li><span style=\"font-weight: 400;\">\u00c9nergie pour 100&nbsp;g&nbsp; &nbsp;1855 kJ \/ 444 kcal<\/span><\/li>\n<li><span style=\"font-weight: 400;\">Mati\u00e8res grasses par portion&nbsp; &nbsp;17 g<\/span><\/li>\n<li><span style=\"font-weight: 400;\">Mati\u00e8res grasses pour 100&nbsp;g&nbsp; &nbsp;15 g<\/span><\/li>\n<li><span style=\"font-weight: 400;\">Mati\u00e8res grasses satur\u00e9es par portion&nbsp; &nbsp;2,3 g<\/span><\/li>\n<li><span style=\"font-weight: 400;\">Mati\u00e8res grasses satur\u00e9es pour 100&nbsp;g&nbsp; &nbsp;2 g<\/span><\/li>\n<li><span style=\"font-weight: 400;\">Glucides par portion&nbsp; &nbsp;59 g<\/span><\/li>\n<li><span style=\"font-weight: 400;\">Glucides pour 100&nbsp;g&nbsp; &nbsp;51 g<\/span><\/li>\n<li><span style=\"font-weight: 400;\">Dont sucres, par portion&nbsp; &nbsp;9 g<\/span><\/li>\n<li><span style=\"font-weight: 400;\">Dont sucres, pour 100&nbsp;g&nbsp; &nbsp;7,8 g<\/span><\/li>\n<li><span style=\"font-weight: 400;\">Fibres alimentaires par portion&nbsp; &nbsp;6,5 g<\/span><\/li>\n<li><span style=\"font-weight: 400;\">Fibres alimentaires pour 100&nbsp;g&nbsp; &nbsp;5,7 g<\/span><\/li>\n<li><span style=\"font-weight: 400;\">Prot\u00e9ines par portion&nbsp; &nbsp;26 g<\/span><\/li>\n<li><span style=\"font-weight: 400;\">Prot\u00e9ines pour 100&nbsp;g&nbsp; &nbsp;23 g<\/span><\/li>\n<li><span style=\"font-weight: 400;\">Sel par portion&nbsp; &nbsp;1,9 g<\/span><\/li>\n<li><span style=\"font-weight: 400;\">Sel pour 100&nbsp;g&nbsp; &nbsp;1,6 g<\/span><\/li>\n<\/ul>\n<p><b>Contenu<\/b><span style=\"font-weight: 400;\"><br \/>\n<\/span><span style=\"font-weight: 400;\">Poids net&nbsp;: env. 120&nbsp;g<\/span><span style=\"font-weight: 400;\"><br \/>\n<\/span><span style=\"font-weight: 400;\"><br \/>\n<\/span><b>Quantit\u00e9 d\u2019eau n\u00e9cessaire<\/b><span style=\"font-weight: 400;\"><br \/>\n<\/span><span style=\"font-weight: 400;\">300 ml<\/span><span style=\"font-weight: 400;\"><br \/>\n<\/span><span style=\"font-weight: 400;\"><br \/>\n<\/span><b>Dur\u00e9e de conservation<\/b><span style=\"font-weight: 400;\"><br \/>\n<\/span><span style=\"font-weight: 400;\">Jusqu\u2019\u00e0 8 ans \u00e0 partir de la date de fabrication.<\/span><\/p>\n<ul>\n<li><span style=\"font-weight: 400;\">Marque&nbsp;: Tactical Foodpack<\/span><\/li>\n<li><span style=\"font-weight: 400;\">Longue dur\u00e9e de conservation, jusqu&rsquo;\u00e0 8 ans&nbsp;; id\u00e9al pour les aventures en plein air.<\/span><\/li>\n<li><span style=\"font-weight: 400;\">Lyophilis\u00e9&nbsp;; facile \u00e0 transporter, plein de saveur.<\/span><\/li>\n<li><span style=\"font-weight: 400;\">Pr\u00e9paration rapide&nbsp;: pr\u00eat en quelques minutes apr\u00e8s avoir ajout\u00e9 de l&rsquo;eau chaude.<\/span><\/li>\n<li><span style=\"font-weight: 400;\">Poids de la portion NET&nbsp;: 110 g&nbsp;<\/span><\/li>\n<\/ul>\n<p>&nbsp;<\/p>\n<p><b>Pr\u00e9paration&nbsp;:<br \/>\n<\/b><\/p>\n<p><strong>1. Eau chaude<br \/>\n<iframe title=\"YouTube video player\" src=\"\/\/www.youtube.com\/embed\/SIVwDZYKpV8?si=v3xeIMX9IkBgPO3J\" width=\"560\" height=\"315\" frameborder=\"0\" allowfullscreen=\"allowfullscreen\"><\/iframe><\/strong><\/p>\n<p><strong>2. Sac chauffant<\/strong><br \/>\n<iframe title=\"YouTube video player\" src=\"\/\/www.youtube.com\/embed\/akxvkGHLa30?si=JlqYH5g2fY4mAOMB\" width=\"560\" height=\"315\" frameborder=\"0\" allowfullscreen=\"allowfullscreen\"><\/iframe><\/p>\n<p><strong>3. Pot \u00e0 feu<\/strong><br \/>\n<iframe title=\"YouTube video player\" src=\"\/\/www.youtube.com\/embed\/DmALqo4QGCQ?si=4yhB9Q2vAK1D5Cp9\" width=\"560\" height=\"315\" frameborder=\"0\" allowfullscreen=\"allowfullscreen\"><\/iframe>&nbsp;<\/p>\n<p><strong>TOUT TOURNE AUTOUR DU GO\u00dbT<\/strong><br \/>\nPour \u00eatre performant, vous avez besoin de vraie nourriture et pas d&rsquo;additifs, de conservateurs ou de produits chimiques qui font grimper le nombre de calories. Tactical Foodpack, ce sont des plats faits maison qui vous donnent une \u00e9nergie durable, pour que vous puissiez continuer sans perdre vos forces.<br \/>\nNous avons donn\u00e9 la priorit\u00e9 aux go\u00fbts de nos pr\u00e9parations, et cela d\u00e8s le d\u00e9but. Comme notre fondateur et ses camarades des forces sp\u00e9ciales avaient l&rsquo;habitude de dire : \u00ab Don\u2019t f\u2026 with the food! \u00bb<\/p>\n","protected":false},"excerpt":{"rendered":"<p><b>\u00c0 propos des produits Tactical Foodpack<\/b><span style=\"font-weight: 400;\"><br \/>\n<\/span><span style=\"font-weight: 400;\">Les plats de Tactical Foodpack ont initialement \u00e9t\u00e9 con\u00e7us pour les forces sp\u00e9ciales. Leurs valeurs nutritives \u00e9lev\u00e9es et leur grande facilit\u00e9 de pr\u00e9paration font des Foodpack des repas complets, m\u00eame dans des conditions extr\u00eames. Les plats sont lyophilis\u00e9s \u00e0 l&rsquo;aide d&rsquo;un processus de production sp\u00e9cial et peuvent \u00eatre conserv\u00e9s pendant plusieurs ann\u00e9es. Le processus de s\u00e9chage permet d&rsquo;extraire toute l&rsquo;eau des ingr\u00e9dients sans d\u00e9truire les vitamines et les nutriments qu&rsquo;ils contiennent. \u00c9tant donn\u00e9 qu&rsquo;aucun agent conservateur, exhausteur de go\u00fbt ou r\u00e9gulateur n&rsquo;est ajout\u00e9, les Tactical Foodpack convainquent par leur go\u00fbt authentique.<\/span><\/p>\n","protected":false},"featured_media":150077,"comment_status":"closed","ping_status":"closed","template":"","meta":{"inline_featured_image":false},"product_brand":[],"product_cat":[2550,887,1347,1435],"product_tag":[1773],"class_list":{"0":"post-150116","1":"product","2":"type-product","3":"status-publish","4":"has-post-thumbnail","6":"product_cat-tactical-foodpack-fr","7":"product_cat-accessoires","8":"product_cat-accessoires-militaires-de-chasse","9":"product_cat-camping-voyage","10":"product_tag-chasse-peche","12":"first","13":"instock","14":"taxable","15":"shipping-taxable","16":"purchasable","17":"product-type-simple"},"_links":{"self":[{"href":"https:\/\/metal-badge.ch\/fr\/wp-json\/wp\/v2\/product\/150116","targetHints":{"allow":["GET"]}}],"collection":[{"href":"https:\/\/metal-badge.ch\/fr\/wp-json\/wp\/v2\/product"}],"about":[{"href":"https:\/\/metal-badge.ch\/fr\/wp-json\/wp\/v2\/types\/product"}],"replies":[{"embeddable":true,"href":"https:\/\/metal-badge.ch\/fr\/wp-json\/wp\/v2\/comments?post=150116"}],"wp:featuredmedia":[{"embeddable":true,"href":"https:\/\/metal-badge.ch\/fr\/wp-json\/wp\/v2\/media\/150077"}],"wp:attachment":[{"href":"https:\/\/metal-badge.ch\/fr\/wp-json\/wp\/v2\/media?parent=150116"}],"wp:term":[{"taxonomy":"product_brand","embeddable":true,"href":"https:\/\/metal-badge.ch\/fr\/wp-json\/wp\/v2\/product_brand?post=150116"},{"taxonomy":"product_cat","embeddable":true,"href":"https:\/\/metal-badge.ch\/fr\/wp-json\/wp\/v2\/product_cat?post=150116"},{"taxonomy":"product_tag","embeddable":true,"href":"https:\/\/metal-badge.ch\/fr\/wp-json\/wp\/v2\/product_tag?post=150116"}],"curies":[{"name":"wp","href":"https:\/\/api.w.org\/{rel}","templated":true}]}}