{"id":150063,"date":"2025-07-24T03:40:13","date_gmt":"2025-07-24T01:40:13","guid":{"rendered":"https:\/\/metal-badge.ch\/product\/150063\/support-pour-trepied-en-acier-avec-chaine-plaque-et-crochet\/"},"modified":"2025-07-24T17:11:31","modified_gmt":"2025-07-24T15:11:31","slug":"support-pour-trepied-en-acier-avec-chaine-plaque-et-crochet","status":"publish","type":"product","link":"https:\/\/metal-badge.ch\/fr\/product\/150063\/support-pour-trepied-en-acier-avec-chaine-plaque-et-crochet\/","title":{"rendered":"Support pour tr\u00e9pied en acier avec cha\u00eene, plaque et crochet"},"content":{"rendered":"<p><span style=\"font-weight: 400;\">La base de votre tr\u00e9pied se trouve toujours dans votre sac \u00e0 dos&nbsp;! Pour monter votre tr\u00e9pied, il vous suffit de faire passer trois branches appropri\u00e9es ou taill\u00e9es dans les encoches de la plaque en acier inoxydable et de les bloquer en les tordant l\u00e9g\u00e8rement.&nbsp;Ce principe vous permet de construire un tr\u00e9pied sous lequel vous pourrez allumer un feu de bois pour cuisiner en plein air en quelques gestes simples. Les crochets et la cha\u00eene en acier fournis peuvent par exemple \u00eatre utilis\u00e9s pour accrocher une marmite \u00e0 feu ou une bouilloire. La distance par rapport au feu est r\u00e9gl\u00e9e comme vous le souhaitez par la longueur de la cha\u00eene. Ainsi, vous \u00eates assur\u00e9 d&rsquo;avoir des repas revigorants en pleine nature.<\/span><\/p>\n<p><b>Informations sur le produit&nbsp;:<\/b><\/p>\n<ul>\n<li><span style=\"font-weight: 400;\">Mati\u00e8re&nbsp;: Acier nickel\u00e9&nbsp;<\/span><\/li>\n<li><span style=\"font-weight: 400;\">Diam\u00e8tre de l\u2019orifice&nbsp;:&nbsp; 3 cm&nbsp;<\/span><\/li>\n<li><span style=\"font-weight: 400;\">Poids&nbsp;: 275 g&nbsp;<\/span><\/li>\n<li><span style=\"font-weight: 400;\">Longueur de la cha\u00eene&nbsp;: 105 cm<\/span><\/li>\n<li><span style=\"font-weight: 400;\">Longueur du crochet&nbsp;: 11 cm&nbsp;<\/span><\/li>\n<li><span style=\"font-weight: 400;\">Livr\u00e9 avec sac d\u2019emballage<\/span><\/li>\n<\/ul>\n","protected":false},"excerpt":{"rendered":"<p><span style=\"font-weight: 400;\">La base de votre tr\u00e9pied se trouve toujours dans votre sac \u00e0 dos&nbsp;! Pour monter votre tr\u00e9pied, il vous suffit de faire passer trois branches appropri\u00e9es ou taill\u00e9es dans les encoches de la plaque en acier inoxydable et de les bloquer en les tordant l\u00e9g\u00e8rement.&nbsp;Ce principe vous permet de construire un tr\u00e9pied sous lequel vous pourrez allumer un feu de bois pour cuisiner en plein air en quelques gestes simples. Les crochets et la cha\u00eene en acier fournis peuvent par exemple \u00eatre utilis\u00e9s pour accrocher une marmite \u00e0 feu ou une bouilloire. La distance par rapport au feu est r\u00e9gl\u00e9e comme vous le souhaitez par la longueur de la cha\u00eene. Ainsi, vous \u00eates assur\u00e9 d&rsquo;avoir des repas revigorants en pleine nature.<\/span><\/p>\n","protected":false},"featured_media":150040,"comment_status":"closed","ping_status":"closed","template":"","meta":{"inline_featured_image":false},"product_brand":[],"product_cat":[1435,887,1347,1275],"product_tag":[1777,1773],"class_list":{"0":"post-150063","1":"product","2":"type-product","3":"status-publish","4":"has-post-thumbnail","6":"product_cat-camping-voyage","7":"product_cat-accessoires","8":"product_cat-accessoires-militaires-de-chasse","9":"product_cat-bouteilles-poele-recipient","10":"product_tag-camping-voyage","11":"product_tag-chasse-peche","13":"first","14":"instock","15":"taxable","16":"shipping-taxable","17":"purchasable","18":"product-type-simple"},"_links":{"self":[{"href":"https:\/\/metal-badge.ch\/fr\/wp-json\/wp\/v2\/product\/150063","targetHints":{"allow":["GET"]}}],"collection":[{"href":"https:\/\/metal-badge.ch\/fr\/wp-json\/wp\/v2\/product"}],"about":[{"href":"https:\/\/metal-badge.ch\/fr\/wp-json\/wp\/v2\/types\/product"}],"replies":[{"embeddable":true,"href":"https:\/\/metal-badge.ch\/fr\/wp-json\/wp\/v2\/comments?post=150063"}],"wp:featuredmedia":[{"embeddable":true,"href":"https:\/\/metal-badge.ch\/fr\/wp-json\/wp\/v2\/media\/150040"}],"wp:attachment":[{"href":"https:\/\/metal-badge.ch\/fr\/wp-json\/wp\/v2\/media?parent=150063"}],"wp:term":[{"taxonomy":"product_brand","embeddable":true,"href":"https:\/\/metal-badge.ch\/fr\/wp-json\/wp\/v2\/product_brand?post=150063"},{"taxonomy":"product_cat","embeddable":true,"href":"https:\/\/metal-badge.ch\/fr\/wp-json\/wp\/v2\/product_cat?post=150063"},{"taxonomy":"product_tag","embeddable":true,"href":"https:\/\/metal-badge.ch\/fr\/wp-json\/wp\/v2\/product_tag?post=150063"}],"curies":[{"name":"wp","href":"https:\/\/api.w.org\/{rel}","templated":true}]}}