{"id":150031,"date":"2025-07-23T22:36:57","date_gmt":"2025-07-23T20:36:57","guid":{"rendered":"https:\/\/metal-badge.ch\/product\/150031\/alternative-aux-sacs-de-sable-pour-la-protection-contre-les-inondations-hydrosack-a-granules\/"},"modified":"2025-07-23T22:43:57","modified_gmt":"2025-07-23T20:43:57","slug":"alternative-aux-sacs-de-sable-pour-la-protection-contre-les-inondations-hydrosack-a-granules","status":"publish","type":"product","link":"https:\/\/metal-badge.ch\/fr\/product\/150031\/alternative-aux-sacs-de-sable-pour-la-protection-contre-les-inondations-hydrosack-a-granules\/","title":{"rendered":"Alternative aux sacs de sable pour la protection contre les inondations : HydroSack \u00e0 granul\u00e9s"},"content":{"rendered":"<p><i><span style=\"font-weight: 400;\">L&rsquo;ALTERNATIVE SANS SABLE AUX SACS DE SABLE&nbsp;: la barri\u00e8re anti-inondation par excellence pour les petites et moyennes inondations<\/span><\/i><\/p>\n<p><span style=\"font-weight: 400;\">L&rsquo;alternative optimale aux sacs de sable, sans sable. Ce sac \u00e0 silo de 39 cm x 58 cm et pesant 450 g \u00e0 vide est rempli de granul\u00e9s sp\u00e9ciaux et s&rsquo;active facilement une fois combin\u00e9 avec de l&rsquo;eau. Une protection id\u00e9ale contre les inondations provoqu\u00e9es par de fortes pluies ou des crues. Le syst\u00e8me, qui constitue une alternative aux sacs de sable, est pr\u00eat \u00e0 l&#8217;emploi en moins de 5 minutes et ne p\u00e8se que 10&nbsp;% du poids d&rsquo;un sac de sable normal !&nbsp; Et le meilleur dans tout \u00e7a&nbsp;: Vous pouvez laisser les HydroSacks&nbsp; s&rsquo;activer gr\u00e2ce \u00e0 l&rsquo;eau qui coule ou les activer vous-m\u00eame avec de l&rsquo;eau. Ils durent plusieurs mois apr\u00e8s leur activation et sont r\u00e9utilisables ! Les granul\u00e9s permettent le remplissage du sac jusqu&rsquo;\u00e0 20 kg en quelques minutes seulement. L\u2019HydroSack peut facilement \u00eatre compost\u00e9. Contient de la cellulose \u00e9cologique et facile \u00e0 \u00e9liminer ainsi qu\u2019un polym\u00e8re super absorbant, respectueux de l&rsquo;environnement et d\u00e9gradable.<\/span><\/p>\n<p><span style=\"font-weight: 400;\">L&rsquo;HydroSack, une alternative aux sacs de sable, constitue une m\u00e9thode efficace et moderne pour prot\u00e9ger les b\u00e2timents commerciaux et r\u00e9sidentiels des inondations, par exemple aux points tels que les entr\u00e9es, les caves ou les portes de garage. Le polym\u00e8re de l\u2019HydroSack gonfle jusqu&rsquo;\u00e0 20 kg d\u00e8s qu&rsquo;il entre en contact avec l&rsquo;eau. Cette protection contre les inondations s\u2019utilise comme un sac de sable \u00e0 silo et constitue donc une alternative id\u00e9ale aux sacs de sable pour les longues distances. Les HydroSacks non utilis\u00e9s ont une dur\u00e9e de conservation de 6 ans. Les HydroSacks usag\u00e9s ont une dur\u00e9e de conservation de plusieurs mois et sont donc r\u00e9utilisables (environ 4 mois).<\/span><\/p>\n<p><b>Informations sur le produit&nbsp;:<\/b><\/p>\n<ul>\n<li><span style=\"font-weight: 400;\">D\u00e9signation&nbsp;: DX-20A<\/span><\/li>\n<li><span style=\"font-weight: 400;\">Protection contre les inondations pour portes-fen\u00eatres, entr\u00e9es de garage et de maison, etc.<\/span><\/li>\n<li><span style=\"font-weight: 400;\">D\u00e9signation&nbsp;: HydroSack, alternative au sable<\/span><\/li>\n<li><span style=\"font-weight: 400;\">Durabilit\u00e9&nbsp;: Les HydroSacks non utilis\u00e9s ont une dur\u00e9e de conservation de 6 ans. Les HydroSacks usag\u00e9s ont une dur\u00e9e de conservation de plusieurs mois et sont donc r\u00e9utilisables (environ 4 mois).&nbsp;<\/span><\/li>\n<li><span style=\"font-weight: 400;\">Excellente relation qualit\u00e9-prix<\/span><\/li>\n<li><span style=\"font-weight: 400;\">Plus respectueux de l&rsquo;environnement et plus faciles \u00e0 \u00e9liminer que n&rsquo;importe quel sac de sable&nbsp;!<\/span><\/li>\n<li><span style=\"font-weight: 400;\">Contient de la cellulose \u00e9cologique et facile \u00e0 \u00e9liminer ainsi qu\u2019un polym\u00e8re super absorbant.&nbsp;<\/span><\/li>\n<li><span style=\"font-weight: 400;\">Excellente qualit\u00e9, excellent service<\/span><\/li>\n<li><span style=\"font-weight: 400;\">Dur\u00e9e de montage&nbsp;: 2-3 minutes<\/span><\/li>\n<li><span style=\"font-weight: 400;\">Poids avant utilisation&nbsp;: 450 g.<\/span><\/li>\n<li><span style=\"font-weight: 400;\">Poids apr\u00e8s utilisation&nbsp;: 18-20 kg<\/span><\/li>\n<li><span style=\"font-weight: 400;\">Absorption&nbsp;: 17-20 litres<\/span><\/li>\n<li><span style=\"font-weight: 400;\">Dimensions : 39 cm x 58 cm&nbsp;<br \/>\n<\/span><\/li>\n<\/ul>\n<ol>\n<li><span style=\"font-weight: 400;\"> Sortez un HydroSack de l&#8217;emballage<\/span><\/li>\n<li><span style=\"font-weight: 400;\"> Pour une protection efficace contre les inondations, trempez simplement l\u2019HydroSack dans l&rsquo;eau pendant 2 \u00e0 3 minutes ou vaporisez les HydroSacks avec un tuyau d&rsquo;arrosage jusqu&rsquo;\u00e0 ce qu&rsquo;ils soient compl\u00e8tement gonfl\u00e9s.&nbsp;<\/span><\/li>\n<li><span style=\"font-weight: 400;\"> Placez les HydroSacks de protection contre les inondations \u00e0 l&rsquo;endroit souhait\u00e9 et attendez qu&rsquo;ils soient satur\u00e9s par les eaux de crue ou les fortes pluies.&nbsp;<\/span><\/li>\n<li><span style=\"font-weight: 400;\"> Si vous souhaitez utiliser plusieurs HydroSacks les uns \u00e0 c\u00f4t\u00e9 des autres ou les uns sur les autres, vous devez les disposer en suivant un motif superpos\u00e9, comme une rang\u00e9e de briques. Chaque couche doit chevaucher la couche inf\u00e9rieure de moiti\u00e9. Les HydroSacks offrent suffisamment de flexibilit\u00e9 pour \u00eatre utilis\u00e9s sur n&rsquo;importe quel terrain et b\u00e2timent. L&rsquo;alternative id\u00e9ale aux sacs de sable.&nbsp;<\/span><\/li>\n<li><span style=\"font-weight: 400;\"> L&rsquo;HydroSack est respectueux de l&rsquo;environnement et peut donc \u00eatre \u00e9limin\u00e9 par d\u00e9p\u00f4t en d\u00e9charge ou incin\u00e9ration. Les sacs peuvent \u00eatre r\u00e9utilis\u00e9s pendant au moins 4 mois apr\u00e8s activation.<\/span><\/li>\n<\/ol>\n","protected":false},"excerpt":{"rendered":"<p><i><span style=\"font-weight: 400;\">L&rsquo;ALTERNATIVE SANS SABLE AUX SACS DE SABLE&nbsp;: la barri\u00e8re anti-inondation par excellence pour les petites et moyennes inondations<\/span><\/i><\/p>\n<p><span style=\"font-weight: 400;\">L&rsquo;alternative optimale aux sacs de sable, sans sable. Ce sac \u00e0 silo de 39 cm x 58 cm et pesant 450 g \u00e0 vide est rempli de granul\u00e9s sp\u00e9ciaux et s&rsquo;active facilement une fois combin\u00e9 avec de l&rsquo;eau. Une protection id\u00e9ale contre les inondations provoqu\u00e9es par de fortes pluies ou des crues. Le syst\u00e8me, qui constitue une alternative aux sacs de sable, est pr\u00eat \u00e0 l&#8217;emploi en moins de 5 minutes et ne p\u00e8se que 10&nbsp;% du poids d&rsquo;un sac de sable normal !&nbsp;<\/span><\/p>\n","protected":false},"featured_media":150024,"comment_status":"closed","ping_status":"closed","template":"","meta":{"inline_featured_image":false},"product_brand":[],"product_cat":[2537,887],"product_tag":[1785],"class_list":{"0":"post-150031","1":"product","2":"type-product","3":"status-publish","4":"has-post-thumbnail","6":"product_cat-sacs-de-sable-protection-contre-les-inondations","7":"product_cat-accessoires","8":"product_tag-premiers-secours-sauvetage","10":"first","11":"instock","12":"taxable","13":"shipping-taxable","14":"purchasable","15":"product-type-simple"},"_links":{"self":[{"href":"https:\/\/metal-badge.ch\/fr\/wp-json\/wp\/v2\/product\/150031","targetHints":{"allow":["GET"]}}],"collection":[{"href":"https:\/\/metal-badge.ch\/fr\/wp-json\/wp\/v2\/product"}],"about":[{"href":"https:\/\/metal-badge.ch\/fr\/wp-json\/wp\/v2\/types\/product"}],"replies":[{"embeddable":true,"href":"https:\/\/metal-badge.ch\/fr\/wp-json\/wp\/v2\/comments?post=150031"}],"wp:featuredmedia":[{"embeddable":true,"href":"https:\/\/metal-badge.ch\/fr\/wp-json\/wp\/v2\/media\/150024"}],"wp:attachment":[{"href":"https:\/\/metal-badge.ch\/fr\/wp-json\/wp\/v2\/media?parent=150031"}],"wp:term":[{"taxonomy":"product_brand","embeddable":true,"href":"https:\/\/metal-badge.ch\/fr\/wp-json\/wp\/v2\/product_brand?post=150031"},{"taxonomy":"product_cat","embeddable":true,"href":"https:\/\/metal-badge.ch\/fr\/wp-json\/wp\/v2\/product_cat?post=150031"},{"taxonomy":"product_tag","embeddable":true,"href":"https:\/\/metal-badge.ch\/fr\/wp-json\/wp\/v2\/product_tag?post=150031"}],"curies":[{"name":"wp","href":"https:\/\/api.w.org\/{rel}","templated":true}]}}