{"id":150019,"date":"2025-07-23T16:45:03","date_gmt":"2025-07-23T14:45:03","guid":{"rendered":"https:\/\/metal-badge.ch\/product\/150019\/lampe-de-velo-usb-rechargeable-avec-3-led-frontales\/"},"modified":"2025-07-23T16:45:03","modified_gmt":"2025-07-23T14:45:03","slug":"lampe-de-velo-usb-rechargeable-avec-3-led-frontales","status":"publish","type":"product","link":"https:\/\/metal-badge.ch\/fr\/product\/150019\/lampe-de-velo-usb-rechargeable-avec-3-led-frontales\/","title":{"rendered":"Lampe de v\u00e9lo USB rechargeable avec 3 LED frontales"},"content":{"rendered":"<p><span style=\"font-weight: 400;\">Cette lampe frontale de v\u00e9lo rechargeable \u00e0 3 LED est dot\u00e9e d&rsquo;un support de montage rapide. Le bo\u00eetier du feu de v\u00e9lo est fabriqu\u00e9 en aluminium 6063. Cette lampe de v\u00e9lo est rechargeable gr\u00e2ce \u00e0 la batterie int\u00e9gr\u00e9e et offre un \u00e9clairage ample avec son impressionnant faisceau lumineux de 1200 lumens. Vous pouvez faire confiance au feu avant \u00e9tanche \u00e0 3 LED&nbsp;; que ce soit en milieu urbain ou \u00e0 la campagne, il vous assure que vous serez toujours en s\u00e9curit\u00e9 sur la route. La lampe de v\u00e9lo dispose de 6 modes diff\u00e9rents.<\/span> <span style=\"font-weight: 400;\">Lumi\u00e8re blanche claire de 1200 lumens commutable en lumi\u00e8re blanche claire de 800 lumens ou en lumi\u00e8re att\u00e9nu\u00e9e 600 lumens, en lumi\u00e8re clignotante, en fonction SOS ou avec fonctions commutables pour les 2 et 3 LED.&nbsp;<\/span><\/p>\n<p><span style=\"font-weight: 400;\">La lampe est facile \u00e0 utiliser et peut \u00eatre contr\u00f4l\u00e9e par appui sur deux boutons. La lampe est \u00e9tanche selon la classe IP65 et est \u00e9quip\u00e9e d&rsquo;un indicateur de charge des piles. Gr\u00e2ce \u00e0 la batterie au lithium 5800 int\u00e9gr\u00e9e, vous \u00eates en mesure de faire de longues randonn\u00e9es \u00e0 v\u00e9lo sans devoir recharger la batterie. La dur\u00e9e d&rsquo;\u00e9clairage de cette lampe \u00e0 v\u00e9lo peut facilement atteindre 5 heures avec la lumi\u00e8re compl\u00e8te \u00e0 10 heures au maximum, sans recharge.<\/span> <span style=\"font-weight: 400;\">La lampe de v\u00e9lo peut \u00eatre recharg\u00e9e rapidement via un c\u00e2ble USB.<\/span> <span style=\"font-weight: 400;\">Une fixation rapide \u00e0 clipser est comprise pour monter ce feu de v\u00e9lo. La fixation rapide peut \u00eatre mont\u00e9e rapidement et facilement sur le guidon, sans outils. Il suffit ensuite de clipser le feu de v\u00e9lo. Le d\u00e9montage de la lampe est tout aussi rapide.&nbsp;<\/span><\/p>\n<p><b>Informations sur le produit&nbsp;:&nbsp;<\/b><\/p>\n<ul>\n<li><span style=\"font-weight: 400;\">D\u00e9signation&nbsp;: Feu avant pour v\u00e9lo XXF104&nbsp;&nbsp;<\/span><\/li>\n<li><span style=\"font-weight: 400;\">Mat\u00e9riau du feu avant&nbsp;: Bo\u00eetier en aluminium et ABS<\/span><\/li>\n<li><span style=\"font-weight: 400;\">Poids du feu avant&nbsp;: 192 g&nbsp;<\/span><\/li>\n<li><span style=\"font-weight: 400;\">Couleur&nbsp;: noir&nbsp;<\/span><\/li>\n<li><span style=\"font-weight: 400;\">Couleur de la lumi\u00e8re&nbsp;: blanche<\/span><\/li>\n<li><span style=\"font-weight: 400;\">Batterie&nbsp;: Batterie 18650 5800 mAh<\/span><\/li>\n<li><span style=\"font-weight: 400;\">Dur\u00e9e d\u2019\u00e9clairage avec lumi\u00e8re compl\u00e8te&nbsp;: environ 5 heures \u00e0 1200 LM&nbsp;&nbsp;<\/span><\/li>\n<li><span style=\"font-weight: 400;\">Dur\u00e9e d\u2019\u00e9clairage avec lumi\u00e8re att\u00e9nu\u00e9e&nbsp;: 24 heures<\/span><\/li>\n<li><span style=\"font-weight: 400;\">Modes&nbsp;: 6 fonctions diff\u00e9rentes 1. Lumi\u00e8re blanche claire 1200 lumen \/ 2. Lumi\u00e8re blanche claire 800 lumen \/ 3. Lumi\u00e8re att\u00e9nu\u00e9e 600 lumen \/ 4. Lumi\u00e8re clignotante \/5. SOS \/ Fonctions commutables 2 LED et 3 LED.<\/span><\/li>\n<li><span style=\"font-weight: 400;\">Feu avant avec 3 ampoules LED<\/span><\/li>\n<li><span style=\"font-weight: 400;\">Lumen&nbsp;: 1200 Lumen<\/span><\/li>\n<li><span style=\"font-weight: 400;\">Affichage de la charge de la batterie<\/span><\/li>\n<li><span style=\"font-weight: 400;\">Batterie faible (avertissement)<\/span><\/li>\n<li><span style=\"font-weight: 400;\">Dur\u00e9e de charge&nbsp;: 3 heures&nbsp;<\/span><\/li>\n<li><span style=\"font-weight: 400;\">Grande r\u00e9sistance aux chocs (incassable)<\/span><\/li>\n<li><span style=\"font-weight: 400;\">\u00c9tanche selon IP65<\/span><\/li>\n<li><span style=\"font-weight: 400;\">Dimensions&nbsp;: Longueur x largeur x hauteur \/\/ 10cm x 5cm x 2,5cm&nbsp;<\/span><\/li>\n<li><span style=\"font-weight: 400;\">Montage simple et rapide sans outil&nbsp;<\/span><\/li>\n<li><span style=\"font-weight: 400;\">Livr\u00e9 avec 1 c\u00e2ble USB et la fixation rapide \u00e0 clipser.<\/span><\/li>\n<\/ul>\n","protected":false},"excerpt":{"rendered":"<p><span style=\"font-weight: 400;\">Cette lampe frontale de v\u00e9lo rechargeable \u00e0 3 LED est dot\u00e9e d&rsquo;un support de montage rapide. Le bo\u00eetier du feu de v\u00e9lo est fabriqu\u00e9 en aluminium 6063. Cette lampe de v\u00e9lo est rechargeable gr\u00e2ce \u00e0 la batterie int\u00e9gr\u00e9e et offre un \u00e9clairage ample avec son impressionnant faisceau lumineux de 1200 lumens. Vous pouvez faire confiance au feu avant \u00e9tanche \u00e0 3 LED&nbsp;; que ce soit en milieu urbain ou \u00e0 la campagne, il vous assure que vous serez toujours en s\u00e9curit\u00e9 sur la route. La lampe de v\u00e9lo dispose de 6 modes diff\u00e9rents.<\/span> <span style=\"font-weight: 400;\">Lumi\u00e8re blanche claire de 1200 lumens commutable en lumi\u00e8re blanche claire de 800 lumens ou en lumi\u00e8re att\u00e9nu\u00e9e 600 lumens, en lumi\u00e8re clignotante, en fonction SOS ou avec fonctions commutables pour les 2 et 3 LED.&nbsp;<\/span><\/p>\n","protected":false},"featured_media":150000,"comment_status":"closed","ping_status":"closed","template":"","meta":{"inline_featured_image":false},"product_brand":[],"product_cat":[1343,887,1435],"product_tag":[1765],"class_list":{"0":"post-150019","1":"product","2":"type-product","3":"status-publish","4":"has-post-thumbnail","6":"product_cat-lampes-lampes-de-poche","7":"product_cat-accessoires","8":"product_cat-camping-voyage","9":"product_tag-sport-outdoor-fr","11":"first","12":"instock","13":"taxable","14":"shipping-taxable","15":"purchasable","16":"product-type-simple"},"_links":{"self":[{"href":"https:\/\/metal-badge.ch\/fr\/wp-json\/wp\/v2\/product\/150019","targetHints":{"allow":["GET"]}}],"collection":[{"href":"https:\/\/metal-badge.ch\/fr\/wp-json\/wp\/v2\/product"}],"about":[{"href":"https:\/\/metal-badge.ch\/fr\/wp-json\/wp\/v2\/types\/product"}],"replies":[{"embeddable":true,"href":"https:\/\/metal-badge.ch\/fr\/wp-json\/wp\/v2\/comments?post=150019"}],"wp:featuredmedia":[{"embeddable":true,"href":"https:\/\/metal-badge.ch\/fr\/wp-json\/wp\/v2\/media\/150000"}],"wp:attachment":[{"href":"https:\/\/metal-badge.ch\/fr\/wp-json\/wp\/v2\/media?parent=150019"}],"wp:term":[{"taxonomy":"product_brand","embeddable":true,"href":"https:\/\/metal-badge.ch\/fr\/wp-json\/wp\/v2\/product_brand?post=150019"},{"taxonomy":"product_cat","embeddable":true,"href":"https:\/\/metal-badge.ch\/fr\/wp-json\/wp\/v2\/product_cat?post=150019"},{"taxonomy":"product_tag","embeddable":true,"href":"https:\/\/metal-badge.ch\/fr\/wp-json\/wp\/v2\/product_tag?post=150019"}],"curies":[{"name":"wp","href":"https:\/\/api.w.org\/{rel}","templated":true}]}}