{"id":149931,"date":"2025-07-23T15:29:10","date_gmt":"2025-07-23T13:29:10","guid":{"rendered":"https:\/\/metal-badge.ch\/product\/149931\/feu-arriere-de-velo-rechargeable-par-usb-avertisseur-led-ipx4-rouge-2\/"},"modified":"2025-07-23T15:29:10","modified_gmt":"2025-07-23T13:29:10","slug":"feu-arriere-de-velo-rechargeable-par-usb-avertisseur-led-ipx4-rouge-2","status":"publish","type":"product","link":"https:\/\/metal-badge.ch\/fr\/product\/149931\/feu-arriere-de-velo-rechargeable-par-usb-avertisseur-led-ipx4-rouge-2\/","title":{"rendered":"Feu arri\u00e8re de v\u00e9lo rechargeable par USB, avertisseur LED IPX4 &#8211; Rouge"},"content":{"rendered":"<p><span style=\"font-weight: 400;\">Ce feu arri\u00e8re de v\u00e9lo \u00e0 LED vous garantit de ne pas vous retrouver dans le noir. Ses 50 lumens tr\u00e8s visibles et puissants vous rendent facilement visible de loin.<\/span> <span style=\"font-weight: 400;\">Garantissez-vous plus de s\u00e9curit\u00e9 lors de vos d\u00e9placements \u00e0 v\u00e9lo avec ce feu arri\u00e8re de v\u00e9lo. Fixez cet avertisseur \u00e0 la tige de selle \u00e0 l&rsquo;aide de l&rsquo;\u00e9lastique \u00e0 taille r\u00e9glable. Vous pouvez \u00e9galement fixer ce feu lumineux aux barres fines de la selle ou \u00e0 votre sac \u00e0 dos. Le feu arri\u00e8re rouge vous garantit des trajets \u00e0 v\u00e9lo agr\u00e9ables, m\u00eame dans l&rsquo;obscurit\u00e9. De plus, la lampe LED dispose de 4 modes diff\u00e9rents&nbsp;: lumi\u00e8re clignotante rapide ou lente, lumi\u00e8re de croisement, lumi\u00e8re puls\u00e9e ou continue.<\/span><\/p>\n<p><span style=\"font-weight: 400;\">Le feu arri\u00e8re fonctionne avec une batterie et peut \u00eatre charg\u00e9 rapidement \u00e0 l&rsquo;aide du c\u00e2ble USB fourni. Le feu arri\u00e8re du v\u00e9lo peut \u00eatre attach\u00e9 sur la tige de selle, les haubans et le cadre sans outils gr\u00e2ce \u00e0 la fixation rapide.&nbsp;<\/span><\/p>\n<p><b>Informations sur le produit&nbsp;:<\/b><\/p>\n<ul>\n<li><span style=\"font-weight: 400;\">D\u00e9signation&nbsp;: Feu arri\u00e8re de v\u00e9lo rechargeable par USB HJ-056<\/span><\/li>\n<li><span style=\"font-weight: 400;\">Lumi\u00e8re d&rsquo;avertissement LED rouge avec 4 modes<\/span><\/li>\n<li><span style=\"font-weight: 400;\">Montage simple et rapide sans outil&nbsp;<\/span><\/li>\n<li><span style=\"font-weight: 400;\">Lumen&nbsp;: 50 Lm<\/span><\/li>\n<li><span style=\"font-weight: 400;\">Diodes LED lumineuses et \u00e9conomisant la batterie<\/span><\/li>\n<li><span style=\"font-weight: 400;\">Batterie&nbsp;: batterie au li-ion rechargeable de 330 mAh<\/span><\/li>\n<li><span style=\"font-weight: 400;\">Design compact, installation facile<\/span><\/li>\n<li><span style=\"font-weight: 400;\">Livr\u00e9 avec support de tige de selle<\/span><\/li>\n<li><span style=\"font-weight: 400;\">C\u00e2ble de charge USB inclus<\/span><\/li>\n<li><span style=\"font-weight: 400;\">Classe de protection&nbsp;: IPX4, \u00e9tanche<\/span><\/li>\n<li><span style=\"font-weight: 400;\">Dur\u00e9e de fonctionnement&nbsp;: 10 heures&nbsp;<\/span><\/li>\n<li><span style=\"font-weight: 400;\">Dur\u00e9e de charge&nbsp;: 2 heures&nbsp;<\/span><\/li>\n<li><span style=\"font-weight: 400;\">Couleur&nbsp;: noir \/ rouge&nbsp;<\/span><\/li>\n<li><span style=\"font-weight: 400;\">Poids&nbsp;: 19 g.<\/span><\/li>\n<li><b>Mati\u00e8re&nbsp;:<\/b><span style=\"font-weight: 400;\"> Plastique ABS \/ PC&nbsp;<\/span><\/li>\n<li><span style=\"font-weight: 400;\">Dimensions&nbsp;: longueur 70 mm x largeur 20 mm x profondeur 15 mm<\/span><\/li>\n<\/ul>\n","protected":false},"excerpt":{"rendered":"<p><span style=\"font-weight: 400;\">Ce feu arri\u00e8re de v\u00e9lo \u00e0 LED vous garantit de ne pas vous retrouver dans le noir. Ses 50 lumens tr\u00e8s visibles et puissants vous rendent facilement visible de loin.<\/span> <span style=\"font-weight: 400;\">Garantissez-vous plus de s\u00e9curit\u00e9 lors de vos d\u00e9placements \u00e0 v\u00e9lo avec ce feu arri\u00e8re de v\u00e9lo. Fixez cet avertisseur \u00e0 la tige de selle \u00e0 l&rsquo;aide de l&rsquo;\u00e9lastique \u00e0 taille r\u00e9glable. Vous pouvez \u00e9galement fixer ce feu lumineux aux barres fines de la selle ou \u00e0 votre sac \u00e0 dos. Le feu arri\u00e8re rouge vous garantit des trajets \u00e0 v\u00e9lo agr\u00e9ables, m\u00eame dans l&rsquo;obscurit\u00e9. De plus, la lampe LED dispose de 4 modes diff\u00e9rents&nbsp;: lumi\u00e8re clignotante rapide ou lente, lumi\u00e8re de croisement, lumi\u00e8re puls\u00e9e ou continue.<\/span><\/p>\n","protected":false},"featured_media":149904,"comment_status":"closed","ping_status":"closed","template":"","meta":{"inline_featured_image":false},"product_brand":[],"product_cat":[1343,887,1435],"product_tag":[1765],"class_list":{"0":"post-149931","1":"product","2":"type-product","3":"status-publish","4":"has-post-thumbnail","6":"product_cat-lampes-lampes-de-poche","7":"product_cat-accessoires","8":"product_cat-camping-voyage","9":"product_tag-sport-outdoor-fr","11":"first","12":"instock","13":"taxable","14":"shipping-taxable","15":"purchasable","16":"product-type-simple"},"_links":{"self":[{"href":"https:\/\/metal-badge.ch\/fr\/wp-json\/wp\/v2\/product\/149931","targetHints":{"allow":["GET"]}}],"collection":[{"href":"https:\/\/metal-badge.ch\/fr\/wp-json\/wp\/v2\/product"}],"about":[{"href":"https:\/\/metal-badge.ch\/fr\/wp-json\/wp\/v2\/types\/product"}],"replies":[{"embeddable":true,"href":"https:\/\/metal-badge.ch\/fr\/wp-json\/wp\/v2\/comments?post=149931"}],"wp:featuredmedia":[{"embeddable":true,"href":"https:\/\/metal-badge.ch\/fr\/wp-json\/wp\/v2\/media\/149904"}],"wp:attachment":[{"href":"https:\/\/metal-badge.ch\/fr\/wp-json\/wp\/v2\/media?parent=149931"}],"wp:term":[{"taxonomy":"product_brand","embeddable":true,"href":"https:\/\/metal-badge.ch\/fr\/wp-json\/wp\/v2\/product_brand?post=149931"},{"taxonomy":"product_cat","embeddable":true,"href":"https:\/\/metal-badge.ch\/fr\/wp-json\/wp\/v2\/product_cat?post=149931"},{"taxonomy":"product_tag","embeddable":true,"href":"https:\/\/metal-badge.ch\/fr\/wp-json\/wp\/v2\/product_tag?post=149931"}],"curies":[{"name":"wp","href":"https:\/\/api.w.org\/{rel}","templated":true}]}}