{"id":149738,"date":"2025-07-22T01:53:22","date_gmt":"2025-07-21T23:53:22","guid":{"rendered":"https:\/\/metal-badge.ch\/product\/149738\/feu-arriere-de-velo-avertisseur-led-ipx4-rouge\/"},"modified":"2025-07-22T01:53:22","modified_gmt":"2025-07-21T23:53:22","slug":"feu-arriere-de-velo-avertisseur-led-ipx4-rouge","status":"publish","type":"product","link":"https:\/\/metal-badge.ch\/fr\/product\/149738\/feu-arriere-de-velo-avertisseur-led-ipx4-rouge\/","title":{"rendered":"Feu arri\u00e8re de v\u00e9lo, avertisseur LED IPX4 &#8211; Rouge"},"content":{"rendered":"<p><span style=\"font-weight: 400;\">Ce feu arri\u00e8re de v\u00e9lo \u00e0 LED vous garantit de ne pas vous retrouver dans le noir. Ses 100 lumens tr\u00e8s visibles et puissants vous rendent facilement visible de loin.<\/span> <span style=\"font-weight: 400;\">Garantissez-vous plus de s\u00e9curit\u00e9 lors de vos d\u00e9placements \u00e0 v\u00e9lo avec ce feu arri\u00e8re de v\u00e9lo. Fixez le feu d&rsquo;avertissement sur la tige de selle ou sur le porte-bagages \u00e0 l&rsquo;aide de l&rsquo;anneau \u00e9lastique avec syst\u00e8me de clipsage. Le feu arri\u00e8re rouge vous garantit des trajets \u00e0 v\u00e9lo agr\u00e9ables, m\u00eame dans l&rsquo;obscurit\u00e9. De plus, la lampe LED dispose de 10 modes diff\u00e9rents&nbsp; lumi\u00e8re continue, lumi\u00e8re clignotante rapide et lumi\u00e8re clignotante lente, lumi\u00e8re stroboscopique, etc.<\/span><\/p>\n<p><span style=\"font-weight: 400;\">Le feu arri\u00e8re est aliment\u00e9 par deux piles AAA non fournies. Le feu arri\u00e8re du v\u00e9lo peut \u00eatre attach\u00e9 sur la tige de selle, les haubans et le cadre sans outils gr\u00e2ce \u00e0 la fixation rapide. &#8211; avec support universel &#8211; 5 diodes LED lumineuses et consommant peu de batterie.&nbsp;&nbsp;<\/span><\/p>\n<p><b>Informations sur le produit&nbsp;:<\/b><\/p>\n<ul>\n<li><span style=\"font-weight: 400;\">D\u00e9signation&nbsp;: Feu arri\u00e8re de v\u00e9lo rechargeable par USB 13009.05<\/span><\/li>\n<li><span style=\"font-weight: 400;\">Lumi\u00e8re d&rsquo;avertissement LED rouge avec 10x modes<\/span><\/li>\n<li><span style=\"font-weight: 400;\">lumi\u00e8re continue, lumi\u00e8re clignotante rapide, lumi\u00e8re clignotante lente, lumi\u00e8re stroboscopique, etc.<\/span><\/li>\n<li><span style=\"font-weight: 400;\">Lumen&nbsp;: 100 Lm<\/span><\/li>\n<li><span style=\"font-weight: 400;\">Piles&nbsp;: 2 AAA&nbsp;<\/span><\/li>\n<li><span style=\"font-weight: 400;\">Les piles ne sont pas incluses dans la livraison<\/span><\/li>\n<li><span style=\"font-weight: 400;\">Design compact, installation facile<\/span><\/li>\n<li><span style=\"font-weight: 400;\">Livr\u00e9 avec support de tige de selle<\/span><\/li>\n<li><span style=\"font-weight: 400;\">Classe de protection&nbsp;: IPX4<\/span><\/li>\n<li><span style=\"font-weight: 400;\">Dur\u00e9e de fonctionnement&nbsp;: 10 heures&nbsp;<\/span><\/li>\n<li><span style=\"font-weight: 400;\">Couleur&nbsp;: noir \/ rouge&nbsp;<\/span><\/li>\n<li><span style=\"font-weight: 400;\">Couleur d\u2019\u00e9clairage&nbsp;: rouge&nbsp;<\/span><\/li>\n<li><span style=\"font-weight: 400;\">5 diodes LED<\/span><\/li>\n<li><span style=\"font-weight: 400;\">Poids&nbsp;: 35 g sans piles<\/span><\/li>\n<li><span style=\"font-weight: 400;\">Mati\u00e8re&nbsp;: Plastique ABS&nbsp;&nbsp;<\/span><\/li>\n<li><span style=\"font-weight: 400;\">Dimensions&nbsp;: longueur 75 mm x largeur 65 mm x hauteur 26 mm<\/span><\/li>\n<\/ul>\n","protected":false},"excerpt":{"rendered":"<p><span style=\"font-weight: 400;\">Ce feu arri\u00e8re de v\u00e9lo \u00e0 LED vous garantit de ne pas vous retrouver dans le noir. Ses 100 lumens tr\u00e8s visibles et puissants vous rendent facilement visible de loin.<\/span> <span style=\"font-weight: 400;\">Garantissez-vous plus de s\u00e9curit\u00e9 lors de vos d\u00e9placements \u00e0 v\u00e9lo avec ce feu arri\u00e8re de v\u00e9lo. Fixez le feu d&rsquo;avertissement sur la tige de selle ou sur le porte-bagages \u00e0 l&rsquo;aide de l&rsquo;anneau \u00e9lastique avec syst\u00e8me de clipsage. Le feu arri\u00e8re rouge vous garantit des trajets \u00e0 v\u00e9lo agr\u00e9ables, m\u00eame dans l&rsquo;obscurit\u00e9. De plus, la lampe LED dispose de 10 modes diff\u00e9rents&nbsp; lumi\u00e8re continue, lumi\u00e8re clignotante rapide et lumi\u00e8re clignotante lente, lumi\u00e8re stroboscopique, etc.<\/span><\/p>\n","protected":false},"featured_media":149695,"comment_status":"closed","ping_status":"closed","template":"","meta":{"inline_featured_image":false},"product_brand":[],"product_cat":[1343,887,1435],"product_tag":[1765],"class_list":{"0":"post-149738","1":"product","2":"type-product","3":"status-publish","4":"has-post-thumbnail","6":"product_cat-lampes-lampes-de-poche","7":"product_cat-accessoires","8":"product_cat-camping-voyage","9":"product_tag-sport-outdoor-fr","11":"first","12":"instock","13":"taxable","14":"shipping-taxable","15":"purchasable","16":"product-type-simple"},"_links":{"self":[{"href":"https:\/\/metal-badge.ch\/fr\/wp-json\/wp\/v2\/product\/149738","targetHints":{"allow":["GET"]}}],"collection":[{"href":"https:\/\/metal-badge.ch\/fr\/wp-json\/wp\/v2\/product"}],"about":[{"href":"https:\/\/metal-badge.ch\/fr\/wp-json\/wp\/v2\/types\/product"}],"replies":[{"embeddable":true,"href":"https:\/\/metal-badge.ch\/fr\/wp-json\/wp\/v2\/comments?post=149738"}],"wp:featuredmedia":[{"embeddable":true,"href":"https:\/\/metal-badge.ch\/fr\/wp-json\/wp\/v2\/media\/149695"}],"wp:attachment":[{"href":"https:\/\/metal-badge.ch\/fr\/wp-json\/wp\/v2\/media?parent=149738"}],"wp:term":[{"taxonomy":"product_brand","embeddable":true,"href":"https:\/\/metal-badge.ch\/fr\/wp-json\/wp\/v2\/product_brand?post=149738"},{"taxonomy":"product_cat","embeddable":true,"href":"https:\/\/metal-badge.ch\/fr\/wp-json\/wp\/v2\/product_cat?post=149738"},{"taxonomy":"product_tag","embeddable":true,"href":"https:\/\/metal-badge.ch\/fr\/wp-json\/wp\/v2\/product_tag?post=149738"}],"curies":[{"name":"wp","href":"https:\/\/api.w.org\/{rel}","templated":true}]}}