{"id":149683,"date":"2025-07-19T23:08:36","date_gmt":"2025-07-19T21:08:36","guid":{"rendered":"https:\/\/metal-badge.ch\/product\/149683\/feux-led-avant-et-arriere-pour-velo-rechargeable-en-aluminium-usb\/"},"modified":"2025-07-19T23:15:07","modified_gmt":"2025-07-19T21:15:07","slug":"feux-led-avant-et-arriere-pour-velo-rechargeable-en-aluminium-usb","status":"publish","type":"product","link":"https:\/\/metal-badge.ch\/fr\/product\/149683\/feux-led-avant-et-arriere-pour-velo-rechargeable-en-aluminium-usb\/","title":{"rendered":"Feux LED avant et arri\u00e8re pour v\u00e9lo, rechargeable, en aluminium, USB"},"content":{"rendered":"<p><span style=\"font-weight: 400;\">Ce jeu de feux de v\u00e9lo rechargeable avec feu avant et feu arri\u00e8re est livr\u00e9 avec deux supports de montage rapide. Les lampes sont rechargeables gr\u00e2ce \u00e0 la batterie int\u00e9gr\u00e9e, 2 c\u00e2bles USB sont compris,&nbsp; et elles fournissent un \u00e9clairage ample gr\u00e2ce au large faisceau lumineux.&nbsp; Vous pouvez faire confiance au feu avant, avec ses 1000 lumens ; que ce soit en milieu urbain ou \u00e0 la campagne, il vous assure que vous serez toujours en s\u00e9curit\u00e9 sur la route. La lampe de v\u00e9lo dispose de 6 modes diff\u00e9rents. C\u00f4ne lumineux large et puissant \/ c\u00f4ne lumineux large et faible \/ faisceau lumineux \u00ab spot&nbsp; \u00bb puissant \/ lumi\u00e8re compl\u00e8te puissante \/ lumi\u00e8re clignotante puissante \/ flash lumineux rapide. La lampe est facile \u00e0 utiliser et peut \u00eatre contr\u00f4l\u00e9e par appui sur un bouton. Le jeu de lampes pour v\u00e9lo est \u00e9tanche, \u00e9quip\u00e9 d&rsquo;un indicateur de charge de la batterie et fabriqu\u00e9 en aluminium. Cette lampe frontale assure que vous n&rsquo;aurez pas d&rsquo;angle mort. La lumi\u00e8re est \u00e9quip\u00e9e lat\u00e9ralement d&rsquo;un feu d&rsquo;avertissement \/ lumi\u00e8re rouge continue. Si quelqu&rsquo;un roule \u00e0 c\u00f4t\u00e9 de vous dans la nuit, vous serez \u00e9galement visible lat\u00e9ralement. La batterie au lithium int\u00e9gr\u00e9e vous permettra de recharger rapidement le feu par c\u00e2ble USB. Des \u00e9lastiques \u00e0 clipser sont fournis pour le montage des deux lampes. Vous pouvez les monter sur votre v\u00e9lo sans outils. Les lampes peuvent \u00eatre rapidement d\u00e9tach\u00e9es ou mont\u00e9es \u00e0 l&rsquo;aide de la fixation \u00e0 clipser de l&rsquo;\u00e9lastique.&nbsp;<\/span><\/p>\n<p><b>Informations sur le produit&nbsp;:&nbsp;<\/b><\/p>\n<ul>\n<li><span style=\"font-weight: 400;\">D\u00e9signation&nbsp;: Bike Light&nbsp;<\/span><\/li>\n<li><span style=\"font-weight: 400;\">Jeu feu avant et arri\u00e8re, mod\u00e8le BK-02&nbsp;<\/span><\/li>\n<li><span style=\"font-weight: 400;\">Mat\u00e9riau du feu avant&nbsp;:&nbsp; Bo\u00eetier en aluminium<\/span><\/li>\n<li><span style=\"font-weight: 400;\">Poids du feu avant&nbsp;: 75 g.&nbsp;<\/span><\/li>\n<li><span style=\"font-weight: 400;\">Couleur&nbsp;: noir&nbsp;<\/span><\/li>\n<li><span style=\"font-weight: 400;\">Couleur de la lumi\u00e8re&nbsp;: blanche<\/span><\/li>\n<li><span style=\"font-weight: 400;\">Batterie&nbsp;: 3,7 V \/ 1200 mAh<\/span><\/li>\n<li><span style=\"font-weight: 400;\">Dur\u00e9e d\u2019\u00e9clairage avec lumi\u00e8re compl\u00e8te&nbsp;: 3 heures&nbsp;&nbsp;<\/span><\/li>\n<li><span style=\"font-weight: 400;\">Dur\u00e9e d\u2019\u00e9clairage avec lumi\u00e8re att\u00e9nu\u00e9e&nbsp;: 10 heures<\/span><\/li>\n<li><span style=\"font-weight: 400;\">Modes&nbsp;: 6 modes diff\u00e9rents, voir sur l\u2019image et dans la vid\u00e9o<\/span><\/li>\n<li><span style=\"font-weight: 400;\">Feu avant avec 2 ampoules LED<\/span><\/li>\n<li><span style=\"font-weight: 400;\">Lumen&nbsp;: 1000 Lumen<\/span><\/li>\n<li><span style=\"font-weight: 400;\">Affichage de la charge de la batterie<\/span><\/li>\n<li><span style=\"font-weight: 400;\">Batterie faible (avertissement)<\/span><\/li>\n<li><span style=\"font-weight: 400;\">Grande r\u00e9sistance aux chocs (incassable)<\/span><\/li>\n<li><span style=\"font-weight: 400;\">Feu d&rsquo;avertissement lat\u00e9ral rouge permanent pour les v\u00e9hicules passant \u00e0 proximit\u00e9&nbsp;<\/span><\/li>\n<li><span style=\"font-weight: 400;\">\u00c9tanche selon IPX7<\/span><\/li>\n<li><span style=\"font-weight: 400;\">Dimensions&nbsp;: Longueur x largeur x hauteur \/\/ 6,5cm x 3,5cm x 2,5cm&nbsp;<\/span><\/li>\n<\/ul>\n<p><b><i>Feu arri\u00e8re&nbsp;:&nbsp;<\/i><\/b><\/p>\n<ul>\n<li><span style=\"font-weight: 400;\">Batterie&nbsp;: batterie au li-ion rechargeable de 330 mAh<\/span><\/li>\n<li><span style=\"font-weight: 400;\">Lumi\u00e8re d&rsquo;avertissement LED rouge avec 4 modes<\/span><\/li>\n<li><span style=\"font-weight: 400;\">Couleur d\u2019\u00e9clairage&nbsp;: rouge&nbsp;<\/span><\/li>\n<li><span style=\"font-weight: 400;\">Montage simple et rapide sans outil&nbsp;<\/span><\/li>\n<li><span style=\"font-weight: 400;\">Lumen&nbsp;: 50 Lm<\/span><\/li>\n<li><span style=\"font-weight: 400;\">Classe de protection&nbsp;: IPX4, \u00e9tanche<\/span><\/li>\n<li><span style=\"font-weight: 400;\">Dur\u00e9e de fonctionnement&nbsp;: 10 heures&nbsp;<\/span><\/li>\n<li><span style=\"font-weight: 400;\">Dur\u00e9e de charge&nbsp;: 2 heures<\/span><\/li>\n<li><span style=\"font-weight: 400;\">Dimensions&nbsp;: Longueur x Largeur x Profondeur \/\/ 7,0 cm x 2,0 cm x 1,5 cm&nbsp;&nbsp;<\/span><\/li>\n<li><span style=\"font-weight: 400;\">Couleur&nbsp;: noir \/ rouge&nbsp;<\/span><\/li>\n<li><span style=\"font-weight: 400;\">Poids&nbsp;: 19 g.<\/span><\/li>\n<li><span style=\"font-weight: 400;\">La livraison comprend 2 c\u00e2bles de chargement USB ainsi que les \u00e9lastiques de montage.<\/span><\/li>\n<li><span style=\"font-weight: 400;\">Prix du jeu de feux avant et arri\u00e8re<\/span><\/li>\n<\/ul>\n","protected":false},"excerpt":{"rendered":"<p><span style=\"font-weight: 400;\">Ce jeu de feux de v\u00e9lo rechargeable avec feu avant et feu arri\u00e8re est livr\u00e9 avec deux supports de montage rapide. Les lampes sont rechargeables gr\u00e2ce \u00e0 la batterie int\u00e9gr\u00e9e, 2 c\u00e2bles USB sont compris,&nbsp; et elles fournissent un \u00e9clairage ample gr\u00e2ce au large faisceau lumineux.&nbsp; Vous pouvez faire confiance au feu avant, avec ses 1000 lumens ; que ce soit en milieu urbain ou \u00e0 la campagne, il vous assure que vous serez toujours en s\u00e9curit\u00e9 sur la route. La lampe de v\u00e9lo dispose de 6 modes diff\u00e9rents. C\u00f4ne lumineux large et puissant \/ c\u00f4ne lumineux large et faible \/ faisceau lumineux \u00ab spot&nbsp; \u00bb puissant \/ lumi\u00e8re compl\u00e8te puissante \/ lumi\u00e8re clignotante puissante \/ flash lumineux rapide.<\/span><\/p>\n","protected":false},"featured_media":149620,"comment_status":"closed","ping_status":"closed","template":"","meta":{"inline_featured_image":false},"product_brand":[],"product_cat":[1343,887,1435],"product_tag":[1765],"class_list":{"0":"post-149683","1":"product","2":"type-product","3":"status-publish","4":"has-post-thumbnail","6":"product_cat-lampes-lampes-de-poche","7":"product_cat-accessoires","8":"product_cat-camping-voyage","9":"product_tag-sport-outdoor-fr","11":"first","12":"instock","13":"taxable","14":"shipping-taxable","15":"purchasable","16":"product-type-simple"},"_links":{"self":[{"href":"https:\/\/metal-badge.ch\/fr\/wp-json\/wp\/v2\/product\/149683","targetHints":{"allow":["GET"]}}],"collection":[{"href":"https:\/\/metal-badge.ch\/fr\/wp-json\/wp\/v2\/product"}],"about":[{"href":"https:\/\/metal-badge.ch\/fr\/wp-json\/wp\/v2\/types\/product"}],"replies":[{"embeddable":true,"href":"https:\/\/metal-badge.ch\/fr\/wp-json\/wp\/v2\/comments?post=149683"}],"wp:featuredmedia":[{"embeddable":true,"href":"https:\/\/metal-badge.ch\/fr\/wp-json\/wp\/v2\/media\/149620"}],"wp:attachment":[{"href":"https:\/\/metal-badge.ch\/fr\/wp-json\/wp\/v2\/media?parent=149683"}],"wp:term":[{"taxonomy":"product_brand","embeddable":true,"href":"https:\/\/metal-badge.ch\/fr\/wp-json\/wp\/v2\/product_brand?post=149683"},{"taxonomy":"product_cat","embeddable":true,"href":"https:\/\/metal-badge.ch\/fr\/wp-json\/wp\/v2\/product_cat?post=149683"},{"taxonomy":"product_tag","embeddable":true,"href":"https:\/\/metal-badge.ch\/fr\/wp-json\/wp\/v2\/product_tag?post=149683"}],"curies":[{"name":"wp","href":"https:\/\/api.w.org\/{rel}","templated":true}]}}