{"id":149458,"date":"2025-07-18T03:36:32","date_gmt":"2025-07-18T01:36:32","guid":{"rendered":"https:\/\/metal-badge.ch\/product\/149458\/botte-dintervention-a533-code-black-avec-tirette-laterale-noire\/"},"modified":"2025-07-18T03:36:32","modified_gmt":"2025-07-18T01:36:32","slug":"botte-dintervention-a533-code-black-avec-tirette-laterale-noire","status":"publish","type":"product","link":"https:\/\/metal-badge.ch\/fr\/product\/149458\/botte-dintervention-a533-code-black-avec-tirette-laterale-noire\/","title":{"rendered":"Botte d\u2019intervention A533 code Black avec tirette lat\u00e9rale noire"},"content":{"rendered":"<p><span style=\"font-weight: 400;\">Ce nouveau type de botte d&rsquo;intervention respirante a \u00e9t\u00e9 sp\u00e9cialement d\u00e9velopp\u00e9 pour les forces d&rsquo;urgence et les services de s\u00e9curit\u00e9. La botte A533 code Black offre une protection optimale, un confort extr\u00eame et une excellente tenue. Le mat\u00e9riau sup\u00e9rieur est du cuir avec des panneaux en maille respirante. La fermeture \u00e9clair lat\u00e9rale permet de les mettre et de les enlever facilement. La semelle antid\u00e9rapante et r\u00e9sistante aux produits huileux offre une adh\u00e9rence maximale, quelle que soit la surface. Le look classique et discret fait de la botte A533 Code Black un accessoire id\u00e9al pour toutes les organisations d&rsquo;urgence et dans tous les types d&rsquo;op\u00e9rations. Elles sont aussi parfaites pour travailler sur les chantiers de construction ou simplement pour les activit\u00e9s de plein air.<\/span><\/p>\n<p><b>Informations sur le produit&nbsp;:<\/b><\/p>\n<ul>\n<li><span style=\"font-weight: 400;\">D\u00e9signation&nbsp;: Botte d\u2019intervention&nbsp;<\/span><\/li>\n<li><span style=\"font-weight: 400;\">Mod\u00e8le&nbsp;: A533 code Black&nbsp;&nbsp;<\/span><\/li>\n<li><span style=\"font-weight: 400;\">Fermeture \u00e0 glissi\u00e8re lat\u00e9rale pour une mise en place et un retrait faciles, avec fermeture velcro suppl\u00e9mentaire.<\/span><\/li>\n<li><span style=\"font-weight: 400;\">semelle antid\u00e9rapante et r\u00e9sistante \u00e0 l&rsquo;huile<\/span><\/li>\n<li><span style=\"font-weight: 400;\">tr\u00e8s l\u00e9g\u00e8re et confortable&nbsp;&nbsp;<\/span><\/li>\n<li><span style=\"font-weight: 400;\">Respirant&nbsp;<\/span><\/li>\n<li><span style=\"font-weight: 400;\">Renfort int\u00e9rieur non m\u00e9tallique de la semelle plantaire<\/span><\/li>\n<li><span style=\"font-weight: 400;\">Mat\u00e9riau sup\u00e9rieur&nbsp;: cuir&nbsp;<\/span><\/li>\n<li><span style=\"font-weight: 400;\">Rembourrage&nbsp;: Nylon \/ maille<\/span><\/li>\n<li><span style=\"font-weight: 400;\">Lacets&nbsp;: noirs&nbsp;<\/span><\/li>\n<li><span style=\"font-weight: 400;\">Manchette sup\u00e9rieure rembourr\u00e9e<\/span><\/li>\n<li><span style=\"font-weight: 400;\">Bords et languette rembourr\u00e9s pour une meilleure protection et une respirabilit\u00e9 accrue.<\/span><\/li>\n<li><span style=\"font-weight: 400;\">Semelle int\u00e9rieure en EVA rempla\u00e7able<\/span><\/li>\n<li><span style=\"font-weight: 400;\">Talon \u00e0 double piq\u00fbre pour la durabilit\u00e9 et la long\u00e9vit\u00e9<\/span><\/li>\n<li><span style=\"font-weight: 400;\">Semelle ext\u00e9rieure&nbsp;: caoutchouc<\/span><\/li>\n<li><span style=\"font-weight: 400;\">Couleur&nbsp;: noir<\/span><\/li>\n<li><span style=\"font-weight: 400;\">Poids&nbsp;: 1150 g \/ paire \/ taille 42<\/span><\/li>\n<li><span style=\"font-weight: 400;\">Tailles&nbsp;: 41-46<\/span><\/li>\n<\/ul>\n","protected":false},"excerpt":{"rendered":"<p><span style=\"font-weight: 400;\">Ce nouveau type de botte d&rsquo;intervention respirante a \u00e9t\u00e9 sp\u00e9cialement d\u00e9velopp\u00e9 pour les forces d&rsquo;urgence et les services de s\u00e9curit\u00e9. La botte A533 code Black offre une protection optimale, un confort extr\u00eame et une excellente tenue. Le mat\u00e9riau sup\u00e9rieur est du cuir avec des panneaux en maille respirante. La fermeture \u00e9clair lat\u00e9rale permet de les mettre et de les enlever facilement. La semelle antid\u00e9rapante et r\u00e9sistante aux produits huileux offre une adh\u00e9rence maximale, quelle que soit la surface. Le look classique et discret fait de la botte A533 Code Black un accessoire id\u00e9al pour toutes les organisations d&rsquo;urgence et dans tous les types d&rsquo;op\u00e9rations. Elles sont aussi parfaites pour travailler sur les chantiers de construction ou simplement pour les activit\u00e9s de plein air.<\/span><\/p>\n","protected":false},"featured_media":149431,"comment_status":"closed","ping_status":"closed","template":"","meta":{"inline_featured_image":false},"product_brand":[],"product_cat":[2197,887],"product_tag":[],"class_list":{"0":"post-149458","1":"product","2":"type-product","3":"status-publish","4":"has-post-thumbnail","6":"product_cat-chaussuresetbottes","7":"product_cat-accessoires","9":"first","10":"instock","11":"taxable","12":"shipping-taxable","13":"purchasable","14":"product-type-simple"},"_links":{"self":[{"href":"https:\/\/metal-badge.ch\/fr\/wp-json\/wp\/v2\/product\/149458","targetHints":{"allow":["GET"]}}],"collection":[{"href":"https:\/\/metal-badge.ch\/fr\/wp-json\/wp\/v2\/product"}],"about":[{"href":"https:\/\/metal-badge.ch\/fr\/wp-json\/wp\/v2\/types\/product"}],"replies":[{"embeddable":true,"href":"https:\/\/metal-badge.ch\/fr\/wp-json\/wp\/v2\/comments?post=149458"}],"wp:featuredmedia":[{"embeddable":true,"href":"https:\/\/metal-badge.ch\/fr\/wp-json\/wp\/v2\/media\/149431"}],"wp:attachment":[{"href":"https:\/\/metal-badge.ch\/fr\/wp-json\/wp\/v2\/media?parent=149458"}],"wp:term":[{"taxonomy":"product_brand","embeddable":true,"href":"https:\/\/metal-badge.ch\/fr\/wp-json\/wp\/v2\/product_brand?post=149458"},{"taxonomy":"product_cat","embeddable":true,"href":"https:\/\/metal-badge.ch\/fr\/wp-json\/wp\/v2\/product_cat?post=149458"},{"taxonomy":"product_tag","embeddable":true,"href":"https:\/\/metal-badge.ch\/fr\/wp-json\/wp\/v2\/product_tag?post=149458"}],"curies":[{"name":"wp","href":"https:\/\/api.w.org\/{rel}","templated":true}]}}