{"id":149426,"date":"2025-07-18T03:22:08","date_gmt":"2025-07-18T01:22:08","guid":{"rendered":"https:\/\/metal-badge.ch\/product\/149426\/menottes-en-corde-hc40-noire-lot-de-10\/"},"modified":"2025-07-18T03:22:08","modified_gmt":"2025-07-18T01:22:08","slug":"menottes-en-corde-hc40-noire-lot-de-10","status":"publish","type":"product","link":"https:\/\/metal-badge.ch\/fr\/product\/149426\/menottes-en-corde-hc40-noire-lot-de-10\/","title":{"rendered":"Menottes en corde HC40 noire, lot de 10"},"content":{"rendered":"<p><span style=\"font-weight: 400;\">Le nylon tress\u00e9 est une garantie de durabilit\u00e9 et flexibilit\u00e9, ce qui rend ces menottes en corde facile \u00e0 utiliser. Le bloc de verrouillage robuste en polycarbonate (PC) emp\u00eache toute ouverture accidentelle et offre une s\u00e9curit\u00e9 suppl\u00e9mentaire dans les situations critiques. Les menottes ne coupent pas et provoquent pas de friction contre la peau&nbsp;; il n&rsquo;y a donc aucun risque de blessure.<\/span><\/p>\n<p><span style=\"font-weight: 400;\">Avec leur poids de 12 g seulement, ces menottes en nylon sont ultra-l\u00e9g\u00e8res et faciles \u00e0 transporter. Gr\u00e2ce \u00e0 leur longueur ample de 48 cm et \u00e0 leur diam\u00e8tre maximal de 8 mm, elles pourront se fixer \u00e0 tous les poignets.&nbsp;<\/span><\/p>\n<p><span style=\"font-weight: 400;\">Les menottes jetables HC 40 utilisent un nouveau syst\u00e8me de verrouillage pratiquement impossible \u00e0 retirer, m\u00eame par des personnes tr\u00e8s fortes. La r\u00e9sistance minimale \u00e0 la traction des menottes est de 140 kg (test certifi\u00e9). Les principaux avantages sont le faible poids et la maniabilit\u00e9 n\u00e9cessaire. Ce produit est brevet\u00e9 aux \u00c9tats-Unis et en Europe et est utilis\u00e9 par les unit\u00e9s de police de diff\u00e9rents pays. Les menottes sont commercialis\u00e9es par lot de 10. Le <\/span><b>cutter Scarab ASP <\/b><span style=\"font-weight: 400;\">est le plus appropri\u00e9 pour ouvrir les menottes.<\/span><\/p>\n<p><span style=\"font-weight: 400;\">Ces menottes en corde sont un outil indispensable pour la police et le personnel de s\u00e9curit\u00e9 dans diverses op\u00e9rations.&nbsp;<\/span><\/p>\n<p><b>Informations sur le produit&nbsp;:<\/b><\/p>\n<ul>\n<li style=\"font-weight: 400;\" aria-level=\"1\"><span style=\"font-weight: 400;\">R\u00e9sistance \u00e0 la traction&nbsp;: \u2265600&nbsp;N<\/span><\/li>\n<li style=\"font-weight: 400;\" aria-level=\"1\"><span style=\"font-weight: 400;\">Mati\u00e8re&nbsp;: nylon tress\u00e9<\/span><\/li>\n<li style=\"font-weight: 400;\" aria-level=\"1\"><span style=\"font-weight: 400;\">Mati\u00e8re du bloc de verrouillage&nbsp;: PC<\/span><\/li>\n<li style=\"font-weight: 400;\" aria-level=\"1\"><span style=\"font-weight: 400;\">Poids&nbsp;: \u226412 g<\/span><\/li>\n<li style=\"font-weight: 400;\" aria-level=\"1\"><span style=\"font-weight: 400;\">Largeur&nbsp;: 8 cm<\/span><\/li>\n<li style=\"font-weight: 400;\" aria-level=\"1\"><span style=\"font-weight: 400;\">Circonf\u00e9rence d\u2019un c\u00f4t\u00e9&nbsp;: 480 cm<\/span><\/li>\n<li style=\"font-weight: 400;\" aria-level=\"1\"><span style=\"font-weight: 400;\">Diam\u00e8tre maximal (un c\u00f4t\u00e9)&nbsp;: 21 cm<\/span><\/li>\n<li style=\"font-weight: 400;\" aria-level=\"1\"><span style=\"font-weight: 400;\">R\u00e9siste \u00e0 des temp\u00e9ratures de jusqu\u2019\u00e0 220 \u00baC<\/span><\/li>\n<\/ul>\n","protected":false},"excerpt":{"rendered":"<p><span style=\"font-weight: 400;\">Le nylon tress\u00e9 est une garantie de durabilit\u00e9 et flexibilit\u00e9, ce qui rend ces menottes en corde facile \u00e0 utiliser. Le bloc de verrouillage robuste en polycarbonate (PC) emp\u00eache toute ouverture accidentelle et offre une s\u00e9curit\u00e9 suppl\u00e9mentaire dans les situations critiques. Les menottes ne coupent pas et provoquent pas de friction contre la peau&nbsp;; il n&rsquo;y a donc aucun risque de blessure.<\/span><\/p>\n","protected":false},"featured_media":149419,"comment_status":"closed","ping_status":"closed","template":"","meta":{"inline_featured_image":false},"product_brand":[],"product_cat":[1463,887,1946],"product_tag":[1781],"class_list":{"0":"post-149426","1":"product","2":"type-product","3":"status-publish","4":"has-post-thumbnail","6":"product_cat-menottes-bracelets-de-cheville-zak-tool","7":"product_cat-accessoires","8":"product_cat-organisations-lumiere-bleue-securite","9":"product_tag-police-securite","11":"first","12":"instock","13":"taxable","14":"shipping-taxable","15":"purchasable","16":"product-type-simple"},"_links":{"self":[{"href":"https:\/\/metal-badge.ch\/fr\/wp-json\/wp\/v2\/product\/149426","targetHints":{"allow":["GET"]}}],"collection":[{"href":"https:\/\/metal-badge.ch\/fr\/wp-json\/wp\/v2\/product"}],"about":[{"href":"https:\/\/metal-badge.ch\/fr\/wp-json\/wp\/v2\/types\/product"}],"replies":[{"embeddable":true,"href":"https:\/\/metal-badge.ch\/fr\/wp-json\/wp\/v2\/comments?post=149426"}],"wp:featuredmedia":[{"embeddable":true,"href":"https:\/\/metal-badge.ch\/fr\/wp-json\/wp\/v2\/media\/149419"}],"wp:attachment":[{"href":"https:\/\/metal-badge.ch\/fr\/wp-json\/wp\/v2\/media?parent=149426"}],"wp:term":[{"taxonomy":"product_brand","embeddable":true,"href":"https:\/\/metal-badge.ch\/fr\/wp-json\/wp\/v2\/product_brand?post=149426"},{"taxonomy":"product_cat","embeddable":true,"href":"https:\/\/metal-badge.ch\/fr\/wp-json\/wp\/v2\/product_cat?post=149426"},{"taxonomy":"product_tag","embeddable":true,"href":"https:\/\/metal-badge.ch\/fr\/wp-json\/wp\/v2\/product_tag?post=149426"}],"curies":[{"name":"wp","href":"https:\/\/api.w.org\/{rel}","templated":true}]}}