{"id":149390,"date":"2025-07-17T20:54:44","date_gmt":"2025-07-17T18:54:44","guid":{"rendered":"https:\/\/metal-badge.ch\/product\/149390\/parapluie-de-poche-noir\/"},"modified":"2025-07-17T20:54:44","modified_gmt":"2025-07-17T18:54:44","slug":"parapluie-de-poche-noir","status":"publish","type":"product","link":"https:\/\/metal-badge.ch\/fr\/product\/149390\/parapluie-de-poche-noir\/","title":{"rendered":"Parapluie de poche noir"},"content":{"rendered":"<p><span style=\"font-weight: 400;\">Le parapluie de poche Light Trek ne p\u00e8se que 202 g&nbsp;; il est disponible en jaune, bleu et noir. Ce parapluie dispose d&rsquo;un syst\u00e8me de fermeture en 3 \u00e9tapes. Il est tr\u00e8s pratique et maniable. Livr\u00e9 dans une housse. Le tissu en polyester avec rev\u00eatement en t\u00e9flon et pi\u00e8ces de l\u2019ossature en fibre de verre, en aluminium anodis\u00e9 et en polyamide en fibre de verre entre les segments&nbsp;; il s&rsquo;agit de mat\u00e9riaux qui r\u00e9sistent de mani\u00e8re fiable \u00e0 la rouille et \u00e0 la d\u00e9gradation.&nbsp;Une poign\u00e9e en mousse dure confortable et antid\u00e9rapante permet une prise ferme. Tous les parapluies sont livr\u00e9s dans un \u00e9tui en nylon robuste avec une boucle qui permet de les fixer \u00e0 un sac \u00e0 dos ou \u00e0 une ceinture. Le petit parapluie Light Trek, pratique et l\u00e9ger, avec sa taille de 18 cm une fois pli\u00e9, se glisse dans n&rsquo;importe quelle poche de veste ou sac \u00e0 main. Le motif uni discret conf\u00e8re au parapluie un look intemporel qui s&rsquo;adapte \u00e0 toutes les tenues.<\/span><\/p>\n<p><b>Informations sur le produit&nbsp;:<\/b><\/p>\n<ul>\n<li><span style=\"font-weight: 400;\">D\u00e9signation&nbsp;: mini-parapluie de poche MU-205<\/span><\/li>\n<li><span style=\"font-weight: 400;\">Utilisation manuelle&nbsp;<\/span><\/li>\n<li><span style=\"font-weight: 400;\">Poign\u00e9e en plastique et dragonne pratique<\/span><\/li>\n<li><span style=\"font-weight: 400;\">Mati\u00e8re&nbsp;: Polyester 190T<\/span><\/li>\n<li><span style=\"font-weight: 400;\">Pi\u00e8ces de l&rsquo;armature en fibres de verre<\/span><\/li>\n<li><span style=\"font-weight: 400;\">Adapt\u00e9 pour&nbsp;: femmes et hommes<\/span><\/li>\n<li><span style=\"font-weight: 400;\">Couleur&nbsp;: jaune \/ bleu \/ noir&nbsp;<\/span><\/li>\n<li><span style=\"font-weight: 400;\">Poids&nbsp;: 202 g.&nbsp;<\/span><\/li>\n<li><span style=\"font-weight: 400;\">Dimensions pli\u00e9&nbsp;: 18 cm<\/span><\/li>\n<li><span style=\"font-weight: 400;\">Diam\u00e8tre ouvert&nbsp;: 92 cm<\/span><\/li>\n<li><span style=\"font-weight: 400;\">Longueur ouvert&nbsp;: 52 cm <\/span><\/li>\n<\/ul>\n","protected":false},"excerpt":{"rendered":"<p><span style=\"font-weight: 400;\">Le parapluie de poche Light Trek ne p\u00e8se que 202 g&nbsp;; il est disponible en jaune, bleu et noir. Ce parapluie dispose d&rsquo;un syst\u00e8me de fermeture en 3 \u00e9tapes. Il est tr\u00e8s pratique et maniable. Livr\u00e9 dans une housse. Le tissu en polyester avec rev\u00eatement en t\u00e9flon et pi\u00e8ces de l\u2019ossature en fibre de verre, en aluminium anodis\u00e9 et en polyamide en fibre de verre entre les segments&nbsp;; il s&rsquo;agit de mat\u00e9riaux qui r\u00e9sistent de mani\u00e8re fiable \u00e0 la rouille et \u00e0 la d\u00e9gradation.&nbsp;Une poign\u00e9e en mousse dure confortable et antid\u00e9rapante permet une prise ferme.<\/span><\/p>\n","protected":false},"featured_media":149375,"comment_status":"closed","ping_status":"closed","template":"","meta":{"inline_featured_image":false},"product_brand":[],"product_cat":[1586,887,1435],"product_tag":[1777],"class_list":{"0":"post-149390","1":"product","2":"type-product","3":"status-publish","4":"has-post-thumbnail","6":"product_cat-protection-contre-la-pluie","7":"product_cat-accessoires","8":"product_cat-camping-voyage","9":"product_tag-camping-voyage","11":"first","12":"instock","13":"taxable","14":"shipping-taxable","15":"purchasable","16":"product-type-simple"},"_links":{"self":[{"href":"https:\/\/metal-badge.ch\/fr\/wp-json\/wp\/v2\/product\/149390","targetHints":{"allow":["GET"]}}],"collection":[{"href":"https:\/\/metal-badge.ch\/fr\/wp-json\/wp\/v2\/product"}],"about":[{"href":"https:\/\/metal-badge.ch\/fr\/wp-json\/wp\/v2\/types\/product"}],"replies":[{"embeddable":true,"href":"https:\/\/metal-badge.ch\/fr\/wp-json\/wp\/v2\/comments?post=149390"}],"wp:featuredmedia":[{"embeddable":true,"href":"https:\/\/metal-badge.ch\/fr\/wp-json\/wp\/v2\/media\/149375"}],"wp:attachment":[{"href":"https:\/\/metal-badge.ch\/fr\/wp-json\/wp\/v2\/media?parent=149390"}],"wp:term":[{"taxonomy":"product_brand","embeddable":true,"href":"https:\/\/metal-badge.ch\/fr\/wp-json\/wp\/v2\/product_brand?post=149390"},{"taxonomy":"product_cat","embeddable":true,"href":"https:\/\/metal-badge.ch\/fr\/wp-json\/wp\/v2\/product_cat?post=149390"},{"taxonomy":"product_tag","embeddable":true,"href":"https:\/\/metal-badge.ch\/fr\/wp-json\/wp\/v2\/product_tag?post=149390"}],"curies":[{"name":"wp","href":"https:\/\/api.w.org\/{rel}","templated":true}]}}