{"id":149261,"date":"2025-07-16T23:20:32","date_gmt":"2025-07-16T21:20:32","guid":{"rendered":"https:\/\/metal-badge.ch\/product\/149261\/petite-pelle-multifonctions-pratique\/"},"modified":"2025-07-16T23:34:39","modified_gmt":"2025-07-16T21:34:39","slug":"petite-pelle-multifonctions-pratique-argente-orange","status":"publish","type":"product","link":"https:\/\/metal-badge.ch\/fr\/product\/149261\/petite-pelle-multifonctions-pratique-argente-orange\/","title":{"rendered":"Petite pelle multifonctions pratique &#8211; Argent\u00e9\u00a0 \/ Orange"},"content":{"rendered":"<p><span style=\"font-weight: 400;\">Pelle en acier multifonctions 6 en 1 B\u00eache militaire pour le camping et le jardinage. 6 fonctions en un&nbsp;: couteau, scie, fer de lance, fil de nylon, pelle, cl\u00e9 six pans, ruban de mesure en pouces et en cm, tire-clou. Cette pelle multifonctions pratique est parfaite pour les exp\u00e9ditions, le camping, le jardinage et l&rsquo;ext\u00e9rieur. Petite, robuste et polyvalente. La poign\u00e9e antid\u00e9rapante comporte un fil de nylon. Il y a \u00e9galement un cordon d\u2019urgence de 1,50 m en cas d\u2019urgence. La pelle est fabriqu\u00e9e en acier durci. Sa longueur r\u00e9duire de 26 cm pour un poids de 167 g permettent de la glisser dans n\u2019importe quel sac \u00e0 dos. La pelle est disponible dans diff\u00e9rentes couleurs&nbsp;; elle est livr\u00e9e dans un sac.&nbsp;&nbsp;<\/span><\/p>\n<p><b>Informations sur le produit&nbsp;:&nbsp;<\/b><\/p>\n<ul>\n<li><span style=\"font-weight: 400;\">D\u00e9signation&nbsp;: Pelle multifonctions AJ-S01<\/span><\/li>\n<li><span style=\"font-weight: 400;\">Petite, robuste et polyvalente<\/span><\/li>\n<li><span style=\"font-weight: 400;\">Avec 6 fonctions en 1<\/span><\/li>\n<li><span style=\"font-weight: 400;\">Pelle \/ Scie \/ Ruban de mesure \/ \u00c9plucheur \/ Tire-clou&nbsp;<\/span><\/li>\n<li><span style=\"font-weight: 400;\">Fer de lance \/ Cl\u00e9 \u00e0 six pans&nbsp;&nbsp;<\/span><\/li>\n<li><span style=\"font-weight: 400;\">Avec dragonne&nbsp;<\/span><\/li>\n<li><span style=\"font-weight: 400;\">Cordon d\u2019urgence 150 cm&nbsp;<\/span><\/li>\n<li><span style=\"font-weight: 400;\">Poids&nbsp;: 167 g.&nbsp;<\/span><\/li>\n<li><span style=\"font-weight: 400;\">Dimensions&nbsp;: Longueur 26 cm&nbsp;<\/span><\/li>\n<li><span style=\"font-weight: 400;\">Largeur&nbsp;: Lame de la pelle 7,5 cm<\/span><\/li>\n<li><span style=\"font-weight: 400;\">Diam\u00e8tre de la poign\u00e9e&nbsp;: 3 cm&nbsp;<\/span><\/li>\n<li><span style=\"font-weight: 400;\">Couleur du m\u00e9tal&nbsp;: Argent\u00e9&nbsp;<\/span><\/li>\n<li><span style=\"font-weight: 400;\">Mati\u00e8re&nbsp;: Acier&nbsp;<\/span><\/li>\n<li><span style=\"font-weight: 400;\">Couleur du fil en nylon de la poign\u00e9e&nbsp;: Orange&nbsp;<\/span><\/li>\n<li><span style=\"font-weight: 400;\">Avec sac de protection conforme \u00e0 l\u2019image<\/span><\/li>\n<\/ul>\n","protected":false},"excerpt":{"rendered":"<p><span style=\"font-weight: 400;\">Pelle en acier multifonctions 6 en 1 B\u00eache militaire pour le camping et le jardinage. 6 fonctions en un&nbsp;: couteau, scie, fer de lance, fil de nylon, pelle, cl\u00e9 six pans, ruban de mesure en pouces et en cm, tire-clou. Cette pelle multifonctions pratique est parfaite pour les exp\u00e9ditions, le camping, le jardinage et l&rsquo;ext\u00e9rieur. Petite, robuste et polyvalente. La poign\u00e9e antid\u00e9rapante comporte un fil de nylon. Il y a \u00e9galement un cordon d\u2019urgence de 1,50 m en cas d\u2019urgence. La pelle est fabriqu\u00e9e en acier durci. Sa longueur r\u00e9duire de 26 cm pour un poids de 167 g permettent de la glisser dans n\u2019importe quel sac \u00e0 dos. La pelle est disponible dans diff\u00e9rentes couleurs&nbsp;; elle est livr\u00e9e dans un sac.&nbsp;&nbsp;<\/span><\/p>\n","protected":false},"featured_media":149230,"comment_status":"closed","ping_status":"closed","template":"","meta":{"inline_featured_image":false},"product_brand":[],"product_cat":[2542,887,1435],"product_tag":[1769],"class_list":{"0":"post-149261","1":"product","2":"type-product","3":"status-publish","4":"has-post-thumbnail","6":"product_cat-beche-pelle","7":"product_cat-accessoires","8":"product_cat-camping-voyage","9":"product_tag-army-survival-fr","11":"first","12":"instock","13":"taxable","14":"shipping-taxable","15":"purchasable","16":"product-type-simple"},"_links":{"self":[{"href":"https:\/\/metal-badge.ch\/fr\/wp-json\/wp\/v2\/product\/149261","targetHints":{"allow":["GET"]}}],"collection":[{"href":"https:\/\/metal-badge.ch\/fr\/wp-json\/wp\/v2\/product"}],"about":[{"href":"https:\/\/metal-badge.ch\/fr\/wp-json\/wp\/v2\/types\/product"}],"replies":[{"embeddable":true,"href":"https:\/\/metal-badge.ch\/fr\/wp-json\/wp\/v2\/comments?post=149261"}],"wp:featuredmedia":[{"embeddable":true,"href":"https:\/\/metal-badge.ch\/fr\/wp-json\/wp\/v2\/media\/149230"}],"wp:attachment":[{"href":"https:\/\/metal-badge.ch\/fr\/wp-json\/wp\/v2\/media?parent=149261"}],"wp:term":[{"taxonomy":"product_brand","embeddable":true,"href":"https:\/\/metal-badge.ch\/fr\/wp-json\/wp\/v2\/product_brand?post=149261"},{"taxonomy":"product_cat","embeddable":true,"href":"https:\/\/metal-badge.ch\/fr\/wp-json\/wp\/v2\/product_cat?post=149261"},{"taxonomy":"product_tag","embeddable":true,"href":"https:\/\/metal-badge.ch\/fr\/wp-json\/wp\/v2\/product_tag?post=149261"}],"curies":[{"name":"wp","href":"https:\/\/api.w.org\/{rel}","templated":true}]}}