{"id":148745,"date":"2025-07-12T06:29:20","date_gmt":"2025-07-12T04:29:20","guid":{"rendered":"https:\/\/metal-badge.ch\/product\/148745\/lumieres-davertissement-road-flares-bleues-avec-base-et-etui-rigide-wl-a26-002\/"},"modified":"2025-07-12T06:29:20","modified_gmt":"2025-07-12T04:29:20","slug":"lumieres-davertissement-road-flares-bleues-avec-base-et-etui-rigide-wl-a26-002","status":"publish","type":"product","link":"https:\/\/metal-badge.ch\/fr\/product\/148745\/lumieres-davertissement-road-flares-bleues-avec-base-et-etui-rigide-wl-a26-002\/","title":{"rendered":"Lumi\u00e8res d&rsquo;avertissement \u00ab Road Flares \u00bb bleues avec base et \u00e9tui rigide WL-A26-002"},"content":{"rendered":"<p><span style=\"font-weight: 400;\">Ces lumi\u00e8res d&rsquo;avertissement efficaces aliment\u00e9es par 3 piles AAA, peuvent \u00eatre utilis\u00e9es de diff\u00e9rentes mani\u00e8res. Comme lampe de signalisation pour des \u00e9v\u00e9nements sp\u00e9ciaux pour les services d&rsquo;urgence de la police ou simplement comme torche avec la lumi\u00e8re frontale blanche. Assure votre s\u00e9curit\u00e9 sur la route.<\/span><\/p>\n<p><span style=\"font-weight: 400;\">Un bouton-poussoir permet de r\u00e9gler trois types d\u2019\u00e9clairage. Lumi\u00e8re bleue clignotante, lumi\u00e8re bleue constante ou lumi\u00e8re frontale blanche. Les Road Flares sont r\u00e9sistants aux intemp\u00e9ries et \u00e9tanches. Ils sont munis d&rsquo;un aimant puissant \u00e0 l&rsquo;arri\u00e8re. Cela signifie qu&rsquo;ils peuvent \u00e9galement \u00eatre fix\u00e9s sur le capot d&rsquo;une voiture comme moyen d&rsquo;\u00e9clairage en cas de panne. En plus de deux lampes, vous recevez \u00e9galement deux supports\/socles pliables et la bo\u00eete rigide avec poign\u00e9e de transport.<\/span><\/p>\n<p><span style=\"font-weight: 400;\">Les piles ne sont pas incluses dans la livraison.<\/span><\/p>\n<p><b>Description du produit&nbsp;:<\/b><\/p>\n<ul>\n<li><span style=\"font-weight: 400;\">Lumi\u00e8re d\u2019\u00e9clairage&nbsp;: bleu \/ blanc<\/span><\/li>\n<li><span style=\"font-weight: 400;\">Poids de la lampe&nbsp;: 95 g<\/span><\/li>\n<li><span style=\"font-weight: 400;\">Poids avec bo\u00eete et socle&nbsp;: 440 g<\/span><\/li>\n<li><span style=\"font-weight: 400;\">Dimensions de la lampe&nbsp;:&nbsp; Hauteur&nbsp;: 18 cm \/ Diam\u00e8tre d\u2019env. 3,5 cm<\/span><\/li>\n<li><span style=\"font-weight: 400;\">Bo\u00eete&nbsp;: hauteur 23 cm \/ largeur 13,5 cm \/ profondeur 6 cm<\/span><\/li>\n<li><span style=\"font-weight: 400;\">Mati\u00e8re&nbsp;: plastique<\/span><\/li>\n<li><span style=\"font-weight: 400;\">Piles&nbsp;: 3 piles AAA<\/span><\/li>\n<li><span style=\"font-weight: 400;\">Fourni&nbsp;: 2 lampes, 2 socles et une bo\u00eete en plastique suppl\u00e9mentaire<\/span><\/li>\n<\/ul>\n","protected":false},"excerpt":{"rendered":"<p><span style=\"font-weight: 400;\">Ces lumi\u00e8res d&rsquo;avertissement efficaces aliment\u00e9es par 3 piles AAA, peuvent \u00eatre utilis\u00e9es de diff\u00e9rentes mani\u00e8res. Comme lampe de signalisation pour des \u00e9v\u00e9nements sp\u00e9ciaux pour les services d&rsquo;urgence de la police ou simplement comme torche avec la lumi\u00e8re frontale blanche. Assure votre s\u00e9curit\u00e9 sur la route.<\/span><\/p>\n","protected":false},"featured_media":148710,"comment_status":"closed","ping_status":"closed","template":"","meta":{"inline_featured_image":false},"product_brand":[],"product_cat":[1343,887,1887],"product_tag":[1781],"class_list":{"0":"post-148745","1":"product","2":"type-product","3":"status-publish","4":"has-post-thumbnail","6":"product_cat-lampes-lampes-de-poche","7":"product_cat-accessoires","8":"product_cat-vehicule-route","9":"product_tag-police-securite","11":"first","12":"instock","13":"taxable","14":"shipping-taxable","15":"purchasable","16":"product-type-simple"},"_links":{"self":[{"href":"https:\/\/metal-badge.ch\/fr\/wp-json\/wp\/v2\/product\/148745","targetHints":{"allow":["GET"]}}],"collection":[{"href":"https:\/\/metal-badge.ch\/fr\/wp-json\/wp\/v2\/product"}],"about":[{"href":"https:\/\/metal-badge.ch\/fr\/wp-json\/wp\/v2\/types\/product"}],"replies":[{"embeddable":true,"href":"https:\/\/metal-badge.ch\/fr\/wp-json\/wp\/v2\/comments?post=148745"}],"wp:featuredmedia":[{"embeddable":true,"href":"https:\/\/metal-badge.ch\/fr\/wp-json\/wp\/v2\/media\/148710"}],"wp:attachment":[{"href":"https:\/\/metal-badge.ch\/fr\/wp-json\/wp\/v2\/media?parent=148745"}],"wp:term":[{"taxonomy":"product_brand","embeddable":true,"href":"https:\/\/metal-badge.ch\/fr\/wp-json\/wp\/v2\/product_brand?post=148745"},{"taxonomy":"product_cat","embeddable":true,"href":"https:\/\/metal-badge.ch\/fr\/wp-json\/wp\/v2\/product_cat?post=148745"},{"taxonomy":"product_tag","embeddable":true,"href":"https:\/\/metal-badge.ch\/fr\/wp-json\/wp\/v2\/product_tag?post=148745"}],"curies":[{"name":"wp","href":"https:\/\/api.w.org\/{rel}","templated":true}]}}