{"id":148705,"date":"2025-07-11T23:07:11","date_gmt":"2025-07-11T21:07:11","guid":{"rendered":"https:\/\/metal-badge.ch\/product\/148705\/ensemble-de-pluie-veste-et-pantalon-2-pieces-camouflage-mouchete\/"},"modified":"2025-07-11T23:07:11","modified_gmt":"2025-07-11T21:07:11","slug":"ensemble-de-pluie-veste-et-pantalon-2-pieces-camouflage-mouchete","status":"publish","type":"product","link":"https:\/\/metal-badge.ch\/fr\/product\/148705\/ensemble-de-pluie-veste-et-pantalon-2-pieces-camouflage-mouchete\/","title":{"rendered":"Ensemble de pluie, veste et pantalon 2 pi\u00e8ces, camouflage mouchet\u00e9"},"content":{"rendered":"<p><span style=\"font-weight: 400;\">V\u00eatement de pluie id\u00e9al en cas de vent et d\u2019intemp\u00e9ries. Protection contre l&rsquo;humidit\u00e9, imperm\u00e9able, coupe-vent et respirant. Fabriqu\u00e9 \u00e0 100&nbsp;% en tissu Oxford 300D avec rev\u00eatement PVC , l\u2019ensemble est totalement \u00e9tanche et muni de couture soud\u00e9es. La veste de pluie est \u00e9quip\u00e9e d&rsquo;une fermeture \u00e9clair \u00e0 l\u2019avant couverte d&rsquo;un bouton-pression. La capuche est dot\u00e9e d&rsquo;un cordon de serrage et peut \u00eatre facilement enroul\u00e9e sous le col et fix\u00e9e avec un velcro. Les poignets sont \u00e9lastiques et peuvent \u00eatre r\u00e9gl\u00e9s avec du velcro. La veste de pluie est \u00e9quip\u00e9e d\u2019une poche ext\u00e9rieure avec fermeture \u00e0 rabat \u00e0 droite.&nbsp;<\/span><\/p>\n<p><span style=\"font-weight: 400;\">La veste et le pantalon sont \u00e9quip\u00e9s de tissu en maille.<\/span><\/p>\n<p><b>Informations sur le produit&nbsp;:&nbsp;<\/b><\/p>\n<ul>\n<li><span style=\"font-weight: 400;\">Mod\u00e8le&nbsp;: Ensemble de pluie camouflage mouchet\u00e9&nbsp;<\/span><\/li>\n<li><span style=\"font-weight: 400;\">Couleur&nbsp;: Camouflage mouchet\u00e9&nbsp;<\/span><\/li>\n<li><span style=\"font-weight: 400;\">Hauteur du col&nbsp;: Col rabattable de 9,5 cm&nbsp;<\/span><\/li>\n<li><span style=\"font-weight: 400;\">La capuche peut \u00eatre enroul\u00e9e dans le col et fix\u00e9e avec du velcro<\/span><\/li>\n<li><span style=\"font-weight: 400;\">Capuche avec cordon de serrage<\/span><\/li>\n<li><span style=\"font-weight: 400;\">100&nbsp;% \u00e9tanche&nbsp;<\/span><\/li>\n<li><span style=\"font-weight: 400;\">100&nbsp;% coupe-vent<\/span><\/li>\n<li><span style=\"font-weight: 400;\">Mati\u00e8re&nbsp;: Tissu Oxford 300D avec rev\u00eatement PVC<\/span><\/li>\n<li><span style=\"font-weight: 400;\">Durable&nbsp;<\/span><\/li>\n<li><span style=\"font-weight: 400;\">Facile d\u2019entretien<\/span><\/li>\n<li><span style=\"font-weight: 400;\">Fermeture \u00e9clair avant cach\u00e9e<\/span><\/li>\n<li><span style=\"font-weight: 400;\">Patte de boutonnage avec 5 boutons pression<\/span><\/li>\n<li><span style=\"font-weight: 400;\">1 poche ext\u00e9rieure \u00e0 droite<\/span><\/li>\n<li><span style=\"font-weight: 400;\">Veste et pantalon \u00e9quip\u00e9s de tissu en maille<\/span><\/li>\n<li><span style=\"font-weight: 400;\">Poignets \u00e9lastiques et r\u00e9glables avec velcro<\/span><\/li>\n<li><span style=\"font-weight: 400;\">Pantalon avec ceinture \u00e9lastique&nbsp;<\/span><\/li>\n<li><span style=\"font-weight: 400;\">Longueur d&rsquo;environ 120 cm<\/span><\/li>\n<li><span style=\"font-weight: 400;\">Poids&nbsp;: env. 900 g&nbsp;<\/span><\/li>\n<li><span style=\"font-weight: 400;\">GSM&nbsp;: 360 g&nbsp;<\/span><\/li>\n<li><span style=\"font-weight: 400;\">Taille&nbsp;: S-3XL<\/span><\/li>\n<\/ul>\n","protected":false},"excerpt":{"rendered":"<p><span style=\"font-weight: 400;\">V\u00eatement de pluie id\u00e9al en cas de vent et d\u2019intemp\u00e9ries. Protection contre l&rsquo;humidit\u00e9, imperm\u00e9able, coupe-vent et respirant. Fabriqu\u00e9 \u00e0 100&nbsp;% en tissu Oxford 300D avec rev\u00eatement PVC , l\u2019ensemble est totalement \u00e9tanche et muni de couture soud\u00e9es. La veste de pluie est \u00e9quip\u00e9e d&rsquo;une fermeture \u00e9clair \u00e0 l\u2019avant couverte d&rsquo;un bouton-pression. La capuche est dot\u00e9e d&rsquo;un cordon de serrage et peut \u00eatre facilement enroul\u00e9e sous le col et fix\u00e9e avec un velcro. Les poignets sont \u00e9lastiques et peuvent \u00eatre r\u00e9gl\u00e9s avec du velcro. La veste de pluie est \u00e9quip\u00e9e d\u2019une poche ext\u00e9rieure avec fermeture \u00e0 rabat \u00e0 droite.&nbsp;<\/span><\/p>\n<p><span style=\"font-weight: 400;\">La veste et le pantalon sont \u00e9quip\u00e9s de tissu en maille.<\/span><\/p>\n","protected":false},"featured_media":148626,"comment_status":"closed","ping_status":"closed","template":"","meta":{"inline_featured_image":false},"product_brand":[],"product_cat":[1586,1347],"product_tag":[],"class_list":{"0":"post-148705","1":"product","2":"type-product","3":"status-publish","4":"has-post-thumbnail","6":"product_cat-protection-contre-la-pluie","7":"product_cat-accessoires-militaires-de-chasse","9":"first","10":"instock","11":"taxable","12":"shipping-taxable","13":"purchasable","14":"product-type-simple"},"_links":{"self":[{"href":"https:\/\/metal-badge.ch\/fr\/wp-json\/wp\/v2\/product\/148705","targetHints":{"allow":["GET"]}}],"collection":[{"href":"https:\/\/metal-badge.ch\/fr\/wp-json\/wp\/v2\/product"}],"about":[{"href":"https:\/\/metal-badge.ch\/fr\/wp-json\/wp\/v2\/types\/product"}],"replies":[{"embeddable":true,"href":"https:\/\/metal-badge.ch\/fr\/wp-json\/wp\/v2\/comments?post=148705"}],"wp:featuredmedia":[{"embeddable":true,"href":"https:\/\/metal-badge.ch\/fr\/wp-json\/wp\/v2\/media\/148626"}],"wp:attachment":[{"href":"https:\/\/metal-badge.ch\/fr\/wp-json\/wp\/v2\/media?parent=148705"}],"wp:term":[{"taxonomy":"product_brand","embeddable":true,"href":"https:\/\/metal-badge.ch\/fr\/wp-json\/wp\/v2\/product_brand?post=148705"},{"taxonomy":"product_cat","embeddable":true,"href":"https:\/\/metal-badge.ch\/fr\/wp-json\/wp\/v2\/product_cat?post=148705"},{"taxonomy":"product_tag","embeddable":true,"href":"https:\/\/metal-badge.ch\/fr\/wp-json\/wp\/v2\/product_tag?post=148705"}],"curies":[{"name":"wp","href":"https:\/\/api.w.org\/{rel}","templated":true}]}}