{"id":148569,"date":"2025-07-11T22:27:55","date_gmt":"2025-07-11T20:27:55","guid":{"rendered":"https:\/\/metal-badge.ch\/product\/148569\/cape-poncho-militaire-couleur-camouflage\/"},"modified":"2025-07-11T22:27:55","modified_gmt":"2025-07-11T20:27:55","slug":"cape-poncho-militaire-couleur-camouflage","status":"publish","type":"product","link":"https:\/\/metal-badge.ch\/fr\/product\/148569\/cape-poncho-militaire-couleur-camouflage\/","title":{"rendered":"Cape \/ poncho militaire couleur camouflage"},"content":{"rendered":"<p><span style=\"font-weight: 400;\">La cape en camouflage&nbsp;\u00ab&nbsp;Woodland Army&nbsp;\u00bb en tissu polyester \u00e0 rev\u00eatement en PVC est \u00e9tanche \u00e0 100&nbsp;%. La capuche peut \u00eatre resserr\u00e9e avec un cordon et poss\u00e8de \u00e9galement une fermeture \u00e9clair en haut. La cape est \u00e9quip\u00e9e d&rsquo;un syst\u00e8me de fermeture \u00e0 boutons pression sur le c\u00f4t\u00e9, qui compte 2 boutons de chaque c\u00f4t\u00e9, donc 4 au total. Avec des dimensions de 140 cm x 195 cm, cette protection contre la pluie peut \u00eatre transform\u00e9e en tente\/b\u00e2che d&rsquo;urgence. Deux \u0153illets sont dispos\u00e9s au bas de la cape \u00e0 cet effet afin de pouvoir la fixer.. La cape convient \u00e9galement comme bivouac d&rsquo;urgence, sac de couchage, tapis de sol ou b\u00e2che.<\/span><\/p>\n<p><b>Informations sur le produit&nbsp;:&nbsp;<\/b><\/p>\n<ul>\n<li><span style=\"font-weight: 400;\">Mod\u00e8le&nbsp;: Woodland Army&nbsp;<\/span><\/li>\n<li><span style=\"font-weight: 400;\">Couleur&nbsp;: Couleurs camouflage Camo<\/span><\/li>\n<li><span style=\"font-weight: 400;\">Avec capuche et fermeture \u00e9clair<\/span><\/li>\n<li><span style=\"font-weight: 400;\">100&nbsp;% \u00e9tanche&nbsp;<\/span><\/li>\n<li><span style=\"font-weight: 400;\">100&nbsp;% coupe-vent<\/span><\/li>\n<li><span style=\"font-weight: 400;\">Dimensions de la surface ouverte&nbsp;: 190 cm x 140 cm&nbsp;<\/span><\/li>\n<li><span style=\"font-weight: 400;\">GSM&nbsp;: 185 g.&nbsp;<\/span><\/li>\n<li><span style=\"font-weight: 400;\">Mati\u00e8re&nbsp;: Tissu polyester avec rev\u00eatement PVC<\/span><\/li>\n<li><span style=\"font-weight: 400;\">Taille&nbsp;: Taille unique<\/span><\/li>\n<li><span style=\"font-weight: 400;\">Poids&nbsp;: 580 g<\/span><\/li>\n<li><span style=\"font-weight: 400;\">Avec cordon pour la capuche&nbsp;<\/span><\/li>\n<li><span style=\"font-weight: 400;\">2 boutons pression de chaque c\u00f4t\u00e9<\/span><\/li>\n<li><span style=\"font-weight: 400;\">Peut \u00eatre utilis\u00e9e comme bivouac d\u2019urgence, tapis de sol ou b\u00e2che de tente.&nbsp;<\/span><\/li>\n<li><span style=\"font-weight: 400;\">Avec 4 \u0153illets de fixation pour une utilisation en tant que b\u00e2che ou tente d\u2019urgence&nbsp;<\/span><\/li>\n<li><span style=\"font-weight: 400;\">Avec syst\u00e8me de boutons pression pour fermer sur le c\u00f4t\u00e9&nbsp;<\/span><\/li>\n<li><span style=\"font-weight: 400;\">Avec sac de rangement&nbsp;<\/span><\/li>\n<li><span style=\"font-weight: 400;\">Dimensions enroul\u00e9&nbsp;: 30 cm x 22 cm<\/span><\/li>\n<\/ul>\n","protected":false},"excerpt":{"rendered":"<p><span style=\"font-weight: 400;\">La cape en camouflage&nbsp;\u00ab&nbsp;Woodland Army&nbsp;\u00bb en tissu polyester \u00e0 rev\u00eatement en PVC est \u00e9tanche \u00e0 100&nbsp;%. La capuche peut \u00eatre resserr\u00e9e avec un cordon et poss\u00e8de \u00e9galement une fermeture \u00e9clair en haut. La cape est \u00e9quip\u00e9e d&rsquo;un syst\u00e8me de fermeture \u00e0 boutons pression sur le c\u00f4t\u00e9, qui compte 2 boutons de chaque c\u00f4t\u00e9, donc 4 au total. Avec des dimensions de 140 cm x 195 cm, cette protection contre la pluie peut \u00eatre transform\u00e9e en tente\/b\u00e2che d&rsquo;urgence. Deux \u0153illets sont dispos\u00e9s au bas de la cape \u00e0 cet effet afin de pouvoir la fixer.. La cape convient \u00e9galement comme bivouac d&rsquo;urgence, sac de couchage, tapis de sol ou b\u00e2che.<\/span><\/p>\n","protected":false},"featured_media":148537,"comment_status":"closed","ping_status":"closed","template":"","meta":{"inline_featured_image":false},"product_brand":[],"product_cat":[1586,1347],"product_tag":[],"class_list":{"0":"post-148569","1":"product","2":"type-product","3":"status-publish","4":"has-post-thumbnail","6":"product_cat-protection-contre-la-pluie","7":"product_cat-accessoires-militaires-de-chasse","9":"first","10":"instock","11":"taxable","12":"shipping-taxable","13":"purchasable","14":"product-type-simple"},"_links":{"self":[{"href":"https:\/\/metal-badge.ch\/fr\/wp-json\/wp\/v2\/product\/148569","targetHints":{"allow":["GET"]}}],"collection":[{"href":"https:\/\/metal-badge.ch\/fr\/wp-json\/wp\/v2\/product"}],"about":[{"href":"https:\/\/metal-badge.ch\/fr\/wp-json\/wp\/v2\/types\/product"}],"replies":[{"embeddable":true,"href":"https:\/\/metal-badge.ch\/fr\/wp-json\/wp\/v2\/comments?post=148569"}],"wp:featuredmedia":[{"embeddable":true,"href":"https:\/\/metal-badge.ch\/fr\/wp-json\/wp\/v2\/media\/148537"}],"wp:attachment":[{"href":"https:\/\/metal-badge.ch\/fr\/wp-json\/wp\/v2\/media?parent=148569"}],"wp:term":[{"taxonomy":"product_brand","embeddable":true,"href":"https:\/\/metal-badge.ch\/fr\/wp-json\/wp\/v2\/product_brand?post=148569"},{"taxonomy":"product_cat","embeddable":true,"href":"https:\/\/metal-badge.ch\/fr\/wp-json\/wp\/v2\/product_cat?post=148569"},{"taxonomy":"product_tag","embeddable":true,"href":"https:\/\/metal-badge.ch\/fr\/wp-json\/wp\/v2\/product_tag?post=148569"}],"curies":[{"name":"wp","href":"https:\/\/api.w.org\/{rel}","templated":true}]}}