{"id":148502,"date":"2025-07-11T06:45:09","date_gmt":"2025-07-11T04:45:09","guid":{"rendered":"https:\/\/metal-badge.ch\/product\/148502\/barriere-de-stationnement-pliable-barriere-de-parking-pour-le-blocage-manuel-dun-lieu-de-stationnement\/"},"modified":"2025-07-11T06:45:09","modified_gmt":"2025-07-11T04:45:09","slug":"barriere-de-stationnement-pliable-barriere-de-parking-pour-le-blocage-manuel-dun-lieu-de-stationnement","status":"publish","type":"product","link":"https:\/\/metal-badge.ch\/fr\/product\/148502\/barriere-de-stationnement-pliable-barriere-de-parking-pour-le-blocage-manuel-dun-lieu-de-stationnement\/","title":{"rendered":"Barri\u00e8re de stationnement pliable \/ barri\u00e8re de parking pour le blocage manuel d\u2019un lieu de stationnement"},"content":{"rendered":"<p><span style=\"font-weight: 400;\">Un choix id\u00e9al pour les places de parking priv\u00e9es, les garages, les all\u00e9es ou autres zones devant \u00eatre s\u00e9curis\u00e9es. La barri\u00e8re de stationnement pliable est la solution id\u00e9ale pour tous ceux qui souhaitent prot\u00e9ger leurs places de stationnement de mani\u00e8re s\u00fbre et simple. Avec cette barri\u00e8re, vous pouvez prot\u00e9ger vos places de stationnement des utilisateurs ind\u00e9sirables, et assurer plus de s\u00e9curit\u00e9 et de tranquillit\u00e9 d&rsquo;esprit. La barri\u00e8re de stationnement est facile \u00e0 installer, et elle peut \u00eatre rapidement ouverte ou pli\u00e9e pour bloquer ou lib\u00e9rer l&rsquo;espace de stationnement. Cette barri\u00e8re de stationnement est s\u00e9curis\u00e9e par un cadenas. Pour l\u2019ouvrir, il faut l\u2019ouvrir et la d\u00e9plier \u00e0 l&rsquo;aide de la cl\u00e9 incluse dans la livraison. La m\u00eame cl\u00e9 permet de verrouiller le blocage sur la serrure fix\u00e9e.&nbsp;<\/span><\/p>\n<p><span style=\"font-weight: 400;\">En option, le m\u00e9canisme de verrouillage peut \u00eatre s\u00e9curis\u00e9 davantage avec un petit cadenas (non inclus) pour prot\u00e9ger votre place de parking contre les utilisations non autoris\u00e9es. Montage stable avec 2 vis dans le sol (non incluses). La barri\u00e8re de stationnement est s\u00e9curis\u00e9e sur tous les c\u00f4t\u00e9s avec un ruban r\u00e9fl\u00e9chissant 3M pour une bonne visibilit\u00e9 m\u00eame la nuit.&nbsp;<\/span><\/p>\n<p><b>Remarque&nbsp;:<\/b><span style=\"font-weight: 400;\">&nbsp;L&rsquo;article est neuf et n\u2019a jamais utilis\u00e9. De petites rayures ou des \u00e9clats de peinture peuvent appara\u00eetre. Nous vous remercions pour votre compr\u00e9hension relative \u00e0 ces \u00e9ventuels d\u00e9fauts esth\u00e9tiques mineurs, qui n&rsquo;affectent pas la fonctionnalit\u00e9 du produit.<\/span><\/p>\n<p><b>Informations sur le produit&nbsp;:<\/b><\/p>\n<ul>\n<li><span style=\"font-weight: 400;\">D\u00e9signation&nbsp;: Blocage de place de parking PL-A60-00B<\/span><\/li>\n<li><span style=\"font-weight: 400;\">Un choix id\u00e9al pour les places de parking priv\u00e9es, les garages, les all\u00e9es ou autres zones devant \u00eatre s\u00e9curis\u00e9es.<\/span><\/li>\n<li><span style=\"font-weight: 400;\">Application&nbsp;: pour toutes les places de parking&nbsp;<\/span><\/li>\n<li><span style=\"font-weight: 400;\">Dimensions&nbsp;: Longueur 70 cm \/ Largeur 23 cm \/ Hauteur 40 cm<\/span><\/li>\n<li><span style=\"font-weight: 400;\">Poids&nbsp;: 5 kg&nbsp;<\/span><\/li>\n<li><span style=\"font-weight: 400;\">Couleur&nbsp;: jaune&nbsp;<\/span><\/li>\n<li><span style=\"font-weight: 400;\">Mati\u00e8re&nbsp;: Acier&nbsp;<\/span><\/li>\n<li><span style=\"font-weight: 400;\">Muni d&rsquo;un ruban r\u00e9fl\u00e9chissant 3M sur tout le pourtour pour une bonne visibilit\u00e9 m\u00eame de nuit<\/span><\/li>\n<li><span style=\"font-weight: 400;\">Barri\u00e8re de stationnement pliable avec serrure&nbsp;<\/span><\/li>\n<li><span style=\"font-weight: 400;\">La livraison comprend les deux cl\u00e9s pour le cylindre de serrure&nbsp;<\/span><\/li>\n<li><span style=\"font-weight: 400;\">Le cadenas en option n&rsquo;est pas inclus dans la livraison.&nbsp;<\/span><\/li>\n<li><span style=\"font-weight: 400;\">La barri\u00e8re de stationnement est facile \u00e0 installer, et elle peut \u00eatre rapidement ouverte ou pli\u00e9e pour bloquer ou lib\u00e9rer l&rsquo;espace de stationnement.<\/span><\/li>\n<li><span style=\"font-weight: 400;\">Montage stable avec 2 vis dans le sol (non incluses)<\/span><\/li>\n<\/ul>\n","protected":false},"excerpt":{"rendered":"<p><span style=\"font-weight: 400;\">Un choix id\u00e9al pour les places de parking priv\u00e9es, les garages, les all\u00e9es ou autres zones devant \u00eatre s\u00e9curis\u00e9es. La barri\u00e8re de stationnement pliable est la solution id\u00e9ale pour tous ceux qui souhaitent prot\u00e9ger leurs places de stationnement de mani\u00e8re s\u00fbre et simple. Avec cette barri\u00e8re, vous pouvez prot\u00e9ger vos places de stationnement des utilisateurs ind\u00e9sirables, et assurer plus de s\u00e9curit\u00e9 et de tranquillit\u00e9 d&rsquo;esprit. La barri\u00e8re de stationnement est facile \u00e0 installer, et elle peut \u00eatre rapidement ouverte ou pli\u00e9e pour bloquer ou lib\u00e9rer l&rsquo;espace de stationnement. Cette barri\u00e8re de stationnement est s\u00e9curis\u00e9e par un cadenas. Pour l\u2019ouvrir, il faut l\u2019ouvrir et la d\u00e9plier \u00e0 l&rsquo;aide de la cl\u00e9 incluse dans la livraison. La m\u00eame cl\u00e9 permet de verrouiller le blocage sur la serrure fix\u00e9e.&nbsp;<\/span><\/p>\n","protected":false},"featured_media":148479,"comment_status":"closed","ping_status":"closed","template":"","meta":{"inline_featured_image":false},"product_brand":[],"product_cat":[887,1459],"product_tag":[1793],"class_list":{"0":"post-148502","1":"product","2":"type-product","3":"status-publish","4":"has-post-thumbnail","6":"product_cat-accessoires","7":"product_cat-barrieres","8":"product_tag-vehicule-route","10":"first","11":"instock","12":"taxable","13":"shipping-taxable","14":"purchasable","15":"product-type-simple"},"_links":{"self":[{"href":"https:\/\/metal-badge.ch\/fr\/wp-json\/wp\/v2\/product\/148502","targetHints":{"allow":["GET"]}}],"collection":[{"href":"https:\/\/metal-badge.ch\/fr\/wp-json\/wp\/v2\/product"}],"about":[{"href":"https:\/\/metal-badge.ch\/fr\/wp-json\/wp\/v2\/types\/product"}],"replies":[{"embeddable":true,"href":"https:\/\/metal-badge.ch\/fr\/wp-json\/wp\/v2\/comments?post=148502"}],"wp:featuredmedia":[{"embeddable":true,"href":"https:\/\/metal-badge.ch\/fr\/wp-json\/wp\/v2\/media\/148479"}],"wp:attachment":[{"href":"https:\/\/metal-badge.ch\/fr\/wp-json\/wp\/v2\/media?parent=148502"}],"wp:term":[{"taxonomy":"product_brand","embeddable":true,"href":"https:\/\/metal-badge.ch\/fr\/wp-json\/wp\/v2\/product_brand?post=148502"},{"taxonomy":"product_cat","embeddable":true,"href":"https:\/\/metal-badge.ch\/fr\/wp-json\/wp\/v2\/product_cat?post=148502"},{"taxonomy":"product_tag","embeddable":true,"href":"https:\/\/metal-badge.ch\/fr\/wp-json\/wp\/v2\/product_tag?post=148502"}],"curies":[{"name":"wp","href":"https:\/\/api.w.org\/{rel}","templated":true}]}}