{"id":148474,"date":"2025-07-11T06:27:12","date_gmt":"2025-07-11T04:27:12","guid":{"rendered":"https:\/\/metal-badge.ch\/product\/148474\/poteau-de-barriere-et-de-stationnement-pliable-en-plastique-hauteur-70-cm-jaune\/"},"modified":"2025-07-11T06:27:12","modified_gmt":"2025-07-11T04:27:12","slug":"poteau-de-barriere-et-de-stationnement-pliable-en-plastique-hauteur-70-cm-jaune","status":"publish","type":"product","link":"https:\/\/metal-badge.ch\/fr\/product\/148474\/poteau-de-barriere-et-de-stationnement-pliable-en-plastique-hauteur-70-cm-jaune\/","title":{"rendered":"Poteau de barri\u00e8re et de stationnement, pliable, en plastique, hauteur 70 cm, jaune"},"content":{"rendered":"<p><span style=\"font-weight: 400;\">Ce poteau de barri\u00e8re prot\u00e8ge la zone pi\u00e9tonne ou votre espace priv\u00e9 des v\u00e9hicules ind\u00e9sirables. Une serrure \u00e0 lamelles avec protection anti-salissures est install\u00e9e dans la partie sup\u00e9rieure du poteau. La cl\u00e9 permet de desserrer et replier le poteau. Il se verrouille automatiquement une fois install\u00e9. Le poteau de barri\u00e8re pliable peut \u00eatre d\u00e9verrouill\u00e9 et repli\u00e9 en quelques gestes simples, ce qui le rend id\u00e9al pour les lieux \u00e0 trafic r\u00e9gulier. La couleur de signalisation assure une bonne visibilit\u00e9 du poteau et est en outre \u00e9quip\u00e9e de deux bandes r\u00e9fl\u00e9chissantes sur tout le pourtour.&nbsp;<\/span><\/p>\n<p><b>Informations sur le produit&nbsp;:&nbsp;<\/b><\/p>\n<ul>\n<li><span style=\"font-weight: 400;\">D\u00e9signation&nbsp;: Poteau de barri\u00e8re pliable avec serrure de s\u00e9curit\u00e9<\/span><\/li>\n<li><span style=\"font-weight: 400;\">Il est facile \u00e0 manipuler, ce qui le rend id\u00e9al pour les lieux tr\u00e8s fr\u00e9quent\u00e9s<\/span><\/li>\n<li><span style=\"font-weight: 400;\">Poteaux de barri\u00e8re pliables en jaune&nbsp;<\/span><\/li>\n<li><span style=\"font-weight: 400;\">Barri\u00e8re de stationnement&nbsp;<\/span><\/li>\n<li><span style=\"font-weight: 400;\">Le poteau est automatiquement verrouill\u00e9 quand il est inclin\u00e9 en position verticale<\/span><\/li>\n<li><span style=\"font-weight: 400;\">Le poteau est muni de deux bandes r\u00e9fl\u00e9chissantes sur tout le pourtour pour une meilleure visibilit\u00e9<\/span><\/li>\n<li><span style=\"font-weight: 400;\">Plaque de base avec 3 trous de vis 20 cm x 19 cm&nbsp;<\/span><\/li>\n<li><span style=\"font-weight: 400;\">Installation facile&nbsp;: il peut \u00eatre viss\u00e9 sur n&rsquo;importe quelle surface avec 3 grandes vis et chevilles<\/span><\/li>\n<li><span style=\"font-weight: 400;\">La livraison comprend deux cl\u00e9s pour verrouiller la serrure.<\/span><\/li>\n<li><span style=\"font-weight: 400;\">Couleur&nbsp;: Jaune signalisation avec brandes r\u00e9fl\u00e9chissantes 3M&nbsp;<\/span><\/li>\n<li><span style=\"font-weight: 400;\">Dimensions&nbsp;: Diam\u00e8tre du poteau de 60&nbsp;mm<\/span><\/li>\n<li><span style=\"font-weight: 400;\">Hauteur de poteau 70 cm<\/span><\/li>\n<li><span style=\"font-weight: 400;\">Poids&nbsp;: 1,4 kg<\/span><\/li>\n<\/ul>\n","protected":false},"excerpt":{"rendered":"<p><span style=\"font-weight: 400;\">Ce poteau de barri\u00e8re prot\u00e8ge la zone pi\u00e9tonne ou votre espace priv\u00e9 des v\u00e9hicules ind\u00e9sirables. Une serrure \u00e0 lamelles avec protection anti-salissures est install\u00e9e dans la partie sup\u00e9rieure du poteau. La cl\u00e9 permet de desserrer et replier le poteau. Il se verrouille automatiquement une fois install\u00e9. Le poteau de barri\u00e8re pliable peut \u00eatre d\u00e9verrouill\u00e9 et repli\u00e9 en quelques gestes simples, ce qui le rend id\u00e9al pour les lieux \u00e0 trafic r\u00e9gulier. La couleur de signalisation assure une bonne visibilit\u00e9 du poteau et est en outre \u00e9quip\u00e9e de deux bandes r\u00e9fl\u00e9chissantes sur tout le pourtour.&nbsp;<\/span><\/p>\n","protected":false},"featured_media":148459,"comment_status":"closed","ping_status":"closed","template":"","meta":{"inline_featured_image":false},"product_brand":[],"product_cat":[887,1459],"product_tag":[1793],"class_list":{"0":"post-148474","1":"product","2":"type-product","3":"status-publish","4":"has-post-thumbnail","6":"product_cat-accessoires","7":"product_cat-barrieres","8":"product_tag-vehicule-route","10":"first","11":"instock","12":"taxable","13":"shipping-taxable","14":"purchasable","15":"product-type-simple"},"_links":{"self":[{"href":"https:\/\/metal-badge.ch\/fr\/wp-json\/wp\/v2\/product\/148474","targetHints":{"allow":["GET"]}}],"collection":[{"href":"https:\/\/metal-badge.ch\/fr\/wp-json\/wp\/v2\/product"}],"about":[{"href":"https:\/\/metal-badge.ch\/fr\/wp-json\/wp\/v2\/types\/product"}],"replies":[{"embeddable":true,"href":"https:\/\/metal-badge.ch\/fr\/wp-json\/wp\/v2\/comments?post=148474"}],"wp:featuredmedia":[{"embeddable":true,"href":"https:\/\/metal-badge.ch\/fr\/wp-json\/wp\/v2\/media\/148459"}],"wp:attachment":[{"href":"https:\/\/metal-badge.ch\/fr\/wp-json\/wp\/v2\/media?parent=148474"}],"wp:term":[{"taxonomy":"product_brand","embeddable":true,"href":"https:\/\/metal-badge.ch\/fr\/wp-json\/wp\/v2\/product_brand?post=148474"},{"taxonomy":"product_cat","embeddable":true,"href":"https:\/\/metal-badge.ch\/fr\/wp-json\/wp\/v2\/product_cat?post=148474"},{"taxonomy":"product_tag","embeddable":true,"href":"https:\/\/metal-badge.ch\/fr\/wp-json\/wp\/v2\/product_tag?post=148474"}],"curies":[{"name":"wp","href":"https:\/\/api.w.org\/{rel}","templated":true}]}}