{"id":148410,"date":"2025-07-11T05:36:39","date_gmt":"2025-07-11T03:36:40","guid":{"rendered":"https:\/\/metal-badge.ch\/?post_type=product&#038;p=148410"},"modified":"2025-07-11T05:49:30","modified_gmt":"2025-07-11T03:49:30","slug":"tente-durgence-bivouac-durgence-vert-revetement-en-aluminium-sur-une-face","status":"publish","type":"product","link":"https:\/\/metal-badge.ch\/fr\/product\/148410\/tente-durgence-bivouac-durgence-vert-revetement-en-aluminium-sur-une-face\/","title":{"rendered":"Tente d&rsquo;urgence, bivouac d&rsquo;urgence vert, rev\u00eatement en aluminium sur une face"},"content":{"rendered":"<p><span style=\"font-weight: 400;\">La Zero Hour Emergency Tent de Pentagon offre une protection optimale contre les pertes rapides de chaleur, isole efficacement contre le froid du sol et prot\u00e8ge efficacement contre le mauvais temps. Fabriqu\u00e9e en polyester l\u00e9ger et r\u00e9sistant et en feuille d&rsquo;aluminium, elle est id\u00e9ale pour une utilisation en situation de crise. L&rsquo;ext\u00e9rieur de la tente est con\u00e7u dans des couleurs vives afin d&rsquo;assurer une visibilit\u00e9 et une s\u00e9curit\u00e9 maximales en cas d&rsquo;urgence. Le bivouac de secours peut \u00eatre utilis\u00e9 de mani\u00e8re polyvalente, que ce soit comme tente de secours ou couverture chauffante pour prot\u00e9ger le corps, sac de couchage de secours, en tant que b\u00e2che de couverture ou encore comme tapis de sol pour isoler le sol de la tente, etc.<\/span><\/p>\n<p><span style=\"font-weight: 400;\">La tente de secours ne p\u00e8se que 385 g avec les piquets, les attaches et le cordon de tente. Elle est extr\u00eamement compacte et prend tr\u00e8s peu de place dans un sac \u00e0 dos. Un sifflet de secours est \u00e9galement fourni avec le sac de rangement.&nbsp;<\/span><\/p>\n<p><b>Informations du produit&nbsp;:<\/b><\/p>\n<ul>\n<li><span style=\"font-weight: 400;\">D\u00e9signation&nbsp;: Tente d&rsquo;urgence, bivouac d&rsquo;urgence vert, rev\u00eatement en aluminium sur une face<\/span><\/li>\n<li><span style=\"font-weight: 400;\">Prot\u00e8ge de l\u2019humidit\u00e9, du froid, du vent et de la chaleur<\/span><\/li>\n<li><span style=\"font-weight: 400;\">Polyvalente comme sac de couchage de secours, couverture thermique, tente de secours, etc.<\/span><\/li>\n<li><span style=\"font-weight: 400;\">1 toile de tente avec 4 \u0153illets m\u00e9talliques<\/span><span style=\"font-weight: 400;\"><br \/>\n<\/span><\/li>\n<li><span style=\"font-weight: 400;\">1 corde de tente, env. 6 m<\/span><span style=\"font-weight: 400;\"><br \/>\n<\/span><\/li>\n<li><span style=\"font-weight: 400;\">2 attaches<\/span><span style=\"font-weight: 400;\"><br \/>\n<\/span><\/li>\n<li><span style=\"font-weight: 400;\">4 piquets de tente en m\u00e9tal<\/span><span style=\"font-weight: 400;\"><br \/>\n<\/span><\/li>\n<li><span style=\"font-weight: 400;\">1 sifflet d&rsquo;urgence<\/span><span style=\"font-weight: 400;\"><br \/>\n<\/span><\/li>\n<li><span style=\"font-weight: 400;\">Sac de transport avec sifflet sur la cordelette<\/span><span style=\"font-weight: 400;\"><br \/>\n<\/span><\/li>\n<li><span style=\"font-weight: 400;\">Dimensions&nbsp;: env. 240 x 150 cm<\/span><span style=\"font-weight: 400;\"><br \/>\n<\/span><\/li>\n<li><span style=\"font-weight: 400;\">Dimensions de rangement&nbsp;: env. 6 cm x 22 cm (D x H)<\/span><span style=\"font-weight: 400;\"><br \/>\n<\/span><\/li>\n<li><span style=\"font-weight: 400;\">Poids&nbsp;: env. 385 g, sac d&#8217;emballage inclus<\/span><span style=\"font-weight: 400;\"><br \/>\n<\/span><\/li>\n<li><span style=\"font-weight: 400;\">Mati\u00e8re&nbsp;: Poly\u00e9thyl\u00e8ne \/ aluminium<\/span><\/li>\n<li><span style=\"font-weight: 400;\">Couleur&nbsp;: vert<\/span><span style=\"font-weight: 400;\"><br \/>\n<\/span><\/li>\n<\/ul>\n","protected":false},"excerpt":{"rendered":"<p><span style=\"font-weight: 400;\">La Zero Hour Emergency Tent de Pentagon offre une protection optimale contre les pertes rapides de chaleur, isole efficacement contre le froid du sol et prot\u00e8ge efficacement contre le mauvais temps. Fabriqu\u00e9e en polyester l\u00e9ger et r\u00e9sistant et en feuille d&rsquo;aluminium, elle est id\u00e9ale pour une utilisation en situation de crise. L&rsquo;ext\u00e9rieur de la tente est con\u00e7u dans des couleurs vives afin d&rsquo;assurer une visibilit\u00e9 et une s\u00e9curit\u00e9 maximales en cas d&rsquo;urgence. Le bivouac de secours peut \u00eatre utilis\u00e9 de mani\u00e8re polyvalente, que ce soit comme tente de secours ou couverture chauffante pour prot\u00e9ger le corps, sac de couchage de secours, en tant que b\u00e2che de couverture ou encore comme tapis de sol pour isoler le sol de la tente, etc.<\/span><\/p>\n","protected":false},"featured_media":148414,"comment_status":"closed","ping_status":"closed","template":"","meta":{"inline_featured_image":false},"product_brand":[],"product_cat":[887,1694],"product_tag":[1769,1765],"class_list":{"0":"post-148410","1":"product","2":"type-product","3":"status-publish","4":"has-post-thumbnail","6":"product_cat-accessoires","7":"product_cat-sacs-de-couchage-sacs-de-bivouac-hamacs","8":"product_tag-army-survival-fr","9":"product_tag-sport-outdoor-fr","11":"first","12":"instock","13":"taxable","14":"shipping-taxable","15":"purchasable","16":"product-type-simple"},"_links":{"self":[{"href":"https:\/\/metal-badge.ch\/fr\/wp-json\/wp\/v2\/product\/148410","targetHints":{"allow":["GET"]}}],"collection":[{"href":"https:\/\/metal-badge.ch\/fr\/wp-json\/wp\/v2\/product"}],"about":[{"href":"https:\/\/metal-badge.ch\/fr\/wp-json\/wp\/v2\/types\/product"}],"replies":[{"embeddable":true,"href":"https:\/\/metal-badge.ch\/fr\/wp-json\/wp\/v2\/comments?post=148410"}],"wp:featuredmedia":[{"embeddable":true,"href":"https:\/\/metal-badge.ch\/fr\/wp-json\/wp\/v2\/media\/148414"}],"wp:attachment":[{"href":"https:\/\/metal-badge.ch\/fr\/wp-json\/wp\/v2\/media?parent=148410"}],"wp:term":[{"taxonomy":"product_brand","embeddable":true,"href":"https:\/\/metal-badge.ch\/fr\/wp-json\/wp\/v2\/product_brand?post=148410"},{"taxonomy":"product_cat","embeddable":true,"href":"https:\/\/metal-badge.ch\/fr\/wp-json\/wp\/v2\/product_cat?post=148410"},{"taxonomy":"product_tag","embeddable":true,"href":"https:\/\/metal-badge.ch\/fr\/wp-json\/wp\/v2\/product_tag?post=148410"}],"curies":[{"name":"wp","href":"https:\/\/api.w.org\/{rel}","templated":true}]}}