{"id":148354,"date":"2025-07-11T03:53:19","date_gmt":"2025-07-11T01:53:19","guid":{"rendered":"https:\/\/metal-badge.ch\/product\/148354\/lampe-uv-anti-insectes-exterminateur-dinsectes\/"},"modified":"2025-07-11T03:53:19","modified_gmt":"2025-07-11T01:53:19","slug":"lampe-uv-anti-insectes-exterminateur-dinsectes","status":"publish","type":"product","link":"https:\/\/metal-badge.ch\/fr\/product\/148354\/lampe-uv-anti-insectes-exterminateur-dinsectes\/","title":{"rendered":"Lampe UV anti-insectes \/ Exterminateur d&rsquo;insectes"},"content":{"rendered":"<p><span style=\"font-weight: 400;\">La lampe UV \u00e9lectrique est un moyen formidable et efficace de se d\u00e9barrasser des insectes g\u00eanants. Vous n&rsquo;avez besoin ni de produits chimiques ni de substances pour les attirer, et il ne causent pas non plus d&rsquo;odeurs d\u00e9sagr\u00e9ables. Vous n&rsquo;avez qu&rsquo;\u00e0 la recharger \u00e0 l&rsquo;aide de la prise USB et du c\u00e2ble fourni pour que la batterie dure environ 9 heures.&nbsp;&nbsp;<\/span><\/p>\n<p><span style=\"font-weight: 400;\">En plus de la lumi\u00e8re UV, cette moustiquaire est \u00e9galement dot\u00e9e d&rsquo;une lampe \/ lumi\u00e8re blanche. Id\u00e9al pour camper dans une tente ou une caravane.&nbsp;<\/span><\/p>\n<p><span style=\"font-weight: 400;\">Le pi\u00e8ge \u00e0 insectes \u00e9lectrique utilise une combinaison de lumi\u00e8re UV et de d\u00e9charges \u00e9lectriques pour attirer et d\u00e9truire efficacement les moustiques emb\u00eatants. La lampe attire les moustiques et les mouches gr\u00e2ce \u00e0 son design avanc\u00e9 et \u00e0 une puissante lumi\u00e8re UV. Lorsque les insectes approchent de la lampe, ils sont attir\u00e9s par la d\u00e9charge \u00e9lectrique et an\u00e9antis.<\/span><\/p>\n<p><span style=\"font-weight: 400;\">La lampe UV \u00e9lectrique est \u00e9quip\u00e9e d&rsquo;une grille de protection qui garantit une utilisation s\u00fbre. La lampe est \u00e9galement \u00e9conome en \u00e9nergie et facile \u00e0 utiliser&nbsp;: il vous suffit de l&rsquo;allumer et de la placer \u00e0 un endroit appropri\u00e9, par exemple sur la terrasse, dans le jardin ou dans n&rsquo;importe quelle pi\u00e8ce. Elle est \u00e9quip\u00e9e d&rsquo;une petite brosse permettant de la nettoyer plus facilement. Cette lampe anti-insectes vous permet de vous prot\u00e9ger contre les visiteurs importuns pendant votre sommeil.<\/span><\/p>\n<p><span style=\"font-weight: 400;\">Profitez d&rsquo;une nuit de sommeil tranquille, sans perturbations.<\/span><\/p>\n<p><b>Informations sur le produit&nbsp;:&nbsp;<\/b><\/p>\n<ul>\n<li><span style=\"font-weight: 400;\">D\u00e9signation&nbsp;: BG-002 Lampe de protection contre les moustiques&nbsp;<\/span><\/li>\n<li><span style=\"font-weight: 400;\">Couleur&nbsp;: vert \/ blanc<\/span><\/li>\n<li><span style=\"font-weight: 400;\">Mati\u00e8re&nbsp;: Plastique PVC<\/span><\/li>\n<li><span style=\"font-weight: 400;\">Silencieux<\/span><\/li>\n<li><span style=\"font-weight: 400;\">Poids&nbsp;: 135 g&nbsp;<\/span><\/li>\n<li><span style=\"font-weight: 400;\">Lumi\u00e8re UV et interrupteur suppl\u00e9mentaire pour la lumi\u00e8re blanche, id\u00e9ale pour le camping<\/span><\/li>\n<li><span style=\"font-weight: 400;\">Dimensions&nbsp;: hauteur 12 cm&nbsp;<\/span><\/li>\n<li><span style=\"font-weight: 400;\">Diam\u00e8tre, bas&nbsp;: 8 cm&nbsp;<\/span><\/li>\n<li><span style=\"font-weight: 400;\">Diam\u00e8tre haut&nbsp;: 5,5 cm<\/span><\/li>\n<li><span style=\"font-weight: 400;\">Boucle de suspension<\/span><\/li>\n<li><span style=\"font-weight: 400;\">Autonomie&nbsp;: jusqu&rsquo;\u00e0 9 heures<\/span><\/li>\n<li><span style=\"font-weight: 400;\">Petite brosse de nettoyage incluse&nbsp;<\/span><\/li>\n<li><span style=\"font-weight: 400;\">Le prix comprend \u00e9galement le c\u00e2ble USB et la prise de recharge.<\/span><\/li>\n<\/ul>\n","protected":false},"excerpt":{"rendered":"<p><span style=\"font-weight: 400;\">La lampe UV \u00e9lectrique est un moyen formidable et efficace de se d\u00e9barrasser des insectes g\u00eanants. Vous n&rsquo;avez besoin ni de produits chimiques ni de substances pour les attirer, et il ne causent pas non plus d&rsquo;odeurs d\u00e9sagr\u00e9ables. Vous n&rsquo;avez qu&rsquo;\u00e0 la recharger \u00e0 l&rsquo;aide de la prise USB et du c\u00e2ble fourni pour que la batterie dure environ 9 heures.&nbsp;&nbsp;<\/span><\/p>\n<p><span style=\"font-weight: 400;\">En plus de la lumi\u00e8re UV, cette moustiquaire est \u00e9galement dot\u00e9e d&rsquo;une lampe \/ lumi\u00e8re blanche. Id\u00e9al pour camper dans une tente ou une caravane.&nbsp;<\/span><\/p>\n","protected":false},"featured_media":148335,"comment_status":"closed","ping_status":"closed","template":"","meta":{"inline_featured_image":false},"product_brand":[],"product_cat":[1435,887,1683],"product_tag":[1769],"class_list":{"0":"post-148354","1":"product","2":"type-product","3":"status-publish","4":"has-post-thumbnail","6":"product_cat-camping-voyage","7":"product_cat-accessoires","8":"product_cat-moustiquaires","9":"product_tag-army-survival-fr","11":"first","12":"instock","13":"taxable","14":"shipping-taxable","15":"purchasable","16":"product-type-simple"},"_links":{"self":[{"href":"https:\/\/metal-badge.ch\/fr\/wp-json\/wp\/v2\/product\/148354","targetHints":{"allow":["GET"]}}],"collection":[{"href":"https:\/\/metal-badge.ch\/fr\/wp-json\/wp\/v2\/product"}],"about":[{"href":"https:\/\/metal-badge.ch\/fr\/wp-json\/wp\/v2\/types\/product"}],"replies":[{"embeddable":true,"href":"https:\/\/metal-badge.ch\/fr\/wp-json\/wp\/v2\/comments?post=148354"}],"wp:featuredmedia":[{"embeddable":true,"href":"https:\/\/metal-badge.ch\/fr\/wp-json\/wp\/v2\/media\/148335"}],"wp:attachment":[{"href":"https:\/\/metal-badge.ch\/fr\/wp-json\/wp\/v2\/media?parent=148354"}],"wp:term":[{"taxonomy":"product_brand","embeddable":true,"href":"https:\/\/metal-badge.ch\/fr\/wp-json\/wp\/v2\/product_brand?post=148354"},{"taxonomy":"product_cat","embeddable":true,"href":"https:\/\/metal-badge.ch\/fr\/wp-json\/wp\/v2\/product_cat?post=148354"},{"taxonomy":"product_tag","embeddable":true,"href":"https:\/\/metal-badge.ch\/fr\/wp-json\/wp\/v2\/product_tag?post=148354"}],"curies":[{"name":"wp","href":"https:\/\/api.w.org\/{rel}","templated":true}]}}