{"id":148301,"date":"2025-07-11T02:18:13","date_gmt":"2025-07-11T00:18:13","guid":{"rendered":"https:\/\/metal-badge.ch\/product\/148301\/couteau-de-chasse-a-lame-fixe\/"},"modified":"2025-07-11T02:34:57","modified_gmt":"2025-07-11T00:34:57","slug":"couteau-de-chasse-a-lame-fixe-olive","status":"publish","type":"product","link":"https:\/\/metal-badge.ch\/fr\/product\/148301\/couteau-de-chasse-a-lame-fixe-olive\/","title":{"rendered":"Couteau de chasse \u00e0 lame fixe &#8211; olive\u00a0"},"content":{"rendered":"<p><span style=\"font-weight: 400;\">Le couteau de chasse <\/span><b>Fixed Blade<\/b><span style=\"font-weight: 400;\">&nbsp;\u00e0 lame fixe est simple et efficace. Fabriqu\u00e9e en acier inoxydable 440 A, la lame reste aiguis\u00e9e pendant longtemps et n&rsquo;a pas besoin d&rsquo;\u00eatre aff\u00fbt\u00e9e trop souvent. Tient bien en main gr\u00e2ce \u00e0 son manche caoutchout\u00e9 \u00e0 la texture diamant\u00e9e. Sans fioritures. Ex\u00e9cution massive. Id\u00e9al pour les activit\u00e9s de plein air comme la chasse, la p\u00eache et le camping. Livr\u00e9 dans un \u00e9tui en plastique fabriqu\u00e9 \u00e0 base de thermoplastique TPR et de nylon composite.&nbsp;&nbsp;<\/span><\/p>\n<p><b>Informations sur le produit&nbsp;:&nbsp;<\/b><\/p>\n<ul>\n<li><span style=\"font-weight: 400;\">D\u00e9signation&nbsp;: Couteau de chasse <\/span><span style=\"font-weight: 400;\">\u00e0 lame fixe<\/span><\/li>\n<li><span style=\"font-weight: 400;\">Prise en main parfaite gr\u00e2ce \u00e0 la poign\u00e9e ergonomique structur\u00e9e en mat\u00e9riau TPE<\/span><\/li>\n<li><span style=\"font-weight: 400;\">Sangle MOLLE encliquetable<\/span><\/li>\n<li><span style=\"font-weight: 400;\">Mati\u00e8re&nbsp;: Acier inoxydable 440A&nbsp;<\/span><\/li>\n<li><span style=\"font-weight: 400;\">Mati\u00e8re&nbsp;: Poign\u00e9e en plastique TPR thermoplastique<\/span><\/li>\n<li><span style=\"font-weight: 400;\">Extr\u00e9mit\u00e9 du manche avec trou de fixation<\/span><\/li>\n<li><span style=\"font-weight: 400;\">Tranchant de la lame&nbsp;: lisse&nbsp;<\/span><\/li>\n<li><span style=\"font-weight: 400;\">Forme de la lame&nbsp;: Drop Point<\/span><\/li>\n<li><span style=\"font-weight: 400;\">Poids couteau seul&nbsp;: 190 g<\/span><\/li>\n<li><span style=\"font-weight: 400;\">Poids couteau avec \u00e9tui&nbsp;: 298 g.&nbsp;&nbsp;<\/span><\/li>\n<li><span style=\"font-weight: 400;\">Couleur&nbsp;: noir&nbsp;<\/span><\/li>\n<li><span style=\"font-weight: 400;\">Couleur du manche&nbsp;: olive&nbsp;<\/span><\/li>\n<li><span style=\"font-weight: 400;\">\u00c9paisseur du manche&nbsp;: 2,0 cm<\/span><\/li>\n<li><span style=\"font-weight: 400;\">Dimensions&nbsp;: Largeur la lame&nbsp;: 3,0 cm&nbsp;<\/span><\/li>\n<li><span style=\"font-weight: 400;\">Longueur totale&nbsp;: 25 cm<\/span><\/li>\n<li><span style=\"font-weight: 400;\">Longueur du manche&nbsp;: 12 cm<\/span><\/li>\n<li><span style=\"font-weight: 400;\">Longueur de la lame&nbsp;: 13 cm&nbsp;<\/span><\/li>\n<li><span style=\"font-weight: 400;\">\u00c9paisseur de la lame&nbsp;: 58-60 HRC<\/span><\/li>\n<li><span style=\"font-weight: 400;\">Le prix comprend l&rsquo;\u00e9tui en nylon et thermoplastique. <\/span><\/li>\n<\/ul>\n","protected":false},"excerpt":{"rendered":"<p><span style=\"font-weight: 400;\">Le couteau de chasse <\/span><b>Fixed Blade<\/b><span style=\"font-weight: 400;\">&nbsp;\u00e0 lame fixe est simple et efficace. Fabriqu\u00e9e en acier inoxydable 440 A, la lame reste aiguis\u00e9e pendant longtemps et n&rsquo;a pas besoin d&rsquo;\u00eatre aff\u00fbt\u00e9e trop souvent. Tient bien en main gr\u00e2ce \u00e0 son manche caoutchout\u00e9 \u00e0 la texture diamant\u00e9e. Sans fioritures. Ex\u00e9cution massive. Id\u00e9al pour les activit\u00e9s de plein air comme la chasse, la p\u00eache et le camping. Livr\u00e9 dans un \u00e9tui en plastique fabriqu\u00e9 \u00e0 base de thermoplastique TPR et de nylon composite.&nbsp;&nbsp;<\/span><\/p>\n","protected":false},"featured_media":148278,"comment_status":"closed","ping_status":"closed","template":"","meta":{"inline_featured_image":false},"product_brand":[],"product_cat":[1035,887,1347],"product_tag":[],"class_list":{"0":"post-148301","1":"product","2":"type-product","3":"status-publish","4":"has-post-thumbnail","6":"product_cat-couteaux-machettes","7":"product_cat-accessoires","8":"product_cat-accessoires-militaires-de-chasse","10":"first","11":"instock","12":"taxable","13":"shipping-taxable","14":"purchasable","15":"product-type-simple"},"_links":{"self":[{"href":"https:\/\/metal-badge.ch\/fr\/wp-json\/wp\/v2\/product\/148301","targetHints":{"allow":["GET"]}}],"collection":[{"href":"https:\/\/metal-badge.ch\/fr\/wp-json\/wp\/v2\/product"}],"about":[{"href":"https:\/\/metal-badge.ch\/fr\/wp-json\/wp\/v2\/types\/product"}],"replies":[{"embeddable":true,"href":"https:\/\/metal-badge.ch\/fr\/wp-json\/wp\/v2\/comments?post=148301"}],"wp:featuredmedia":[{"embeddable":true,"href":"https:\/\/metal-badge.ch\/fr\/wp-json\/wp\/v2\/media\/148278"}],"wp:attachment":[{"href":"https:\/\/metal-badge.ch\/fr\/wp-json\/wp\/v2\/media?parent=148301"}],"wp:term":[{"taxonomy":"product_brand","embeddable":true,"href":"https:\/\/metal-badge.ch\/fr\/wp-json\/wp\/v2\/product_brand?post=148301"},{"taxonomy":"product_cat","embeddable":true,"href":"https:\/\/metal-badge.ch\/fr\/wp-json\/wp\/v2\/product_cat?post=148301"},{"taxonomy":"product_tag","embeddable":true,"href":"https:\/\/metal-badge.ch\/fr\/wp-json\/wp\/v2\/product_tag?post=148301"}],"curies":[{"name":"wp","href":"https:\/\/api.w.org\/{rel}","templated":true}]}}