{"id":148232,"date":"2025-07-11T00:53:21","date_gmt":"2025-07-10T22:53:22","guid":{"rendered":"https:\/\/metal-badge.ch\/?post_type=product&#038;p=148232"},"modified":"2025-07-11T01:27:10","modified_gmt":"2025-07-10T23:27:10","slug":"la-boite-a-lunch-premium-en-inox-ni001-dfx","status":"publish","type":"product","link":"https:\/\/metal-badge.ch\/fr\/product\/148232\/la-boite-a-lunch-premium-en-inox-ni001-dfx\/","title":{"rendered":"La bo\u00eete \u00e0 lunch premium en inox &#8211; NI001-DFX"},"content":{"rendered":"<p><span style=\"font-weight: 400;\">Ce n&rsquo;est pas seulement une bo\u00eete pour emporter un sandwich, mais un accessoire fiable qui vous sera utile \u00e0 de nombreuses occasions&nbsp;!<\/span><\/p>\n<p><span style=\"font-weight: 400;\">Avec cette bo\u00eete \u00e0 lunch r\u00e9utilisable en acier inoxydable, vous pouvez enfin conserver et transporter vos aliments de mani\u00e8re \u00e9cologique, sans emballage suppl\u00e9mentaire. Garanti sans BPA et odeurs d\u00e9sagr\u00e9ables pour vos aliments. Deux fermetures \u00e0 clipser permettent de fixer le couvercle avec un joint en silicone pour \u00e9viter les fuites. Cela signifie que vous pouvez m\u00eame transporter des liquides en toute s\u00e9curit\u00e9. Id\u00e9al pour la randonn\u00e9e, le sport, la cr\u00e8che, l&rsquo;\u00e9cole ou l&rsquo;universit\u00e9, le bureau et sur le chemin du travail. L&rsquo;inox est incroyablement r\u00e9sistant, m\u00eame dans les cas les plus mouvement\u00e9s. La bo\u00eete \u00e0 lunch peut \u00eatre facilement nettoy\u00e9e au lave-vaisselle.<\/span><\/p>\n<p><b>Informations sur le produit&nbsp;:&nbsp;<\/b><\/p>\n<ul>\n<li><span style=\"font-weight: 400;\">D\u00e9signation&nbsp;: Bo\u00eete \u00e0 lunch en inox NI001-DFX<\/span><\/li>\n<li><span style=\"font-weight: 400;\">Id\u00e9al pour le camping, l&rsquo;\u00e9cole, la randonn\u00e9e, la p\u00eache, etc.<\/span><\/li>\n<li><span style=\"font-weight: 400;\">Convient pour les go\u00fbters, le muesli, le yaourt, etc.<\/span><\/li>\n<li><span style=\"font-weight: 400;\">\u00c9tanche gr\u00e2ce au joint en silicone int\u00e9gr\u00e9 dans le couvercle<\/span><\/li>\n<li><span style=\"font-weight: 400;\">100&nbsp;% sans plastique<\/span><\/li>\n<li><span style=\"font-weight: 400;\">100&nbsp;% \u00e9tanche<\/span><\/li>\n<li><span style=\"font-weight: 400;\">Inodore et sans go\u00fbt<\/span><\/li>\n<li><span style=\"font-weight: 400;\">Fermeture s\u00e9curis\u00e9e et facile \u00e0 ouvrir, m\u00eame pour les enfants<\/span><\/li>\n<li><span style=\"font-weight: 400;\">R\u00e9duit les d\u00e9chets et les emballages jetables<\/span><\/li>\n<li><span style=\"font-weight: 400;\">Nettoyage facile au lave-vaisselle<\/span><\/li>\n<li><span style=\"font-weight: 400;\">Durable et robuste gr\u00e2ce \u00e0 des mat\u00e9riaux de haute qualit\u00e9<\/span><\/li>\n<li><span style=\"font-weight: 400;\">Un <\/span><b>cadeau<\/b><span style=\"font-weight: 400;\"> parfait, de grande qualit\u00e9<\/span><\/li>\n<li><span style=\"font-weight: 400;\">\u00c9galement disponible avec logo personnalis\u00e9 ou gravure&nbsp;<\/span><\/li>\n<li><span style=\"font-weight: 400;\">Fermeture pratique<\/span><\/li>\n<\/ul>\n<p><b>Avertissements&nbsp;:<\/b><\/p>\n<ul>\n<li><span style=\"font-weight: 400;\">La bo\u00eete \u00e0 lunch en inox ne doit pas \u00eatre chauff\u00e9e au micro-ondes.<\/span><\/li>\n<li><span style=\"font-weight: 400;\">N&rsquo;utilisez pas de produits de nettoyage contenant du chlore, car ceux-ci pourraient endommager le mat\u00e9riau.<\/span><\/li>\n<li><span style=\"font-weight: 400;\">Ne laissez pas de restes de nourriture pendant de longues p\u00e9riodes dans la bo\u00eete \u00e0 lunch afin d&rsquo;\u00e9viter les mauvaises odeurs et les dommages.<\/span><\/li>\n<li><span style=\"font-weight: 400;\">Ne laissez pas la bo\u00eete \u00e0 lunch dans l\u2019eau pendant de longues p\u00e9riodes pour \u00e9viter la corrosion.<\/span><\/li>\n<li><span style=\"font-weight: 400;\">Couleur&nbsp;: Argent\u00e9&nbsp;<\/span><\/li>\n<li><span style=\"font-weight: 400;\">Contenance&nbsp;: 1400 mL<\/span><\/li>\n<li><span style=\"font-weight: 400;\">Dimensions&nbsp;: Longueur 21 cm x largeur 16,5 cm x hauteur 6,5 cm<\/span><\/li>\n<li><span style=\"font-weight: 400;\">Poids&nbsp;: 380 g <\/span><\/li>\n<\/ul>\n","protected":false},"excerpt":{"rendered":"<p><span style=\"font-weight: 400;\">Ce n&rsquo;est pas seulement une bo\u00eete pour emporter un sandwich, mais un accessoire fiable qui vous sera utile \u00e0 de nombreuses occasions&nbsp;!<\/span><\/p>\n<p><span style=\"font-weight: 400;\">Avec cette bo\u00eete \u00e0 lunch r\u00e9utilisable en acier inoxydable, vous pouvez enfin conserver et transporter vos aliments de mani\u00e8re \u00e9cologique, sans emballage suppl\u00e9mentaire. Garanti sans BPA et odeurs d\u00e9sagr\u00e9ables pour vos aliments. Deux fermetures \u00e0 clipser permettent de fixer le couvercle avec un joint en silicone pour \u00e9viter les fuites. Cela signifie que vous pouvez m\u00eame transporter des liquides en toute s\u00e9curit\u00e9. Id\u00e9al pour la randonn\u00e9e, le sport, la cr\u00e8che, l&rsquo;\u00e9cole ou l&rsquo;universit\u00e9, le bureau et sur le chemin du travail. L&rsquo;inox est incroyablement r\u00e9sistant, m\u00eame dans les cas les plus mouvement\u00e9s. La bo\u00eete \u00e0 lunch peut \u00eatre facilement nettoy\u00e9e au lave-vaisselle.<\/span><\/p>\n","protected":false},"featured_media":148236,"comment_status":"closed","ping_status":"closed","template":"","meta":{"inline_featured_image":false},"product_brand":[],"product_cat":[887,1275,1435],"product_tag":[],"class_list":{"0":"post-148232","1":"product","2":"type-product","3":"status-publish","4":"has-post-thumbnail","6":"product_cat-accessoires","7":"product_cat-bouteilles-poele-recipient","8":"product_cat-camping-voyage","10":"first","11":"instock","12":"taxable","13":"shipping-taxable","14":"purchasable","15":"product-type-simple"},"_links":{"self":[{"href":"https:\/\/metal-badge.ch\/fr\/wp-json\/wp\/v2\/product\/148232","targetHints":{"allow":["GET"]}}],"collection":[{"href":"https:\/\/metal-badge.ch\/fr\/wp-json\/wp\/v2\/product"}],"about":[{"href":"https:\/\/metal-badge.ch\/fr\/wp-json\/wp\/v2\/types\/product"}],"replies":[{"embeddable":true,"href":"https:\/\/metal-badge.ch\/fr\/wp-json\/wp\/v2\/comments?post=148232"}],"wp:featuredmedia":[{"embeddable":true,"href":"https:\/\/metal-badge.ch\/fr\/wp-json\/wp\/v2\/media\/148236"}],"wp:attachment":[{"href":"https:\/\/metal-badge.ch\/fr\/wp-json\/wp\/v2\/media?parent=148232"}],"wp:term":[{"taxonomy":"product_brand","embeddable":true,"href":"https:\/\/metal-badge.ch\/fr\/wp-json\/wp\/v2\/product_brand?post=148232"},{"taxonomy":"product_cat","embeddable":true,"href":"https:\/\/metal-badge.ch\/fr\/wp-json\/wp\/v2\/product_cat?post=148232"},{"taxonomy":"product_tag","embeddable":true,"href":"https:\/\/metal-badge.ch\/fr\/wp-json\/wp\/v2\/product_tag?post=148232"}],"curies":[{"name":"wp","href":"https:\/\/api.w.org\/{rel}","templated":true}]}}