{"id":147971,"date":"2025-07-10T07:11:26","date_gmt":"2025-07-10T05:11:27","guid":{"rendered":"https:\/\/metal-badge.ch\/?post_type=product&#038;p=147971"},"modified":"2025-07-10T07:16:10","modified_gmt":"2025-07-10T05:16:10","slug":"police-locale-etiquette-de-marquage-pour-vetements-avec-velcro-a-larriere","status":"publish","type":"product","link":"https:\/\/metal-badge.ch\/fr\/product\/147971\/police-locale-etiquette-de-marquage-pour-vetements-avec-velcro-a-larriere\/","title":{"rendered":"POLICE LOCALE \u00c9tiquette de marquage pour v\u00eatements avec velcro \u00e0 l\u2019arri\u00e8re"},"content":{"rendered":"<p><span style=\"font-weight: 400;\">L\u2019\u00e9tiquette est pourvue d\u2019un velcro \u00e0 l\u2019arri\u00e8re. L\u2019\u00e9tiquette est r\u00e9fl\u00e9chissante en noir \/ blanc.&nbsp;<\/span><\/p>\n<p><span style=\"font-weight: 400;\">Taille de l\u2019\u00e9tiquette: grande: 10 cm x 30 cm \/ petite: 4 cm x 12 cm<\/span><span style=\"font-weight: 400;\"><br \/>\n<\/span><span style=\"font-weight: 400;\">Couleur: noir \/ blanc<\/span><\/p>\n<p><span style=\"font-weight: 400;\">Contactez-nous pour des inscriptions sur demande.<\/span><\/p>\n","protected":false},"excerpt":{"rendered":"<p><span style=\"font-weight: 400;\">L\u2019\u00e9tiquette est pourvue d\u2019un velcro \u00e0 l\u2019arri\u00e8re. L\u2019\u00e9tiquette est r\u00e9fl\u00e9chissante en noir \/ blanc.&nbsp;<\/span><\/p>\n","protected":false},"featured_media":147975,"comment_status":"closed","ping_status":"closed","template":"","meta":{"inline_featured_image":false},"product_brand":[],"product_cat":[1666,887,2182],"product_tag":[],"class_list":{"0":"post-147971","1":"product","2":"type-product","3":"status-publish","4":"has-post-thumbnail","6":"product_cat-signes-etiquettes-velcro","7":"product_cat-accessoires","8":"product_cat-etiquette-de-marquage","10":"first","11":"instock","12":"taxable","13":"shipping-taxable","14":"purchasable","15":"product-type-simple"},"_links":{"self":[{"href":"https:\/\/metal-badge.ch\/fr\/wp-json\/wp\/v2\/product\/147971","targetHints":{"allow":["GET"]}}],"collection":[{"href":"https:\/\/metal-badge.ch\/fr\/wp-json\/wp\/v2\/product"}],"about":[{"href":"https:\/\/metal-badge.ch\/fr\/wp-json\/wp\/v2\/types\/product"}],"replies":[{"embeddable":true,"href":"https:\/\/metal-badge.ch\/fr\/wp-json\/wp\/v2\/comments?post=147971"}],"wp:featuredmedia":[{"embeddable":true,"href":"https:\/\/metal-badge.ch\/fr\/wp-json\/wp\/v2\/media\/147975"}],"wp:attachment":[{"href":"https:\/\/metal-badge.ch\/fr\/wp-json\/wp\/v2\/media?parent=147971"}],"wp:term":[{"taxonomy":"product_brand","embeddable":true,"href":"https:\/\/metal-badge.ch\/fr\/wp-json\/wp\/v2\/product_brand?post=147971"},{"taxonomy":"product_cat","embeddable":true,"href":"https:\/\/metal-badge.ch\/fr\/wp-json\/wp\/v2\/product_cat?post=147971"},{"taxonomy":"product_tag","embeddable":true,"href":"https:\/\/metal-badge.ch\/fr\/wp-json\/wp\/v2\/product_tag?post=147971"}],"curies":[{"name":"wp","href":"https:\/\/api.w.org\/{rel}","templated":true}]}}