{"id":147840,"date":"2025-07-09T20:37:12","date_gmt":"2025-07-09T18:37:13","guid":{"rendered":"https:\/\/metal-badge.ch\/?post_type=product&#038;p=147840"},"modified":"2025-07-09T21:02:27","modified_gmt":"2025-07-09T19:02:27","slug":"sous-veste-antiperforations-et-antilacerations-armadillo-grise","status":"publish","type":"product","link":"https:\/\/metal-badge.ch\/fr\/product\/147840\/sous-veste-antiperforations-et-antilacerations-armadillo-grise\/","title":{"rendered":"Sous-veste antiperforations et antilac\u00e9rations \u00ab Armadillo \u00bb grise"},"content":{"rendered":"<p><img decoding=\"async\" class=\"alignnone size-medium wp-image-134311\" src=\"https:\/\/metal-badge.ch\/wp-content\/uploads\/2023\/11\/Armadillo-300x136.png\" alt=\"\" width=\"300\" height=\"136\" srcset=\"https:\/\/metal-badge.ch\/wp-content\/uploads\/2023\/11\/Armadillo-300x136.png 300w, https:\/\/metal-badge.ch\/wp-content\/uploads\/2023\/11\/Armadillo-150x68.png 150w, https:\/\/metal-badge.ch\/wp-content\/uploads\/2023\/11\/Armadillo-64x29.png 64w, https:\/\/metal-badge.ch\/wp-content\/uploads\/2023\/11\/Armadillo.png 400w\" sizes=\"(max-width: 300px) 100vw, 300px\" \/>&nbsp;<\/p>\n<p><span style=\"font-weight: 400;\">Ce gilet antilac\u00e9rations certifi\u00e9 offre une protection sup\u00e9rieure tout en restant confortable.&nbsp;<\/span><\/p>\n<p><span style=\"font-weight: 400;\">Tissu aramide, structure composite en fibre de carbone&nbsp;: les meilleurs mat\u00e9riaux du march\u00e9 pour garantir flexibilit\u00e9 et l\u00e9g\u00e8ret\u00e9. Avec un poids \u00e0 partir de 1,8 kg en taille L, le gilet offre un haut niveau de confort et est certifi\u00e9 selon la directive Niveau K1. Il est maintenant possible d\u2019unir flexibilit\u00e9 et s\u00e9curit\u00e9&nbsp;: en effet, les gilets antilac\u00e9rations innovants d&rsquo;Armadillo Tex combinent des caract\u00e9ristiques qui semblaient longtemps impossibles pour les gilets de protection&nbsp;! Inspir\u00e9s de la structure en \u00e9cailles des tatous, les gilets Armadillo pour r\u00e9sistants aux lac\u00e9rations et perforations combinent une protectionantilac\u00e9ration, une excellente respirabilit\u00e9 et un faible poids avec une flexibilit\u00e9 et une adaptabilit\u00e9 \u00e9normes, de sorte que le porteur n&rsquo;est pas limit\u00e9 par la protection contre les coups de couteau, m\u00eame lors de mouvements de stress extr\u00eames. B\u00e9n\u00e9ficiez d&rsquo;un grand confort avec son poids l\u00e9ger et d&rsquo;une protection fiable contre les lac\u00e9rations pendant votre service ou vos op\u00e9rations.<\/span><\/p>\n<p><span style=\"font-weight: 400;\">La technique utilis\u00e9e pour fabriquer cette veste et d&rsquo;autres v\u00eatements antiperforations d\u2019Armadillo Tex est innovante et unique au monde. Apr\u00e8s des ann\u00e9es de recherche intensive, Armadillo Tex a r\u00e9ussi \u00e0 fabriquer un composite textile qui soit \u00e0 la fois s\u00fbr, l\u00e9ger et flexible. \u00c9tant donn\u00e9 que la couche de protection ne consiste pas en une plaque d&rsquo;insertion, les gilets Armadillo Tex offrent une zone de protection nettement plus grande que les autres gilets antilac\u00e9rations. Le gilet peut \u00eatre ajust\u00e9 de mani\u00e8re flexible via les sangles pour les hanches \/ le ventre \u00e0 l&rsquo;aide de fermetures velcro, afin de garantir qu&rsquo;il s&rsquo;adapte confortablement aux hommes et aux femmes.&nbsp;<\/span><\/p>\n<p><span style=\"font-weight: 400;\">Une v\u00e9ritable protection int\u00e9grale pour le haut du corps et tous les organes vitaux. La grande flexibilit\u00e9 du gilet Armadillo permet de le porter discr\u00e8tement car il est particuli\u00e8rement \u00e9troit.<\/span> <span style=\"font-weight: 400;\">Cette sous-veste grise est id\u00e9ale pour se glisser facilement sous n&rsquo;importe quelle chemise, pull ou veste.<\/span><\/p>\n<p><span style=\"font-weight: 400;\">Le tissu ext\u00e9rieur de ce gilet est fabriqu\u00e9 \u00e0 partir d&rsquo;un tissu en coton polyester doux, souple et absorbant la transpiration, parfaitement coup\u00e9 et tr\u00e8s confortable. Absorbe la transpiration et l&rsquo;humidit\u00e9 de mani\u00e8re optimale et s\u00e8che rapidement.<\/span><b>&nbsp;<\/b><\/p>\n<p><span style=\"font-weight: 400;\">Le tissu ext\u00e9rieur peut \u00eatre lav\u00e9 en machine pour un nettoyage hygi\u00e9nique qui ne laissera pas \u00e0 d\u00e9sirer. Tous les inserts antiperforations au dos et \u00e0 l&rsquo;avant peuvent \u00eatre ouverts et retir\u00e9s \u00e0 l&rsquo;aide d&rsquo;une fermeture \u00e0 glissi\u00e8re.&nbsp;<\/span><\/p>\n<p><span style=\"font-weight: 400;\">Les possibilit\u00e9s d&rsquo;utilisation de nos textiles antiperforations sont multiples. Peu importe qu&rsquo;il s&rsquo;agisse de forces de s\u00e9curit\u00e9 priv\u00e9es ou publiques, de la police, des forces de l&rsquo;ordre ou de la s\u00e9curit\u00e9&nbsp;: tous ces professionnels ont besoin d&rsquo;un \u00e9quipement d&rsquo;autoprotection efficace contre les couteaux, les aiguilles et les autres armes blanches. Gr\u00e2ce \u00e0 leurs nombreux avantages, nos produits peuvent \u00eatre utilis\u00e9s dans de nombreux domaines. Les hommes d&rsquo;affaires et leurs gardes du corps peuvent porter notre sous-veste de protection discr\u00e8te et respirante sous une veste ou un gilet sans que cela ne les fasse transpirer. Les contr\u00f4leurs et les videurs ne souffriront pas du poids de notre gilet antiperforations m\u00eame apr\u00e8s des heures, car il est extr\u00eamement l\u00e9ger. Les secouristes et les ambulanciers peuvent s&rsquo;adapter aux circonstances et aux menaces pr\u00e9sentes dans chaque situation, bien prot\u00e9g\u00e9s par les \u00e9cailles composites mobiles.<\/span><\/p>\n<p><b>Informations sur le produit&nbsp;:&nbsp;<\/b><\/p>\n<ul>\n<li><span style=\"font-weight: 400;\">D\u00e9signation&nbsp;: Sous-veste antilac\u00e9rations Armadillo Tex grise&nbsp;<\/span><\/li>\n<li><span style=\"font-weight: 400;\">Mod\u00e8le n\u00ba LBV-V1&nbsp;<\/span><\/li>\n<li><span style=\"font-weight: 400;\">Couleur&nbsp;: gris<\/span><\/li>\n<li><span style=\"font-weight: 400;\">Poids de r\u00e9f\u00e9rence pour la taille&nbsp;L&nbsp;: 1,8 kg<\/span><\/li>\n<li><span style=\"font-weight: 400;\">Niveau K1 certifi\u00e9 NIJ Std 0115.00<\/span><\/li>\n<li><span style=\"font-weight: 400;\">Tissu ext\u00e9rieur&nbsp;: en tissu polyester-coton doux et flexible<\/span><\/li>\n<li><span style=\"font-weight: 400;\">Absorbe la transpiration et l&rsquo;humidit\u00e9 de mani\u00e8re optimale<\/span><\/li>\n<li><span style=\"font-weight: 400;\">Mat\u00e9riau antilac\u00e9rations&nbsp;: Tissu aramide, structure composite en fibre de carbone&nbsp;: les meilleurs mat\u00e9riaux du march\u00e9 pour garantir flexibilit\u00e9 et l\u00e9g\u00e8ret\u00e9.<\/span><\/li>\n<li><span style=\"font-weight: 400;\">Le gilet peut \u00eatre r\u00e9gl\u00e9 avec les sangles sur les hanches\/abdominales \u00e0 fermetures velcro<\/span><\/li>\n<li><span style=\"font-weight: 400;\">Unisexe&nbsp;: offre le plus grand confort aux hommes comme aux femmes<\/span><\/li>\n<li><span style=\"font-weight: 400;\">Vous prot\u00e8ge de mani\u00e8re fiable contre les coups de couteau dans le dos, la poitrine et le ventre<\/span><\/li>\n<li><span style=\"font-weight: 400;\">Adaptable de mani\u00e8re modulaire gr\u00e2ce \u00e0 la protection sur les flancs d\u2019Armadillo Tex disponible en option<\/span><\/li>\n<li><span style=\"font-weight: 400;\">Portez ce gilet presque invisible sous un pull ou une veste<\/span><\/li>\n<\/ul>\n<p>&nbsp;<\/p>\n<p><b><i>Inserts de protection lat\u00e9rale \u00e9galement disponibles pour un suppl\u00e9ment.<\/i><\/b><\/p>\n<p><b><i>Sera factur\u00e9 pour les tailles sup\u00e9rieures \u00e0 2XL et 3XL.<\/i><\/b><\/p>\n","protected":false},"excerpt":{"rendered":"<p><img decoding=\"async\" class=\"alignnone size-medium wp-image-134311\" src=\"https:\/\/metal-badge.ch\/wp-content\/uploads\/2023\/11\/Armadillo-300x136.png\" alt=\"\" width=\"300\" height=\"136\" srcset=\"https:\/\/metal-badge.ch\/wp-content\/uploads\/2023\/11\/Armadillo-300x136.png 300w, https:\/\/metal-badge.ch\/wp-content\/uploads\/2023\/11\/Armadillo-150x68.png 150w, https:\/\/metal-badge.ch\/wp-content\/uploads\/2023\/11\/Armadillo-64x29.png 64w, https:\/\/metal-badge.ch\/wp-content\/uploads\/2023\/11\/Armadillo.png 400w\" sizes=\"(max-width: 300px) 100vw, 300px\" \/>&nbsp;<\/p>\n<p><span style=\"font-weight: 400;\">Ce gilet antilac\u00e9rations certifi\u00e9 offre une protection sup\u00e9rieure tout en restant confortable.&nbsp;<\/span><\/p>\n<p><span style=\"font-weight: 400;\">Tissu aramide, structure composite en fibre de carbone&nbsp;: les meilleurs mat\u00e9riaux du march\u00e9 pour garantir flexibilit\u00e9 et l\u00e9g\u00e8ret\u00e9. Avec un poids \u00e0 partir de 1,8 kg en taille L, le gilet offre un haut niveau de confort et est certifi\u00e9 selon la directive Niveau K1. Il est maintenant possible d\u2019unir flexibilit\u00e9 et s\u00e9curit\u00e9&nbsp;: en effet, les gilets antilac\u00e9rations innovants d&rsquo;Armadillo Tex combinent des caract\u00e9ristiques qui semblaient longtemps impossibles pour les gilets de protection&nbsp;! Inspir\u00e9s de la structure en \u00e9cailles des tatous, les gilets Armadillo pour r\u00e9sistants aux lac\u00e9rations et perforations combinent une protectionantilac\u00e9ration, une excellente respirabilit\u00e9 et un faible poids avec une flexibilit\u00e9 et une adaptabilit\u00e9 \u00e9normes, de sorte que le porteur n&rsquo;est pas limit\u00e9 par la protection contre les coups de couteau, m\u00eame lors de mouvements de stress extr\u00eames. B\u00e9n\u00e9ficiez d&rsquo;un grand confort avec son poids l\u00e9ger et d&rsquo;une protection fiable contre les lac\u00e9rations pendant votre service ou vos op\u00e9rations.<\/span><\/p>\n","protected":false},"featured_media":147844,"comment_status":"closed","ping_status":"closed","template":"","meta":{"inline_featured_image":false},"product_brand":[],"product_cat":[2521,2189,2215],"product_tag":[],"class_list":{"0":"post-147840","1":"product","2":"type-product","3":"status-publish","4":"has-post-thumbnail","6":"product_cat-vetements-de-protection-protection-contre-les-coupures-et-les-blessures","7":"product_cat-vetementsdeloisirs","8":"product_cat-vestes_tactiques","10":"first","11":"instock","12":"taxable","13":"shipping-taxable","14":"purchasable","15":"product-type-simple"},"_links":{"self":[{"href":"https:\/\/metal-badge.ch\/fr\/wp-json\/wp\/v2\/product\/147840","targetHints":{"allow":["GET"]}}],"collection":[{"href":"https:\/\/metal-badge.ch\/fr\/wp-json\/wp\/v2\/product"}],"about":[{"href":"https:\/\/metal-badge.ch\/fr\/wp-json\/wp\/v2\/types\/product"}],"replies":[{"embeddable":true,"href":"https:\/\/metal-badge.ch\/fr\/wp-json\/wp\/v2\/comments?post=147840"}],"wp:featuredmedia":[{"embeddable":true,"href":"https:\/\/metal-badge.ch\/fr\/wp-json\/wp\/v2\/media\/147844"}],"wp:attachment":[{"href":"https:\/\/metal-badge.ch\/fr\/wp-json\/wp\/v2\/media?parent=147840"}],"wp:term":[{"taxonomy":"product_brand","embeddable":true,"href":"https:\/\/metal-badge.ch\/fr\/wp-json\/wp\/v2\/product_brand?post=147840"},{"taxonomy":"product_cat","embeddable":true,"href":"https:\/\/metal-badge.ch\/fr\/wp-json\/wp\/v2\/product_cat?post=147840"},{"taxonomy":"product_tag","embeddable":true,"href":"https:\/\/metal-badge.ch\/fr\/wp-json\/wp\/v2\/product_tag?post=147840"}],"curies":[{"name":"wp","href":"https:\/\/api.w.org\/{rel}","templated":true}]}}