{"id":147823,"date":"2025-07-09T20:21:31","date_gmt":"2025-07-09T18:21:32","guid":{"rendered":"https:\/\/metal-badge.ch\/?post_type=product&#038;p=147823"},"modified":"2025-07-09T20:26:34","modified_gmt":"2025-07-09T18:26:34","slug":"bas-de-compression-pour-mollets-et-talons-2","status":"publish","type":"product","link":"https:\/\/metal-badge.ch\/fr\/product\/147823\/bas-de-compression-pour-mollets-et-talons-2\/","title":{"rendered":"Bas de compression pour mollets et talons"},"content":{"rendered":"<p><span style=\"font-weight: 400;\">Bas de contention pour mollets et talons tr\u00e8s confortables et efficaces. Ces bas de compression \u00e9lastiques permettent non seulement de traiter les varices, les thromboses et les \u0153d\u00e8mes, mais offrent \u00e9galement du soutien en cas de probl\u00e8mes de mollets et de talons.<\/span> <span style=\"font-weight: 400;\">Les bas de compression sont faciles \u00e0 enfiler et s&rsquo;adaptent parfaitement aux formes du corps. Ils sont respirants et \u00e0 s\u00e9chage rapide. Ces bas pour les mollets \u00e0 bande adh\u00e9sive en silicone pour \u00e9viter que le bas ne glisse sont ouverts \u00e0 l&rsquo;avant du pied. Le bas pour mollet permet \u00e9galement de soutenir le talon. Ces bas s&rsquo;adaptent aux conditions m\u00e9t\u00e9orologiques, ce qui vous permet de rester au frais et au sec par temps chaud et d&rsquo;\u00eatre bien au chaud et confortable s&rsquo;il fait plus frais. Les longues s\u00e9ances de course \u00e0 pied ou les sessions de fitness intensives sur des surfaces dures entra\u00eenent souvent des douleurs de surmenage.<\/span><\/p>\n<p><span style=\"font-weight: 400;\">La compression bien cibl\u00e9e au niveau de la vo\u00fbte plantaire et de la cheville pour un pas plus assur\u00e9 est efficace.<\/span><\/p>\n<p><span style=\"font-weight: 400;\">Nombreux sont ceux pour qui les bas de compression sont devenus indispensables.&nbsp;<\/span><\/p>\n<p><span style=\"font-weight: 400;\">Ils conviennent \u00e0 toutes les activit\u00e9s et sont lavables en machine \u00e0 40\u00b0.<\/span><\/p>\n<p><b>Informations sur le produit&nbsp;:<\/b><\/p>\n<ul>\n<li><span style=\"font-weight: 400;\">D\u00e9signation&nbsp;: Bas de compression pour mollets et talons&nbsp;<\/span><\/li>\n<li><span style=\"font-weight: 400;\">Mod\u00e8le&nbsp;: HJ054<\/span><\/li>\n<li><span style=\"font-weight: 400;\">Respirant et tr\u00e8s confortable, ne fait pas transpirer<\/span><\/li>\n<li><span style=\"font-weight: 400;\">Adapt\u00e9 pour toutes les activit\u00e9s sportives et de fitness, le cyclisme, la course \u00e0 pied, ou les activit\u00e9s d&rsquo;ext\u00e9rieur en g\u00e9n\u00e9ral<\/span><\/li>\n<li><span style=\"font-weight: 400;\">Forme ergonomique pour plus de confort<\/span><\/li>\n<li><span style=\"font-weight: 400;\">Mati\u00e8re&nbsp;: 60 % nylon 10 % \u00e9lasthanne 30 % tissu de latex caoutchout\u00e9<\/span><span style=\"font-weight: 400;\"><br \/>\n<\/span><span style=\"font-weight: 400;\">Nettoyage&nbsp;:<\/span> <span style=\"font-weight: 400;\">Ce produit est lavable en machine \u00e0 40\u00ba.<\/span><\/li>\n<li><span style=\"font-weight: 400;\">Tailles&nbsp;:&nbsp; S \/ M \/ L&nbsp;<\/span><\/li>\n<\/ul>\n<p><b>Taille en cm&nbsp;:<\/b><\/p>\n<ul>\n<li><b>S&nbsp;: <\/b><span style=\"font-weight: 400;\">Largeur sup\u00e9rieure 12 cm, largeur inf\u00e9rieure 9 cm, longueur 44 cm<\/span><\/li>\n<li><b>M&nbsp;:<\/b><span style=\"font-weight: 400;\">&nbsp;Largeur sup\u00e9rieure 13,5 cm, largeur inf\u00e9rieure 10 cm, longueur 44 cm<\/span><span style=\"font-weight: 400;\"><br \/>\n<\/span><b>L&nbsp;:<\/b><span style=\"font-weight: 400;\">&nbsp;Largeur sup\u00e9rieure 15 cm, largeur inf\u00e9rieure 11 cm, longueur 44 cm<\/span><span style=\"font-weight: 400;\"><br \/>\n<\/span><span style=\"font-weight: 400;\"><br \/>\nCouleurs disponibles&nbsp;: noir-gris<\/span><\/li>\n<li><span style=\"font-weight: 400;\">Poids 2 pc&nbsp;: 165 g.<\/span><\/li>\n<li><span style=\"font-weight: 400;\">2 pc&nbsp;<\/span><\/li>\n<\/ul>\n","protected":false},"excerpt":{"rendered":"<p><span style=\"font-weight: 400;\">Bas de contention pour mollets et talons tr\u00e8s confortables et efficaces. Ces bas de compression \u00e9lastiques permettent non seulement de traiter les varices, les thromboses et les \u0153d\u00e8mes, mais offrent \u00e9galement du soutien en cas de probl\u00e8mes de mollets et de talons.<\/span> <span style=\"font-weight: 400;\">Les bas de compression sont faciles \u00e0 enfiler et s&rsquo;adaptent parfaitement aux formes du corps. Ils sont respirants et \u00e0 s\u00e9chage rapide. <\/span><\/p>\n","protected":false},"featured_media":147827,"comment_status":"closed","ping_status":"closed","template":"","meta":{"inline_featured_image":false},"product_brand":[],"product_cat":[2529],"product_tag":[],"class_list":{"0":"post-147823","1":"product","2":"type-product","3":"status-publish","4":"has-post-thumbnail","6":"product_cat-protection-support-protecteurs","8":"first","9":"instock","10":"taxable","11":"shipping-taxable","12":"purchasable","13":"product-type-simple"},"_links":{"self":[{"href":"https:\/\/metal-badge.ch\/fr\/wp-json\/wp\/v2\/product\/147823","targetHints":{"allow":["GET"]}}],"collection":[{"href":"https:\/\/metal-badge.ch\/fr\/wp-json\/wp\/v2\/product"}],"about":[{"href":"https:\/\/metal-badge.ch\/fr\/wp-json\/wp\/v2\/types\/product"}],"replies":[{"embeddable":true,"href":"https:\/\/metal-badge.ch\/fr\/wp-json\/wp\/v2\/comments?post=147823"}],"wp:featuredmedia":[{"embeddable":true,"href":"https:\/\/metal-badge.ch\/fr\/wp-json\/wp\/v2\/media\/147827"}],"wp:attachment":[{"href":"https:\/\/metal-badge.ch\/fr\/wp-json\/wp\/v2\/media?parent=147823"}],"wp:term":[{"taxonomy":"product_brand","embeddable":true,"href":"https:\/\/metal-badge.ch\/fr\/wp-json\/wp\/v2\/product_brand?post=147823"},{"taxonomy":"product_cat","embeddable":true,"href":"https:\/\/metal-badge.ch\/fr\/wp-json\/wp\/v2\/product_cat?post=147823"},{"taxonomy":"product_tag","embeddable":true,"href":"https:\/\/metal-badge.ch\/fr\/wp-json\/wp\/v2\/product_tag?post=147823"}],"curies":[{"name":"wp","href":"https:\/\/api.w.org\/{rel}","templated":true}]}}