{"id":147762,"date":"2025-07-09T17:07:29","date_gmt":"2025-07-09T15:07:31","guid":{"rendered":"https:\/\/metal-badge.ch\/?post_type=product&#038;p=147762"},"modified":"2025-07-09T17:51:57","modified_gmt":"2025-07-09T15:51:57","slug":"gilet-antilacerations-avec-reflecteurs-3m-sur-tout-le-pourtour","status":"publish","type":"product","link":"https:\/\/metal-badge.ch\/fr\/product\/147762\/gilet-antilacerations-avec-reflecteurs-3m-sur-tout-le-pourtour\/","title":{"rendered":"Gilet antilac\u00e9rations avec r\u00e9flecteurs 3M sur tout le pourtour"},"content":{"rendered":"<p><img decoding=\"async\" class=\"alignnone size-medium wp-image-134311\" src=\"https:\/\/metal-badge.ch\/wp-content\/uploads\/2023\/11\/Armadillo-300x136.png\" alt=\"\" width=\"300\" height=\"136\" srcset=\"https:\/\/metal-badge.ch\/wp-content\/uploads\/2023\/11\/Armadillo-300x136.png 300w, https:\/\/metal-badge.ch\/wp-content\/uploads\/2023\/11\/Armadillo-150x68.png 150w, https:\/\/metal-badge.ch\/wp-content\/uploads\/2023\/11\/Armadillo-64x29.png 64w, https:\/\/metal-badge.ch\/wp-content\/uploads\/2023\/11\/Armadillo.png 400w\" sizes=\"(max-width: 300px) 100vw, 300px\" \/>&nbsp;<\/p>\n<p><span style=\"font-weight: 400;\">La solution de protection \u00e9lev\u00e9e destin\u00e9e \u00e0 la police et au personnel de s\u00e9curit\u00e9. Protection contre les lac\u00e9rations et les coupures&nbsp;: <\/span><b><i>une protection contre les coups de couteau et les chocs \u00e0 un prix raisonnable<\/i><\/b><span style=\"font-weight: 400;\">.<\/span><\/p>\n<p><span style=\"font-weight: 400;\">Ce gilet antilac\u00e9rations certifi\u00e9 offre une protection sup\u00e9rieure tout en restant confortable.&nbsp;<\/span><\/p>\n<p><span style=\"font-weight: 400;\">Tissu aramide, structure composite en fibre de carbone&nbsp;: les meilleurs mat\u00e9riaux du march\u00e9 pour garantir flexibilit\u00e9 et l\u00e9g\u00e8ret\u00e9. Avec un poids \u00e0 partir de 2,5 kg en taille L, le gilet offre un haut niveau de confort et est certifi\u00e9 selon la directive Niveau K1. Le gilet antilac\u00e9rations&nbsp; et \u00e0 haute visibilit\u00e9 d&rsquo;Armadillo a \u00e9t\u00e9 sp\u00e9cialement con\u00e7u pour le personnel de s\u00e9curit\u00e9, la police et les services de secours. Le gilet antilac\u00e9rations offre une protection \u00e0 l&rsquo;avant, \u00e0 l&rsquo;arri\u00e8re et sur les c\u00f4t\u00e9s ; il va aussi bien aux hommes qu&rsquo;aux femmes.<\/span><\/p>\n<p><span style=\"font-weight: 400;\">Le gilet antilac\u00e9rations est \u00e9quip\u00e9 de <\/span><b>surfaces tactiques Molle<\/b><span style=\"font-weight: 400;\"> \u00e0 l&rsquo;avant et \u00e0 l&rsquo;arri\u00e8re pour y fixer des sacs et des supports. Fermetures r\u00e9glables au niveau des \u00e9paules \u00e0 l&rsquo;aide de velcro s\u00e9curis\u00e9 et d&rsquo;une fermeture rapide suppl\u00e9mentaire. Le gilet peut \u00e9galement \u00eatre ajust\u00e9 des deux c\u00f4t\u00e9s de la hanche gr\u00e2ce au nouveau syst\u00e8me de fermeture par clic et traction sur les sangles Molle. La zone de fermeture \u00e9clair \u00e0 l&rsquo;avant est \u00e9galement enti\u00e8rement prot\u00e9g\u00e9e contre les perforations.<\/span><\/p>\n<p><span style=\"font-weight: 400;\">Le gilet est dot\u00e9 d&rsquo;une poign\u00e9e de transport robuste qui peut \u00eatre fix\u00e9e vers le bas \u00e0 l&rsquo;aide par velcro. Le gilet compte un velcro de 29 cm x 10 cm dans le dos. Nous disposons d&rsquo;une large gamme de lettrages auto-agrippants tels que: <\/span><b><i>SECURITY, SECURITE, SICHERHEIT, POLIZEI, POLICE, POLIZIA<\/i><\/b><span style=\"font-weight: 400;\"> et bien d&rsquo;autres ; n&rsquo;h\u00e9sitez pas \u00e0 nous contacter.<\/span><\/p>\n<p><span style=\"font-weight: 400;\">Notre <\/span><b>gilet antiperforations<\/b><span style=\"font-weight: 400;\"> offre une double s\u00e9curit\u00e9. La protection est assur\u00e9e par un tissu en aramide tr\u00e8s resistant: le fabricant a pris pour mod\u00e8le les \u00e9cailles de tatou ou armadillo afin d&rsquo;en concevoir la structure. Le mat\u00e9riau ext\u00e9rieur jaune vif est tr\u00e8s r\u00e9sistant, ce qui vous permet d&rsquo;\u00eatre toujours visible sans renoncer au confort. De plus, le gilet antilac\u00e9rations est \u00e9quip\u00e9 de r\u00e9flecteurs 3M sur tout le pourtour pour une visibilit\u00e9 encore meilleure la nuit.<\/span><\/p>\n<p><span style=\"font-weight: 400;\">L&rsquo;int\u00e9rieur est doubl\u00e9 en maille, ce qui le rend particuli\u00e8rement confortable. Les importantes possibilit\u00e9s de r\u00e9glage au niveau des \u00e9paules et de la taille garantit un ajustement parfait. Le tissu ext\u00e9rieur peut \u00eatre lav\u00e9 en machine pour un nettoyage hygi\u00e9nique qui ne laissera pas \u00e0 d\u00e9sirer. Tous les inserts antiperforations au dos et \u00e0 l&rsquo;avant peuvent \u00eatre ouverts et retir\u00e9s \u00e0 l&rsquo;aide d&rsquo;un velcro et d\u2019une fermeture \u00e0 glissi\u00e8re.&nbsp;<\/span><\/p>\n<p><b>Informations sur le produit&nbsp;:<\/b><\/p>\n<ul>\n<li style=\"font-weight: 400;\" aria-level=\"1\"><span style=\"font-weight: 400;\">D\u00e9signation: Gilet antilac\u00e9rations Armadillo HA-T01-2024-c<\/span><\/li>\n<li style=\"font-weight: 400;\" aria-level=\"1\"><span style=\"font-weight: 400;\">Couleur: Jaune vif avec bandes r\u00e9fl\u00e9chissantes sur tout le pourtour de 3M&nbsp;<\/span><\/li>\n<li style=\"font-weight: 400;\" aria-level=\"1\"><span style=\"font-weight: 400;\">Niveau de protection contre les lac\u00e9rations&nbsp;1&nbsp;: 1&nbsp;NIJ 1+CAST K1<\/span><\/li>\n<li style=\"font-weight: 400;\" aria-level=\"1\"><span style=\"font-weight: 400;\">Gilet antiperforations de haute qualit\u00e9 assurant une protection contre les perforations et les lac\u00e9rations sur tous les c\u00f4t\u00e9s Tissu aramide, structure composite en fibre de carbone&nbsp;: les meilleurs mat\u00e9riaux du march\u00e9 pour garantir flexibilit\u00e9 et l\u00e9g\u00e8ret\u00e9.<\/span><\/li>\n<li style=\"font-weight: 400;\" aria-level=\"1\"><span style=\"font-weight: 400;\">Mati\u00e8re:&nbsp;Rev\u00eatement 100&nbsp;% polyester<\/span><\/li>\n<li style=\"font-weight: 400;\" aria-level=\"1\"><span style=\"font-weight: 400;\">Tissu ext\u00e9rieur: Tissu 1680D Nylon Cordura<\/span><\/li>\n<li style=\"font-weight: 400;\" aria-level=\"1\"><span style=\"font-weight: 400;\">Boucles polyvalentes du syst\u00e8me Molle pour fixer des sacs et des supports<\/span><\/li>\n<li style=\"font-weight: 400;\" aria-level=\"1\"><span style=\"font-weight: 400;\">1 grand velcro dans le dos de 29 x 10 cm<\/span><\/li>\n<li style=\"font-weight: 400;\" aria-level=\"1\"><span style=\"font-weight: 400;\">2 velcros sur la poitrine \u00e0 droite et gauche, 15 cm x 5 cm chacun<\/span><\/li>\n<li style=\"font-weight: 400;\" aria-level=\"1\"><span style=\"font-weight: 400;\">Couche de protection&nbsp;:&nbsp; composite d&rsquo;aramide \/ polyamide&nbsp;<\/span><\/li>\n<li style=\"font-weight: 400;\" aria-level=\"1\"><span style=\"font-weight: 400;\">coupe-vent, respirant<\/span><\/li>\n<li style=\"font-weight: 400;\" aria-level=\"1\"><span style=\"font-weight: 400;\">La fermeture \u00e9clair \u00e0 l&rsquo;avant est \u00e9galement enti\u00e8rement prot\u00e9g\u00e9e contre les perforations&nbsp;<\/span><\/li>\n<li style=\"font-weight: 400;\" aria-level=\"1\"><span style=\"font-weight: 400;\">1 petite poche \u00e0 fermeture \u00e9clair sur la poitrine \u00e0 gauche&nbsp;<\/span><\/li>\n<li style=\"font-weight: 400;\" aria-level=\"1\"><span style=\"font-weight: 400;\">Poids minimal: Taille L \/ 2,5 kg&nbsp;<\/span><\/li>\n<li style=\"font-weight: 400;\" aria-level=\"1\"><span style=\"font-weight: 400;\">Fermeture \u00e9clair YKK&nbsp;<\/span><\/li>\n<li style=\"font-weight: 400;\" aria-level=\"1\"><span style=\"font-weight: 400;\">Fermetures r\u00e9glables au niveau des \u00e9paules \u00e0 l&rsquo;aide de velcro s\u00e9curis\u00e9 et d&rsquo;une fermeture rapide suppl\u00e9mentaire<\/span><\/li>\n<li style=\"font-weight: 400;\" aria-level=\"1\"><span style=\"font-weight: 400;\">Le gilet peut \u00e9galement \u00eatre ajust\u00e9 des deux c\u00f4t\u00e9s de la hanche gr\u00e2ce au nouveau syst\u00e8me de fermeture par clic et traction sur les sangles Molle<\/span><\/li>\n<li style=\"font-weight: 400;\" aria-level=\"1\"><span style=\"font-weight: 400;\">Flexibilit\u00e9 maximale&nbsp;: gr\u00e2ce au syst\u00e8me intelligent de protection \u00e0 \u00e9cailles, vous n&rsquo;\u00eates pas g\u00ean\u00e9 dans vos mouvements par la protection contre les lac\u00e9rations<\/span><\/li>\n<li style=\"font-weight: 400;\" aria-level=\"1\"><span style=\"font-weight: 400;\">Certifi\u00e9 ISO 9001&nbsp;<\/span><\/li>\n<li style=\"font-weight: 400;\" aria-level=\"1\"><span style=\"font-weight: 400;\">Tailles&nbsp;: S, M, L, XL, 2XL&nbsp;<\/span><\/li>\n<li style=\"font-weight: 400;\" aria-level=\"1\"><span style=\"font-weight: 400;\">Un sac d&rsquo;intervention noir robuste avec bretelles, poign\u00e9es, fen\u00eatre pour glisser une carte d&rsquo;identification et velcro ainsi que des poches ext\u00e9rieures est inclus avec ce gilet.<\/span><\/li>\n<\/ul>\n<p><b><i>hes du syst\u00e8me Molle en jaune ne sont pas comprises, mais vous pouvez les trouver chez nous \u00e0 titre d&rsquo;accessoires dans diff\u00e9rentes tailles sous ce lien.<\/i><\/b><\/p>\n<p class=\"p1\"><a href=\"https:\/\/metal-badge.ch\/fr\/product\/127772\/poches-multifonctions-molle-pouvant-etre-fixees-sur-tous-les-gilets-sacs-a-dos-et-ceintures-du-systeme-molle-citron\/\"><b>Poches du syst\u00e8me Molle en jaune<\/b><\/a><\/p>\n<p class=\"p1\">&nbsp;<\/p>\n","protected":false},"excerpt":{"rendered":"<p><img decoding=\"async\" class=\"alignnone size-medium wp-image-134311\" src=\"https:\/\/metal-badge.ch\/wp-content\/uploads\/2023\/11\/Armadillo-300x136.png\" alt=\"\" width=\"300\" height=\"136\" srcset=\"https:\/\/metal-badge.ch\/wp-content\/uploads\/2023\/11\/Armadillo-300x136.png 300w, https:\/\/metal-badge.ch\/wp-content\/uploads\/2023\/11\/Armadillo-150x68.png 150w, https:\/\/metal-badge.ch\/wp-content\/uploads\/2023\/11\/Armadillo-64x29.png 64w, https:\/\/metal-badge.ch\/wp-content\/uploads\/2023\/11\/Armadillo.png 400w\" sizes=\"(max-width: 300px) 100vw, 300px\" \/>&nbsp;<\/p>\n<p><span style=\"font-weight: 400;\">La solution de protection \u00e9lev\u00e9e destin\u00e9e \u00e0 la police et au personnel de s\u00e9curit\u00e9. Protection contre les lac\u00e9rations et les coupures&nbsp;: <\/span><b><i>une protection contre les coups de couteau et les chocs \u00e0 un prix raisonnable<\/i><\/b><span style=\"font-weight: 400;\">.<\/span><\/p>\n<p><span style=\"font-weight: 400;\">Ce gilet antilac\u00e9rations certifi\u00e9 offre une protection sup\u00e9rieure tout en restant confortable.&nbsp;<\/span><\/p>\n<p><span style=\"font-weight: 400;\">Tissu aramide, structure composite en fibre de carbone&nbsp;: les meilleurs mat\u00e9riaux du march\u00e9 pour garantir flexibilit\u00e9 et l\u00e9g\u00e8ret\u00e9. Avec un poids \u00e0 partir de 2,5 kg en taille L, le gilet offre un haut niveau de confort et est certifi\u00e9 selon la directive Niveau K1. Le gilet antilac\u00e9rations&nbsp; et \u00e0 haute visibilit\u00e9 d&rsquo;Armadillo a \u00e9t\u00e9 sp\u00e9cialement con\u00e7u pour le personnel de s\u00e9curit\u00e9, la police et les services de secours. Le gilet antilac\u00e9rations offre une protection \u00e0 l&rsquo;avant, \u00e0 l&rsquo;arri\u00e8re et sur les c\u00f4t\u00e9s ; il va aussi bien aux hommes qu&rsquo;aux femmes.<\/span><\/p>\n","protected":false},"featured_media":147806,"comment_status":"closed","ping_status":"closed","template":"","meta":{"inline_featured_image":false},"product_brand":[],"product_cat":[2215,2521,1606],"product_tag":[],"class_list":{"0":"post-147762","1":"product","2":"type-product","3":"status-publish","4":"has-post-thumbnail","6":"product_cat-vestes_tactiques","7":"product_cat-vetements-de-protection-protection-contre-les-coupures-et-les-blessures","8":"product_cat-vetements-haute-visibilite-et-lumineux","10":"first","11":"instock","12":"taxable","13":"shipping-taxable","14":"purchasable","15":"product-type-simple"},"_links":{"self":[{"href":"https:\/\/metal-badge.ch\/fr\/wp-json\/wp\/v2\/product\/147762","targetHints":{"allow":["GET"]}}],"collection":[{"href":"https:\/\/metal-badge.ch\/fr\/wp-json\/wp\/v2\/product"}],"about":[{"href":"https:\/\/metal-badge.ch\/fr\/wp-json\/wp\/v2\/types\/product"}],"replies":[{"embeddable":true,"href":"https:\/\/metal-badge.ch\/fr\/wp-json\/wp\/v2\/comments?post=147762"}],"wp:featuredmedia":[{"embeddable":true,"href":"https:\/\/metal-badge.ch\/fr\/wp-json\/wp\/v2\/media\/147806"}],"wp:attachment":[{"href":"https:\/\/metal-badge.ch\/fr\/wp-json\/wp\/v2\/media?parent=147762"}],"wp:term":[{"taxonomy":"product_brand","embeddable":true,"href":"https:\/\/metal-badge.ch\/fr\/wp-json\/wp\/v2\/product_brand?post=147762"},{"taxonomy":"product_cat","embeddable":true,"href":"https:\/\/metal-badge.ch\/fr\/wp-json\/wp\/v2\/product_cat?post=147762"},{"taxonomy":"product_tag","embeddable":true,"href":"https:\/\/metal-badge.ch\/fr\/wp-json\/wp\/v2\/product_tag?post=147762"}],"curies":[{"name":"wp","href":"https:\/\/api.w.org\/{rel}","templated":true}]}}