{"id":147724,"date":"2025-07-09T08:32:19","date_gmt":"2025-07-09T06:32:20","guid":{"rendered":"https:\/\/metal-badge.ch\/?post_type=product&#038;p=147724"},"modified":"2025-07-09T08:43:23","modified_gmt":"2025-07-09T06:43:23","slug":"gilet-tendance-resistant-antilacerations-et-perforation-de-armadillo-bleu-fonce","status":"publish","type":"product","link":"https:\/\/metal-badge.ch\/fr\/product\/147724\/gilet-tendance-resistant-antilacerations-et-perforation-de-armadillo-bleu-fonce\/","title":{"rendered":"Gilet tendance r\u00e9sistant antilac\u00e9rations et perforation de \u00ab Armadillo \u00bb, bleu fonc\u00e9"},"content":{"rendered":"<p><img decoding=\"async\" class=\"alignnone size-medium wp-image-134311\" src=\"https:\/\/metal-badge.ch\/wp-content\/uploads\/2023\/11\/Armadillo-300x136.png\" alt=\"\" width=\"300\" height=\"136\" srcset=\"https:\/\/metal-badge.ch\/wp-content\/uploads\/2023\/11\/Armadillo-300x136.png 300w, https:\/\/metal-badge.ch\/wp-content\/uploads\/2023\/11\/Armadillo-150x68.png 150w, https:\/\/metal-badge.ch\/wp-content\/uploads\/2023\/11\/Armadillo-64x29.png 64w, https:\/\/metal-badge.ch\/wp-content\/uploads\/2023\/11\/Armadillo.png 400w\" sizes=\"(max-width: 300px) 100vw, 300px\" \/>&nbsp;<\/p>\n<p><b><i>La solution pour votre s\u00e9curit\u00e9<\/i><\/b><span style=\"font-weight: 400;\">. <\/span><b><i>Nos gilets et vestes antiperforations offrent une protection efficace contre les atteintes physiques.<\/i><\/b><span style=\"font-weight: 400;\"> Jusqu&rsquo;\u00e0 pr\u00e9sent, ils \u00e9taient cependant souvent lourds et peu confortables. Ce n&rsquo;est pas le cas de ce gilet antiperforations innovant d&rsquo;<\/span><b><i>Armadillo<\/i><\/b><span style=\"font-weight: 400;\">. Ce nouveau gilet antilac\u00e9rations tendance et au look neutre en bleu fonc\u00e9 est particuli\u00e8rement s\u00fbr gr\u00e2ce au tissu en aramide tr\u00e8s r\u00e9sistant, avec une structure composite, exceptionnellement flexible gr\u00e2ce \u00e0 sa structure en \u00e9caille et, gr\u00e2ce au tissu ext\u00e9rieur en fibres polym\u00e8res sp\u00e9ciales, confortable et respirant.<\/span> <span style=\"font-weight: 400;\">Ce gilet est \u00e9quip\u00e9 de deux grandes poches lat\u00e9rales \u00e0 fermeture \u00e9clair cach\u00e9e \u00e0 l&rsquo;avant.&nbsp;<\/span><\/p>\n<p><span style=\"font-weight: 400;\">De plus, il comporte une grande poche poitrine dissimul\u00e9e et une autre poche poitrine avec une fermeture \u00e9clair verticale. Toutes les fermetures \u00e9clair sont imperm\u00e9ables. Il y a une autre poche \u00e0 l&rsquo;int\u00e9rieur du c\u00f4t\u00e9 avant gauche du gilet. Le col rabattu mesure 7 cm de hauteur et donne au gilet un look tendance.<\/span><span style=\"font-weight: 400;\">&nbsp;<\/span><\/p>\n<p><span style=\"font-weight: 400;\">Le gilet avec sa protection antilac\u00e9rations NIJ Std 0115.00 de Niveau 1 est extr\u00eamement l\u00e9ger, respirant et tr\u00e8s flexible. Cependant, il est capable de r\u00e9sister aux coups de couteau, aux lames et aux aiguilles sans se percer ou se d\u00e9chirer. De plus, nos gilets antiperforations offrent une tr\u00e8s large marge de s\u00e9curit\u00e9. Le bas du ventre qui ne peut pas \u00eatre couvert par les gilets rigides, est notamment prot\u00e9g\u00e9 au mieux de cette mani\u00e8re. Une v\u00e9ritable protection int\u00e9grale pour le haut du corps et tous les organes vitaux. Le gilet est fabriqu\u00e9 avec un tissu ext\u00e9rieur respirant et l\u00e9ger compos\u00e9 de fibres de polyester polym\u00e8re durables, qui r\u00e9sistent \u00e9galement au vent et \u00e0 la pluie.<\/span><\/p>\n<p><span style=\"font-weight: 400;\">Le tissu ext\u00e9rieur peut \u00eatre lav\u00e9 en machine pour un nettoyage hygi\u00e9nique qui ne laissera pas \u00e0 d\u00e9sirer. Tous les inserts antiperforations au dos et \u00e0 l&rsquo;avant peuvent \u00eatre ouverts et retir\u00e9s \u00e0 l&rsquo;aide d&rsquo;une fermeture \u00e0 glissi\u00e8re.<\/span><\/p>\n<p><span style=\"font-weight: 400;\">Gr\u00e2ce \u00e0 leurs nombreux avantages, nos produits peuvent \u00eatre utilis\u00e9s dans de nombreux domaines. Ce gilet civil est particuli\u00e8rement adapt\u00e9 aux op\u00e9rations secr\u00e8tes ou pour se prot\u00e9ger dans le cadre d\u2019un usage priv\u00e9, ainsi que pour toutes les forces de s\u00e9curit\u00e9, qu&rsquo;il s&rsquo;agisse de la police, des services de l&rsquo;ordre public ou de s\u00e9curit\u00e9. Les hommes d&rsquo;affaires et leurs gardes du corps peuvent porter notre gilet de protection discret et respirant sous une veste ou en guise de gilet discret sur une chemise ou un pull sans que cela ne les fasse transpirer. Les contr\u00f4leurs et les videurs ne souffriront pas du poids de notre gilet antiperforations m\u00eame apr\u00e8s des heures, car il est extr\u00eamement l\u00e9ger. Les secouristes et les ambulanciers peuvent s&rsquo;adapter aux circonstances et aux menaces pr\u00e9sentes dans chaque situation, bien prot\u00e9g\u00e9s par les \u00e9cailles composites mobiles. Tous ont besoin d\u2019un \u00e9quipement d\u2019autoprotection efficace contre les couteaux, les aiguilles et autres armes blanches.<\/span><\/p>\n<p><span style=\"font-weight: 400;\">Le gilet antiperforation est un gilet polyvalent qui peut \u00eatre port\u00e9 sous ou sur les v\u00eatements.<\/span><\/p>\n<p><b>Informations sur le produit&nbsp;:&nbsp;<\/b><\/p>\n<ul>\n<li><span style=\"font-weight: 400;\">D\u00e9signation&nbsp;: Gilet tendance antiperforation et lac\u00e9ration<\/span><\/li>\n<li><span style=\"font-weight: 400;\">Mod\u00e8le n\u00ba HA-V30-2024-A<\/span><\/li>\n<li><span style=\"font-weight: 400;\">Protection antilac\u00e9rations NIJ Std 0115.00 de Niveau 1<\/span><\/li>\n<li><span style=\"font-weight: 400;\">Couleur&nbsp;: Bleu marine<\/span><\/li>\n<li><span style=\"font-weight: 400;\">\u00c9tanche et coupe-vent&nbsp;<\/span><\/li>\n<li><span style=\"font-weight: 400;\">Colonne d&rsquo;eau&nbsp;: 10000 cm<\/span><\/li>\n<li><span style=\"font-weight: 400;\">Fermeture \u00e9clair \u00e9tanche<\/span><\/li>\n<li><span style=\"font-weight: 400;\">Poids&nbsp;: 1,8 kg<\/span><\/li>\n<li><span style=\"font-weight: 400;\">\u00c9paisseur&nbsp;: 2,2 cm&nbsp;<\/span><\/li>\n<li><span style=\"font-weight: 400;\">Protection int\u00e9grale du dos et de l&rsquo;avant ainsi que sous la fermeture \u00e0 glissi\u00e8re<\/span><\/li>\n<li><span style=\"font-weight: 400;\">Mat\u00e9riau sup\u00e9rieur&nbsp;: tissu respirant \/ en fibres polym\u00e8res sp\u00e9ciales<\/span><\/li>\n<li><span style=\"font-weight: 400;\">Insert r\u00e9sistant aux perforations en aramide avec composite carbone \/ fibre de carbone<\/span><\/li>\n<li><span style=\"font-weight: 400;\">2 grandes poches lat\u00e9rales ext\u00e9rieures \u00e0 fermetures \u00e9clair cach\u00e9es<\/span><\/li>\n<li><span style=\"font-weight: 400;\">De plus, il comporte une grande poche poitrine dissimul\u00e9e et une autre poche poitrine avec une fermeture \u00e9clair verticale.<\/span><\/li>\n<li><span style=\"font-weight: 400;\">Le tissu ext\u00e9rieur peut \u00eatre lav\u00e9 en machine pour un nettoyage hygi\u00e9nique qui ne laissera pas \u00e0 d\u00e9sirer.<\/span><\/li>\n<li><span style=\"font-weight: 400;\">1 poche \u00e0 l\u2019avant, \u00e0 droite&nbsp;<\/span><\/li>\n<li><span style=\"font-weight: 400;\">Col tendance 7&nbsp;cm&nbsp;<\/span><\/li>\n<li><span style=\"font-weight: 400;\">Tailles&nbsp;: S, M, L, XL&nbsp;; autres tailles disponibles sur demande&nbsp;<\/span><\/li>\n<\/ul>\n<p><i><span style=\"font-weight: 400;\">Un suppl\u00e9ment de 50.- sera factur\u00e9 pour les tailles sup\u00e9rieures \u00e0 2XL et 3XL.<\/span><\/i><\/p>\n<p><b>Veuillez noter que&nbsp;: Nous ne pouvons pas reprendre les gilets de protection une fois qu&rsquo;ils ont \u00e9t\u00e9 livr\u00e9s. Vous recevrez un gilet de qualit\u00e9 directement du fabricant.<\/b><\/p>\n","protected":false},"excerpt":{"rendered":"<p><img decoding=\"async\" class=\"alignnone size-medium wp-image-134311\" src=\"https:\/\/metal-badge.ch\/wp-content\/uploads\/2023\/11\/Armadillo-300x136.png\" alt=\"\" width=\"300\" height=\"136\" srcset=\"https:\/\/metal-badge.ch\/wp-content\/uploads\/2023\/11\/Armadillo-300x136.png 300w, https:\/\/metal-badge.ch\/wp-content\/uploads\/2023\/11\/Armadillo-150x68.png 150w, https:\/\/metal-badge.ch\/wp-content\/uploads\/2023\/11\/Armadillo-64x29.png 64w, https:\/\/metal-badge.ch\/wp-content\/uploads\/2023\/11\/Armadillo.png 400w\" sizes=\"(max-width: 300px) 100vw, 300px\" \/>&nbsp;<\/p>\n<p><b><i>La solution pour votre s\u00e9curit\u00e9<\/i><\/b><span style=\"font-weight: 400;\">. <\/span><b><i>Nos gilets et vestes antiperforations offrent une protection efficace contre les atteintes physiques.<\/i><\/b><span style=\"font-weight: 400;\"> Jusqu&rsquo;\u00e0 pr\u00e9sent, ils \u00e9taient cependant souvent lourds et peu confortables. Ce n&rsquo;est pas le cas de ce gilet antiperforations innovant d&rsquo;<\/span><b><i>Armadillo<\/i><\/b><span style=\"font-weight: 400;\">. Ce nouveau gilet antilac\u00e9rations tendance et au look neutre en bleu fonc\u00e9 est particuli\u00e8rement s\u00fbr gr\u00e2ce au tissu en aramide tr\u00e8s r\u00e9sistant, avec une structure composite, exceptionnellement flexible gr\u00e2ce \u00e0 sa structure en \u00e9caille et, gr\u00e2ce au tissu ext\u00e9rieur en fibres polym\u00e8res sp\u00e9ciales, confortable et respirant.<\/span> <span style=\"font-weight: 400;\">Ce gilet est \u00e9quip\u00e9 de deux grandes poches lat\u00e9rales \u00e0 fermeture \u00e9clair cach\u00e9e \u00e0 l&rsquo;avant.&nbsp;<\/span><\/p>\n","protected":false},"featured_media":147728,"comment_status":"closed","ping_status":"closed","template":"","meta":{"inline_featured_image":false},"product_brand":[],"product_cat":[2521,2189,2215],"product_tag":[],"class_list":{"0":"post-147724","1":"product","2":"type-product","3":"status-publish","4":"has-post-thumbnail","6":"product_cat-vetements-de-protection-protection-contre-les-coupures-et-les-blessures","7":"product_cat-vetementsdeloisirs","8":"product_cat-vestes_tactiques","10":"first","11":"instock","12":"taxable","13":"shipping-taxable","14":"purchasable","15":"product-type-simple"},"_links":{"self":[{"href":"https:\/\/metal-badge.ch\/fr\/wp-json\/wp\/v2\/product\/147724","targetHints":{"allow":["GET"]}}],"collection":[{"href":"https:\/\/metal-badge.ch\/fr\/wp-json\/wp\/v2\/product"}],"about":[{"href":"https:\/\/metal-badge.ch\/fr\/wp-json\/wp\/v2\/types\/product"}],"replies":[{"embeddable":true,"href":"https:\/\/metal-badge.ch\/fr\/wp-json\/wp\/v2\/comments?post=147724"}],"wp:featuredmedia":[{"embeddable":true,"href":"https:\/\/metal-badge.ch\/fr\/wp-json\/wp\/v2\/media\/147728"}],"wp:attachment":[{"href":"https:\/\/metal-badge.ch\/fr\/wp-json\/wp\/v2\/media?parent=147724"}],"wp:term":[{"taxonomy":"product_brand","embeddable":true,"href":"https:\/\/metal-badge.ch\/fr\/wp-json\/wp\/v2\/product_brand?post=147724"},{"taxonomy":"product_cat","embeddable":true,"href":"https:\/\/metal-badge.ch\/fr\/wp-json\/wp\/v2\/product_cat?post=147724"},{"taxonomy":"product_tag","embeddable":true,"href":"https:\/\/metal-badge.ch\/fr\/wp-json\/wp\/v2\/product_tag?post=147724"}],"curies":[{"name":"wp","href":"https:\/\/api.w.org\/{rel}","templated":true}]}}