{"id":147348,"date":"2025-07-06T01:24:24","date_gmt":"2025-07-05T23:24:24","guid":{"rendered":"https:\/\/metal-badge.ch\/?post_type=product&#038;p=147348"},"modified":"2025-07-06T01:28:20","modified_gmt":"2025-07-05T23:28:20","slug":"bas-de-compression-pour-les-jambes-bas-de-soutien-pour-les-jambes-2","status":"publish","type":"product","link":"https:\/\/metal-badge.ch\/fr\/product\/147348\/bas-de-compression-pour-les-jambes-bas-de-soutien-pour-les-jambes-2\/","title":{"rendered":"Bas de compression pour les jambes \/ bas de soutien pour les jambes"},"content":{"rendered":"<p><span style=\"font-weight: 400;\">Comprimez vos jambes pour mettre un terme \u00e0 vos douleurs&nbsp;! Ce bandage pour genoux vous permet de bouger plus librement au quotidien.<\/span> <span style=\"font-weight: 400;\">Adapt\u00e9 pour toutes les activit\u00e9s. Gr\u00e2ce au l\u00e9ger effet de compression, votre genou dispose d&rsquo;un soutien plus important et la circulation sanguine est stimul\u00e9e.<\/span><\/p>\n<p><span style=\"font-weight: 400;\">La jambi\u00e8re offre une pression et une protection musculaire aux genoux et aux jambes. Gr\u00e2ce \u00e0 l&rsquo;am\u00e9lioration de la circulation sanguine, elle soulage les douleurs, les gonflements et les inflammations. En outre, elle acc\u00e9l\u00e8re la r\u00e9cup\u00e9ration et vous permet de conserver toute votre amplitude de mouvement.<\/span><b> Traitement de la douleur&nbsp;:<\/b><span style=\"font-weight: 400;\"> Notre jambi\u00e8re emmagasine la chaleur du corps afin de r\u00e9chauffer l&rsquo;articulation et d&rsquo;am\u00e9liorer la circulation sanguine. Cela permet de soulager les douleurs aigu\u00ebs et chroniques li\u00e9es \u00e0 l&rsquo;arthrite, aux entorses et \u00e0 la fatigue. <\/span><b>Pr\u00e9vention des blessures&nbsp;:<\/b><span style=\"font-weight: 400;\"> Notre jambi\u00e8re r\u00e9partit la charge de l&rsquo;articulation du genou sur les muscles de la cuisse. Elle favorise une bonne r\u00e9partition du poids et contribue ainsi \u00e0 la pr\u00e9vention des blessures. <\/span><b>R\u00e9cup\u00e9ration rapide&nbsp;: <\/b><span style=\"font-weight: 400;\">La jambi\u00e8re r\u00e9duit la tension des muscles et maintient tous les ligaments de l&rsquo;articulation du genou en bonne position. Elle permet une r\u00e9cup\u00e9ration acc\u00e9l\u00e9r\u00e9e apr\u00e8s une d\u00e9chirure du m\u00e9nisque, une entorse ou une op\u00e9ration. <\/span><b>Un soutien \u00e0 360\u00b0&nbsp;: <\/b><span style=\"font-weight: 400;\">Notre jambi\u00e8re prot\u00e8ge toute la jambe, y compris les genoux, les cuisses et les mollets. Une bande \u00e9lastique en velcro de 45 cm est fix\u00e9e sur le haut du bandage pour que celui-ci s&rsquo;adapte encore mieux \u00e0 la jambe. Elle peut \u00eatre retir\u00e9e si vous n&rsquo;en avez pas besoin. Le bandage pour genou est lavable \u00e0 30\u00b0.<\/span><\/p>\n<p><b>Informations sur le produit&nbsp;:<\/b><\/p>\n<ul>\n<li><span style=\"font-weight: 400;\">D\u00e9signation&nbsp;: Bas de compression pour les jambes&nbsp;<\/span><\/li>\n<li><span style=\"font-weight: 400;\">Mod\u00e8le&nbsp;: HJ028<\/span><\/li>\n<li><span style=\"font-weight: 400;\">Respirant et tr\u00e8s confortable, ne fait pas transpirer<\/span><\/li>\n<li><span style=\"font-weight: 400;\">Adapt\u00e9 pour toutes les activit\u00e9s sportives et de fitness, le cyclisme, la course \u00e0 pied, ou les activit\u00e9s d&rsquo;ext\u00e9rieur en g\u00e9n\u00e9ral<\/span><\/li>\n<li><span style=\"font-weight: 400;\">Avec bandage velcro de 5 cm de large et 45 cm de long en haut&nbsp;<\/span><\/li>\n<li><span style=\"font-weight: 400;\">Mati\u00e8re&nbsp;: 60 % nylon 10 % \u00e9lasthanne 30 % tissu de latex caoutchout\u00e9<\/span><span style=\"font-weight: 400;\"><br \/>\n<\/span><span style=\"font-weight: 400;\">Nettoyage&nbsp;:<\/span> <span style=\"font-weight: 400;\">Le bandage pour genou est lavable \u00e0 30\u00b0<\/span><b>.<\/b><\/li>\n<li><span style=\"font-weight: 400;\">Tailles&nbsp;:&nbsp; M \/ L \/ XL \/ 2XL&nbsp;<\/span><\/li>\n<\/ul>\n<p><b>Taille en cm&nbsp;:<\/b><\/p>\n<ul>\n<li><b>M&nbsp;:<\/b><span style=\"font-weight: 400;\">&nbsp;Largeur sup\u00e9rieure 16 cm, largeur inf\u00e9rieure 12 cm, longueur 50 cm<\/span><span style=\"font-weight: 400;\"><br \/>\n<\/span><b>Circonf\u00e9rence de la jambe recommand\u00e9e de 35-41 cm<\/b><span style=\"font-weight: 400;\">, pour poids de&nbsp;: 40-60KG<\/span><\/li>\n<li><b>L&nbsp;:<\/b><span style=\"font-weight: 400;\">&nbsp;Largeur sup\u00e9rieure 17 cm, largeur inf\u00e9rieure 12,5 cm, longueur 50 cm<\/span><span style=\"font-weight: 400;\"><br \/>\n<\/span><b>Circonf\u00e9rence de la jambe recommand\u00e9e de 42-47 cm<\/b><span style=\"font-weight: 400;\">, pour poids de&nbsp;: 60-75KG<\/span><\/li>\n<li><b>XL&nbsp;:<\/b><span style=\"font-weight: 400;\">&nbsp;Largeur sup\u00e9rieure 18 cm, largeur inf\u00e9rieure 13 cm, longueur 50 cm<\/span><span style=\"font-weight: 400;\"><br \/>\n<\/span><b>Circonf\u00e9rence de la jambe recommand\u00e9e de 48-55 cm<\/b><span style=\"font-weight: 400;\">, pour poids de&nbsp;: 75-95KG<\/span><\/li>\n<li><b>XXL&nbsp;:<\/b><span style=\"font-weight: 400;\">&nbsp;Largeur sup\u00e9rieure 19 cm, largeur inf\u00e9rieure 13,5 cm, longueur 50 cm<\/span><span style=\"font-weight: 400;\"><br \/>\n<\/span><b>Circonf\u00e9rence de la jambe recommand\u00e9e de 56-63 cm<\/b><span style=\"font-weight: 400;\">, pour poids de&nbsp;: 95-110 kg<\/p>\n<p><\/span><\/li>\n<li><span style=\"font-weight: 400;\">Couleur : noir<\/span><\/li>\n<li><span style=\"font-weight: 400;\">Poids 2 pc&nbsp;: 140 g.<\/span><\/li>\n<li><span style=\"font-weight: 400;\">2 unit\u00e9s<\/span><\/li>\n<\/ul>\n","protected":false},"excerpt":{"rendered":"<p><span style=\"font-weight: 400;\">Comprimez vos jambes pour mettre un terme \u00e0 vos douleurs&nbsp;! Ce bandage pour genoux vous permet de bouger plus librement au quotidien.<\/span> <span style=\"font-weight: 400;\">Adapt\u00e9 pour toutes les activit\u00e9s. Gr\u00e2ce au l\u00e9ger effet de compression, votre genou dispose d&rsquo;un soutien plus important et la circulation sanguine est stimul\u00e9e.<\/span><\/p>\n<p><span style=\"font-weight: 400;\">La jambi\u00e8re offre une pression et une protection musculaire aux genoux et aux jambes. Gr\u00e2ce \u00e0 l&rsquo;am\u00e9lioration de la circulation sanguine, elle soulage les douleurs, les gonflements et les inflammations. En outre, elle acc\u00e9l\u00e8re la r\u00e9cup\u00e9ration et vous permet de conserver toute votre amplitude de mouvement.<\/span><b> <\/b><\/p>\n","protected":false},"featured_media":147352,"comment_status":"closed","ping_status":"closed","template":"","meta":{"inline_featured_image":false},"product_brand":[],"product_cat":[2529],"product_tag":[],"class_list":{"0":"post-147348","1":"product","2":"type-product","3":"status-publish","4":"has-post-thumbnail","6":"product_cat-protection-support-protecteurs","8":"first","9":"instock","10":"taxable","11":"shipping-taxable","12":"purchasable","13":"product-type-simple"},"_links":{"self":[{"href":"https:\/\/metal-badge.ch\/fr\/wp-json\/wp\/v2\/product\/147348","targetHints":{"allow":["GET"]}}],"collection":[{"href":"https:\/\/metal-badge.ch\/fr\/wp-json\/wp\/v2\/product"}],"about":[{"href":"https:\/\/metal-badge.ch\/fr\/wp-json\/wp\/v2\/types\/product"}],"replies":[{"embeddable":true,"href":"https:\/\/metal-badge.ch\/fr\/wp-json\/wp\/v2\/comments?post=147348"}],"wp:featuredmedia":[{"embeddable":true,"href":"https:\/\/metal-badge.ch\/fr\/wp-json\/wp\/v2\/media\/147352"}],"wp:attachment":[{"href":"https:\/\/metal-badge.ch\/fr\/wp-json\/wp\/v2\/media?parent=147348"}],"wp:term":[{"taxonomy":"product_brand","embeddable":true,"href":"https:\/\/metal-badge.ch\/fr\/wp-json\/wp\/v2\/product_brand?post=147348"},{"taxonomy":"product_cat","embeddable":true,"href":"https:\/\/metal-badge.ch\/fr\/wp-json\/wp\/v2\/product_cat?post=147348"},{"taxonomy":"product_tag","embeddable":true,"href":"https:\/\/metal-badge.ch\/fr\/wp-json\/wp\/v2\/product_tag?post=147348"}],"curies":[{"name":"wp","href":"https:\/\/api.w.org\/{rel}","templated":true}]}}