{"id":147319,"date":"2025-07-06T00:47:22","date_gmt":"2025-07-05T22:47:22","guid":{"rendered":"https:\/\/metal-badge.ch\/?post_type=product&#038;p=147319"},"modified":"2025-07-06T00:56:18","modified_gmt":"2025-07-05T22:56:18","slug":"genouillere-protege-genou-elastique-de-soutien-bleu","status":"publish","type":"product","link":"https:\/\/metal-badge.ch\/fr\/product\/147319\/genouillere-protege-genou-elastique-de-soutien-bleu\/","title":{"rendered":"Genouill\u00e8re \/ prot\u00e8ge-genou \u00e9lastique de soutien &#8211; bleu"},"content":{"rendered":"<p><span style=\"font-weight: 400;\">Id\u00e9al pour les loisirs et le sport, pour une plus grande s\u00e9curit\u00e9.<\/span><\/p>\n<p><span style=\"font-weight: 400;\">Les jambi\u00e8res ultra-longues assurent une compression de la performance, stabilisent les muscles et offrent une protection suppl\u00e9mentaire contre les chocs, les coupures et les \u00e9raflures.<\/span><span style=\"font-weight: 400;\"><br \/>\n<\/span><span style=\"font-weight: 400;\">Ces protections ont \u00e9t\u00e9 con\u00e7ues pour atteindre des performances optimales. Les sports \u00e0 haute intensit\u00e9 exigent de l&rsquo;oxyg\u00e8ne \u00e0 vos muscles. Ces jambi\u00e8res assurent une compression maximale au niveau du genou afin d&rsquo;am\u00e9liorer la circulation sanguine, tout en favorisant la libert\u00e9 de mouvement totale des articulations. Avec un patron de mousse anatomique con\u00e7u pour une grande r\u00e9sistance aux chocs. Profitez de plus d&rsquo;endurance, de performances accrues, d&rsquo;une r\u00e9duction des crampes musculaires et d&rsquo;une r\u00e9cup\u00e9ration plus rapide. Portez les bas de compression pour r\u00e9cup\u00e9rer plus rapidement et r\u00e9duire le risque de blessures.<\/span><span style=\"font-weight: 400;\"><br \/>\n<\/span><span style=\"font-weight: 400;\">Gr\u00e2ce au l\u00e9ger effet de compression, votre genou dispose d&rsquo;un soutien plus important et la circulation sanguine est stimul\u00e9e. Tr\u00e8s confortable, le mat\u00e9riau respirant et \u00e9lastique offre un grand confort et \u00e9pouse parfaitement la forme de votre jambe.&nbsp;<\/span><\/p>\n<p><b>Informations sur le produit&nbsp;:<\/b><\/p>\n<ul>\n<li><span style=\"font-weight: 400;\">D\u00e9signation&nbsp;: Genouill\u00e8re en nylon \u00e9lastique&nbsp;<\/span><\/li>\n<li><span style=\"font-weight: 400;\">Mod\u00e8le&nbsp;: HJ012<\/span><\/li>\n<li><span style=\"font-weight: 400;\">Respirante et tr\u00e8s confortable&nbsp;<\/span><\/li>\n<li><span style=\"font-weight: 400;\">Pour toutes les activit\u00e9s sportives et de fitness, le cyclisme, la course \u00e0 pied, ou les activit\u00e9s d&rsquo;ext\u00e9rieur en g\u00e9n\u00e9ral<\/span><\/li>\n<li><span style=\"font-weight: 400;\">Rembourr\u00e9 avec un patron en mousse r\u00e9sistant aux chocs au niveau des genoux&nbsp;<\/span><\/li>\n<li><span style=\"font-weight: 400;\">Mati\u00e8re&nbsp;:&nbsp; 70&nbsp;% lycra chinlon 20&nbsp;% \u00e9lasthanne&nbsp;<\/span><\/li>\n<li><span style=\"font-weight: 400;\">Nettoyage&nbsp;: Lavable en machine<\/span><b>&nbsp;<\/b><\/li>\n<li><span style=\"font-weight: 400;\">Libert\u00e9 de mouvement totale<\/span><\/li>\n<li><span style=\"font-weight: 400;\">Tailles&nbsp;:&nbsp; M \/ L \/ XL&nbsp;&nbsp;<\/span><\/li>\n<\/ul>\n<p><b>Taille en cm&nbsp;:<\/b><\/p>\n<ul>\n<li><b>M&nbsp;:<\/b><span style=\"font-weight: 400;\">&nbsp;Largeur sup\u00e9rieure 16 cm, largeur inf\u00e9rieure 11 cm, longueur 42 cm<\/span><span style=\"font-weight: 400;\"><br \/>\n<\/span><b>Circonf\u00e9rence de la jambe recommand\u00e9e de 35-41 cm<\/b><span style=\"font-weight: 400;\">, pour poids de&nbsp;: 40-60KG<\/span><\/li>\n<li><b>L&nbsp;:<\/b><span style=\"font-weight: 400;\">&nbsp;Largeur sup\u00e9rieure 18 cm, largeur inf\u00e9rieure 12 cm, longueur 44 cm<\/span><span style=\"font-weight: 400;\"><br \/>\n<\/span><b>Circonf\u00e9rence de la jambe recommand\u00e9e de 42-47 cm<\/b><span style=\"font-weight: 400;\">, pour poids de&nbsp;: 60-75KG<\/span><\/li>\n<li><b>XL&nbsp;:<\/b><span style=\"font-weight: 400;\">&nbsp;Largeur sup\u00e9rieure 20 cm, largeur inf\u00e9rieure 13 cm, longueur 46 cm<\/span><span style=\"font-weight: 400;\"><br \/>\n<\/span><b>Circonf\u00e9rence de la jambe recommand\u00e9e de 48-55 cm<\/b><span style=\"font-weight: 400;\"><span style=\"font-weight: 400;\">, pour poids de&nbsp;: 75-95KG<\/p>\n<p><\/span><\/span><\/li>\n<li><span style=\"font-weight: 400;\">Couleurs disponibles : bleu <\/span><\/li>\n<li><span style=\"font-weight: 400;\">Prix de 2 unit\u00e9s&nbsp;: 150 g<\/span><\/li>\n<li><span style=\"font-weight: 400;\">2 pc&nbsp;<\/span><\/li>\n<\/ul>\n","protected":false},"excerpt":{"rendered":"<p><span style=\"font-weight: 400;\">Id\u00e9al pour les loisirs et le sport, pour une plus grande s\u00e9curit\u00e9.<\/span><\/p>\n<p><span style=\"font-weight: 400;\">Les jambi\u00e8res ultra-longues assurent une compression de la performance, stabilisent les muscles et offrent une protection suppl\u00e9mentaire contre les chocs, les coupures et les \u00e9raflures.<\/span><span style=\"font-weight: 400;\"><br \/>\n<\/span><span style=\"font-weight: 400;\">Ces protections ont \u00e9t\u00e9 con\u00e7ues pour atteindre des performances optimales. Les sports \u00e0 haute intensit\u00e9 exigent de l&rsquo;oxyg\u00e8ne \u00e0 vos muscles. Ces jambi\u00e8res assurent une compression maximale au niveau du genou afin d&rsquo;am\u00e9liorer la circulation sanguine, tout en favorisant la libert\u00e9 de mouvement totale des articulations.<\/span><\/p>\n","protected":false},"featured_media":147323,"comment_status":"closed","ping_status":"closed","template":"","meta":{"inline_featured_image":false},"product_brand":[],"product_cat":[2529],"product_tag":[],"class_list":{"0":"post-147319","1":"product","2":"type-product","3":"status-publish","4":"has-post-thumbnail","6":"product_cat-protection-support-protecteurs","8":"first","9":"instock","10":"taxable","11":"shipping-taxable","12":"purchasable","13":"product-type-simple"},"_links":{"self":[{"href":"https:\/\/metal-badge.ch\/fr\/wp-json\/wp\/v2\/product\/147319","targetHints":{"allow":["GET"]}}],"collection":[{"href":"https:\/\/metal-badge.ch\/fr\/wp-json\/wp\/v2\/product"}],"about":[{"href":"https:\/\/metal-badge.ch\/fr\/wp-json\/wp\/v2\/types\/product"}],"replies":[{"embeddable":true,"href":"https:\/\/metal-badge.ch\/fr\/wp-json\/wp\/v2\/comments?post=147319"}],"wp:featuredmedia":[{"embeddable":true,"href":"https:\/\/metal-badge.ch\/fr\/wp-json\/wp\/v2\/media\/147323"}],"wp:attachment":[{"href":"https:\/\/metal-badge.ch\/fr\/wp-json\/wp\/v2\/media?parent=147319"}],"wp:term":[{"taxonomy":"product_brand","embeddable":true,"href":"https:\/\/metal-badge.ch\/fr\/wp-json\/wp\/v2\/product_brand?post=147319"},{"taxonomy":"product_cat","embeddable":true,"href":"https:\/\/metal-badge.ch\/fr\/wp-json\/wp\/v2\/product_cat?post=147319"},{"taxonomy":"product_tag","embeddable":true,"href":"https:\/\/metal-badge.ch\/fr\/wp-json\/wp\/v2\/product_tag?post=147319"}],"curies":[{"name":"wp","href":"https:\/\/api.w.org\/{rel}","templated":true}]}}