{"id":147278,"date":"2025-07-05T19:04:46","date_gmt":"2025-07-05T17:04:47","guid":{"rendered":"https:\/\/metal-badge.ch\/?post_type=product&#038;p=147278"},"modified":"2025-07-08T16:33:05","modified_gmt":"2025-07-08T14:33:05","slug":"bandage-de-genou-de-soutien-avec-une-large-fermeture-velcro-de-5-cm-noir-et-rouge","status":"publish","type":"product","link":"https:\/\/metal-badge.ch\/fr\/product\/147278\/bandage-de-genou-de-soutien-avec-une-large-fermeture-velcro-de-5-cm-noir-et-rouge\/","title":{"rendered":"Bandage de genou de soutien avec une large fermeture velcro de 5 cm &#8211; noir et rouge"},"content":{"rendered":"<p><span style=\"font-weight: 400;\">Id\u00e9al pour les loisirs et le sport, pour plus de s\u00e9curit\u00e9 et de soutien.<\/span><\/p>\n<p><span style=\"font-weight: 400;\">Ce bandage pour genoux vous permet de bouger plus librement au quotidien. La fonction de soutien du bandage de genou vous aide \u00e0 maintenir la stabilit\u00e9 de l&rsquo;articulation du genou et assure plus de soutien et de stabilit\u00e9. Gr\u00e2ce au soutien par compression, vous pouvez \u00e0 nouveau profiter de longues promenades dans la nature, monter les escaliers et pratique une activit\u00e9 sportive. Adapt\u00e9 pour toutes les activit\u00e9s. Gr\u00e2ce au l\u00e9ger effet de compression, votre genou dispose d&rsquo;un soutien plus important et la circulation sanguine est stimul\u00e9e. Cela contribue \u00e0 une meilleure irrigation de l&rsquo;articulation et des tissus. Gr\u00e2ce \u00e0 ce bandage pour genoux, vous pouvez mettre plus de poids sur votre genou et donc maintenir la position debout plus facilement. Le bandage pour genoux peut \u00eatre port\u00e9 n&rsquo;importe quand et pour toutes les activit\u00e9s quotidiennes. La l\u00e9g\u00e8re compression permet au genou de bouger plus facilement et de mani\u00e8re moins douloureuse. Le mat\u00e9riau tr\u00e8s \u00e9lastique et respirant offre un confort maximal et s&rsquo;adapte parfaitement \u00e0 la forme de votre jambe gr\u00e2ce aux fermetures velcro. Le degr\u00e9 de soutien peut \u00e9galement \u00eatre r\u00e9gl\u00e9 gr\u00e2ce aux fermetures velcro. Le bandage pour genoux est lavable \u00e0 30\u00b0 et convient pour tous les mouvements du quotidien.<\/span><\/p>\n<p><b><i>Pourquoi souffrons-nous de douleurs au genou<\/i><\/b><\/p>\n<p><b><i>Vous pensez que les douleurs au genou sont dues \u00e0 une mauvaise sollicitation, \u00e0 une surcharge li\u00e9e \u00e0 l&rsquo;activit\u00e9 sportive, ou encore \u00e0 la d\u00e9gradation du cartilage avec l&rsquo;\u00e2ge avec un d\u00e9but d&rsquo;arthrose ou une arthrose confirm\u00e9e&nbsp;? Tout cela n&rsquo;est pas vrai.<\/i><\/b><b><i><br \/>\n<\/i><\/b><b><i>Les douleurs au genou sont dues au raccourcissement et \u00e0 la contraction permanents des muscles, ainsi qu&rsquo;\u00e0 l&rsquo;inflexibilit\u00e9 des fascias. Ces contractions incorrectes g\u00e9n\u00e8rent une forte pression dans l&rsquo;articulation du genou, ce qui comprime le cartilage et le d\u00e9grade en raison de la pression unilat\u00e9rale et conduit finalement \u00e0 l&rsquo;arthrose.&nbsp;<\/i><\/b><\/p>\n<p><b>Informations sur le produit&nbsp;:&nbsp;<\/b><\/p>\n<ul>\n<li><span style=\"font-weight: 400;\">D\u00e9signation&nbsp;: Bandage pour genoux avec velcro&nbsp;<\/span><\/li>\n<li><span style=\"font-weight: 400;\">Mod\u00e8le&nbsp;: HJ010&nbsp;<\/span><\/li>\n<li><span style=\"font-weight: 400;\">Tr\u00e8s confortable<\/span><\/li>\n<li><span style=\"font-weight: 400;\">Respirante et tr\u00e8s confortable&nbsp;<\/span><\/li>\n<li><span style=\"font-weight: 400;\">Meilleure circulation<\/span><\/li>\n<li><span style=\"font-weight: 400;\">Pour toutes les activit\u00e9s sportives et de fitness, le cyclisme, la course \u00e0 pied, ou les activit\u00e9s d&rsquo;ext\u00e9rieur en g\u00e9n\u00e9ral<\/span><\/li>\n<li><span style=\"font-weight: 400;\">Avec bandage velcro de 5 cm de large et 100 cm de long<\/span><\/li>\n<li><span style=\"font-weight: 400;\">Le degr\u00e9 de soutien peut \u00eatre r\u00e9gl\u00e9 de mani\u00e8re optimale \u00e0 l&rsquo;aide de velcros<\/span><\/li>\n<li><span style=\"font-weight: 400;\">La bande \u00e9lastique continue est envelopp\u00e9e en forme de 8 et fix\u00e9e \u00e0 l&rsquo;aide de la fermeture velcro.<\/span><\/li>\n<li><span style=\"font-weight: 400;\">Mati\u00e8re&nbsp;: 60 % nylon \/ 10 % \u00e9lasthanne \/ 30 % tissu de latex caoutchout\u00e9&nbsp;<\/span><\/li>\n<li><span style=\"font-weight: 400;\">Tailles&nbsp;: S \/ M \/ L \/ XL \/ 2XL&nbsp;<\/span><\/li>\n<\/ul>\n<p><b>Taille en cm&nbsp;:<\/b><\/p>\n<ul>\n<li><b>M&nbsp;:<\/b><span style=\"font-weight: 400;\">&nbsp;Largeur sup\u00e9rieure 16 cm, largeur inf\u00e9rieure 14 cm, longueur 27 cm<\/span><span style=\"font-weight: 400;\"><br \/>\n<\/span><b>Circonf\u00e9rence de la jambe recommand\u00e9e de 35-41 cm<\/b><span style=\"font-weight: 400;\">, pour poids de&nbsp;: 40-60KG<\/span><\/li>\n<li><b>L&nbsp;:<\/b><span style=\"font-weight: 400;\">&nbsp;Largeur sup\u00e9rieure 17 cm, largeur inf\u00e9rieure 15 cm, longueur 27 cm<\/span><span style=\"font-weight: 400;\"><br \/>\n<\/span><b>Circonf\u00e9rence de la jambe recommand\u00e9e de 42-47 cm<\/b><span style=\"font-weight: 400;\">, pour poids de&nbsp;: 60-75KG<\/span><\/li>\n<li><b>XL&nbsp;:<\/b><span style=\"font-weight: 400;\">&nbsp;Largeur sup\u00e9rieure 18 cm, largeur inf\u00e9rieure 16 cm, longueur 27 cm<\/span><span style=\"font-weight: 400;\"><br \/>\n<\/span><b>Circonf\u00e9rence de la jambe recommand\u00e9e de 48-55 cm<\/b><span style=\"font-weight: 400;\">, pour poids de&nbsp;: 75-95KG<\/span><\/li>\n<li><b>XXL&nbsp;:<\/b><span style=\"font-weight: 400;\">&nbsp;Largeur sup\u00e9rieure 19 cm, largeur inf\u00e9rieure 17 cm, longueur 27 cm<\/span><span style=\"font-weight: 400;\"><br \/>\n<\/span><b><\/b><\/li>\n<li><b>Circonf\u00e9rence de la jambe recommand\u00e9e de 56-63 cm<\/b><span style=\"font-weight: 400;\"><span style=\"font-weight: 400;\">, pour poids de&nbsp;: 95-110 kg\n<p><\/span><\/span><\/li>\n<li><span style=\"font-weight: 400;\">Couleurs disponibles&nbsp;: noir et rouge&nbsp;<\/span><\/li>\n<li><span style=\"font-weight: 400;\">Lavable \u00e0 30\u00ba<\/span><\/li>\n<li><span style=\"font-weight: 400;\">Poids&nbsp;: 124 g.&nbsp;<\/span><\/li>\n<li><span style=\"font-weight: 400;\">Contenu&nbsp;: 1 bandage<\/span><\/li>\n<\/ul>\n","protected":false},"excerpt":{"rendered":"<p><span style=\"font-weight: 400;\">Id\u00e9al pour les loisirs et le sport, pour plus de s\u00e9curit\u00e9 et de soutien.<\/span><\/p>\n<p><span style=\"font-weight: 400;\">Ce bandage pour genoux vous permet de bouger plus librement au quotidien. La fonction de soutien du bandage de genou vous aide \u00e0 maintenir la stabilit\u00e9 de l&rsquo;articulation du genou et assure plus de soutien et de stabilit\u00e9. Gr\u00e2ce au soutien par compression, vous pouvez \u00e0 nouveau profiter de longues promenades dans la nature, monter les escaliers et pratique une activit\u00e9 sportive.&nbsp;<\/span><\/p>\n","protected":false},"featured_media":147282,"comment_status":"closed","ping_status":"closed","template":"","meta":{"inline_featured_image":false},"product_brand":[],"product_cat":[2529],"product_tag":[],"class_list":{"0":"post-147278","1":"product","2":"type-product","3":"status-publish","4":"has-post-thumbnail","6":"product_cat-protection-support-protecteurs","8":"first","9":"instock","10":"taxable","11":"shipping-taxable","12":"purchasable","13":"product-type-simple"},"_links":{"self":[{"href":"https:\/\/metal-badge.ch\/fr\/wp-json\/wp\/v2\/product\/147278","targetHints":{"allow":["GET"]}}],"collection":[{"href":"https:\/\/metal-badge.ch\/fr\/wp-json\/wp\/v2\/product"}],"about":[{"href":"https:\/\/metal-badge.ch\/fr\/wp-json\/wp\/v2\/types\/product"}],"replies":[{"embeddable":true,"href":"https:\/\/metal-badge.ch\/fr\/wp-json\/wp\/v2\/comments?post=147278"}],"wp:featuredmedia":[{"embeddable":true,"href":"https:\/\/metal-badge.ch\/fr\/wp-json\/wp\/v2\/media\/147282"}],"wp:attachment":[{"href":"https:\/\/metal-badge.ch\/fr\/wp-json\/wp\/v2\/media?parent=147278"}],"wp:term":[{"taxonomy":"product_brand","embeddable":true,"href":"https:\/\/metal-badge.ch\/fr\/wp-json\/wp\/v2\/product_brand?post=147278"},{"taxonomy":"product_cat","embeddable":true,"href":"https:\/\/metal-badge.ch\/fr\/wp-json\/wp\/v2\/product_cat?post=147278"},{"taxonomy":"product_tag","embeddable":true,"href":"https:\/\/metal-badge.ch\/fr\/wp-json\/wp\/v2\/product_tag?post=147278"}],"curies":[{"name":"wp","href":"https:\/\/api.w.org\/{rel}","templated":true}]}}