{"id":147245,"date":"2025-07-05T18:40:26","date_gmt":"2025-07-05T16:40:26","guid":{"rendered":"https:\/\/metal-badge.ch\/product\/147245\/bandage-croise-cheville-talon-noir\/"},"modified":"2025-07-05T18:46:19","modified_gmt":"2025-07-05T16:46:19","slug":"bandage-croise-cheville-talon-noir","status":"publish","type":"product","link":"https:\/\/metal-badge.ch\/fr\/product\/147245\/bandage-croise-cheville-talon-noir\/","title":{"rendered":"Bandage crois\u00e9 cheville\/talon &#8211; noir"},"content":{"rendered":"<p><span style=\"font-weight: 400;\">Bandage fonctionnel pour la cheville. Ce bandage crois\u00e9 est compl\u00e8tement \u00e9lastique pour pouvoir r\u00e9gler la tension du soutien apport\u00e9. La bande suppl\u00e9mentaire de 6,0 cm de large est fix\u00e9e avec un velcro. Le bandage l\u00e9ger est id\u00e9al pour traiter les probl\u00e8mes fonctionnels de la cheville, sans instabilit\u00e9. La bande \u00e9lastique continue est envelopp\u00e9e en forme de 8 et fix\u00e9e \u00e0 l&rsquo;aide de la fermeture velcro. Le degr\u00e9 de soutien peut \u00eatre ajust\u00e9 pr\u00e9cis\u00e9ment en fonction de la tension du bandage. Peu encombrant et l\u00e9ger, le bandage crois\u00e9 est id\u00e9al pour le sport.<\/span><\/p>\n<p><b>Informations sur le produit&nbsp;:&nbsp;<\/b><\/p>\n<ul>\n<li><span style=\"font-weight: 400;\">D\u00e9signation&nbsp;: Bandage crois\u00e9&nbsp;<\/span><\/li>\n<li><span style=\"font-weight: 400;\">Mod\u00e8le&nbsp;: HJ005<\/span><\/li>\n<li><span style=\"font-weight: 400;\">Mati\u00e8re&nbsp;: Tissu \u00e9ponge peluche \/ nylon&nbsp;&nbsp;<\/span><\/li>\n<li><span style=\"font-weight: 400;\">Poids&nbsp;: 98 g le lot de 2 pc&nbsp;<\/span><\/li>\n<li><span style=\"font-weight: 400;\">Chevill\u00e8re r\u00e9glable et de compression<\/span><\/li>\n<li><span style=\"font-weight: 400;\">Douleurs fonctionnelles sans instabilit\u00e9<\/span><\/li>\n<li><span style=\"font-weight: 400;\">Pour la prophylaxie des distorsions OSG<\/span><\/li>\n<li><span style=\"font-weight: 400;\">Taille unique&nbsp;: one size fits all&nbsp;<\/span><\/li>\n<li><span style=\"font-weight: 400;\">Bandage avec fermeture velcro&nbsp;: longueur 51 cm \/ largeur 6 cm<\/span><\/li>\n<li><span style=\"font-weight: 400;\">Unit\u00e9 d&#8217;emballage&nbsp;: 2 pi\u00e8ces&nbsp;<\/span><\/li>\n<li><span style=\"font-weight: 400;\">Couleur&nbsp;: noir&nbsp;<\/span><\/li>\n<li><span style=\"font-weight: 400;\">\u00c9lastique sur tout le pourtour&nbsp;<\/span><\/li>\n<li><span style=\"font-weight: 400;\">Utilisation&nbsp;: dans les sports populaires, les activit\u00e9s de plein air, la course \u00e0 pied&nbsp;<\/span><\/li>\n<li><span style=\"font-weight: 400;\">&nbsp;2 unit\u00e9s<\/span><\/li>\n<\/ul>\n","protected":false},"excerpt":{"rendered":"<p><span style=\"font-weight: 400;\">Bandage fonctionnel pour la cheville. Ce bandage crois\u00e9 est compl\u00e8tement \u00e9lastique pour pouvoir r\u00e9gler la tension du soutien apport\u00e9. La bande suppl\u00e9mentaire de 6,0 cm de large est fix\u00e9e avec un velcro. Le bandage l\u00e9ger est id\u00e9al pour traiter les probl\u00e8mes fonctionnels de la cheville, sans instabilit\u00e9. La bande \u00e9lastique continue est envelopp\u00e9e en forme de 8 et fix\u00e9e \u00e0 l&rsquo;aide de la fermeture velcro. Le degr\u00e9 de soutien peut \u00eatre ajust\u00e9 pr\u00e9cis\u00e9ment en fonction de la tension du bandage. Peu encombrant et l\u00e9ger, le bandage crois\u00e9 est id\u00e9al pour le sport.<\/span><\/p>\n","protected":false},"featured_media":147234,"comment_status":"closed","ping_status":"closed","template":"","meta":{"inline_featured_image":false},"product_brand":[],"product_cat":[2529],"product_tag":[],"class_list":{"0":"post-147245","1":"product","2":"type-product","3":"status-publish","4":"has-post-thumbnail","6":"product_cat-protection-support-protecteurs","8":"first","9":"instock","10":"taxable","11":"shipping-taxable","12":"purchasable","13":"product-type-simple"},"_links":{"self":[{"href":"https:\/\/metal-badge.ch\/fr\/wp-json\/wp\/v2\/product\/147245","targetHints":{"allow":["GET"]}}],"collection":[{"href":"https:\/\/metal-badge.ch\/fr\/wp-json\/wp\/v2\/product"}],"about":[{"href":"https:\/\/metal-badge.ch\/fr\/wp-json\/wp\/v2\/types\/product"}],"replies":[{"embeddable":true,"href":"https:\/\/metal-badge.ch\/fr\/wp-json\/wp\/v2\/comments?post=147245"}],"wp:featuredmedia":[{"embeddable":true,"href":"https:\/\/metal-badge.ch\/fr\/wp-json\/wp\/v2\/media\/147234"}],"wp:attachment":[{"href":"https:\/\/metal-badge.ch\/fr\/wp-json\/wp\/v2\/media?parent=147245"}],"wp:term":[{"taxonomy":"product_brand","embeddable":true,"href":"https:\/\/metal-badge.ch\/fr\/wp-json\/wp\/v2\/product_brand?post=147245"},{"taxonomy":"product_cat","embeddable":true,"href":"https:\/\/metal-badge.ch\/fr\/wp-json\/wp\/v2\/product_cat?post=147245"},{"taxonomy":"product_tag","embeddable":true,"href":"https:\/\/metal-badge.ch\/fr\/wp-json\/wp\/v2\/product_tag?post=147245"}],"curies":[{"name":"wp","href":"https:\/\/api.w.org\/{rel}","templated":true}]}}