{"id":147216,"date":"2025-07-05T08:43:40","date_gmt":"2025-07-05T06:43:41","guid":{"rendered":"https:\/\/metal-badge.ch\/?post_type=product&#038;p=147216"},"modified":"2025-07-05T08:48:06","modified_gmt":"2025-07-05T06:48:06","slug":"bas-de-contention-pour-les-mollets-gris","status":"publish","type":"product","link":"https:\/\/metal-badge.ch\/fr\/product\/147216\/bas-de-contention-pour-les-mollets-gris\/","title":{"rendered":"Bas de contention pour les mollets &#8211; gris"},"content":{"rendered":"<p><span style=\"font-weight: 400;\">Le traitement de base des varices, c&rsquo;est de combiner le port de bas de compression et l&rsquo;exercice. Les bas permettent que les veines trop dilat\u00e9es soient comprim\u00e9es. Les valvules veineuses se ferment mieux et le flux du sang vers le c\u0153ur est influenc\u00e9 positivement. Nos bas de compression pour les mollets permettent d&rsquo;am\u00e9liorer la circulation sanguine dans les mollets. Cela permet de gagner en endurance, de r\u00e9duire le gonflement des mollets et d&rsquo;acc\u00e9l\u00e9rer la r\u00e9cup\u00e9ration. Id\u00e9al pour pr\u00e9venir les jambes lourdes lors de longs moments debout ou assis, au bureau ou en voiture par exemple. L&rsquo;agr\u00e9able ceinture de confort et la pr\u00e9d\u00e9coupe anatomique offrent une tenue parfaite.<\/span><\/p>\n<p><b>Informations sur le produit&nbsp;:<\/b><\/p>\n<ul>\n<li><span style=\"font-weight: 400;\">D\u00e9signation&nbsp;: Bas de contention \/ bas pour les mollets&nbsp;<\/span><\/li>\n<li><span style=\"font-weight: 400;\">Mod\u00e8le&nbsp;: HJ050&nbsp;<\/span><\/li>\n<li><span style=\"font-weight: 400;\">Avec fonction de soutien pour plus de durabilit\u00e9<\/span><\/li>\n<li><span style=\"font-weight: 400;\">R\u00e9g\u00e9n\u00e9ration plus rapide<\/span><\/li>\n<li><span style=\"font-weight: 400;\">Excellent accessoire de voyage, en particulier pour les voyages en bus, en train ou en avion&nbsp;<\/span><\/li>\n<li><span style=\"font-weight: 400;\">Propri\u00e9t\u00e9s compressives gr\u00e2ce au tissu \u00e9lastique<\/span><\/li>\n<li><span style=\"font-weight: 400;\">Couleur : gris<\/span><\/li>\n<li><span style=\"font-weight: 400;\">Mati\u00e8re&nbsp;: Nylon \/ \u00c9lasthanne&nbsp;<\/span><\/li>\n<li><span style=\"font-weight: 400;\">Tailles&nbsp;: M \/ L \/ XL&nbsp;<\/span><\/li>\n<li><span style=\"font-weight: 400;\">Tailles en cm&nbsp;: <\/span><b>Medium<\/b><span style=\"font-weight: 400;\"> Largeur sup\u00e9rieure 10 cm, largeur inf\u00e9rieure 9 cm, longueur 26 cm&nbsp;&nbsp;<\/span><\/li>\n<li><span style=\"font-weight: 400;\">Tailles en cm&nbsp;: <\/span><b>Large<\/b><span style=\"font-weight: 400;\"> Largeur sup\u00e9rieure 10 cm, largeur inf\u00e9rieure 9 cm, longueur 28 cm&nbsp;&nbsp;<\/span><\/li>\n<li><span style=\"font-weight: 400;\">Tailles en cm&nbsp;: <\/span><b>XLarge<\/b><span style=\"font-weight: 400;\"> Largeur sup\u00e9rieure 10 cm, largeur inf\u00e9rieure 9 cm, longueur 30 cm<\/span><\/li>\n<\/ul>\n","protected":false},"excerpt":{"rendered":"<p><span style=\"font-weight: 400;\">Le traitement de base des varices, c&rsquo;est de combiner le port de bas de compression et l&rsquo;exercice. Les bas permettent que les veines trop dilat\u00e9es soient comprim\u00e9es. Les valvules veineuses se ferment mieux et le flux du sang vers le c\u0153ur est influenc\u00e9 positivement. Nos bas de compression pour les mollets permettent d&rsquo;am\u00e9liorer la circulation sanguine dans les mollets. Cela permet de gagner en endurance, de r\u00e9duire le gonflement des mollets et d&rsquo;acc\u00e9l\u00e9rer la r\u00e9cup\u00e9ration. Id\u00e9al pour pr\u00e9venir les jambes lourdes lors de longs moments debout ou assis, au bureau ou en voiture par exemple. L&rsquo;agr\u00e9able ceinture de confort et la pr\u00e9d\u00e9coupe anatomique offrent une tenue parfaite.<\/span><\/p>\n","protected":false},"featured_media":147220,"comment_status":"closed","ping_status":"closed","template":"","meta":{"inline_featured_image":false},"product_brand":[],"product_cat":[2529],"product_tag":[],"class_list":{"0":"post-147216","1":"product","2":"type-product","3":"status-publish","4":"has-post-thumbnail","6":"product_cat-protection-support-protecteurs","8":"first","9":"instock","10":"taxable","11":"shipping-taxable","12":"purchasable","13":"product-type-simple"},"_links":{"self":[{"href":"https:\/\/metal-badge.ch\/fr\/wp-json\/wp\/v2\/product\/147216","targetHints":{"allow":["GET"]}}],"collection":[{"href":"https:\/\/metal-badge.ch\/fr\/wp-json\/wp\/v2\/product"}],"about":[{"href":"https:\/\/metal-badge.ch\/fr\/wp-json\/wp\/v2\/types\/product"}],"replies":[{"embeddable":true,"href":"https:\/\/metal-badge.ch\/fr\/wp-json\/wp\/v2\/comments?post=147216"}],"wp:featuredmedia":[{"embeddable":true,"href":"https:\/\/metal-badge.ch\/fr\/wp-json\/wp\/v2\/media\/147220"}],"wp:attachment":[{"href":"https:\/\/metal-badge.ch\/fr\/wp-json\/wp\/v2\/media?parent=147216"}],"wp:term":[{"taxonomy":"product_brand","embeddable":true,"href":"https:\/\/metal-badge.ch\/fr\/wp-json\/wp\/v2\/product_brand?post=147216"},{"taxonomy":"product_cat","embeddable":true,"href":"https:\/\/metal-badge.ch\/fr\/wp-json\/wp\/v2\/product_cat?post=147216"},{"taxonomy":"product_tag","embeddable":true,"href":"https:\/\/metal-badge.ch\/fr\/wp-json\/wp\/v2\/product_tag?post=147216"}],"curies":[{"name":"wp","href":"https:\/\/api.w.org\/{rel}","templated":true}]}}