{"id":147152,"date":"2025-07-05T07:52:44","date_gmt":"2025-07-05T05:52:45","guid":{"rendered":"https:\/\/metal-badge.ch\/?post_type=product&#038;p=147152"},"modified":"2025-07-08T16:48:54","modified_gmt":"2025-07-08T14:48:54","slug":"genouillere-protege-genou-elastique-de-soutien-noir-bleu","status":"publish","type":"product","link":"https:\/\/metal-badge.ch\/fr\/product\/147152\/genouillere-protege-genou-elastique-de-soutien-noir-bleu\/","title":{"rendered":"Genouill\u00e8re \/ prot\u00e8ge-genou \u00e9lastique de soutien &#8211; noir-bleu"},"content":{"rendered":"<p><span style=\"font-weight: 400;\">Id\u00e9al pour les loisirs et le sport, pour une plus grande s\u00e9curit\u00e9. <\/span><span style=\"font-weight: 400;\">Cette genouill\u00e8re vous permet de bouger plus librement au quotidien. La fonction de soutien de la genouill\u00e8re aide \u00e0 maintenir la stabilit\u00e9 de l&rsquo;articulation du genou et assure plus de soutien et de stabilit\u00e9. Gr\u00e2ce au soutien par compression, vous pouvez \u00e0 nouveau profiter de longues promenades dans la nature, monter les escaliers et pratique une activit\u00e9 sportive. Adapt\u00e9 pour toutes les activit\u00e9s. Gr\u00e2ce au l\u00e9ger effet de compression, votre genou dispose d&rsquo;un soutien plus important et la circulation sanguine est stimul\u00e9e. Cela contribue \u00e0 une meilleure irrigation de l&rsquo;articulation et des tissus. Gr\u00e2ce \u00e0 cette genouill\u00e8re, vous pouvez mettre plus de poids sur votre genou et donc maintenir la position debout plus facilement. Aide \u00e0 am\u00e9liorer la mobilit\u00e9&nbsp;: la genouill\u00e8re peut \u00eatre port\u00e9e n&rsquo;importe quand et pour toutes les activit\u00e9s quotidiennes. La l\u00e9g\u00e8re compression permet au genou de bouger plus facilement et de mani\u00e8re moins douloureuse. <\/span><b>Tr\u00e8s confortable, <\/b><span style=\"font-weight: 400;\">le mat\u00e9riau respirant et \u00e9lastique offre un grand confort et \u00e9pouse parfaitement la forme de votre jambe.&nbsp;<\/span><\/p>\n<p><b><i>Pourquoi souffrons-nous de douleurs au genou<\/i><\/b><\/p>\n<p><b><i>Vous pensez que les douleurs au genou sont dues \u00e0 une mauvaise sollicitation, \u00e0 une surcharge li\u00e9e \u00e0 l&rsquo;activit\u00e9 sportive, ou encore \u00e0 la d\u00e9gradation du cartilage avec l&rsquo;\u00e2ge avec un d\u00e9but d&rsquo;arthrose ou une arthrose confirm\u00e9e&nbsp;? Tout cela n&rsquo;est pas vrai.<\/i><\/b><b><i><br \/>\n<\/i><\/b><b><i>Les douleurs au genou sont dues au raccourcissement et \u00e0 la contraction permanents des muscles, ainsi qu&rsquo;\u00e0 l&rsquo;inflexibilit\u00e9 des fascias. Ces contractions incorrectes g\u00e9n\u00e8rent une forte pression dans l&rsquo;articulation du genou, ce qui comprime le cartilage et le d\u00e9grade en raison de la pression unilat\u00e9rale et conduit finalement \u00e0 l&rsquo;arthrose.&nbsp;<\/i><\/b><\/p>\n<p><b>Informations sur le produit&nbsp;:<\/b><\/p>\n<ul>\n<li><span style=\"font-weight: 400;\">D\u00e9signation&nbsp;: Genouill\u00e8re en nylon \u00e9lastique&nbsp;<\/span><\/li>\n<li><span style=\"font-weight: 400;\">Mod\u00e8le&nbsp;: HJ001<\/span><\/li>\n<li><span style=\"font-weight: 400;\">Respirante et tr\u00e8s confortable&nbsp;<\/span><\/li>\n<li><span style=\"font-weight: 400;\">Pour toutes les activit\u00e9s sportives et de fitness, le cyclisme, la course \u00e0 pied, ou les activit\u00e9s d&rsquo;ext\u00e9rieur en g\u00e9n\u00e9ral<\/span><\/li>\n<li><span style=\"font-weight: 400;\">Avec bande de silicone antid\u00e9rapante en haut et en bas<\/span><\/li>\n<li><span style=\"font-weight: 400;\">Mati\u00e8re&nbsp;: 60 % nylon 10 % \u00e9lasthanne 30 % tissu de latex caoutchout\u00e9<\/span><span style=\"font-weight: 400;\"><br \/>\n<\/span><span style=\"font-weight: 400;\">Nettoyage&nbsp;:<\/span> <span style=\"font-weight: 400;\">Laver le bandage \u00e0 la main avec un d\u00e9tergent doux<\/span><\/li>\n<li><span style=\"font-weight: 400;\">Tailles&nbsp;: S \/ M \/ L \/ XL \/ 2XL \/ 3XL&nbsp;<\/span><\/li>\n<\/ul>\n<p><b>Taille en cm&nbsp;:<\/b><\/p>\n<ul>\n<li><b>S&nbsp;:<\/b><span style=\"font-weight: 400;\">&nbsp;Largeur sup\u00e9rieure 15 cm, largeur inf\u00e9rieure 13 cm, longueur 27 cm<\/span><span style=\"font-weight: 400;\"><br \/>\n<\/span><b>Circonf\u00e9rence de la jambe recommand\u00e9e de 30-34 cm<\/b><span style=\"font-weight: 400;\">, pour poids de&nbsp;: 35-40 kg<\/span><\/li>\n<li><b>M&nbsp;:<\/b><span style=\"font-weight: 400;\">&nbsp;Largeur sup\u00e9rieure 16 cm, largeur inf\u00e9rieure 14 cm, longueur 27 cm<\/span><span style=\"font-weight: 400;\"><br \/>\n<\/span><b>Circonf\u00e9rence de la jambe recommand\u00e9e de 35-41 cm<\/b><span style=\"font-weight: 400;\">, pour poids de&nbsp;: 40-60 kg<\/span><\/li>\n<li><b>L&nbsp;:<\/b><span style=\"font-weight: 400;\">&nbsp;Largeur sup\u00e9rieure 17 cm, largeur inf\u00e9rieure 15 cm, longueur 27 cm<\/span><span style=\"font-weight: 400;\"><br \/>\n<\/span><b>Circonf\u00e9rence de la jambe recommand\u00e9e de 42-47 cm<\/b><span style=\"font-weight: 400;\">, pour poids de&nbsp;: 60-75 kg<\/span><\/li>\n<li><b>XL&nbsp;:<\/b><span style=\"font-weight: 400;\">&nbsp;Largeur sup\u00e9rieure 18 cm, largeur inf\u00e9rieure 16 cm, longueur 27 cm<\/span><span style=\"font-weight: 400;\"><br \/>\n<\/span><b>Circonf\u00e9rence de la jambe recommand\u00e9e de 48-55 cm<\/b><span style=\"font-weight: 400;\">, pour poids de&nbsp;: 75-95 kg<\/span><\/li>\n<li><b>XXL&nbsp;:<\/b><span style=\"font-weight: 400;\">&nbsp;Largeur sup\u00e9rieure 19 cm, largeur inf\u00e9rieure 17 cm, longueur 27 cm<\/span><span style=\"font-weight: 400;\"><br \/>\n<\/span><b>Circonf\u00e9rence de la jambe recommand\u00e9e de 56-63 cm<\/b><span style=\"font-weight: 400;\">, pour poids de&nbsp;: 95-110 kg<\/span><\/li>\n<li><span style=\"font-weight: 400;\">Couleurs: noir-bleu<\/span><\/li>\n<li><span style=\"font-weight: 400;\">Poids 2 pc&nbsp;: 140 g.<\/span><\/li>\n<\/ul>\n","protected":false},"excerpt":{"rendered":"<p><span style=\"font-weight: 400;\">Id\u00e9al pour les loisirs et le sport, pour une plus grande s\u00e9curit\u00e9. <\/span><span style=\"font-weight: 400;\">Cette genouill\u00e8re vous permet de bouger plus librement au quotidien. La fonction de soutien de la genouill\u00e8re aide \u00e0 maintenir la stabilit\u00e9 de l&rsquo;articulation du genou et assure plus de soutien et de stabilit\u00e9. Gr\u00e2ce au soutien par compression, vous pouvez \u00e0 nouveau profiter de longues promenades dans la nature, monter les escaliers et pratique une activit\u00e9 sportive. Adapt\u00e9 pour toutes les activit\u00e9s. Gr\u00e2ce au l\u00e9ger effet de compression, votre genou dispose d&rsquo;un soutien plus important et la circulation sanguine est stimul\u00e9e. Cela contribue \u00e0 une meilleure irrigation de l&rsquo;articulation et des tissus. Gr\u00e2ce \u00e0 cette genouill\u00e8re, vous pouvez mettre plus de poids sur votre genou et donc maintenir la position debout plus facilement. Aide \u00e0 am\u00e9liorer la mobilit\u00e9&nbsp;: la genouill\u00e8re peut \u00eatre port\u00e9e n&rsquo;importe quand et pour toutes les activit\u00e9s quotidiennes. La l\u00e9g\u00e8re compression permet au genou de bouger plus facilement et de mani\u00e8re moins douloureuse. <\/span><b>Tr\u00e8s confortable, <\/b><span style=\"font-weight: 400;\">le mat\u00e9riau respirant et \u00e9lastique offre un grand confort et \u00e9pouse parfaitement la forme de votre jambe.&nbsp;<\/span><\/p>\n","protected":false},"featured_media":147156,"comment_status":"closed","ping_status":"closed","template":"","meta":{"inline_featured_image":false},"product_brand":[],"product_cat":[2529],"product_tag":[],"class_list":{"0":"post-147152","1":"product","2":"type-product","3":"status-publish","4":"has-post-thumbnail","6":"product_cat-protection-support-protecteurs","8":"first","9":"instock","10":"taxable","11":"shipping-taxable","12":"purchasable","13":"product-type-simple"},"_links":{"self":[{"href":"https:\/\/metal-badge.ch\/fr\/wp-json\/wp\/v2\/product\/147152","targetHints":{"allow":["GET"]}}],"collection":[{"href":"https:\/\/metal-badge.ch\/fr\/wp-json\/wp\/v2\/product"}],"about":[{"href":"https:\/\/metal-badge.ch\/fr\/wp-json\/wp\/v2\/types\/product"}],"replies":[{"embeddable":true,"href":"https:\/\/metal-badge.ch\/fr\/wp-json\/wp\/v2\/comments?post=147152"}],"wp:featuredmedia":[{"embeddable":true,"href":"https:\/\/metal-badge.ch\/fr\/wp-json\/wp\/v2\/media\/147156"}],"wp:attachment":[{"href":"https:\/\/metal-badge.ch\/fr\/wp-json\/wp\/v2\/media?parent=147152"}],"wp:term":[{"taxonomy":"product_brand","embeddable":true,"href":"https:\/\/metal-badge.ch\/fr\/wp-json\/wp\/v2\/product_brand?post=147152"},{"taxonomy":"product_cat","embeddable":true,"href":"https:\/\/metal-badge.ch\/fr\/wp-json\/wp\/v2\/product_cat?post=147152"},{"taxonomy":"product_tag","embeddable":true,"href":"https:\/\/metal-badge.ch\/fr\/wp-json\/wp\/v2\/product_tag?post=147152"}],"curies":[{"name":"wp","href":"https:\/\/api.w.org\/{rel}","templated":true}]}}