{"id":147132,"date":"2025-07-05T07:10:30","date_gmt":"2025-07-05T05:10:30","guid":{"rendered":"https:\/\/metal-badge.ch\/product\/147132\/veste-softshell-tactique-a-capuche-de-vanguard-noire\/"},"modified":"2025-07-05T07:10:30","modified_gmt":"2025-07-05T05:10:30","slug":"veste-softshell-tactique-a-capuche-de-vanguard-noire","status":"publish","type":"product","link":"https:\/\/metal-badge.ch\/fr\/product\/147132\/veste-softshell-tactique-a-capuche-de-vanguard-noire\/","title":{"rendered":"Veste softshell tactique \u00e0 capuche de Vanguard, noire"},"content":{"rendered":"<p><span style=\"font-weight: 400;\">Id\u00e9ale pour une utilisation en ext\u00e9rieur, prot\u00e8ge du vent et de la pluie. La veste est disponible dans diff\u00e9rentes couleurs. Dot\u00e9 de diff\u00e9rentes fonctionnalit\u00e9s, telles qu&rsquo;une ouverture pour c\u00e2ble pour t\u00e9l\u00e9phone portable et diff\u00e9rentes poches, ainsi que deux velcros de 8 cm x 7 cm pour les badges. La veste est rev\u00eatue de polaire l\u00e9g\u00e8re \u00e0 l&rsquo;int\u00e9rieur et vous tiendra chaud pendant la mi-saison, tout en \u00e9tant respirante et imperm\u00e9able. La veste peut \u00eatre ajust\u00e9e\/resserr\u00e9e au niveau de la capuche et de la taille \u00e0 l&rsquo;aide d&rsquo;un \u00e9lastique. La capuche peut \u00eatre enroul\u00e9e et fix\u00e9e au col \u00e0 l&rsquo;aide d&rsquo;une fermeture velcro. Cette veste est munie d&rsquo;une fermeture \u00e9clair double sens. La veste peut \u00eatre ajust\u00e9e aux poignets \u00e0 l&rsquo;aide d\u2019un velcro \u00e9lastique. La veste a une coupe classique. Elle comporte deux grandes poches \u00e0 fermeture \u00e9clair sur la poitrine et deux poches zipp\u00e9es \u00e0 l\u2019avant sur les manches Il y a une poche int\u00e9rieure \u00e0 l&rsquo;arri\u00e8re ayant deux fermetures \u00e9clair connect\u00e9es. Les gants, etc. peuvent \u00eatre rang\u00e9s dans cette poche arri\u00e8re.&nbsp;<\/span><\/p>\n<p><b>Description du produit&nbsp;:<\/b><\/p>\n<ul>\n<li><span style=\"font-weight: 400;\">D\u00e9signation&nbsp;: Veste en softshell Vanguard noire MSJ7012<\/span><\/li>\n<li><span style=\"font-weight: 400;\">Capuche \u00e0 velcro enroulable<\/span><\/li>\n<li><span style=\"font-weight: 400;\">Fermetures velcro des deux c\u00f4t\u00e9s de la manche pour badges, hauteur 8&nbsp;cm&nbsp;x&nbsp;7&nbsp;cm&nbsp;<\/span><\/li>\n<li><span style=\"font-weight: 400;\">2 poches sur les manches avec fermeture \u00e9clair<\/span><\/li>\n<li><span style=\"font-weight: 400;\">2 grandes poches poitrine avec fermeture \u00e9clair<\/span><\/li>\n<li><span style=\"font-weight: 400;\">Polaire en couche int\u00e9rieure<\/span><\/li>\n<li><span style=\"font-weight: 400;\">Fermeture \u00e9clair \u00e0 double sens<\/span><\/li>\n<li><span style=\"font-weight: 400;\">Poids&nbsp;: 1150 g<\/span><\/li>\n<li><span style=\"font-weight: 400;\">Couleur&nbsp;: noir<\/span><\/li>\n<li><span style=\"font-weight: 400;\">Respirant<\/span><\/li>\n<li><span style=\"font-weight: 400;\">Mati\u00e8re&nbsp;: 65 % polyester 35 % coton<\/span><\/li>\n<li><span style=\"font-weight: 400;\">100 % imperm\u00e9able avec ext\u00e9rieur en polyester 3 couches enduites de PU<\/span><\/li>\n<li><span style=\"font-weight: 400;\">Poignets r\u00e9glables par velcro<\/span><\/li>\n<li><span style=\"font-weight: 400;\">Tailles&nbsp;: S, M, L, XL, 2XL&nbsp;<\/span><\/li>\n<li><span style=\"font-weight: 400;\">\u00c9change possible aupr\u00e8s de nous<\/span><\/li>\n<li><span style=\"font-weight: 400;\">Autres couleurs disponibles sur demande<\/span><\/li>\n<li><span style=\"font-weight: 400;\">Mesurez la largeur d\u2019\u00e9paule<\/span><\/li>\n<\/ul>\n<p><span style=\"font-weight: 400;\">La veste a les largeurs d\u2019\u00e9paule suivantes&nbsp;:<\/span><span style=\"font-weight: 400;\"><br \/>\n<\/span><\/p>\n<ul>\n<li><span style=\"font-weight: 400;\">Taille S&nbsp;: &nbsp;env. 52 cm<\/span><span style=\"font-weight: 400;\"><br \/>\n<\/span><\/li>\n<li><span style=\"font-weight: 400;\">Taille M&nbsp;: env. 54 cm<\/span><span style=\"font-weight: 400;\"><br \/>\n<\/span><\/li>\n<li><span style=\"font-weight: 400;\">Taille L&nbsp;: &nbsp;env. 56 cm<\/span><span style=\"font-weight: 400;\"><br \/>\n<\/span><\/li>\n<li><span style=\"font-weight: 400;\">Taille XL&nbsp;: env. 58 cm<\/span><\/li>\n<li><span style=\"font-weight: 400;\">Taille&nbsp;: 2XL&nbsp;: environ 60 cm&nbsp;<\/span><\/li>\n<\/ul>\n","protected":false},"excerpt":{"rendered":"<p><span style=\"font-weight: 400;\">Id\u00e9ale pour une utilisation en ext\u00e9rieur, prot\u00e8ge du vent et de la pluie. La veste est disponible dans diff\u00e9rentes couleurs. Dot\u00e9 de diff\u00e9rentes fonctionnalit\u00e9s, telles qu&rsquo;une ouverture pour c\u00e2ble pour t\u00e9l\u00e9phone portable et diff\u00e9rentes poches, ainsi que deux velcros de 8 cm x 7 cm pour les badges. La veste est rev\u00eatue de polaire l\u00e9g\u00e8re \u00e0 l&rsquo;int\u00e9rieur et vous tiendra chaud pendant la mi-saison, tout en \u00e9tant respirante et imperm\u00e9able. La veste peut \u00eatre ajust\u00e9e\/resserr\u00e9e au niveau de la capuche et de la taille \u00e0 l&rsquo;aide d&rsquo;un \u00e9lastique. La capuche peut \u00eatre enroul\u00e9e et fix\u00e9e au col \u00e0 l&rsquo;aide d&rsquo;une fermeture velcro. Cette veste est munie d&rsquo;une fermeture \u00e9clair double sens. La veste peut \u00eatre ajust\u00e9e aux poignets \u00e0 l&rsquo;aide d\u2019un velcro \u00e9lastique. La veste a une coupe classique. Elle comporte deux grandes poches \u00e0 fermeture \u00e9clair sur la poitrine et deux poches zipp\u00e9es \u00e0 l\u2019avant sur les manches Il y a une poche int\u00e9rieure \u00e0 l&rsquo;arri\u00e8re ayant deux fermetures \u00e9clair connect\u00e9es. Les gants, etc. peuvent \u00eatre rang\u00e9s dans cette poche arri\u00e8re.&nbsp;<\/span><\/p>\n","protected":false},"featured_media":147077,"comment_status":"closed","ping_status":"closed","template":"","meta":{"inline_featured_image":false},"product_brand":[],"product_cat":[2189,1598,1602],"product_tag":[],"class_list":{"0":"post-147132","1":"product","2":"type-product","3":"status-publish","4":"has-post-thumbnail","6":"product_cat-vetementsdeloisirs","7":"product_cat-coupe-vent","8":"product_cat-vestes-en-softshell-pantalons-et-vetements-haute-visibilite","10":"first","11":"instock","12":"taxable","13":"shipping-taxable","14":"purchasable","15":"product-type-simple"},"_links":{"self":[{"href":"https:\/\/metal-badge.ch\/fr\/wp-json\/wp\/v2\/product\/147132","targetHints":{"allow":["GET"]}}],"collection":[{"href":"https:\/\/metal-badge.ch\/fr\/wp-json\/wp\/v2\/product"}],"about":[{"href":"https:\/\/metal-badge.ch\/fr\/wp-json\/wp\/v2\/types\/product"}],"replies":[{"embeddable":true,"href":"https:\/\/metal-badge.ch\/fr\/wp-json\/wp\/v2\/comments?post=147132"}],"wp:featuredmedia":[{"embeddable":true,"href":"https:\/\/metal-badge.ch\/fr\/wp-json\/wp\/v2\/media\/147077"}],"wp:attachment":[{"href":"https:\/\/metal-badge.ch\/fr\/wp-json\/wp\/v2\/media?parent=147132"}],"wp:term":[{"taxonomy":"product_brand","embeddable":true,"href":"https:\/\/metal-badge.ch\/fr\/wp-json\/wp\/v2\/product_brand?post=147132"},{"taxonomy":"product_cat","embeddable":true,"href":"https:\/\/metal-badge.ch\/fr\/wp-json\/wp\/v2\/product_cat?post=147132"},{"taxonomy":"product_tag","embeddable":true,"href":"https:\/\/metal-badge.ch\/fr\/wp-json\/wp\/v2\/product_tag?post=147132"}],"curies":[{"name":"wp","href":"https:\/\/api.w.org\/{rel}","templated":true}]}}