{"id":147036,"date":"2025-07-05T06:13:31","date_gmt":"2025-07-05T04:13:31","guid":{"rendered":"https:\/\/metal-badge.ch\/product\/147036\/veste-polaire-basique-verte\/"},"modified":"2025-07-05T06:31:45","modified_gmt":"2025-07-05T04:31:45","slug":"veste-polaire-basique-verte","status":"publish","type":"product","link":"https:\/\/metal-badge.ch\/fr\/product\/147036\/veste-polaire-basique-verte\/","title":{"rendered":"Veste polaire basique verte"},"content":{"rendered":"<p><span style=\"font-weight: 400;\">Cette&nbsp;<\/span><b>veste coupe-vent en polaire thermique<\/b><span style=\"font-weight: 400;\">&nbsp;est fabriqu\u00e9e en polyester respirant l\u00e9ger. Le design avec double fermeture \u00e9clair sur toute la longueur garde votre cou au chaud et le design \u00e0 plusieurs poches permet de r\u00e9pondre \u00e0 tous vos besoins. Avec 6 poches&nbsp;: 1 poche sur la poitrine, 3 poches sur les manches et 2 poches lat\u00e9rales, toutes \u00e0 fermeture \u00e9clair, vous pouvez ranger tout ce dont vous avez besoin. Les manches sont munies d&rsquo;un velcro doux de 9 cm x 7 cm des deux c\u00f4t\u00e9s pour pouvoir y apposer diff\u00e9rents badges.&nbsp;<\/span><\/p>\n<p><b>Informations sur le produit&nbsp;:&nbsp;<\/b><\/p>\n<ul>\n<li><span style=\"font-weight: 400;\">D\u00e9signation&nbsp;: Veste coupe-vent polaire basique verte<\/span><\/li>\n<li><span style=\"font-weight: 400;\">Mati\u00e8re&nbsp;: 100 % polyester<\/span><\/li>\n<li><span style=\"font-weight: 400;\">Avec double fermeture \u00e9clair&nbsp;<\/span><\/li>\n<li><span style=\"font-weight: 400;\">Fermeture \u00e9clair jusqu\u2019au cou<\/span><\/li>\n<li><span style=\"font-weight: 400;\">Avec 6 poches \u00e0 fermeture \u00e9clair<\/span><\/li>\n<li><span style=\"font-weight: 400;\">Couleur : Vert<\/span><\/li>\n<li><span style=\"font-weight: 400;\">Tailles&nbsp;: S \/ M \/ L \/ XL \/ 2XL \/ 3XL<\/span><\/li>\n<\/ul>\n","protected":false},"excerpt":{"rendered":"<p><span style=\"font-weight: 400;\">Cette&nbsp;<\/span><b>veste coupe-vent en polaire thermique<\/b><span style=\"font-weight: 400;\">&nbsp;est fabriqu\u00e9e en polyester respirant l\u00e9ger. Le design avec double fermeture \u00e9clair sur toute la longueur garde votre cou au chaud et le design \u00e0 plusieurs poches permet de r\u00e9pondre \u00e0 tous vos besoins. Avec 6 poches&nbsp;: 1 poche sur la poitrine, 3 poches sur les manches et 2 poches lat\u00e9rales, toutes \u00e0 fermeture \u00e9clair, vous pouvez ranger tout ce dont vous avez besoin. Les manches sont munies d&rsquo;un velcro doux de 9 cm x 7 cm des deux c\u00f4t\u00e9s pour pouvoir y apposer diff\u00e9rents badges.&nbsp;<\/span><\/p>\n","protected":false},"featured_media":147005,"comment_status":"closed","ping_status":"closed","template":"","meta":{"inline_featured_image":false},"product_brand":[],"product_cat":[2189,1610],"product_tag":[],"class_list":{"0":"post-147036","1":"product","2":"type-product","3":"status-publish","4":"has-post-thumbnail","6":"product_cat-vetementsdeloisirs","7":"product_cat-veste-en-polaire","9":"first","10":"instock","11":"taxable","12":"shipping-taxable","13":"purchasable","14":"product-type-simple"},"_links":{"self":[{"href":"https:\/\/metal-badge.ch\/fr\/wp-json\/wp\/v2\/product\/147036","targetHints":{"allow":["GET"]}}],"collection":[{"href":"https:\/\/metal-badge.ch\/fr\/wp-json\/wp\/v2\/product"}],"about":[{"href":"https:\/\/metal-badge.ch\/fr\/wp-json\/wp\/v2\/types\/product"}],"replies":[{"embeddable":true,"href":"https:\/\/metal-badge.ch\/fr\/wp-json\/wp\/v2\/comments?post=147036"}],"wp:featuredmedia":[{"embeddable":true,"href":"https:\/\/metal-badge.ch\/fr\/wp-json\/wp\/v2\/media\/147005"}],"wp:attachment":[{"href":"https:\/\/metal-badge.ch\/fr\/wp-json\/wp\/v2\/media?parent=147036"}],"wp:term":[{"taxonomy":"product_brand","embeddable":true,"href":"https:\/\/metal-badge.ch\/fr\/wp-json\/wp\/v2\/product_brand?post=147036"},{"taxonomy":"product_cat","embeddable":true,"href":"https:\/\/metal-badge.ch\/fr\/wp-json\/wp\/v2\/product_cat?post=147036"},{"taxonomy":"product_tag","embeddable":true,"href":"https:\/\/metal-badge.ch\/fr\/wp-json\/wp\/v2\/product_tag?post=147036"}],"curies":[{"name":"wp","href":"https:\/\/api.w.org\/{rel}","templated":true}]}}