{"id":146960,"date":"2025-07-05T03:44:22","date_gmt":"2025-07-05T01:44:22","guid":{"rendered":"https:\/\/metal-badge.ch\/product\/146960\/chapeau-de-travail-jaune-fluo-haute-visibilite-leger-chapeau-pour-proteger-du-soleil-avec-partie-reflechissante\/"},"modified":"2025-07-05T03:44:22","modified_gmt":"2025-07-05T01:44:22","slug":"chapeau-de-travail-jaune-fluo-haute-visibilite-leger-chapeau-pour-proteger-du-soleil-avec-partie-reflechissante","status":"publish","type":"product","link":"https:\/\/metal-badge.ch\/fr\/product\/146960\/chapeau-de-travail-jaune-fluo-haute-visibilite-leger-chapeau-pour-proteger-du-soleil-avec-partie-reflechissante\/","title":{"rendered":"Chapeau de travail jaune fluo haute visibilit\u00e9 l\u00e9ger ; chapeau pour prot\u00e9ger du soleil avec partie r\u00e9fl\u00e9chissante."},"content":{"rendered":"<p><span style=\"font-weight: 400;\">Ce chapeau de travail est id\u00e9al pour un maximum de s\u00e9curit\u00e9 et de confort. Dans un jaune fluorescent haute visibilit\u00e9 accrocheur, ce chapeau de soleil l\u00e9ger assure une excellente visibilit\u00e9 de jour comme un cr\u00e9puscule. La partie r\u00e9fl\u00e9chissante plac\u00e9e tout autour offre une protection suppl\u00e9mentaire et augmente la visibilit\u00e9.<\/span><\/p>\n<ul>\n<li style=\"font-weight: 400;\" aria-level=\"1\"><span style=\"font-weight: 400;\">Mati\u00e8re&nbsp;: 100&nbsp;% polyester&nbsp;: robuste, l\u00e9ger et facile d&rsquo;entretien.<\/span><\/li>\n<li style=\"font-weight: 400;\" aria-level=\"1\"><span style=\"font-weight: 400;\">Coupe optimale&nbsp;: Un cordon r\u00e9glable permet de r\u00e9gler le chapeau comme vous le souhaitez (tour de t\u00eate de 56 \u00e0 58 cm).<\/span><\/li>\n<li style=\"font-weight: 400;\" aria-level=\"1\"><span style=\"font-weight: 400;\">Confort&nbsp;: Les a\u00e9rations lat\u00e9rales en maille assurent une circulation agr\u00e9able de l&rsquo;air id\u00e9ale pour toute la journ\u00e9e.<\/span><\/li>\n<li style=\"font-weight: 400;\" aria-level=\"1\"><span style=\"font-weight: 400;\">Polyvalence&nbsp;: Parfaitement adapt\u00e9 \u00e0 une utilisation sur les chantiers, sur la route ou lors d&rsquo;autres activit\u00e9s de plein air o\u00f9 la visibilit\u00e9 et la protection ont une importance primordiale.<\/span><\/li>\n<\/ul>\n<p><span style=\"font-weight: 400;\">Ce chapeau de travail haute visibilit\u00e9 allie s\u00e9curit\u00e9, confort et fonctionnalit\u00e9&nbsp;: un accessoire indispensable pour travailler en toute s\u00e9curit\u00e9 au quotidien. Le bord mesure 7 cm.&nbsp;<\/span><\/p>\n<p><span style=\"font-weight: 400;\">Ce chapeau fonctionnel et confortable vous assure de toujours \u00eatre bien prot\u00e9g\u00e9 et visible, et il compte m\u00eame une protection contre les UV.<\/span><\/p>\n<p><b>Propri\u00e9t\u00e9s des produits&nbsp;:&nbsp;<\/b><\/p>\n<ul>\n<li><span style=\"font-weight: 400;\">D\u00e9signation&nbsp;: Chapeau de soleil \/ chapeau de travail&nbsp;<\/span><\/li>\n<li><span style=\"font-weight: 400;\">L\u00e9ger et confortable avec ventilation lat\u00e9rale en maille&nbsp;<\/span><\/li>\n<li><span style=\"font-weight: 400;\">Instructions d\u2019entretien&nbsp;: Lavable en machine \u00e0 40\u00ba<\/span><\/li>\n<li><span style=\"font-weight: 400;\">Couleur&nbsp;: Jaune fluo haute visibilit\u00e9<\/span><\/li>\n<li><span style=\"font-weight: 400;\">Bord&nbsp;: 7 cm<\/span><\/li>\n<li><span style=\"font-weight: 400;\">Partie r\u00e9fl\u00e9chissante sur le pourtour<\/span><\/li>\n<li><span style=\"font-weight: 400;\">Cordon r\u00e9glable pour le menton<\/span><\/li>\n<li><span style=\"font-weight: 400;\">Mati\u00e8re&nbsp;: 100&nbsp;% polyester<\/span><\/li>\n<li><span style=\"font-weight: 400;\">Poids&nbsp;: 80 g&nbsp;<\/span><\/li>\n<li><span style=\"font-weight: 400;\">Tailles de tour de t\u00eate&nbsp;:&nbsp; 56 \u00e0 58 cm <\/span><\/li>\n<\/ul>\n","protected":false},"excerpt":{"rendered":"<p><span style=\"font-weight: 400;\">Ce chapeau de travail est id\u00e9al pour un maximum de s\u00e9curit\u00e9 et de confort. Dans un jaune fluorescent haute visibilit\u00e9 accrocheur, ce chapeau de soleil l\u00e9ger assure une excellente visibilit\u00e9 de jour comme un cr\u00e9puscule. La partie r\u00e9fl\u00e9chissante plac\u00e9e tout autour offre une protection suppl\u00e9mentaire et augmente la visibilit\u00e9.<\/span><\/p>\n","protected":false},"featured_media":146953,"comment_status":"closed","ping_status":"closed","template":"","meta":{"inline_featured_image":false},"product_brand":[],"product_cat":[1606,1622],"product_tag":[],"class_list":{"0":"post-146960","1":"product","2":"type-product","3":"status-publish","4":"has-post-thumbnail","6":"product_cat-vetements-haute-visibilite-et-lumineux","7":"product_cat-cappes","9":"first","10":"instock","11":"taxable","12":"shipping-taxable","13":"purchasable","14":"product-type-simple"},"_links":{"self":[{"href":"https:\/\/metal-badge.ch\/fr\/wp-json\/wp\/v2\/product\/146960","targetHints":{"allow":["GET"]}}],"collection":[{"href":"https:\/\/metal-badge.ch\/fr\/wp-json\/wp\/v2\/product"}],"about":[{"href":"https:\/\/metal-badge.ch\/fr\/wp-json\/wp\/v2\/types\/product"}],"replies":[{"embeddable":true,"href":"https:\/\/metal-badge.ch\/fr\/wp-json\/wp\/v2\/comments?post=146960"}],"wp:featuredmedia":[{"embeddable":true,"href":"https:\/\/metal-badge.ch\/fr\/wp-json\/wp\/v2\/media\/146953"}],"wp:attachment":[{"href":"https:\/\/metal-badge.ch\/fr\/wp-json\/wp\/v2\/media?parent=146960"}],"wp:term":[{"taxonomy":"product_brand","embeddable":true,"href":"https:\/\/metal-badge.ch\/fr\/wp-json\/wp\/v2\/product_brand?post=146960"},{"taxonomy":"product_cat","embeddable":true,"href":"https:\/\/metal-badge.ch\/fr\/wp-json\/wp\/v2\/product_cat?post=146960"},{"taxonomy":"product_tag","embeddable":true,"href":"https:\/\/metal-badge.ch\/fr\/wp-json\/wp\/v2\/product_tag?post=146960"}],"curies":[{"name":"wp","href":"https:\/\/api.w.org\/{rel}","templated":true}]}}