{"id":146932,"date":"2025-07-05T03:14:48","date_gmt":"2025-07-05T01:14:48","guid":{"rendered":"https:\/\/metal-badge.ch\/product\/146932\/laisse-pour-chien-neo-jaune\/"},"modified":"2025-07-05T03:26:55","modified_gmt":"2025-07-05T01:26:55","slug":"laisse-pour-chien-neo-jaune","status":"publish","type":"product","link":"https:\/\/metal-badge.ch\/fr\/product\/146932\/laisse-pour-chien-neo-jaune\/","title":{"rendered":"Laisse pour chien Neo jaune"},"content":{"rendered":"<p>Cette laisse pour chien est disponible en jaune fluo et orange, fabriqu\u00e9e en PVC caoutchout\u00e9, ce qui la rend tr\u00e8s robuste et durable. Gr\u00e2ce \u00e0 sa poign\u00e9e souple, la laisse r\u00e9sistante est agr\u00e9able et s\u00fbre en main. Ses couleurs vives assurent une excellente visibilit\u00e9 lorsque votre chien se prom\u00e8ne dans la nature. Elle peut m\u00eame \u00eatre utilis\u00e9e pour nager, car elle est imperm\u00e9able et r\u00e9sistante aux intemp\u00e9ries. Le mousqueton en m\u00e9tal permet de l\u2019attacher facilement \u00e0 tous les colliers pour chiens.<\/p>\n<p><strong>Informations sur le produit :<\/strong><\/p>\n<ul>\n<li>Nom : Laisse pour chien Neo TLL3211<\/li>\n<li>Mat\u00e9riau de la laisse : PVC caoutchout\u00e9<\/li>\n<li>Mat\u00e9riau du mousqueton : m\u00e9tal noir en alliage de zinc<\/li>\n<li>Couleurs : jaune fluo<\/li>\n<li>Tr\u00e8s robuste et r\u00e9sistante<\/li>\n<li>Poign\u00e9e confortable<\/li>\n<li>Imperm\u00e9able : utilisable par tous les temps, m\u00eame pour la nage<\/li>\n<li>Entretien facile : se nettoie d\u2019un simple coup d\u2019\u00e9ponge<\/li>\n<li>Largeur : 20 mm<\/li>\n<li>Poids : env. 140 g<\/li>\n<li>Longueur : 200 cm<\/li>\n<\/ul>\n","protected":false},"excerpt":{"rendered":"<p>Cette laisse pour chien est disponible en jaune fluo et orange, fabriqu\u00e9e en PVC caoutchout\u00e9, ce qui la rend tr\u00e8s robuste et durable. Gr\u00e2ce \u00e0 sa poign\u00e9e souple, la laisse r\u00e9sistante est agr\u00e9able et s\u00fbre en main. Ses couleurs vives assurent une excellente visibilit\u00e9 lorsque votre chien se prom\u00e8ne dans la nature. Elle peut m\u00eame \u00eatre utilis\u00e9e pour nager, car elle est imperm\u00e9able et r\u00e9sistante aux intemp\u00e9ries. Le mousqueton en m\u00e9tal permet de l\u2019attacher facilement \u00e0 tous les colliers pour chiens.<\/p>\n","protected":false},"featured_media":146921,"comment_status":"closed","ping_status":"closed","template":"","meta":{"inline_featured_image":false},"product_brand":[],"product_cat":[1371,887],"product_tag":[],"class_list":{"0":"post-146932","1":"product","2":"type-product","3":"status-publish","4":"has-post-thumbnail","6":"product_cat-accessoires-pour-chien","7":"product_cat-accessoires","9":"first","10":"instock","11":"taxable","12":"shipping-taxable","13":"purchasable","14":"product-type-simple"},"_links":{"self":[{"href":"https:\/\/metal-badge.ch\/fr\/wp-json\/wp\/v2\/product\/146932","targetHints":{"allow":["GET"]}}],"collection":[{"href":"https:\/\/metal-badge.ch\/fr\/wp-json\/wp\/v2\/product"}],"about":[{"href":"https:\/\/metal-badge.ch\/fr\/wp-json\/wp\/v2\/types\/product"}],"replies":[{"embeddable":true,"href":"https:\/\/metal-badge.ch\/fr\/wp-json\/wp\/v2\/comments?post=146932"}],"wp:featuredmedia":[{"embeddable":true,"href":"https:\/\/metal-badge.ch\/fr\/wp-json\/wp\/v2\/media\/146921"}],"wp:attachment":[{"href":"https:\/\/metal-badge.ch\/fr\/wp-json\/wp\/v2\/media?parent=146932"}],"wp:term":[{"taxonomy":"product_brand","embeddable":true,"href":"https:\/\/metal-badge.ch\/fr\/wp-json\/wp\/v2\/product_brand?post=146932"},{"taxonomy":"product_cat","embeddable":true,"href":"https:\/\/metal-badge.ch\/fr\/wp-json\/wp\/v2\/product_cat?post=146932"},{"taxonomy":"product_tag","embeddable":true,"href":"https:\/\/metal-badge.ch\/fr\/wp-json\/wp\/v2\/product_tag?post=146932"}],"curies":[{"name":"wp","href":"https:\/\/api.w.org\/{rel}","templated":true}]}}