{"id":146832,"date":"2025-07-04T23:52:50","date_gmt":"2025-07-04T21:52:51","guid":{"rendered":"https:\/\/metal-badge.ch\/?post_type=product&#038;p=146832"},"modified":"2025-07-04T23:57:25","modified_gmt":"2025-07-04T21:57:25","slug":"collier-pour-chien-noir-avec-un-grand-confort-de-port","status":"publish","type":"product","link":"https:\/\/metal-badge.ch\/fr\/product\/146832\/collier-pour-chien-noir-avec-un-grand-confort-de-port\/","title":{"rendered":"Collier pour chien noir avec un grand confort de port"},"content":{"rendered":"<p>Avec ce collier de la marque Truelove, vous n\u2019avez \u00e0 faire aucun compromis ni sur le style ni sur la durabilit\u00e9 \u2013 ce collier tient toutes ses promesses ! Le collier est fabriqu\u00e9 en nylon avec une boucle \u00e0 clip en plastique PVC pour une ouverture rapide. Ce collier extr\u00eamement r\u00e9sistant, doubl\u00e9 \u00e0 l\u2019int\u00e9rieur d\u2019un rembourrage en n\u00e9opr\u00e8ne, est doux pour le pelage du chien et tr\u00e8s agr\u00e9able \u00e0 porter. Il est \u00e9quip\u00e9 d\u2019un anneau en D en aluminium noir pour y attacher la laisse. Le collier est facilement ajustable selon le tableau des tailles ci-dessous.<\/p>\n<p><strong>Informations sur le produit :<\/strong><\/p>\n<ul>\n<li>Collier pour chien avec grand confort de port<\/li>\n<li>Marque : Truelove<\/li>\n<li>R\u00e9f\u00e9rence : TLC5271<\/li>\n<li>Mati\u00e8re du collier : nylon r\u00e9glable<\/li>\n<li>Int\u00e9rieur rembourr\u00e9 en n\u00e9opr\u00e8ne doux<\/li>\n<li>Boucle : fermeture rapide \u00e0 clip en plastique PVC<\/li>\n<li>Couleur : noir avec des r\u00e9flecteurs 3M brod\u00e9s<\/li>\n<li>Collier id\u00e9al pour les activit\u00e9s sportives et les loisirs<\/li>\n<li>Durable, r\u00e9sistant \u00e0 la d\u00e9chirure et aux intemp\u00e9ries<\/li>\n<li>Facile d\u2019entretien : simplement lavable<\/li>\n<li>Poids : 60 g<\/li>\n<li>Largeur : 2,5 cm<\/li>\n<li>Tailles r\u00e9glables : S : 25\u201335 cm, M : 35\u201350 cm, L : 45\u201365 cm<\/li>\n<\/ul>\n","protected":false},"excerpt":{"rendered":"<p>Avec ce collier de la marque Truelove, vous n\u2019avez \u00e0 faire aucun compromis ni sur le style ni sur la durabilit\u00e9 \u2013 ce collier tient toutes ses promesses ! Le collier est fabriqu\u00e9 en nylon avec une boucle \u00e0 clip en plastique PVC pour une ouverture rapide. Ce collier extr\u00eamement r\u00e9sistant, doubl\u00e9 \u00e0 l\u2019int\u00e9rieur d\u2019un rembourrage en n\u00e9opr\u00e8ne, est doux pour le pelage du chien et tr\u00e8s agr\u00e9able \u00e0 porter. Il est \u00e9quip\u00e9 d\u2019un anneau en D en aluminium noir pour y attacher la laisse. Le collier est facilement ajustable selon le tableau des tailles ci-dessous.<\/p>\n","protected":false},"featured_media":146836,"comment_status":"closed","ping_status":"closed","template":"","meta":{"inline_featured_image":false},"product_brand":[],"product_cat":[1371,887],"product_tag":[],"class_list":{"0":"post-146832","1":"product","2":"type-product","3":"status-publish","4":"has-post-thumbnail","6":"product_cat-accessoires-pour-chien","7":"product_cat-accessoires","9":"first","10":"instock","11":"taxable","12":"shipping-taxable","13":"purchasable","14":"product-type-simple"},"_links":{"self":[{"href":"https:\/\/metal-badge.ch\/fr\/wp-json\/wp\/v2\/product\/146832","targetHints":{"allow":["GET"]}}],"collection":[{"href":"https:\/\/metal-badge.ch\/fr\/wp-json\/wp\/v2\/product"}],"about":[{"href":"https:\/\/metal-badge.ch\/fr\/wp-json\/wp\/v2\/types\/product"}],"replies":[{"embeddable":true,"href":"https:\/\/metal-badge.ch\/fr\/wp-json\/wp\/v2\/comments?post=146832"}],"wp:featuredmedia":[{"embeddable":true,"href":"https:\/\/metal-badge.ch\/fr\/wp-json\/wp\/v2\/media\/146836"}],"wp:attachment":[{"href":"https:\/\/metal-badge.ch\/fr\/wp-json\/wp\/v2\/media?parent=146832"}],"wp:term":[{"taxonomy":"product_brand","embeddable":true,"href":"https:\/\/metal-badge.ch\/fr\/wp-json\/wp\/v2\/product_brand?post=146832"},{"taxonomy":"product_cat","embeddable":true,"href":"https:\/\/metal-badge.ch\/fr\/wp-json\/wp\/v2\/product_cat?post=146832"},{"taxonomy":"product_tag","embeddable":true,"href":"https:\/\/metal-badge.ch\/fr\/wp-json\/wp\/v2\/product_tag?post=146832"}],"curies":[{"name":"wp","href":"https:\/\/api.w.org\/{rel}","templated":true}]}}