{"id":146738,"date":"2025-07-04T07:12:41","date_gmt":"2025-07-04T05:12:42","guid":{"rendered":"https:\/\/metal-badge.ch\/?post_type=product&#038;p=146738"},"modified":"2025-07-04T07:18:10","modified_gmt":"2025-07-04T05:18:10","slug":"laisse-pour-chien-neon-jaune","status":"publish","type":"product","link":"https:\/\/metal-badge.ch\/fr\/product\/146738\/laisse-pour-chien-neon-jaune\/","title":{"rendered":"Laisse pour chien neon jaune"},"content":{"rendered":"<p><span style=\"font-weight: 400;\">Cette laisse pour chien est disponible avec diff\u00e9rentes longueurs. Sa fabrication en PVC caoutchout\u00e9 la rend tr\u00e8s robuste et durable. La laisse tr\u00e8s r\u00e9sistante tient bien en main gr\u00e2ce \u00e0 la dragonne souple. La laisse bien con\u00e7ue est disponible dans les couleurs fluos orange et jaune. Gr\u00e2ce \u00e0 sa couleur neon orange ou jaune vif, elle reste toujours bien visible lorsque votre chien est dans la nature. Vous pouvez m\u00eame l&rsquo;utiliser pour nager, car elle est imperm\u00e9able et r\u00e9sistante aux intemp\u00e9ries. Le mousqueton en m\u00e9tal permet de l&rsquo;attacher \u00e0 tous les colliers de chien.&nbsp;<\/span><\/p>\n<p><b>Informations sur le produit&nbsp;:<\/b><\/p>\n<ul>\n<li><span style=\"font-weight: 400;\">D\u00e9signation&nbsp;: Laisse pour chien neon&nbsp;<\/span><\/li>\n<li><span style=\"font-weight: 400;\">Disponible dans diff\u00e9rentes longueurs&nbsp;<\/span><\/li>\n<li><span style=\"font-weight: 400;\">Mat\u00e9riau de la laisse&nbsp;: Caoutchout\u00e9 en PVC<\/span><\/li>\n<li><span style=\"font-weight: 400;\">Mat\u00e9riau du mousqueton&nbsp;: Alliage de zinc m\u00e9tallique&nbsp;<\/span><\/li>\n<li><span style=\"font-weight: 400;\">Couleur : jaune&nbsp;<\/span><\/li>\n<li><span style=\"font-weight: 400;\">Laisse extra-longue pour chiens<\/span><\/li>\n<li><span style=\"font-weight: 400;\">Convient pour la pratique sportive en ext\u00e9rieur&nbsp;: permet \u00e0 votre chien une grande libert\u00e9 de mouvement ou une course libre contr\u00f4l\u00e9e<\/span><\/li>\n<li><span style=\"font-weight: 400;\">Particuli\u00e8rement robuste et r\u00e9sistant \u00e0 l&rsquo;usure&nbsp;<\/span><\/li>\n<li><span style=\"font-weight: 400;\">La laisse tient confortablement en main&nbsp;&nbsp;<\/span><\/li>\n<li><span style=\"font-weight: 400;\">\u00c9tanche&nbsp;: peut \u00eatre utilis\u00e9 dans toutes les conditions m\u00e9t\u00e9orologiques, et pour nager<\/span><\/li>\n<li><span style=\"font-weight: 400;\">Facile d\u2019entretien&nbsp;: nettoyage facile, il suffit de l\u2019essuyer avec un chiffon<\/span><\/li>\n<li><span style=\"font-weight: 400;\">Dimensions&nbsp;: diam\u00e8tre de 8 cm<\/span><\/li>\n<li><span style=\"font-weight: 400;\">Poids&nbsp;: env. 230 g&nbsp;<\/span><\/li>\n<li><span style=\"font-weight: 400;\">Longueur&nbsp;: 3&nbsp;m \/ 5&nbsp;m<\/span><\/li>\n<\/ul>\n<p><b><i>Autres longueurs disponibles sur demande<\/i><\/b><\/p>\n","protected":false},"excerpt":{"rendered":"<p><span style=\"font-weight: 400;\">Cette laisse pour chien est disponible avec diff\u00e9rentes longueurs. Sa fabrication en PVC caoutchout\u00e9 la rend tr\u00e8s robuste et durable. La laisse tr\u00e8s r\u00e9sistante tient bien en main gr\u00e2ce \u00e0 la dragonne souple. La laisse bien con\u00e7ue est disponible dans les couleurs fluos orange et jaune. Gr\u00e2ce \u00e0 sa couleur neon orange ou jaune vif, elle reste toujours bien visible lorsque votre chien est dans la nature. Vous pouvez m\u00eame l&rsquo;utiliser pour nager, car elle est imperm\u00e9able et r\u00e9sistante aux intemp\u00e9ries. Le mousqueton en m\u00e9tal permet de l&rsquo;attacher \u00e0 tous les colliers de chien.&nbsp;<\/span><\/p>\n","protected":false},"featured_media":146742,"comment_status":"closed","ping_status":"closed","template":"","meta":{"inline_featured_image":false},"product_brand":[],"product_cat":[1371,887],"product_tag":[],"class_list":{"0":"post-146738","1":"product","2":"type-product","3":"status-publish","4":"has-post-thumbnail","6":"product_cat-accessoires-pour-chien","7":"product_cat-accessoires","9":"first","10":"instock","11":"taxable","12":"shipping-taxable","13":"purchasable","14":"product-type-simple"},"_links":{"self":[{"href":"https:\/\/metal-badge.ch\/fr\/wp-json\/wp\/v2\/product\/146738","targetHints":{"allow":["GET"]}}],"collection":[{"href":"https:\/\/metal-badge.ch\/fr\/wp-json\/wp\/v2\/product"}],"about":[{"href":"https:\/\/metal-badge.ch\/fr\/wp-json\/wp\/v2\/types\/product"}],"replies":[{"embeddable":true,"href":"https:\/\/metal-badge.ch\/fr\/wp-json\/wp\/v2\/comments?post=146738"}],"wp:featuredmedia":[{"embeddable":true,"href":"https:\/\/metal-badge.ch\/fr\/wp-json\/wp\/v2\/media\/146742"}],"wp:attachment":[{"href":"https:\/\/metal-badge.ch\/fr\/wp-json\/wp\/v2\/media?parent=146738"}],"wp:term":[{"taxonomy":"product_brand","embeddable":true,"href":"https:\/\/metal-badge.ch\/fr\/wp-json\/wp\/v2\/product_brand?post=146738"},{"taxonomy":"product_cat","embeddable":true,"href":"https:\/\/metal-badge.ch\/fr\/wp-json\/wp\/v2\/product_cat?post=146738"},{"taxonomy":"product_tag","embeddable":true,"href":"https:\/\/metal-badge.ch\/fr\/wp-json\/wp\/v2\/product_tag?post=146738"}],"curies":[{"name":"wp","href":"https:\/\/api.w.org\/{rel}","templated":true}]}}