{"id":146666,"date":"2025-07-04T06:14:41","date_gmt":"2025-07-04T04:14:41","guid":{"rendered":"https:\/\/metal-badge.ch\/?post_type=product&#038;p=146666"},"modified":"2025-07-04T06:21:31","modified_gmt":"2025-07-04T04:21:31","slug":"laisse-de-chien-de-jogging-couleur-jaune-fluorescent","status":"publish","type":"product","link":"https:\/\/metal-badge.ch\/fr\/product\/146666\/laisse-de-chien-de-jogging-couleur-jaune-fluorescent\/","title":{"rendered":"Laisse de chien de jogging, couleur jaune fluorescent"},"content":{"rendered":"<p><b>Laisse de chien de jogging<\/b><span style=\"font-weight: 400;\"> id\u00e9ale pour le jogging, la marche ou le trail avec un chien. La ceinture abdominale est r\u00e9glable et peut \u00e9galement \u00eatre r\u00e9gl\u00e9e comme une dragonne normale. La dragonne permet donc \u00e9galement de promener le chien normalement. De plus, la partie de la dragonne est rembourr\u00e9e et agr\u00e9able \u00e0 tenir en main. Gr\u00e2ce \u00e0 la fermeture rapide par clic, la boucle autour de la taille peut toujours \u00eatre ouverte tr\u00e8s rapidement pendant votre jogging.<\/span> <span style=\"font-weight: 400;\">La laisse est \u00e9lastique, ce qui vous prot\u00e8ge, vous et votre chien, contre les mouvements brusques en cas d&rsquo;arr\u00eat ou de traction. Ces mouvements sont amortis en douceur, ce qui rend l&rsquo;utilisation tr\u00e8s agr\u00e9able pour tous les deux. La laisse est disponible dans deux tailles. Le mousqueton en aluminium grand et l\u00e9ger avec fermeture rotative de s\u00e9curit\u00e9 \u00bc permet d&rsquo;attacher rapidement et facilement tous les colliers de chien. La laisse est id\u00e9ale pour les chiens de taille moyenne \u00e0 grande. Extr\u00eamement robuste et r\u00e9sistant \u00e0 l&rsquo;usure.&nbsp;<\/span><\/p>\n<p><b>Informations sur le produit&nbsp;:<\/b><\/p>\n<ul>\n<li><span style=\"font-weight: 400;\">D\u00e9signation&nbsp;: Laisse pour chien de jogging TLL2271<\/span><\/li>\n<li><span style=\"font-weight: 400;\">Mat\u00e9riau de la laisse&nbsp;: nylon&nbsp;&nbsp;<\/span><\/li>\n<li><span style=\"font-weight: 400;\">Mat\u00e9riau du mousqueton&nbsp;: aluminium \u00e0 d\u00e9gagement rapide sur un quart de tour&nbsp;&nbsp;&nbsp;<\/span><\/li>\n<li><span style=\"font-weight: 400;\">Fermoir de mousqueton rotatif<\/span><\/li>\n<li><span style=\"font-weight: 400;\">Couleur&nbsp;: Jaune fluo&nbsp;&nbsp;<\/span><\/li>\n<li><span style=\"font-weight: 400;\">La laisse est \u00e9lastique, ce qui vous prot\u00e8ge, vous et votre chien, contre les mouvements brusques en cas d&rsquo;arr\u00eat ou de traction.<\/span><\/li>\n<li><span style=\"font-weight: 400;\">Fixation facile et rapide au collier du chien&nbsp;<\/span><\/li>\n<li><span style=\"font-weight: 400;\">Particuli\u00e8rement robuste et r\u00e9sistant \u00e0 l&rsquo;usure&nbsp;<\/span><\/li>\n<li><span style=\"font-weight: 400;\">Laisse en n\u00e9opr\u00e8ne souple<\/span><\/li>\n<li><span style=\"font-weight: 400;\">La laisse tient confortablement en main<\/span><\/li>\n<li><span style=\"font-weight: 400;\">La laisse compte une fermeture rapide \u00e0 clic&nbsp;<\/span><\/li>\n<li><span style=\"font-weight: 400;\">Avec sangle r\u00e9glable pour le jogging, la course \u00e0 pied, le trail running, id\u00e9al pour avoir les bras libres<\/span><\/li>\n<li><span style=\"font-weight: 400;\">Dimensions&nbsp;: largeur 2,5 cm<\/span><\/li>\n<li><span style=\"font-weight: 400;\">Longueur taille Medium&nbsp;: 140 cm \u00e0 200 cm<\/span><\/li>\n<li><span style=\"font-weight: 400;\">Longueur taille Large&nbsp;: 200 cm \u00e0 340 cm&nbsp;<\/span><\/li>\n<li><span style=\"font-weight: 400;\">Poids&nbsp;: env. 250 g <\/span><\/li>\n<\/ul>\n","protected":false},"excerpt":{"rendered":"<p><b>Laisse de chien de jogging<\/b><span style=\"font-weight: 400;\"> id\u00e9ale pour le jogging, la marche ou le trail avec un chien. La ceinture abdominale est r\u00e9glable et peut \u00e9galement \u00eatre r\u00e9gl\u00e9e comme une dragonne normale. La dragonne permet donc \u00e9galement de promener le chien normalement. De plus, la partie de la dragonne est rembourr\u00e9e et agr\u00e9able \u00e0 tenir en main. Gr\u00e2ce \u00e0 la fermeture rapide par clic, la boucle autour de la taille peut toujours \u00eatre ouverte tr\u00e8s rapidement pendant votre jogging.<\/span> <span style=\"font-weight: 400;\">La laisse est \u00e9lastique, ce qui vous prot\u00e8ge, vous et votre chien, contre les mouvements brusques en cas d&rsquo;arr\u00eat ou de traction. Ces mouvements sont amortis en douceur, ce qui rend l&rsquo;utilisation tr\u00e8s agr\u00e9able pour tous les deux. La laisse est disponible dans deux tailles. Le mousqueton en aluminium grand et l\u00e9ger avec fermeture rotative de s\u00e9curit\u00e9 \u00bc permet d&rsquo;attacher rapidement et facilement tous les colliers de chien. La laisse est id\u00e9ale pour les chiens de taille moyenne \u00e0 grande. Extr\u00eamement robuste et r\u00e9sistant \u00e0 l&rsquo;usure.&nbsp;<\/span><\/p>\n","protected":false},"featured_media":146670,"comment_status":"closed","ping_status":"closed","template":"","meta":{"inline_featured_image":false},"product_brand":[],"product_cat":[1371,887],"product_tag":[],"class_list":{"0":"post-146666","1":"product","2":"type-product","3":"status-publish","4":"has-post-thumbnail","6":"product_cat-accessoires-pour-chien","7":"product_cat-accessoires","9":"first","10":"instock","11":"taxable","12":"shipping-taxable","13":"purchasable","14":"product-type-simple"},"_links":{"self":[{"href":"https:\/\/metal-badge.ch\/fr\/wp-json\/wp\/v2\/product\/146666","targetHints":{"allow":["GET"]}}],"collection":[{"href":"https:\/\/metal-badge.ch\/fr\/wp-json\/wp\/v2\/product"}],"about":[{"href":"https:\/\/metal-badge.ch\/fr\/wp-json\/wp\/v2\/types\/product"}],"replies":[{"embeddable":true,"href":"https:\/\/metal-badge.ch\/fr\/wp-json\/wp\/v2\/comments?post=146666"}],"wp:featuredmedia":[{"embeddable":true,"href":"https:\/\/metal-badge.ch\/fr\/wp-json\/wp\/v2\/media\/146670"}],"wp:attachment":[{"href":"https:\/\/metal-badge.ch\/fr\/wp-json\/wp\/v2\/media?parent=146666"}],"wp:term":[{"taxonomy":"product_brand","embeddable":true,"href":"https:\/\/metal-badge.ch\/fr\/wp-json\/wp\/v2\/product_brand?post=146666"},{"taxonomy":"product_cat","embeddable":true,"href":"https:\/\/metal-badge.ch\/fr\/wp-json\/wp\/v2\/product_cat?post=146666"},{"taxonomy":"product_tag","embeddable":true,"href":"https:\/\/metal-badge.ch\/fr\/wp-json\/wp\/v2\/product_tag?post=146666"}],"curies":[{"name":"wp","href":"https:\/\/api.w.org\/{rel}","templated":true}]}}