{"id":146531,"date":"2025-07-03T02:04:42","date_gmt":"2025-07-03T00:04:43","guid":{"rendered":"https:\/\/metal-badge.ch\/?post_type=product&#038;p=146531"},"modified":"2025-07-03T02:08:15","modified_gmt":"2025-07-03T00:08:15","slug":"gamelle-pliable-en-silicone-pour-chien-avec-mousqueton-rouge","status":"publish","type":"product","link":"https:\/\/metal-badge.ch\/fr\/product\/146531\/gamelle-pliable-en-silicone-pour-chien-avec-mousqueton-rouge\/","title":{"rendered":"Gamelle pliable en silicone pour chien, avec mousqueton &#8211; rouge"},"content":{"rendered":"<p><span style=\"font-weight: 400;\">La gamelle de voyage en silicone est la solution id\u00e9ale pour les propri\u00e9taires de chiens en d\u00e9placement et souhaitent prendre soin comme il faut de leur compagnon \u00e0 quatre pattes. Si c&rsquo;est votre cas, notre gamelle en silicone est exactement ce qu&rsquo;il vous faut. La gamelle pliable peut \u00eatre utilis\u00e9e comme bol de nourriture ou de boisson. Le mousqueton permet de la transporter sur vos bagages, attach\u00e9e \u00e0 votre sac \u00e0 dos, fix\u00e9e \u00e0 une boucle de ceinture ou rang\u00e9e dans votre bagage \u00e0 main. Avec une capacit\u00e9 de 350 ou 650 ml et son diam\u00e8tre de 13 cm ou 16 cm, elle offre suffisamment d&rsquo;espace pour la nourriture et l&rsquo;eau. Le bord en plastique solide garantit qu\u2019elle ne se d\u00e9formera pas, et vous pouvez la nettoyer au lave-vaisselle pour vous simplifier la vie. La gamelle de voyage est fabriqu\u00e9 en TPE de haute qualit\u00e9&nbsp;; le fait qu\u2019elle soit pliable permet de la ranger facilement sans prendre trop de place.<\/span><\/p>\n<p><b>Informations sur le produit&nbsp;:&nbsp;<\/b><\/p>\n<ul>\n<li><span style=\"font-weight: 400;\">D\u00e9signation&nbsp;: Gamelle pour chien, avec mousqueton&nbsp;<\/span><\/li>\n<li><span style=\"font-weight: 400;\">Pliable pour \u00e9conomiser de la place, parfaite en d\u00e9placement<\/span><\/li>\n<li><span style=\"font-weight: 400;\">L\u00e9g\u00e8re et pratique<\/span><\/li>\n<li><span style=\"font-weight: 400;\">Disponible dans deux tailles.&nbsp;<\/span><\/li>\n<li><span style=\"font-weight: 400;\">Capacit\u00e9 : 350 ml \/ 650 ml<\/span><\/li>\n<li><span style=\"font-weight: 400;\">Couleur : rouge<\/span><\/li>\n<li><span style=\"font-weight: 400;\">Mati\u00e8re&nbsp;: Silicone TPE&nbsp;<\/span><\/li>\n<li><span style=\"font-weight: 400;\">Peut \u00eatre lav\u00e9e au lave-vaisselle<\/span><\/li>\n<li><span style=\"font-weight: 400;\">Ind\u00e9formable gr\u00e2ce au bord solide en plastique<\/span><\/li>\n<li><span style=\"font-weight: 400;\">Poids : 65 g \/ 85 g avec mousqueton<\/span><\/li>\n<li><span style=\"font-weight: 400;\">Diam\u00e8tre : 13 cm \/ 16 cm<\/span><\/li>\n<li><span style=\"font-weight: 400;\">Hauteur: 5,5 cm \/ 6,5 cm<\/span><\/li>\n<li><span style=\"font-weight: 400;\">Mati\u00e8re&nbsp;: Silicone TPE<\/span><\/li>\n<\/ul>\n","protected":false},"excerpt":{"rendered":"<p><span style=\"font-weight: 400;\">La gamelle de voyage en silicone est la solution id\u00e9ale pour les propri\u00e9taires de chiens en d\u00e9placement et souhaitent prendre soin comme il faut de leur compagnon \u00e0 quatre pattes. Si c&rsquo;est votre cas, notre gamelle en silicone est exactement ce qu&rsquo;il vous faut. La gamelle pliable peut \u00eatre utilis\u00e9e comme bol de nourriture ou de boisson. Le mousqueton permet de la transporter sur vos bagages, attach\u00e9e \u00e0 votre sac \u00e0 dos, fix\u00e9e \u00e0 une boucle de ceinture ou rang\u00e9e dans votre bagage \u00e0 main. Avec une capacit\u00e9 de 350 ou 650 ml et son diam\u00e8tre de 13 cm ou 16 cm, elle offre suffisamment d&rsquo;espace pour la nourriture et l&rsquo;eau. Le bord en plastique solide garantit qu\u2019elle ne se d\u00e9formera pas, et vous pouvez la nettoyer au lave-vaisselle pour vous simplifier la vie. La gamelle de voyage est fabriqu\u00e9 en TPE de haute qualit\u00e9&nbsp;; le fait qu\u2019elle soit pliable permet de la ranger facilement sans prendre trop de place.<\/span><\/p>\n","protected":false},"featured_media":146535,"comment_status":"closed","ping_status":"closed","template":"","meta":{"inline_featured_image":false},"product_brand":[],"product_cat":[887,1371],"product_tag":[1890],"class_list":{"0":"post-146531","1":"product","2":"type-product","3":"status-publish","4":"has-post-thumbnail","6":"product_cat-accessoires","7":"product_cat-accessoires-pour-chien","8":"product_tag-cadeaux","10":"first","11":"instock","12":"taxable","13":"shipping-taxable","14":"purchasable","15":"product-type-simple"},"_links":{"self":[{"href":"https:\/\/metal-badge.ch\/fr\/wp-json\/wp\/v2\/product\/146531","targetHints":{"allow":["GET"]}}],"collection":[{"href":"https:\/\/metal-badge.ch\/fr\/wp-json\/wp\/v2\/product"}],"about":[{"href":"https:\/\/metal-badge.ch\/fr\/wp-json\/wp\/v2\/types\/product"}],"replies":[{"embeddable":true,"href":"https:\/\/metal-badge.ch\/fr\/wp-json\/wp\/v2\/comments?post=146531"}],"wp:featuredmedia":[{"embeddable":true,"href":"https:\/\/metal-badge.ch\/fr\/wp-json\/wp\/v2\/media\/146535"}],"wp:attachment":[{"href":"https:\/\/metal-badge.ch\/fr\/wp-json\/wp\/v2\/media?parent=146531"}],"wp:term":[{"taxonomy":"product_brand","embeddable":true,"href":"https:\/\/metal-badge.ch\/fr\/wp-json\/wp\/v2\/product_brand?post=146531"},{"taxonomy":"product_cat","embeddable":true,"href":"https:\/\/metal-badge.ch\/fr\/wp-json\/wp\/v2\/product_cat?post=146531"},{"taxonomy":"product_tag","embeddable":true,"href":"https:\/\/metal-badge.ch\/fr\/wp-json\/wp\/v2\/product_tag?post=146531"}],"curies":[{"name":"wp","href":"https:\/\/api.w.org\/{rel}","templated":true}]}}