{"id":146453,"date":"2025-07-02T21:52:15","date_gmt":"2025-07-02T19:52:15","guid":{"rendered":"https:\/\/metal-badge.ch\/product\/146453\/chapeau-pour-la-brousse-bonnie-avec-mentonniere-dans-differentes-couleurs-de-camouflage-3\/"},"modified":"2025-07-02T21:52:15","modified_gmt":"2025-07-02T19:52:15","slug":"chapeau-pour-la-brousse-bonnie-avec-mentonniere-dans-differentes-couleurs-de-camouflage-3","status":"publish","type":"product","link":"https:\/\/metal-badge.ch\/fr\/product\/146453\/chapeau-pour-la-brousse-bonnie-avec-mentonniere-dans-differentes-couleurs-de-camouflage-3\/","title":{"rendered":"Chapeau pour la brousse Bonnie avec mentonni\u00e8re dans diff\u00e9rentes couleurs de camouflage"},"content":{"rendered":"<p><span style=\"font-weight: 400;\">Ce chapeau pour la brousse ou tropical est la protection id\u00e9ale pour la t\u00eate lors de journ\u00e9es chaudes et ensoleill\u00e9es. Avec un bord large de 8 cm qui peut \u00eatre rabattu vers le haut des deux c\u00f4t\u00e9s \u00e0 l&rsquo;aide de boutons pression. La mentonni\u00e8re r\u00e9glable et le bloqueur vous permettent de r\u00e9gler le chapeau \u00e0 la forme de votre t\u00eate pour un plus grand confort. Le chapeau de brousse comporte deux \u0153illets d&rsquo;a\u00e9ration \u00e0 maille, des deux c\u00f4t\u00e9s. Une boucle Molle de 2,5 cm de large est pr\u00e9sente tout autour du chapeau. Ce chapeau respirant, mais imperm\u00e9able, en polyester, est une protection efficace contre les rayons UV du soleil et sera \u00e9galement tr\u00e8s utile sous la pluie. Le chapeau tropical est un accessoire id\u00e9al pour la p\u00eache, la chasse, la randonn\u00e9e, le camping, les voyages, etc.&nbsp;<\/span><\/p>\n<p><b>Informations sur le produit&nbsp;:&nbsp;<\/b><\/p>\n<ul>\n<li><span style=\"font-weight: 400;\">D\u00e9signation&nbsp;: Chapeau de brousse, chapeau tropical, Bonnie 02<\/span><\/li>\n<li><span style=\"font-weight: 400;\">Respirant<\/span><\/li>\n<li><span style=\"font-weight: 400;\">4 \u0153illets d&rsquo;a\u00e9ration lat\u00e9raux avec insert en maille<\/span><\/li>\n<li><span style=\"font-weight: 400;\">Mentonni\u00e8re r\u00e9glable avec bloqueur de cordon<\/span><\/li>\n<li><span style=\"font-weight: 400;\">Bord large de 8 cm<\/span><\/li>\n<li><span style=\"font-weight: 400;\">Grand confort<\/span><\/li>\n<li><span style=\"font-weight: 400;\">Protection id\u00e9ale contre le soleil<\/span><\/li>\n<li><span style=\"font-weight: 400;\">Boucle Molle sur tout le pourtour de 2,5 cm de large<\/span><\/li>\n<li><span style=\"font-weight: 400;\">Se plie facilement pour ne pas prendre de place<\/span><\/li>\n<li><span style=\"font-weight: 400;\">Bord du chapeau \u00e0 multiples coutures<\/span><\/li>\n<li><span style=\"font-weight: 400;\">Protection efficace contre les rayons UV<\/span><\/li>\n<li><span style=\"font-weight: 400;\">\u00c9tanche&nbsp;<\/span><\/li>\n<li><span style=\"font-weight: 400;\">Le bord peut \u00eatre fix\u00e9 vers le haut avec deux boutons-pression<\/span><\/li>\n<li><span style=\"font-weight: 400;\">Mati\u00e8re&nbsp;: Tissu en nylon \/ polyester&nbsp;<\/span><\/li>\n<li><span style=\"font-weight: 400;\">Couleur&nbsp;: Camouflage&nbsp;&nbsp;<\/span><\/li>\n<li><span style=\"font-weight: 400;\">Circonf\u00e9rence \/ taille&nbsp;: 58-62 cm&nbsp;<\/span><\/li>\n<li><span style=\"font-weight: 400;\">Poids&nbsp;: 85 g <\/span><\/li>\n<\/ul>\n","protected":false},"excerpt":{"rendered":"<p><span style=\"font-weight: 400;\">Ce chapeau pour la brousse ou tropical est la protection id\u00e9ale pour la t\u00eate lors de journ\u00e9es chaudes et ensoleill\u00e9es. Avec un bord large de 8 cm qui peut \u00eatre rabattu vers le haut des deux c\u00f4t\u00e9s \u00e0 l&rsquo;aide de boutons pression. La mentonni\u00e8re r\u00e9glable et le bloqueur vous permettent de r\u00e9gler le chapeau \u00e0 la forme de votre t\u00eate pour un plus grand confort. Le chapeau de brousse comporte deux \u0153illets d&rsquo;a\u00e9ration \u00e0 maille, des deux c\u00f4t\u00e9s. Une boucle Molle de 2,5 cm de large est pr\u00e9sente tout autour du chapeau. Ce chapeau respirant, mais imperm\u00e9able, en polyester, est une protection efficace contre les rayons UV du soleil et sera \u00e9galement tr\u00e8s utile sous la pluie. Le chapeau tropical est un accessoire id\u00e9al pour la p\u00eache, la chasse, la randonn\u00e9e, le camping, les voyages, etc.&nbsp;<\/span><\/p>\n","protected":false},"featured_media":146434,"comment_status":"closed","ping_status":"closed","template":"","meta":{"inline_featured_image":false},"product_brand":[],"product_cat":[1622],"product_tag":[],"class_list":{"0":"post-146453","1":"product","2":"type-product","3":"status-publish","4":"has-post-thumbnail","6":"product_cat-cappes","8":"first","9":"instock","10":"taxable","11":"shipping-taxable","12":"purchasable","13":"product-type-simple"},"_links":{"self":[{"href":"https:\/\/metal-badge.ch\/fr\/wp-json\/wp\/v2\/product\/146453","targetHints":{"allow":["GET"]}}],"collection":[{"href":"https:\/\/metal-badge.ch\/fr\/wp-json\/wp\/v2\/product"}],"about":[{"href":"https:\/\/metal-badge.ch\/fr\/wp-json\/wp\/v2\/types\/product"}],"replies":[{"embeddable":true,"href":"https:\/\/metal-badge.ch\/fr\/wp-json\/wp\/v2\/comments?post=146453"}],"wp:featuredmedia":[{"embeddable":true,"href":"https:\/\/metal-badge.ch\/fr\/wp-json\/wp\/v2\/media\/146434"}],"wp:attachment":[{"href":"https:\/\/metal-badge.ch\/fr\/wp-json\/wp\/v2\/media?parent=146453"}],"wp:term":[{"taxonomy":"product_brand","embeddable":true,"href":"https:\/\/metal-badge.ch\/fr\/wp-json\/wp\/v2\/product_brand?post=146453"},{"taxonomy":"product_cat","embeddable":true,"href":"https:\/\/metal-badge.ch\/fr\/wp-json\/wp\/v2\/product_cat?post=146453"},{"taxonomy":"product_tag","embeddable":true,"href":"https:\/\/metal-badge.ch\/fr\/wp-json\/wp\/v2\/product_tag?post=146453"}],"curies":[{"name":"wp","href":"https:\/\/api.w.org\/{rel}","templated":true}]}}