{"id":146384,"date":"2025-07-02T18:54:15","date_gmt":"2025-07-02T16:54:15","guid":{"rendered":"https:\/\/metal-badge.ch\/product\/146384\/casquette-de-baseball-pour-chasseurs-a-motif-camouflage-blanc\/"},"modified":"2025-07-02T18:54:15","modified_gmt":"2025-07-02T16:54:15","slug":"casquette-de-baseball-pour-chasseurs-a-motif-camouflage-blanc","status":"publish","type":"product","link":"https:\/\/metal-badge.ch\/fr\/product\/146384\/casquette-de-baseball-pour-chasseurs-a-motif-camouflage-blanc\/","title":{"rendered":"Casquette de baseball pour chasseurs \u00e0 motif camouflage blanc"},"content":{"rendered":"<p>Cette casquette camouflage est adapt\u00e9e pour la chasse et les activit\u00e9s de plein air. Gr\u00e2ce au motif camouflage, la silhouette de votre t\u00eate devient presque invisible pour les b\u00eates sauvages. Elle vous prot\u00e8ge du soleil. Et garantit que vous garderez la t\u00eate froide. La taille est r\u00e9glable et peut \u00eatre ajust\u00e9e \u00e0 l&rsquo;aide d&rsquo;une fermeture velcro. Le mat\u00e9riau de la casquette est 100&nbsp;% polyester. Coupe optimale d\u2019excellente qualit\u00e9. Visi\u00e8re incurv\u00e9e et bandeau anti-transpiration int\u00e9gr\u00e9.<\/p>\n<p><b>Informations sur le produit&nbsp;:<\/b><\/p>\n<ul>\n<li><span style=\"font-weight: 400;\">D\u00e9signation&nbsp;: Casquette de baseball \/ casquette de camouflage \u00e0 motif camouflage brun&nbsp;<\/span><\/li>\n<li><span style=\"font-weight: 400;\">Mod\u00e8le&nbsp;: SCA05<\/span><\/li>\n<li><span style=\"font-weight: 400;\">Mati\u00e8re&nbsp;: 100&nbsp;% polyester&nbsp;<\/span><\/li>\n<li><span style=\"font-weight: 400;\">Couleur&nbsp;: Blanc&nbsp;&nbsp;<\/span><\/li>\n<li><span style=\"font-weight: 400;\">Motif camouflage brun&nbsp;&nbsp;<\/span><\/li>\n<li><span style=\"font-weight: 400;\">Haute visibilit\u00e9<\/span><\/li>\n<li><span style=\"font-weight: 400;\">Bon camouflage<\/span><\/li>\n<li><span style=\"font-weight: 400;\">Prot\u00e8ge du soleil<\/span><\/li>\n<li><span style=\"font-weight: 400;\">Coupe optimale d\u2019excellente qualit\u00e9<\/span><\/li>\n<li><span style=\"font-weight: 400;\">Poids&nbsp;: 68 g.&nbsp;<\/span><\/li>\n<li><span style=\"font-weight: 400;\">Taille&nbsp;: R\u00e9glable par velcro<\/span><\/li>\n<\/ul>\n","protected":false},"excerpt":{"rendered":"<p>Cette casquette camouflage est adapt\u00e9e pour la chasse et les activit\u00e9s de plein air. Gr\u00e2ce au motif camouflage, la silhouette de votre t\u00eate devient presque invisible pour les b\u00eates sauvages. Elle vous prot\u00e8ge du soleil. Et garantit que vous garderez la t\u00eate froide. La taille est r\u00e9glable et peut \u00eatre ajust\u00e9e \u00e0 l&rsquo;aide d&rsquo;une fermeture velcro. Le mat\u00e9riau de la casquette est 100&nbsp;% polyester. Coupe optimale d\u2019excellente qualit\u00e9. Visi\u00e8re incurv\u00e9e et bandeau anti-transpiration int\u00e9gr\u00e9.<\/p>\n","protected":false},"featured_media":146369,"comment_status":"closed","ping_status":"closed","template":"","meta":{"inline_featured_image":false},"product_brand":[],"product_cat":[1622],"product_tag":[],"class_list":{"0":"post-146384","1":"product","2":"type-product","3":"status-publish","4":"has-post-thumbnail","6":"product_cat-cappes","8":"first","9":"instock","10":"taxable","11":"shipping-taxable","12":"purchasable","13":"product-type-simple"},"_links":{"self":[{"href":"https:\/\/metal-badge.ch\/fr\/wp-json\/wp\/v2\/product\/146384","targetHints":{"allow":["GET"]}}],"collection":[{"href":"https:\/\/metal-badge.ch\/fr\/wp-json\/wp\/v2\/product"}],"about":[{"href":"https:\/\/metal-badge.ch\/fr\/wp-json\/wp\/v2\/types\/product"}],"replies":[{"embeddable":true,"href":"https:\/\/metal-badge.ch\/fr\/wp-json\/wp\/v2\/comments?post=146384"}],"wp:featuredmedia":[{"embeddable":true,"href":"https:\/\/metal-badge.ch\/fr\/wp-json\/wp\/v2\/media\/146369"}],"wp:attachment":[{"href":"https:\/\/metal-badge.ch\/fr\/wp-json\/wp\/v2\/media?parent=146384"}],"wp:term":[{"taxonomy":"product_brand","embeddable":true,"href":"https:\/\/metal-badge.ch\/fr\/wp-json\/wp\/v2\/product_brand?post=146384"},{"taxonomy":"product_cat","embeddable":true,"href":"https:\/\/metal-badge.ch\/fr\/wp-json\/wp\/v2\/product_cat?post=146384"},{"taxonomy":"product_tag","embeddable":true,"href":"https:\/\/metal-badge.ch\/fr\/wp-json\/wp\/v2\/product_tag?post=146384"}],"curies":[{"name":"wp","href":"https:\/\/api.w.org\/{rel}","templated":true}]}}