{"id":146316,"date":"2025-07-02T16:46:40","date_gmt":"2025-07-02T14:46:40","guid":{"rendered":"https:\/\/metal-badge.ch\/product\/146316\/chapeau-de-soleil-bonnie-pliable-et-impermeable-pour-femmes-et-hommes-noir\/"},"modified":"2025-07-02T16:46:40","modified_gmt":"2025-07-02T14:46:40","slug":"chapeau-de-soleil-bonnie-pliable-et-impermeable-pour-femmes-et-hommes-noir","status":"publish","type":"product","link":"https:\/\/metal-badge.ch\/fr\/product\/146316\/chapeau-de-soleil-bonnie-pliable-et-impermeable-pour-femmes-et-hommes-noir\/","title":{"rendered":"Chapeau de soleil Bonnie pliable et imperm\u00e9able pour femmes et hommes &#8211; noir"},"content":{"rendered":"<p><span style=\"font-weight: 400;\">Prot\u00e9gez-vous du soleil et de la pluie avec notre chapeau Bonnie imperm\u00e9able et pliable<\/span><\/p>\n<p><span style=\"font-weight: 400;\">Ce chapeau vous prot\u00e8ge contre les rayons UV nocifs, et le large bord de 7 cm assure que votre visage reste lui aussi \u00e0 l\u2019ombre. Id\u00e9al pour les activit\u00e9s de plein air telles que la randonn\u00e9e, la p\u00eache, les sorties \u00e0 la plage et bien d&rsquo;autres encore. Comme il est pliable, ce chapeau est facile \u00e0 ranger et \u00e0 emporter avec vous. La poche int\u00e9gr\u00e9e \u00e0 l&rsquo;int\u00e9rieur du chapeau permet de l\u2019emballer en un tour de main et de l\u2019accrocher \u00e0 votre sac \u00e0 dos ou \u00e0 votre ceinture avec la pince.<\/span><\/p>\n<p><span style=\"font-weight: 400;\">Notre chapeau de soleil est fabriqu\u00e9 en polyester de haute qualit\u00e9 \u00e0 s\u00e9chage rapide avec un rev\u00eatement imperm\u00e9able qui offre une protection en cas de pluie l\u00e9g\u00e8re. Le tissu SPF50+ am\u00e9lior\u00e9 bloque efficacement plus de 99&nbsp;% des rayons UV et offre une protection solaire durable pendant les activit\u00e9s de plein air.<\/span><\/p>\n<p><b>Conception ultra-respirante&nbsp;:&nbsp;<\/b><span style=\"font-weight: 400;\">Contrairement aux tissus imperm\u00e9ables conventionnels, notre chapeau offre une respirabilit\u00e9 d\u2019exception, avec une perm\u00e9abilit\u00e9 \u00e0 l&rsquo;air de 7500 g\/m\u00b2\/24 heures. Il est fabriqu\u00e9 dans un mat\u00e9riau l\u00e9ger et souple, exer\u00e7ant ainsi une pression minimale lorsqu&rsquo;il est port\u00e9.<\/span><\/p>\n<p><b>L\u00e9ger et durable&nbsp;:&nbsp;<\/b><span style=\"font-weight: 400;\">Avec un poids de 70 g seulement, notre chapeau imperm\u00e9able est incroyablement l\u00e9ger, mais durable. Il est fabriqu\u00e9 \u00e0 partir de mat\u00e9riaux import\u00e9s r\u00e9sistants \u00e0 la d\u00e9chirure, aux rayures et \u00e0 l&rsquo;usure, et dispose d&rsquo;un cordon coupe-vent am\u00e9lior\u00e9 pour assurer un meilleur ajustement et bonne tenue. Il se plie facilement sans se d\u00e9former et ne prend pas beaucoup de place pour que vous puissiez le ranger et l\u2019emporter partout avec vous.<\/span><\/p>\n<p><b>Coupe adaptable&nbsp;:&nbsp;<\/b><span style=\"font-weight: 400;\">Avec un tour de t\u00eate de 59 cm maximum et un cordon \u00e9lastique innovant \u00e0 l&rsquo;arri\u00e8re, notre chapeau de soleil imperm\u00e9able convient aussi bien aux hommes qu&rsquo;aux femmes. Con\u00e7u avec soin, avec un bord dont la largeur et l\u2019inclinaison sont parfaits, il offre une protection solaire efficace sans obstruer votre vue. Il est id\u00e9al pour diverses activit\u00e9s de plein air et fera un accessoire polyvalent pour la p\u00eache, la randonn\u00e9e, le safari et le jardinage quotidien.<\/span><\/p>\n<p><b>Informations sur le produit&nbsp;:&nbsp;<\/b><\/p>\n<ul>\n<li><span style=\"font-weight: 400;\">D\u00e9signation&nbsp;: Chapeau de soleil \/ Bonnie&nbsp;<\/span><\/li>\n<li><span style=\"font-weight: 400;\">Poids&nbsp;: 70 g.&nbsp;<\/span><\/li>\n<li><span style=\"font-weight: 400;\">Bord&nbsp;: 7 cm<\/span><\/li>\n<li><span style=\"font-weight: 400;\">Avec cordon \u00e9lastique r\u00e9glable \u00e0 bloqueur<\/span><\/li>\n<li><span style=\"font-weight: 400;\">Avec poche de rangement int\u00e9gr\u00e9e \u00e0 pince&nbsp;<\/span><\/li>\n<li><span style=\"font-weight: 400;\">Protection contre le soleil et la pluie&nbsp;<\/span><\/li>\n<li><span style=\"font-weight: 400;\">Lavable en machine \u00e0 40 degr\u00e9s<\/span><\/li>\n<li><span style=\"font-weight: 400;\">Circonf\u00e9rence&nbsp;: 55 cm \u00e0 62 cm&nbsp;<\/span><\/li>\n<li><span style=\"font-weight: 400;\">Mati\u00e8re&nbsp;: Polyester \/ coton&nbsp;<\/span><\/li>\n<li><span style=\"font-weight: 400;\">Couleur : noir <\/span><\/li>\n<\/ul>\n","protected":false},"excerpt":{"rendered":"<p><span style=\"font-weight: 400;\">Prot\u00e9gez-vous du soleil et de la pluie avec notre chapeau Bonnie imperm\u00e9able et pliable<\/span><\/p>\n<p><span style=\"font-weight: 400;\">Ce chapeau vous prot\u00e8ge contre les rayons UV nocifs, et le large bord de 7 cm assure que votre visage reste lui aussi \u00e0 l\u2019ombre. Id\u00e9al pour les activit\u00e9s de plein air telles que la randonn\u00e9e, la p\u00eache, les sorties \u00e0 la plage et bien d&rsquo;autres encore. Comme il est pliable, ce chapeau est facile \u00e0 ranger et \u00e0 emporter avec vous. La poche int\u00e9gr\u00e9e \u00e0 l&rsquo;int\u00e9rieur du chapeau permet de l\u2019emballer en un tour de main et de l\u2019accrocher \u00e0 votre sac \u00e0 dos ou \u00e0 votre ceinture avec la pince.<\/span><\/p>\n","protected":false},"featured_media":146297,"comment_status":"closed","ping_status":"closed","template":"","meta":{"inline_featured_image":false},"product_brand":[],"product_cat":[1622],"product_tag":[],"class_list":{"0":"post-146316","1":"product","2":"type-product","3":"status-publish","4":"has-post-thumbnail","6":"product_cat-cappes","8":"first","9":"instock","10":"taxable","11":"shipping-taxable","12":"purchasable","13":"product-type-simple"},"_links":{"self":[{"href":"https:\/\/metal-badge.ch\/fr\/wp-json\/wp\/v2\/product\/146316","targetHints":{"allow":["GET"]}}],"collection":[{"href":"https:\/\/metal-badge.ch\/fr\/wp-json\/wp\/v2\/product"}],"about":[{"href":"https:\/\/metal-badge.ch\/fr\/wp-json\/wp\/v2\/types\/product"}],"replies":[{"embeddable":true,"href":"https:\/\/metal-badge.ch\/fr\/wp-json\/wp\/v2\/comments?post=146316"}],"wp:featuredmedia":[{"embeddable":true,"href":"https:\/\/metal-badge.ch\/fr\/wp-json\/wp\/v2\/media\/146297"}],"wp:attachment":[{"href":"https:\/\/metal-badge.ch\/fr\/wp-json\/wp\/v2\/media?parent=146316"}],"wp:term":[{"taxonomy":"product_brand","embeddable":true,"href":"https:\/\/metal-badge.ch\/fr\/wp-json\/wp\/v2\/product_brand?post=146316"},{"taxonomy":"product_cat","embeddable":true,"href":"https:\/\/metal-badge.ch\/fr\/wp-json\/wp\/v2\/product_cat?post=146316"},{"taxonomy":"product_tag","embeddable":true,"href":"https:\/\/metal-badge.ch\/fr\/wp-json\/wp\/v2\/product_tag?post=146316"}],"curies":[{"name":"wp","href":"https:\/\/api.w.org\/{rel}","templated":true}]}}