{"id":146187,"date":"2025-07-01T01:57:46","date_gmt":"2025-06-30T23:57:46","guid":{"rendered":"https:\/\/metal-badge.ch\/?post_type=product&#038;p=146187"},"modified":"2025-07-01T02:05:22","modified_gmt":"2025-07-01T00:05:22","slug":"piquet-de-tente-en-acier-piquets-en-acier-30-cm","status":"publish","type":"product","link":"https:\/\/metal-badge.ch\/fr\/product\/146187\/piquet-de-tente-en-acier-piquets-en-acier-30-cm\/","title":{"rendered":"Piquet de tente en acier \/ Piquets en acier 30 cm"},"content":{"rendered":"<p><span style=\"font-weight: 400;\">Ces piquets de tente en acier de 30 cm de longueur tiennent bien en place m\u00eame sur un sol dur. Ils peuvent \u00eatre enfonc\u00e9s sans probl\u00e8me dans le sol dur \u00e0 l&rsquo;aide d&rsquo;un marteau. Par cons\u00e9quent, vous pouvez utiliser ces piquets pour arrimer une tente ou une b\u00e2che en toute s\u00e9curit\u00e9. Les piquets peuvent \u00eatre livr\u00e9s \u00e0 l&rsquo;unit\u00e9 ou par lot de 6 ou de 12.&nbsp;&nbsp;<\/span><\/p>\n<p><span style=\"font-weight: 400;\">Avec ces piquets, vous voil\u00e0 pr\u00eat pour votre prochaine exp\u00e9rience de camping et parfaitement \u00e9quip\u00e9&nbsp;!<\/span><\/p>\n<p><b>Description du produit&nbsp;:<\/b><\/p>\n<ul>\n<li><span style=\"font-weight: 400;\">D\u00e9signation&nbsp;: Piquets de tente en acier&nbsp;&nbsp;<\/span><\/li>\n<li><span style=\"font-weight: 400;\">Id\u00e9aux pour le camping et le trekking<\/span><\/li>\n<li><span style=\"font-weight: 400;\">Durs et r\u00e9sistants aux chocs<\/span><\/li>\n<li><span style=\"font-weight: 400;\">Conviennent \u00e9galement pour la fixation de mousquetons<\/span><\/li>\n<li><span style=\"font-weight: 400;\">Choix optimal pour la fixation de tentes et de b\u00e2ches<\/span><\/li>\n<li><span style=\"font-weight: 400;\">Tiennent \u00e9galement sur un sol dur et pierreux&nbsp;<\/span><\/li>\n<li><span style=\"font-weight: 400;\">Mati\u00e8re&nbsp;: Acier&nbsp;&nbsp;<\/span><\/li>\n<li><span style=\"font-weight: 400;\">Longueur&nbsp;: 30 cm&nbsp;<\/span><\/li>\n<li><span style=\"font-weight: 400;\">Forme&nbsp;: ronds&nbsp;<\/span><\/li>\n<li><span style=\"font-weight: 400;\">Diam\u00e8tre de la t\u00eate&nbsp;: 1,5 cm<\/span><\/li>\n<li><span style=\"font-weight: 400;\">Diam\u00e8tre&nbsp;: 0,9 cm&nbsp;<\/span><\/li>\n<li><span style=\"font-weight: 400;\">Poids&nbsp;: 150 g&nbsp;<\/span><\/li>\n<li><span style=\"font-weight: 400;\">Couleur&nbsp;: noir&nbsp;<\/span><\/li>\n<li><span style=\"font-weight: 400;\">Un \u00e9tui d&#8217;emballage est \u00e9galement compris dans le lot de 6.<\/span><\/li>\n<\/ul>\n","protected":false},"excerpt":{"rendered":"<p><span style=\"font-weight: 400;\">Ces piquets de tente en acier de 30 cm de longueur tiennent bien en place m\u00eame sur un sol dur. Ils peuvent \u00eatre enfonc\u00e9s sans probl\u00e8me dans le sol dur \u00e0 l&rsquo;aide d&rsquo;un marteau. Par cons\u00e9quent, vous pouvez utiliser ces piquets pour arrimer une tente ou une b\u00e2che en toute s\u00e9curit\u00e9. Les piquets peuvent \u00eatre livr\u00e9s \u00e0 l&rsquo;unit\u00e9 ou par lot de 6 ou de 12.&nbsp;&nbsp;<\/span><\/p>\n<p><span style=\"font-weight: 400;\">Avec ces piquets, vous voil\u00e0 pr\u00eat pour votre prochaine exp\u00e9rience de camping et parfaitement \u00e9quip\u00e9&nbsp;!<\/span><\/p>\n","protected":false},"featured_media":146191,"comment_status":"closed","ping_status":"closed","template":"","meta":{"inline_featured_image":false},"product_brand":[],"product_cat":[887,1435],"product_tag":[1769],"class_list":{"0":"post-146187","1":"product","2":"type-product","3":"status-publish","4":"has-post-thumbnail","6":"product_cat-accessoires","7":"product_cat-camping-voyage","8":"product_tag-army-survival-fr","10":"first","11":"instock","12":"taxable","13":"shipping-taxable","14":"purchasable","15":"product-type-simple"},"_links":{"self":[{"href":"https:\/\/metal-badge.ch\/fr\/wp-json\/wp\/v2\/product\/146187","targetHints":{"allow":["GET"]}}],"collection":[{"href":"https:\/\/metal-badge.ch\/fr\/wp-json\/wp\/v2\/product"}],"about":[{"href":"https:\/\/metal-badge.ch\/fr\/wp-json\/wp\/v2\/types\/product"}],"replies":[{"embeddable":true,"href":"https:\/\/metal-badge.ch\/fr\/wp-json\/wp\/v2\/comments?post=146187"}],"wp:featuredmedia":[{"embeddable":true,"href":"https:\/\/metal-badge.ch\/fr\/wp-json\/wp\/v2\/media\/146191"}],"wp:attachment":[{"href":"https:\/\/metal-badge.ch\/fr\/wp-json\/wp\/v2\/media?parent=146187"}],"wp:term":[{"taxonomy":"product_brand","embeddable":true,"href":"https:\/\/metal-badge.ch\/fr\/wp-json\/wp\/v2\/product_brand?post=146187"},{"taxonomy":"product_cat","embeddable":true,"href":"https:\/\/metal-badge.ch\/fr\/wp-json\/wp\/v2\/product_cat?post=146187"},{"taxonomy":"product_tag","embeddable":true,"href":"https:\/\/metal-badge.ch\/fr\/wp-json\/wp\/v2\/product_tag?post=146187"}],"curies":[{"name":"wp","href":"https:\/\/api.w.org\/{rel}","templated":true}]}}