{"id":146034,"date":"2025-06-30T18:50:17","date_gmt":"2025-06-30T16:50:17","guid":{"rendered":"https:\/\/metal-badge.ch\/?post_type=product&#038;p=146034"},"modified":"2025-06-30T19:33:22","modified_gmt":"2025-06-30T17:33:22","slug":"tracker-gps-pour-chiens-et-chiens-de-chasse-4g-gps-ik-122t-avec-collier-vert","status":"publish","type":"product","link":"https:\/\/metal-badge.ch\/fr\/product\/146034\/tracker-gps-pour-chiens-et-chiens-de-chasse-4g-gps-ik-122t-avec-collier-vert\/","title":{"rendered":"Tracker GPS pour chiens et chiens de chasse 4G GPS IK 122T avec collier &#8211; vert"},"content":{"rendered":"<p><span style=\"font-weight: 400;\">Quel que soit le type de chiens que vous poss\u00e9diez ou le type de chasse que vous pratiquiez, le collier GPS pour chien IK 122T Hunter vous permet de conna\u00eetre la position de vos chiens via un t\u00e9l\u00e9phone portable avec carte Sim. La conception fine et robuste du collier le rend id\u00e9al pour une utilisation dans diff\u00e9rents environnements, et il est disponible dans une taille universelle qui s&rsquo;adapte \u00e0 la plupart des races de chiens. Le collier pour chien est disponible en jaune fluo ou en vert. Le GPS est \u00e9tanche et la position peut \u00eatre localis\u00e9e m\u00eame par tr\u00e8s mauvais temps. La longueur du collier est de 68 cm pour 25 mm de large, et ce dernier est tr\u00e8s robuste.&nbsp;<\/span><\/p>\n<p><b>PARTAGE DE LA POSITION&nbsp;:<\/b><span style=\"font-weight: 400;\"> Le collier IK 122T pro est \u00e9quip\u00e9 d&rsquo;un r\u00e9cepteur GPS ultrasensible qui enregistre la position de votre chien. Le signal est transmis en temps r\u00e9el via votre t\u00e9l\u00e9phone portable \u00e0 l&rsquo;application avec localisation.&nbsp;<\/span><\/p>\n<p><b>TAILLE UNIVERSELLE&nbsp;:<\/b><span style=\"font-weight: 400;\"> Le design robuste et fin du collier offre une taille universelle qui convient aussi bien aux grandes qu&rsquo;aux petites races de chiens.<\/span><\/p>\n<p><span style=\"font-weight: 400;\">LOCALISATION DYNAMIQUE&nbsp;: Gr\u00e2ce \u00e0 la localisation dynamique qui s&rsquo;adapte aux mouvements de votre chien, l&rsquo;autonomie de la batterie est prolong\u00e9e.<\/span><\/p>\n<p><b>DESIGN ROBUSTE&nbsp;:&nbsp;<\/b><span style=\"font-weight: 400;\">Le collier est \u00e9quip\u00e9 d&rsquo;une bande flexible interchangeable qui r\u00e9siste aux conditions ext\u00e9rieures les plus extr\u00eames.<\/span><\/p>\n<p><b>Informations sur le produit&nbsp;:&nbsp;<\/b><\/p>\n<ul>\n<li><span style=\"font-weight: 400;\">D\u00e9signation&nbsp;: Tracker GPS pour chiens 4G IK 122T<\/span><\/li>\n<li><span style=\"font-weight: 400;\">Tracking en temps r\u00e9el<\/span><\/li>\n<li><span style=\"font-weight: 400;\">Extr\u00eamement robuste et durable<\/span><\/li>\n<li><span style=\"font-weight: 400;\">Autonomie en veille&nbsp;: 20 jours<\/span><\/li>\n<li><span style=\"font-weight: 400;\">Positionnement&nbsp;: GPS+AGPS+LBS+Glonass<\/span><\/li>\n<li><span style=\"font-weight: 400;\">Alarme lorsque le niveau de la batterie est faible<\/span><\/li>\n<li><span style=\"font-weight: 400;\">Interface pour carte SIM&nbsp;: Nano-SIM<\/span><\/li>\n<li><span style=\"font-weight: 400;\">Consommation d&rsquo;\u00e9nergie&nbsp;: 40 mA courant de veille<\/span><\/li>\n<li><span style=\"font-weight: 400;\">Consultation des journaux&nbsp;: Reproduction de 180 jours de suivi des itin\u00e9raires<\/span><\/li>\n<li><span style=\"font-weight: 400;\">Description en anglais<\/span><\/li>\n<li><span style=\"font-weight: 400;\">Mode d&rsquo;\u00e9conomie d&rsquo;\u00e9nergie<\/span><\/li>\n<li><span style=\"font-weight: 400;\">\u00c9tanche&nbsp;: IP67<\/span><\/li>\n<li><span style=\"font-weight: 400;\">Alimentation&nbsp;: 3,7 V 4&nbsp;000 mAh<\/span><\/li>\n<li><span style=\"font-weight: 400;\">Suivi sur PC et application mobile ICAR&nbsp;<\/span><\/li>\n<li><span style=\"font-weight: 400;\">Google Maps<\/span><\/li>\n<li><span style=\"font-weight: 400;\">Alarme de g\u00e9ocl\u00f4ture<\/span><span style=\"font-weight: 400;\">&nbsp;<\/span><\/li>\n<li><span style=\"font-weight: 400;\">Poids&nbsp;: 220 g, collier compris&nbsp;<\/span><\/li>\n<li><span style=\"font-weight: 400;\">Exactitude de la position&nbsp;: \u00c9cart de 5 ou 10 m<\/span><\/li>\n<li><span style=\"font-weight: 400;\">Circonf\u00e9rence du collier&nbsp;: max 68 cm, peut \u00eatre coup\u00e9 et raccourci<\/span><\/li>\n<li><span style=\"font-weight: 400;\">Largeur du collier&nbsp;: 25 cm<\/span><\/li>\n<li><span style=\"font-weight: 400;\">Bandes de t\u00e9l\u00e9phonie mobile GSM&nbsp;:<\/span><b>&nbsp;<\/b><span style=\"font-weight: 400;\">850\/900\/1800\/1900 MHz<\/span><\/li>\n<li><span style=\"font-weight: 400;\">Temp\u00e9rature d\u2019utilisation&nbsp;: -20&nbsp;\u00b0C \u00e0 65&nbsp;\u00b0C<\/span><\/li>\n<li><span style=\"font-weight: 400;\">\u00c9metteur GPS avec micro int\u00e9gr\u00e9&nbsp;<\/span><\/li>\n<li><span style=\"font-weight: 400;\">Piles&nbsp;: Recharge USB 5 V CC avec aimant<\/span><\/li>\n<li><span style=\"font-weight: 400;\">Dimensions de l&rsquo;\u00e9metteur&nbsp;: 70 cm x 40 cm x 40 cm<\/span><\/li>\n<li><span style=\"font-weight: 400;\">Couleur du bracelet : vert<\/span><\/li>\n<\/ul>\n","protected":false},"excerpt":{"rendered":"<p><span style=\"font-weight: 400;\">Quel que soit le type de chiens que vous poss\u00e9diez ou le type de chasse que vous pratiquiez, le collier GPS pour chien IK 122T Hunter vous permet de conna\u00eetre la position de vos chiens via un t\u00e9l\u00e9phone portable avec carte Sim. La conception fine et robuste du collier le rend id\u00e9al pour une utilisation dans diff\u00e9rents environnements, et il est disponible dans une taille universelle qui s&rsquo;adapte \u00e0 la plupart des races de chiens. Le collier pour chien est disponible en jaune fluo ou en vert. Le GPS est \u00e9tanche et la position peut \u00eatre localis\u00e9e m\u00eame par tr\u00e8s mauvais temps. La longueur du collier est de 68 cm pour 25 mm de large, et ce dernier est tr\u00e8s robuste.&nbsp;<\/span><\/p>\n","protected":false},"featured_media":146038,"comment_status":"closed","ping_status":"closed","template":"","meta":{"inline_featured_image":false},"product_brand":[],"product_cat":[1371,887,2525],"product_tag":[1773],"class_list":{"0":"post-146034","1":"product","2":"type-product","3":"status-publish","4":"has-post-thumbnail","6":"product_cat-accessoires-pour-chien","7":"product_cat-accessoires","8":"product_cat-gps-tracker-fr","9":"product_tag-chasse-peche","11":"first","12":"instock","13":"taxable","14":"shipping-taxable","15":"purchasable","16":"product-type-simple"},"_links":{"self":[{"href":"https:\/\/metal-badge.ch\/fr\/wp-json\/wp\/v2\/product\/146034","targetHints":{"allow":["GET"]}}],"collection":[{"href":"https:\/\/metal-badge.ch\/fr\/wp-json\/wp\/v2\/product"}],"about":[{"href":"https:\/\/metal-badge.ch\/fr\/wp-json\/wp\/v2\/types\/product"}],"replies":[{"embeddable":true,"href":"https:\/\/metal-badge.ch\/fr\/wp-json\/wp\/v2\/comments?post=146034"}],"wp:featuredmedia":[{"embeddable":true,"href":"https:\/\/metal-badge.ch\/fr\/wp-json\/wp\/v2\/media\/146038"}],"wp:attachment":[{"href":"https:\/\/metal-badge.ch\/fr\/wp-json\/wp\/v2\/media?parent=146034"}],"wp:term":[{"taxonomy":"product_brand","embeddable":true,"href":"https:\/\/metal-badge.ch\/fr\/wp-json\/wp\/v2\/product_brand?post=146034"},{"taxonomy":"product_cat","embeddable":true,"href":"https:\/\/metal-badge.ch\/fr\/wp-json\/wp\/v2\/product_cat?post=146034"},{"taxonomy":"product_tag","embeddable":true,"href":"https:\/\/metal-badge.ch\/fr\/wp-json\/wp\/v2\/product_tag?post=146034"}],"curies":[{"name":"wp","href":"https:\/\/api.w.org\/{rel}","templated":true}]}}